 {"id":156,"date":"2017-04-01T00:27:16","date_gmt":"2017-03-31T22:27:16","guid":{"rendered":"http:\/\/gap47.astrosurf.com\/?page_id=156"},"modified":"2025-01-07T20:13:58","modified_gmt":"2025-01-07T18:13:58","slug":"siege-astro-jumelles","status":"publish","type":"page","link":"https:\/\/gap47.astrosurf.com\/index.php\/le-gap47\/materiel\/siege-astro-jumelles\/","title":{"rendered":"Si\u00e8ge Astro jumelles"},"content":{"rendered":"<p><span style=\"font-family: times new roman,times,serif; font-size: 20px;\">La fabrication de ce si\u00e8ge entre dans le cadre de notre projet de cr\u00e9ation de mat\u00e9riel pour permettre \u00e0 des personnes \u00e0 mobilit\u00e9 r\u00e9duite d&rsquo;avoir acc\u00e8s \u00e0 l&rsquo;observation d\u00e9taill\u00e9e du ciel, \u00e0 d\u00e9faut d&rsquo;un acc\u00e8s aux instruments sous coupoles. Il a \u00e9t\u00e9 con\u00e7u et r\u00e9alis\u00e9 par Cyrille, un membre du club.<br \/>\n<\/span><\/p>\n<p><span style=\"font-family: times new roman,times,serif; font-size: 20px;\"><img loading=\"lazy\" decoding=\"async\" class=\"wp-image-2954 size-large alignleft\" src=\"http:\/\/gap47.astrosurf.com\/wp-content\/uploads\/2017\/04\/Sie\u0300ge-Astro-1070x1200.jpg\" alt=\"\" width=\"525\" height=\"589\" srcset=\"https:\/\/gap47.astrosurf.com\/wp-content\/uploads\/2017\/04\/Sie\u0300ge-Astro-1070x1200.jpg 1070w, https:\/\/gap47.astrosurf.com\/wp-content\/uploads\/2017\/04\/Sie\u0300ge-Astro-267x300.jpg 267w, https:\/\/gap47.astrosurf.com\/wp-content\/uploads\/2017\/04\/Sie\u0300ge-Astro-768x862.jpg 768w, https:\/\/gap47.astrosurf.com\/wp-content\/uploads\/2017\/04\/Sie\u0300ge-Astro.jpg 1337w\" sizes=\"auto, (max-width: 525px) 100vw, 525px\" \/>Ce si\u00e8ge est con\u00e7u pour l&rsquo;utilisation d&rsquo;une binoculaire (jumelles astronomiques) de 100&nbsp;mm de diam\u00e8tre, soutenu par un bras articul\u00e9. \u00c9tant motoris\u00e9 en azimut et en hauteur, il peut pointer vers tous les points du ciel. C&rsquo;est l&rsquo;utilisateur lui-m\u00eame qui le pilote, s&rsquo;il le souhaite, gr\u00e2ce \u00e0 un joystick. Un laser, mont\u00e9 en parall\u00e8le de la binoculaire indique \u00e0 l&rsquo;observateur l&rsquo;endroit du ciel qu&rsquo;il est en train de viser. Mont\u00e9 sur roues escamotables (r\u00e9cup\u00e9ration d&rsquo;une structure de lit m\u00e9dicalis\u00e9, de m\u00eame que le bras articul\u00e9 vient d&rsquo;un \u00e9quipement de dentiste), il est sorti \u00e0 la demande. N&rsquo;\u00e9tant pas valid\u00e9 par une commission de s\u00e9curit\u00e9, son usage est r\u00e9serv\u00e9 aux membres du club.<\/span><\/p>\n<p><span style=\"font-family: times new roman,times,serif; font-size: 20px;\">Inutile de dire que le si\u00e8ge est appr\u00e9ci\u00e9 par tout un chacun. Inutile de se casser un bras, ou la jambe pour y avoir droit.<\/span><\/p>\n<hr>\n<p style=\"text-align: left;\">&nbsp;<\/p>\n","protected":false},"excerpt":{"rendered":"<p>La fabrication de ce si\u00e8ge entre dans le cadre de notre projet de cr\u00e9ation de mat\u00e9riel pour permettre \u00e0 des personnes \u00e0 mobilit\u00e9 r\u00e9duite d&rsquo;avoir acc\u00e8s \u00e0 l&rsquo;observation d\u00e9taill\u00e9e du ciel, \u00e0 d\u00e9faut d&rsquo;un acc\u00e8s aux instruments sous coupoles. Il a \u00e9t\u00e9 con\u00e7u et r\u00e9alis\u00e9 par Cyrille, un membre du club. Ce si\u00e8ge est con\u00e7u &hellip; <\/p>\n<p class=\"link-more\"><a href=\"https:\/\/gap47.astrosurf.com\/index.php\/le-gap47\/materiel\/siege-astro-jumelles\/\" class=\"more-link\">Continuer la lecture<span class=\"screen-reader-text\"> de &laquo;&nbsp;Si\u00e8ge Astro jumelles&nbsp;&raquo;<\/span><\/a><\/p>\n","protected":false},"author":5,"featured_media":0,"parent":51,"menu_order":9,"comment_status":"closed","ping_status":"closed","template":"","meta":{"_exactmetrics_skip_tracking":false,"_exactmetrics_sitenote_active":false,"_exactmetrics_sitenote_note":"","_exactmetrics_sitenote_category":0,"ngg_post_thumbnail":0,"footnotes":""},"class_list":["post-156","page","type-page","status-publish","hentry"],"yoast_head":"<!-- This site is optimized with the Yoast SEO plugin v24.8.1 - https:\/\/yoast.com\/wordpress\/plugins\/seo\/ -->\n<title>Si\u00e8ge Astro jumelles - L&#039;observatoire est ouvert aux visiteurs tous les vendredis soirs \u00e0 21 heures, jusqu&#039;au 3 juillet 2026 inclus, sans r\u00e9servation.<\/title>\n<meta name=\"robots\" content=\"index, follow, max-snippet:-1, max-image-preview:large, max-video-preview:-1\" \/>\n<link rel=\"canonical\" href=\"https:\/\/gap47.astrosurf.com\/index.php\/le-gap47\/materiel\/siege-astro-jumelles\/\" \/>\n<meta property=\"og:locale\" content=\"fr_FR\" \/>\n<meta property=\"og:type\" content=\"article\" \/>\n<meta property=\"og:title\" content=\"Si\u00e8ge Astro jumelles - L&#039;observatoire est ouvert aux visiteurs tous les vendredis soirs \u00e0 21 heures, jusqu&#039;au 3 juillet 2026 inclus, sans r\u00e9servation.\" \/>\n<meta property=\"og:description\" content=\"La fabrication de ce si\u00e8ge entre dans le cadre de notre projet de cr\u00e9ation de mat\u00e9riel pour permettre \u00e0 des personnes \u00e0 mobilit\u00e9 r\u00e9duite d&rsquo;avoir acc\u00e8s \u00e0 l&rsquo;observation d\u00e9taill\u00e9e du ciel, \u00e0 d\u00e9faut d&rsquo;un acc\u00e8s aux instruments sous coupoles. Il a \u00e9t\u00e9 con\u00e7u et r\u00e9alis\u00e9 par Cyrille, un membre du club. Ce si\u00e8ge est con\u00e7u &hellip; Continuer la lecture de &laquo;&nbsp;Si\u00e8ge Astro jumelles&nbsp;&raquo;\" \/>\n<meta property=\"og:url\" content=\"https:\/\/gap47.astrosurf.com\/index.php\/le-gap47\/materiel\/siege-astro-jumelles\/\" \/>\n<meta property=\"og:site_name\" content=\"L&#039;observatoire est ouvert aux visiteurs tous les vendredis soirs \u00e0 21 heures, jusqu&#039;au 3 juillet 2026 inclus, sans r\u00e9servation.\" \/>\n<meta property=\"article:publisher\" content=\"https:\/\/www.facebook.com\/astrogap47\/\" \/>\n<meta property=\"article:modified_time\" content=\"2025-01-07T18:13:58+00:00\" \/>\n<meta name=\"twitter:card\" content=\"summary_large_image\" \/>\n<meta name=\"twitter:label1\" content=\"Dur\u00e9e de lecture estim\u00e9e\" \/>\n\t<meta name=\"twitter:data1\" content=\"2 minutes\" \/>\n<script type=\"application\/ld+json\" class=\"yoast-schema-graph\">{\"@context\":\"https:\/\/schema.org\",\"@graph\":[{\"@type\":\"WebPage\",\"@id\":\"https:\/\/gap47.astrosurf.com\/index.php\/le-gap47\/materiel\/siege-astro-jumelles\/\",\"url\":\"https:\/\/gap47.astrosurf.com\/index.php\/le-gap47\/materiel\/siege-astro-jumelles\/\",\"name\":\"Si\u00e8ge Astro jumelles - L&#039;observatoire est ouvert aux visiteurs tous les vendredis soirs \u00e0 21 heures, jusqu&#039;au 3 juillet 2026 inclus, sans r\u00e9servation.\",\"isPartOf\":{\"@id\":\"https:\/\/gap47.astrosurf.com\/#website\"},\"datePublished\":\"2017-03-31T22:27:16+00:00\",\"dateModified\":\"2025-01-07T18:13:58+00:00\",\"breadcrumb\":{\"@id\":\"https:\/\/gap47.astrosurf.com\/index.php\/le-gap47\/materiel\/siege-astro-jumelles\/#breadcrumb\"},\"inLanguage\":\"fr-FR\",\"potentialAction\":[{\"@type\":\"ReadAction\",\"target\":[\"https:\/\/gap47.astrosurf.com\/index.php\/le-gap47\/materiel\/siege-astro-jumelles\/\"]}]},{\"@type\":\"BreadcrumbList\",\"@id\":\"https:\/\/gap47.astrosurf.com\/index.php\/le-gap47\/materiel\/siege-astro-jumelles\/#breadcrumb\",\"itemListElement\":[{\"@type\":\"ListItem\",\"position\":1,\"name\":\"Accueil\",\"item\":\"https:\/\/gap47.astrosurf.com\/\"},{\"@type\":\"ListItem\",\"position\":2,\"name\":\"Le GAP47\",\"item\":\"https:\/\/gap47.astrosurf.com\/index.php\/le-gap47\/\"},{\"@type\":\"ListItem\",\"position\":3,\"name\":\"Nos instruments\",\"item\":\"https:\/\/gap47.astrosurf.com\/index.php\/le-gap47\/materiel\/\"},{\"@type\":\"ListItem\",\"position\":4,\"name\":\"Si\u00e8ge Astro jumelles\"}]},{\"@type\":\"WebSite\",\"@id\":\"https:\/\/gap47.astrosurf.com\/#website\",\"url\":\"https:\/\/gap47.astrosurf.com\/\",\"name\":\"De janvier \u00e0 fin juin 2024, le GAP47 sera ouvert aux visiteurs tous les vendredis \u00e0 21h sans r\u00e9servation, \u00e0 l'exception du vendredi 26 janvier o\u00f9 l'observatoire sera ferm\u00e9 au public.\",\"description\":\"Groupe d&#039;Astronomie Populaire du Lot-et-Garonne, \u00e0 Montayral\",\"potentialAction\":[{\"@type\":\"SearchAction\",\"target\":{\"@type\":\"EntryPoint\",\"urlTemplate\":\"https:\/\/gap47.astrosurf.com\/?s={search_term_string}\"},\"query-input\":{\"@type\":\"PropertyValueSpecification\",\"valueRequired\":true,\"valueName\":\"search_term_string\"}}],\"inLanguage\":\"fr-FR\"}]}<\/script>\n<!-- \/ Yoast SEO plugin. -->","yoast_head_json":{"title":"Si\u00e8ge Astro jumelles - L&#039;observatoire est ouvert aux visiteurs tous les vendredis soirs \u00e0 21 heures, jusqu&#039;au 3 juillet 2026 inclus, sans r\u00e9servation.","robots":{"index":"index","follow":"follow","max-snippet":"max-snippet:-1","max-image-preview":"max-image-preview:large","max-video-preview":"max-video-preview:-1"},"canonical":"https:\/\/gap47.astrosurf.com\/index.php\/le-gap47\/materiel\/siege-astro-jumelles\/","og_locale":"fr_FR","og_type":"article","og_title":"Si\u00e8ge Astro jumelles - L&#039;observatoire est ouvert aux visiteurs tous les vendredis soirs \u00e0 21 heures, jusqu&#039;au 3 juillet 2026 inclus, sans r\u00e9servation.","og_description":"La fabrication de ce si\u00e8ge entre dans le cadre de notre projet de cr\u00e9ation de mat\u00e9riel pour permettre \u00e0 des personnes \u00e0 mobilit\u00e9 r\u00e9duite d&rsquo;avoir acc\u00e8s \u00e0 l&rsquo;observation d\u00e9taill\u00e9e du ciel, \u00e0 d\u00e9faut d&rsquo;un acc\u00e8s aux instruments sous coupoles. Il a \u00e9t\u00e9 con\u00e7u et r\u00e9alis\u00e9 par Cyrille, un membre du club. Ce si\u00e8ge est con\u00e7u &hellip; Continuer la lecture de &laquo;&nbsp;Si\u00e8ge Astro jumelles&nbsp;&raquo;","og_url":"https:\/\/gap47.astrosurf.com\/index.php\/le-gap47\/materiel\/siege-astro-jumelles\/","og_site_name":"L&#039;observatoire est ouvert aux visiteurs tous les vendredis soirs \u00e0 21 heures, jusqu&#039;au 3 juillet 2026 inclus, sans r\u00e9servation.","article_publisher":"https:\/\/www.facebook.com\/astrogap47\/","article_modified_time":"2025-01-07T18:13:58+00:00","twitter_card":"summary_large_image","twitter_misc":{"Dur\u00e9e de lecture estim\u00e9e":"2 minutes"},"schema":{"@context":"https:\/\/schema.org","@graph":[{"@type":"WebPage","@id":"https:\/\/gap47.astrosurf.com\/index.php\/le-gap47\/materiel\/siege-astro-jumelles\/","url":"https:\/\/gap47.astrosurf.com\/index.php\/le-gap47\/materiel\/siege-astro-jumelles\/","name":"Si\u00e8ge Astro jumelles - L&#039;observatoire est ouvert aux visiteurs tous les vendredis soirs \u00e0 21 heures, jusqu&#039;au 3 juillet 2026 inclus, sans r\u00e9servation.","isPartOf":{"@id":"https:\/\/gap47.astrosurf.com\/#website"},"datePublished":"2017-03-31T22:27:16+00:00","dateModified":"2025-01-07T18:13:58+00:00","breadcrumb":{"@id":"https:\/\/gap47.astrosurf.com\/index.php\/le-gap47\/materiel\/siege-astro-jumelles\/#breadcrumb"},"inLanguage":"fr-FR","potentialAction":[{"@type":"ReadAction","target":["https:\/\/gap47.astrosurf.com\/index.php\/le-gap47\/materiel\/siege-astro-jumelles\/"]}]},{"@type":"BreadcrumbList","@id":"https:\/\/gap47.astrosurf.com\/index.php\/le-gap47\/materiel\/siege-astro-jumelles\/#breadcrumb","itemListElement":[{"@type":"ListItem","position":1,"name":"Accueil","item":"https:\/\/gap47.astrosurf.com\/"},{"@type":"ListItem","position":2,"name":"Le GAP47","item":"https:\/\/gap47.astrosurf.com\/index.php\/le-gap47\/"},{"@type":"ListItem","position":3,"name":"Nos instruments","item":"https:\/\/gap47.astrosurf.com\/index.php\/le-gap47\/materiel\/"},{"@type":"ListItem","position":4,"name":"Si\u00e8ge Astro jumelles"}]},{"@type":"WebSite","@id":"https:\/\/gap47.astrosurf.com\/#website","url":"https:\/\/gap47.astrosurf.com\/","name":"De janvier \u00e0 fin juin 2024, le GAP47 sera ouvert aux visiteurs tous les vendredis \u00e0 21h sans r\u00e9servation, \u00e0 l'exception du vendredi 26 janvier o\u00f9 l'observatoire sera ferm\u00e9 au public.","description":"Groupe d&#039;Astronomie Populaire du Lot-et-Garonne, \u00e0 Montayral","potentialAction":[{"@type":"SearchAction","target":{"@type":"EntryPoint","urlTemplate":"https:\/\/gap47.astrosurf.com\/?s={search_term_string}"},"query-input":{"@type":"PropertyValueSpecification","valueRequired":true,"valueName":"search_term_string"}}],"inLanguage":"fr-FR"}]}},"_links":{"self":[{"href":"https:\/\/gap47.astrosurf.com\/index.php\/wp-json\/wp\/v2\/pages\/156","targetHints":{"allow":["GET"]}}],"collection":[{"href":"https:\/\/gap47.astrosurf.com\/index.php\/wp-json\/wp\/v2\/pages"}],"about":[{"href":"https:\/\/gap47.astrosurf.com\/index.php\/wp-json\/wp\/v2\/types\/page"}],"author":[{"embeddable":true,"href":"https:\/\/gap47.astrosurf.com\/index.php\/wp-json\/wp\/v2\/users\/5"}],"replies":[{"embeddable":true,"href":"https:\/\/gap47.astrosurf.com\/index.php\/wp-json\/wp\/v2\/comments?post=156"}],"version-history":[{"count":10,"href":"https:\/\/gap47.astrosurf.com\/index.php\/wp-json\/wp\/v2\/pages\/156\/revisions"}],"predecessor-version":[{"id":5293,"href":"https:\/\/gap47.astrosurf.com\/index.php\/wp-json\/wp\/v2\/pages\/156\/revisions\/5293"}],"up":[{"embeddable":true,"href":"https:\/\/gap47.astrosurf.com\/index.php\/wp-json\/wp\/v2\/pages\/51"}],"wp:attachment":[{"href":"https:\/\/gap47.astrosurf.com\/index.php\/wp-json\/wp\/v2\/media?parent=156"}],"curies":[{"name":"wp","href":"https:\/\/api.w.org\/{rel}","templated":true}]}}