 {"id":150,"date":"2017-04-01T00:25:06","date_gmt":"2017-03-31T22:25:06","guid":{"rendered":"http:\/\/gap47.astrosurf.com\/?page_id=150"},"modified":"2018-09-23T00:33:16","modified_gmt":"2018-09-22T22:33:16","slug":"coronographe","status":"publish","type":"page","link":"https:\/\/gap47.astrosurf.com\/index.php\/le-gap47\/materiel\/coronographe\/","title":{"rendered":"Coronographe"},"content":{"rendered":"<p style=\"text-align: left;\"><span style=\"font-size: 24px;\"><strong><span style=\"font-family: arial,helvetica,sans-serif;\">Coronographe<\/span><\/strong><\/span><\/p>\n<p style=\"text-align: left;\"><span style=\"font-family: times new roman,times,serif; font-size: 20px;\">Le coronographe est aussi une lunette pour observer le Soleil, mais diff\u00e9rente de la lunette H-\u03b1.<\/span><\/p>\n<p class=\"Style12\"><span style=\"font-size: 20px; font-family: arial,helvetica,sans-serif;\"><strong><span style=\"color: #008000;\"><em>Le coronographe a \u00e9t\u00e9 invent\u00e9, au d\u00e9but des ann\u00e9es 1930 par un fran\u00e7ais, Bernard Lyot (1897 &#8211; 1952), appareil destin\u00e9 \u00e0 observer la couronne solaire en reproduisant artificiellement une \u00e9clipse de Soleil. C&rsquo;est une invention qui fit de l\u2019Observatoire du Pic du Midi un site pionnier pour l\u2019observation du Soleil, appr\u00e9ci\u00e9 des astronomes sp\u00e9cialistes de notre \u00e9toile dans le monde entier.<\/em><\/span><\/strong><\/span><\/p>\n<p style=\"text-align: left;\"><span style=\"font-size: 20px;\"><em><span style=\"font-family: times new roman,times,serif;\"><strong>Notre coronographe est une lunette qui a une lentille frontale de 103 mm et une longueur focale de 2&nbsp;000&nbsp;mm. Il est motoris\u00e9 double axe et dot\u00e9 d&rsquo;un suivi.<\/strong><br \/>\n<\/span><\/em><\/span><\/p>\n<p style=\"text-align: left;\"><span style=\"font-family: times new roman,times,serif; font-size: 20px;\">C&rsquo;est une lunette astronomique qui va g\u00e9n\u00e9rer, par la pr\u00e9sence d&rsquo;un cache interne, <strong>une \u00e9clipse artificielle<\/strong> de Soleil. Cette pi\u00e8ce circulaire va exactement cacher la totalit\u00e9 du disque solaire mais pas plus ! On occultera donc le Soleil lui-m\u00eame et on pourra ainsi se concentrer (sans \u00e9blouissement) sur la couronne solaire qui est la zone qui entoure notre \u00e9toile \u00e0 partir de sa surface et de voir parfaitement les protub\u00e9rances solaires, ces \u00e9normes jets de mati\u00e8re qui sortent du Soleil. Cette lunette est \u00e9galement dot\u00e9e de filtres H-\u03b1<\/span><\/p>\n<p style=\"text-align: left;\"><a href=\"http:\/\/gap47.astrosurf.com\/wp-content\/uploads\/2017\/04\/Coronographe.jpg\"><img loading=\"lazy\" decoding=\"async\" class=\"aligncenter wp-image-985 size-full\" src=\"http:\/\/gap47.astrosurf.com\/wp-content\/uploads\/2017\/04\/Coronographe.jpg\" alt=\"\" width=\"1500\" height=\"1200\" srcset=\"https:\/\/gap47.astrosurf.com\/wp-content\/uploads\/2017\/04\/Coronographe.jpg 1500w, https:\/\/gap47.astrosurf.com\/wp-content\/uploads\/2017\/04\/Coronographe-300x240.jpg 300w, https:\/\/gap47.astrosurf.com\/wp-content\/uploads\/2017\/04\/Coronographe-768x614.jpg 768w\" sizes=\"auto, (max-width: 767px) 89vw, (max-width: 1000px) 54vw, (max-width: 1071px) 543px, 580px\" \/><\/a><\/p>\n<p><a href=\"http:\/\/gap47.astrosurf.com\/wp-content\/uploads\/2017\/04\/Coronographe2.jpg\"><img loading=\"lazy\" decoding=\"async\" class=\"aligncenter wp-image-992 size-full\" src=\"http:\/\/gap47.astrosurf.com\/wp-content\/uploads\/2017\/04\/Coronographe2.jpg\" alt=\"\" width=\"1500\" height=\"1125\" srcset=\"https:\/\/gap47.astrosurf.com\/wp-content\/uploads\/2017\/04\/Coronographe2.jpg 1500w, https:\/\/gap47.astrosurf.com\/wp-content\/uploads\/2017\/04\/Coronographe2-300x225.jpg 300w, https:\/\/gap47.astrosurf.com\/wp-content\/uploads\/2017\/04\/Coronographe2-768x576.jpg 768w\" sizes=\"auto, (max-width: 767px) 89vw, (max-width: 1000px) 54vw, (max-width: 1071px) 543px, 580px\" \/><\/a><\/p>\n<hr>\n<p>&nbsp;<\/p>\n","protected":false},"excerpt":{"rendered":"<p>Coronographe Le coronographe est aussi une lunette pour observer le Soleil, mais diff\u00e9rente de la lunette H-\u03b1. Le coronographe a \u00e9t\u00e9 invent\u00e9, au d\u00e9but des ann\u00e9es 1930 par un fran\u00e7ais, Bernard Lyot (1897 &#8211; 1952), appareil destin\u00e9 \u00e0 observer la couronne solaire en reproduisant artificiellement une \u00e9clipse de Soleil. C&rsquo;est une invention qui fit de &hellip; <\/p>\n<p class=\"link-more\"><a href=\"https:\/\/gap47.astrosurf.com\/index.php\/le-gap47\/materiel\/coronographe\/\" class=\"more-link\">Continuer la lecture<span class=\"screen-reader-text\"> de &laquo;&nbsp;Coronographe&nbsp;&raquo;<\/span><\/a><\/p>\n","protected":false},"author":5,"featured_media":0,"parent":51,"menu_order":5,"comment_status":"closed","ping_status":"closed","template":"","meta":{"_exactmetrics_skip_tracking":false,"_exactmetrics_sitenote_active":false,"_exactmetrics_sitenote_note":"","_exactmetrics_sitenote_category":0,"ngg_post_thumbnail":0,"footnotes":""},"class_list":["post-150","page","type-page","status-publish","hentry"],"yoast_head":"<!-- This site is optimized with the Yoast SEO plugin v24.8.1 - https:\/\/yoast.com\/wordpress\/plugins\/seo\/ -->\n<title>Coronographe - L&#039;observatoire est ouvert aux visiteurs tous les vendredis soirs \u00e0 21 heures, jusqu&#039;au 3 juillet 2026 inclus, sans r\u00e9servation.<\/title>\n<meta name=\"robots\" content=\"index, follow, max-snippet:-1, max-image-preview:large, max-video-preview:-1\" \/>\n<link rel=\"canonical\" href=\"https:\/\/gap47.astrosurf.com\/index.php\/le-gap47\/materiel\/coronographe\/\" \/>\n<meta property=\"og:locale\" content=\"fr_FR\" \/>\n<meta property=\"og:type\" content=\"article\" \/>\n<meta property=\"og:title\" content=\"Coronographe - L&#039;observatoire est ouvert aux visiteurs tous les vendredis soirs \u00e0 21 heures, jusqu&#039;au 3 juillet 2026 inclus, sans r\u00e9servation.\" \/>\n<meta property=\"og:description\" content=\"Coronographe Le coronographe est aussi une lunette pour observer le Soleil, mais diff\u00e9rente de la lunette H-\u03b1. Le coronographe a \u00e9t\u00e9 invent\u00e9, au d\u00e9but des ann\u00e9es 1930 par un fran\u00e7ais, Bernard Lyot (1897 &#8211; 1952), appareil destin\u00e9 \u00e0 observer la couronne solaire en reproduisant artificiellement une \u00e9clipse de Soleil. C&rsquo;est une invention qui fit de &hellip; Continuer la lecture de &laquo;&nbsp;Coronographe&nbsp;&raquo;\" \/>\n<meta property=\"og:url\" content=\"https:\/\/gap47.astrosurf.com\/index.php\/le-gap47\/materiel\/coronographe\/\" \/>\n<meta property=\"og:site_name\" content=\"L&#039;observatoire est ouvert aux visiteurs tous les vendredis soirs \u00e0 21 heures, jusqu&#039;au 3 juillet 2026 inclus, sans r\u00e9servation.\" \/>\n<meta property=\"article:publisher\" content=\"https:\/\/www.facebook.com\/astrogap47\/\" \/>\n<meta property=\"article:modified_time\" content=\"2018-09-22T22:33:16+00:00\" \/>\n<meta property=\"og:image\" content=\"http:\/\/gap47.astrosurf.com\/wp-content\/uploads\/2017\/04\/Coronographe.jpg\" \/>\n<meta name=\"twitter:card\" content=\"summary_large_image\" \/>\n<meta name=\"twitter:label1\" content=\"Dur\u00e9e de lecture estim\u00e9e\" \/>\n\t<meta name=\"twitter:data1\" content=\"1 minute\" \/>\n<script type=\"application\/ld+json\" class=\"yoast-schema-graph\">{\"@context\":\"https:\/\/schema.org\",\"@graph\":[{\"@type\":\"WebPage\",\"@id\":\"https:\/\/gap47.astrosurf.com\/index.php\/le-gap47\/materiel\/coronographe\/\",\"url\":\"https:\/\/gap47.astrosurf.com\/index.php\/le-gap47\/materiel\/coronographe\/\",\"name\":\"Coronographe - L&#039;observatoire est ouvert aux visiteurs tous les vendredis soirs \u00e0 21 heures, jusqu&#039;au 3 juillet 2026 inclus, sans r\u00e9servation.\",\"isPartOf\":{\"@id\":\"https:\/\/gap47.astrosurf.com\/#website\"},\"primaryImageOfPage\":{\"@id\":\"https:\/\/gap47.astrosurf.com\/index.php\/le-gap47\/materiel\/coronographe\/#primaryimage\"},\"image\":{\"@id\":\"https:\/\/gap47.astrosurf.com\/index.php\/le-gap47\/materiel\/coronographe\/#primaryimage\"},\"thumbnailUrl\":\"http:\/\/gap47.astrosurf.com\/wp-content\/uploads\/2017\/04\/Coronographe.jpg\",\"datePublished\":\"2017-03-31T22:25:06+00:00\",\"dateModified\":\"2018-09-22T22:33:16+00:00\",\"breadcrumb\":{\"@id\":\"https:\/\/gap47.astrosurf.com\/index.php\/le-gap47\/materiel\/coronographe\/#breadcrumb\"},\"inLanguage\":\"fr-FR\",\"potentialAction\":[{\"@type\":\"ReadAction\",\"target\":[\"https:\/\/gap47.astrosurf.com\/index.php\/le-gap47\/materiel\/coronographe\/\"]}]},{\"@type\":\"ImageObject\",\"inLanguage\":\"fr-FR\",\"@id\":\"https:\/\/gap47.astrosurf.com\/index.php\/le-gap47\/materiel\/coronographe\/#primaryimage\",\"url\":\"http:\/\/gap47.astrosurf.com\/wp-content\/uploads\/2017\/04\/Coronographe.jpg\",\"contentUrl\":\"http:\/\/gap47.astrosurf.com\/wp-content\/uploads\/2017\/04\/Coronographe.jpg\"},{\"@type\":\"BreadcrumbList\",\"@id\":\"https:\/\/gap47.astrosurf.com\/index.php\/le-gap47\/materiel\/coronographe\/#breadcrumb\",\"itemListElement\":[{\"@type\":\"ListItem\",\"position\":1,\"name\":\"Accueil\",\"item\":\"https:\/\/gap47.astrosurf.com\/\"},{\"@type\":\"ListItem\",\"position\":2,\"name\":\"Le GAP47\",\"item\":\"https:\/\/gap47.astrosurf.com\/index.php\/le-gap47\/\"},{\"@type\":\"ListItem\",\"position\":3,\"name\":\"Nos instruments\",\"item\":\"https:\/\/gap47.astrosurf.com\/index.php\/le-gap47\/materiel\/\"},{\"@type\":\"ListItem\",\"position\":4,\"name\":\"Coronographe\"}]},{\"@type\":\"WebSite\",\"@id\":\"https:\/\/gap47.astrosurf.com\/#website\",\"url\":\"https:\/\/gap47.astrosurf.com\/\",\"name\":\"De janvier \u00e0 fin juin 2024, le GAP47 sera ouvert aux visiteurs tous les vendredis \u00e0 21h sans r\u00e9servation, \u00e0 l'exception du vendredi 26 janvier o\u00f9 l'observatoire sera ferm\u00e9 au public.\",\"description\":\"Groupe d&#039;Astronomie Populaire du Lot-et-Garonne, \u00e0 Montayral\",\"potentialAction\":[{\"@type\":\"SearchAction\",\"target\":{\"@type\":\"EntryPoint\",\"urlTemplate\":\"https:\/\/gap47.astrosurf.com\/?s={search_term_string}\"},\"query-input\":{\"@type\":\"PropertyValueSpecification\",\"valueRequired\":true,\"valueName\":\"search_term_string\"}}],\"inLanguage\":\"fr-FR\"}]}<\/script>\n<!-- \/ Yoast SEO plugin. -->","yoast_head_json":{"title":"Coronographe - L&#039;observatoire est ouvert aux visiteurs tous les vendredis soirs \u00e0 21 heures, jusqu&#039;au 3 juillet 2026 inclus, sans r\u00e9servation.","robots":{"index":"index","follow":"follow","max-snippet":"max-snippet:-1","max-image-preview":"max-image-preview:large","max-video-preview":"max-video-preview:-1"},"canonical":"https:\/\/gap47.astrosurf.com\/index.php\/le-gap47\/materiel\/coronographe\/","og_locale":"fr_FR","og_type":"article","og_title":"Coronographe - L&#039;observatoire est ouvert aux visiteurs tous les vendredis soirs \u00e0 21 heures, jusqu&#039;au 3 juillet 2026 inclus, sans r\u00e9servation.","og_description":"Coronographe Le coronographe est aussi une lunette pour observer le Soleil, mais diff\u00e9rente de la lunette H-\u03b1. Le coronographe a \u00e9t\u00e9 invent\u00e9, au d\u00e9but des ann\u00e9es 1930 par un fran\u00e7ais, Bernard Lyot (1897 &#8211; 1952), appareil destin\u00e9 \u00e0 observer la couronne solaire en reproduisant artificiellement une \u00e9clipse de Soleil. C&rsquo;est une invention qui fit de &hellip; Continuer la lecture de &laquo;&nbsp;Coronographe&nbsp;&raquo;","og_url":"https:\/\/gap47.astrosurf.com\/index.php\/le-gap47\/materiel\/coronographe\/","og_site_name":"L&#039;observatoire est ouvert aux visiteurs tous les vendredis soirs \u00e0 21 heures, jusqu&#039;au 3 juillet 2026 inclus, sans r\u00e9servation.","article_publisher":"https:\/\/www.facebook.com\/astrogap47\/","article_modified_time":"2018-09-22T22:33:16+00:00","og_image":[{"url":"http:\/\/gap47.astrosurf.com\/wp-content\/uploads\/2017\/04\/Coronographe.jpg","type":"","width":"","height":""}],"twitter_card":"summary_large_image","twitter_misc":{"Dur\u00e9e de lecture estim\u00e9e":"1 minute"},"schema":{"@context":"https:\/\/schema.org","@graph":[{"@type":"WebPage","@id":"https:\/\/gap47.astrosurf.com\/index.php\/le-gap47\/materiel\/coronographe\/","url":"https:\/\/gap47.astrosurf.com\/index.php\/le-gap47\/materiel\/coronographe\/","name":"Coronographe - L&#039;observatoire est ouvert aux visiteurs tous les vendredis soirs \u00e0 21 heures, jusqu&#039;au 3 juillet 2026 inclus, sans r\u00e9servation.","isPartOf":{"@id":"https:\/\/gap47.astrosurf.com\/#website"},"primaryImageOfPage":{"@id":"https:\/\/gap47.astrosurf.com\/index.php\/le-gap47\/materiel\/coronographe\/#primaryimage"},"image":{"@id":"https:\/\/gap47.astrosurf.com\/index.php\/le-gap47\/materiel\/coronographe\/#primaryimage"},"thumbnailUrl":"http:\/\/gap47.astrosurf.com\/wp-content\/uploads\/2017\/04\/Coronographe.jpg","datePublished":"2017-03-31T22:25:06+00:00","dateModified":"2018-09-22T22:33:16+00:00","breadcrumb":{"@id":"https:\/\/gap47.astrosurf.com\/index.php\/le-gap47\/materiel\/coronographe\/#breadcrumb"},"inLanguage":"fr-FR","potentialAction":[{"@type":"ReadAction","target":["https:\/\/gap47.astrosurf.com\/index.php\/le-gap47\/materiel\/coronographe\/"]}]},{"@type":"ImageObject","inLanguage":"fr-FR","@id":"https:\/\/gap47.astrosurf.com\/index.php\/le-gap47\/materiel\/coronographe\/#primaryimage","url":"http:\/\/gap47.astrosurf.com\/wp-content\/uploads\/2017\/04\/Coronographe.jpg","contentUrl":"http:\/\/gap47.astrosurf.com\/wp-content\/uploads\/2017\/04\/Coronographe.jpg"},{"@type":"BreadcrumbList","@id":"https:\/\/gap47.astrosurf.com\/index.php\/le-gap47\/materiel\/coronographe\/#breadcrumb","itemListElement":[{"@type":"ListItem","position":1,"name":"Accueil","item":"https:\/\/gap47.astrosurf.com\/"},{"@type":"ListItem","position":2,"name":"Le GAP47","item":"https:\/\/gap47.astrosurf.com\/index.php\/le-gap47\/"},{"@type":"ListItem","position":3,"name":"Nos instruments","item":"https:\/\/gap47.astrosurf.com\/index.php\/le-gap47\/materiel\/"},{"@type":"ListItem","position":4,"name":"Coronographe"}]},{"@type":"WebSite","@id":"https:\/\/gap47.astrosurf.com\/#website","url":"https:\/\/gap47.astrosurf.com\/","name":"De janvier \u00e0 fin juin 2024, le GAP47 sera ouvert aux visiteurs tous les vendredis \u00e0 21h sans r\u00e9servation, \u00e0 l'exception du vendredi 26 janvier o\u00f9 l'observatoire sera ferm\u00e9 au public.","description":"Groupe d&#039;Astronomie Populaire du Lot-et-Garonne, \u00e0 Montayral","potentialAction":[{"@type":"SearchAction","target":{"@type":"EntryPoint","urlTemplate":"https:\/\/gap47.astrosurf.com\/?s={search_term_string}"},"query-input":{"@type":"PropertyValueSpecification","valueRequired":true,"valueName":"search_term_string"}}],"inLanguage":"fr-FR"}]}},"_links":{"self":[{"href":"https:\/\/gap47.astrosurf.com\/index.php\/wp-json\/wp\/v2\/pages\/150","targetHints":{"allow":["GET"]}}],"collection":[{"href":"https:\/\/gap47.astrosurf.com\/index.php\/wp-json\/wp\/v2\/pages"}],"about":[{"href":"https:\/\/gap47.astrosurf.com\/index.php\/wp-json\/wp\/v2\/types\/page"}],"author":[{"embeddable":true,"href":"https:\/\/gap47.astrosurf.com\/index.php\/wp-json\/wp\/v2\/users\/5"}],"replies":[{"embeddable":true,"href":"https:\/\/gap47.astrosurf.com\/index.php\/wp-json\/wp\/v2\/comments?post=150"}],"version-history":[{"count":15,"href":"https:\/\/gap47.astrosurf.com\/index.php\/wp-json\/wp\/v2\/pages\/150\/revisions"}],"predecessor-version":[{"id":7888,"href":"https:\/\/gap47.astrosurf.com\/index.php\/wp-json\/wp\/v2\/pages\/150\/revisions\/7888"}],"up":[{"embeddable":true,"href":"https:\/\/gap47.astrosurf.com\/index.php\/wp-json\/wp\/v2\/pages\/51"}],"wp:attachment":[{"href":"https:\/\/gap47.astrosurf.com\/index.php\/wp-json\/wp\/v2\/media?parent=150"}],"curies":[{"name":"wp","href":"https:\/\/api.w.org\/{rel}","templated":true}]}}