 {"id":148,"date":"2017-04-01T00:24:27","date_gmt":"2017-03-31T22:24:27","guid":{"rendered":"http:\/\/gap47.astrosurf.com\/?page_id=148"},"modified":"2023-01-09T19:29:25","modified_gmt":"2023-01-09T17:29:25","slug":"coronado","status":"publish","type":"page","link":"https:\/\/gap47.astrosurf.com\/index.php\/le-gap47\/materiel\/coronado\/","title":{"rendered":"Lunette H-Alpha"},"content":{"rendered":"<p style=\"text-align: left;\"><span style=\"font-size: 24px;\"><strong><span style=\"font-family: arial,helvetica,sans-serif;\">Lunette H-alpha ou H-\u03b1<br \/>\n<\/span><\/strong><\/span><\/p>\n<p style=\"text-align: left;\"><span style=\"font-size: 20px;\"><span style=\"font-family: times new roman,times,serif;\">La lunette H-\u03b1 qu&rsquo;on appelle souvent \u00e0 tort \u00ab\u00a0Coronado\u00a0\u00bb (c&rsquo;est une marque) est une lunette astronomique destin\u00e9e \u00e0 regarder le Soleil.<\/span><\/span><\/p>\n<p style=\"text-align: left;\"><span style=\"font-family: times new roman,times,serif;\"><span style=\"font-size: 20px;\"><em>Notre lunette H-\u03b1 <span style=\"color: #ffffff;\"><span style=\"color: #000000;\">est <\/span><\/span><span style=\"color: #ffffff;\"><span style=\"color: #000000;\">une lunette Skywa<\/span><\/span><span style=\"color: #ffffff;\"><span style=\"color: #000000;\">tcher 102\/1000<\/span><\/span><span style=\"color: #ffffff;\"><span style=\"color: #000000;\"> \u00e9quip\u00e9e d&rsquo;un filtre d&rsquo;entr\u00e9e Coronado SolarMax de 60 mm de diam\u00e8tre optique. Un autre filtre H-\u03b1 est situ\u00e9 dans le renvoi coud\u00e9 de la lunette. Elle est <\/span><\/span><span style=\"color: #ffffff;\"><span style=\"color: #000000;\">motoris\u00e9e double axe<\/span><\/span><span style=\"color: #ffffff;\"><span style=\"color: #000000;\"> avec suivi.<\/span><\/span><\/em><br \/>\n<\/span><\/span><\/p>\n<p style=\"text-align: left;\"><span style=\"font-size: 24px;\"><em><strong><span style=\"font-family: times new roman,times,serif; color: #008000;\">Au GAP47 nous observons le Soleil avec 3 types d&rsquo;instruments :&nbsp;&nbsp;<\/span><\/strong><\/em><\/span><\/p>\n<p style=\"text-align: left;\"><span style=\"font-family: times new roman,times,serif; font-size: 20px;\"><strong><span style=\"font-family: arial,helvetica,sans-serif;\">1)<\/span><\/strong> Avec un <strong>t\u00e9lescope standard muni d&rsquo;un filtre solaire<\/strong> appropri\u00e9 (qui filtre 99,5 % des rayons du Soleil). Dans ce cas, on verra le Soleil en lumi\u00e8re blanche sous la forme d&rsquo;un beau disque jaune clair et l&rsquo;on pourra aussi voir <strong>les taches solaires<\/strong> (quand il y en a). Nous faisons ce type d&rsquo;observations avec notre T200 dot\u00e9 d&rsquo;un filtre sp\u00e9cial.<\/span><\/p>\n<p>&nbsp;<\/p>\n<p style=\"text-align: left;\"><span style=\"font-family: times new roman,times,serif; font-size: 20px;\"><strong><span style=\"font-family: arial,helvetica,sans-serif;\">2)<\/span><\/strong> Avec une <strong>lunette H-\u03b1<\/strong> qui est une lunette astronomique dot\u00e9e d&rsquo;un filtre sp\u00e9cifique et tr\u00e8s complexe mont\u00e9 sur la lentille frontale, associ\u00e9 \u00e0 un second filtre de \u00ab\u00a0blocage\u00a0\u00bb situ\u00e9 pr\u00e8s de l&rsquo;oculaire (g\u00e9n\u00e9ralement dans le renvoi coud\u00e9). Ces deux filtres vont bloquer tous les rayons du Soleil \u00e0 l&rsquo;exception des rayons H-\u03b1 qui sont un rayonnement particulier des atomes d&rsquo;hydrog\u00e8ne se situant dans la partie rouge des rayons visibles et qui ont une longueur d&rsquo;onde de 656,3 nanom\u00e8tres. <\/span><\/p>\n<p style=\"text-align: left;\"><span style=\"font-family: times new roman,times,serif; font-size: 20px;\"><img loading=\"lazy\" decoding=\"async\" class=\"alignnone wp-image-1097 size-medium\" src=\"http:\/\/gap47.astrosurf.com\/wp-content\/uploads\/2017\/04\/TMax_05-200x300.jpg\" alt=\"\" width=\"200\" height=\"300\" srcset=\"https:\/\/gap47.astrosurf.com\/wp-content\/uploads\/2017\/04\/TMax_05-200x300.jpg 200w, https:\/\/gap47.astrosurf.com\/wp-content\/uploads\/2017\/04\/TMax_05.jpg 300w\" sizes=\"auto, (max-width: 200px) 100vw, 200px\" \/> <img loading=\"lazy\" decoding=\"async\" class=\"alignnone wp-image-1098\" src=\"http:\/\/gap47.astrosurf.com\/wp-content\/uploads\/2017\/04\/TMax_07-300x287.jpg\" alt=\"\" width=\"220\" height=\"210\" srcset=\"https:\/\/gap47.astrosurf.com\/wp-content\/uploads\/2017\/04\/TMax_07-300x287.jpg 300w, https:\/\/gap47.astrosurf.com\/wp-content\/uploads\/2017\/04\/TMax_07.jpg 400w\" sizes=\"auto, (max-width: 220px) 100vw, 220px\" \/> <img loading=\"lazy\" decoding=\"async\" class=\"alignnone wp-image-1099\" src=\"http:\/\/gap47.astrosurf.com\/wp-content\/uploads\/2017\/04\/TMax_02-300x200.jpg\" alt=\"\" width=\"220\" height=\"146\" srcset=\"https:\/\/gap47.astrosurf.com\/wp-content\/uploads\/2017\/04\/TMax_02-300x200.jpg 300w, https:\/\/gap47.astrosurf.com\/wp-content\/uploads\/2017\/04\/TMax_02.jpg 400w\" sizes=\"auto, (max-width: 220px) 100vw, 220px\" \/><\/span><\/p>\n<table style=\"width: 684px;\">\n<tbody>\n<tr>\n<td style=\"width: 211.609px; text-align: center;\"><span style=\"font-size: 20px;\"><em><span style=\"font-family: times new roman,times,serif;\">a) la lunette H-\u03b1&nbsp;&nbsp;&nbsp;&nbsp;<\/span><\/em><\/span><\/td>\n<td style=\"width: 172.219px; text-align: center;\"><span style=\"font-size: 20px;\"><em><span style=\"font-family: times new roman,times,serif;\">b) le filtre d&rsquo;entr\u00e9e H-\u03b1<\/span><\/em><\/span><\/td>\n<td style=\"width: 270.609px; text-align: center;\"><span style=\"font-size: 20px;\"><em><span style=\"font-family: times new roman,times,serif;\">c) le filtre de blocage dans le renvoi coud\u00e9<\/span><\/em><\/span><\/td>\n<\/tr>\n<\/tbody>\n<\/table>\n<p style=\"text-align: left;\"><span style=\"font-family: times new roman,times,serif; font-size: 20px;\">Cet \u00e9quipement permet de regarder le Soleil avec une pr\u00e9cision extraordinaire : on pourra voir ais\u00e9ment la surface de notre \u00e9toile avec ses granulosit\u00e9s en \u00ab\u00a0peau d&rsquo;orange\u00a0\u00bb et aussi admirer les superbes protub\u00e9rances solaires. Par contre on voit g\u00e9n\u00e9ralement moins bien les taches solaires (surtout les petites).<\/span><\/p>\n<p>&nbsp;<\/p>\n<p><a href=\"http:\/\/gap47.astrosurf.com\/wp-content\/uploads\/2017\/04\/Coronado.jpg\"><img loading=\"lazy\" decoding=\"async\" class=\"alignleft wp-image-983 size-full\" src=\"http:\/\/gap47.astrosurf.com\/wp-content\/uploads\/2017\/04\/Coronado.jpg\" alt=\"\" width=\"1500\" height=\"1200\" srcset=\"https:\/\/gap47.astrosurf.com\/wp-content\/uploads\/2017\/04\/Coronado.jpg 1500w, https:\/\/gap47.astrosurf.com\/wp-content\/uploads\/2017\/04\/Coronado-300x240.jpg 300w, https:\/\/gap47.astrosurf.com\/wp-content\/uploads\/2017\/04\/Coronado-768x614.jpg 768w\" sizes=\"auto, (max-width: 767px) 89vw, (max-width: 1000px) 54vw, (max-width: 1071px) 543px, 580px\" \/><\/a><\/p>\n<p style=\"text-align: left;\">&nbsp;<\/p>\n<p style=\"text-align: left;\"><span style=\"font-family: times new roman,times,serif; font-size: 20px;\"><strong><span style=\"font-family: arial,helvetica,sans-serif;\">3)<\/span><\/strong> Avec un <strong>coronographe<\/strong>, lunette astronomique sp\u00e9ciale d\u00e9crite au sous-menu suivant, qui ne montre que les protub\u00e9rances et la couronne solaire.<br \/>\n<\/span><\/p>\n<hr>\n<p>&nbsp;<\/p>\n","protected":false},"excerpt":{"rendered":"<p>Lunette H-alpha ou H-\u03b1 La lunette H-\u03b1 qu&rsquo;on appelle souvent \u00e0 tort \u00ab\u00a0Coronado\u00a0\u00bb (c&rsquo;est une marque) est une lunette astronomique destin\u00e9e \u00e0 regarder le Soleil. Notre lunette H-\u03b1 est une lunette Skywatcher 102\/1000 \u00e9quip\u00e9e d&rsquo;un filtre d&rsquo;entr\u00e9e Coronado SolarMax de 60 mm de diam\u00e8tre optique. Un autre filtre H-\u03b1 est situ\u00e9 dans le renvoi coud\u00e9 &hellip; <\/p>\n<p class=\"link-more\"><a href=\"https:\/\/gap47.astrosurf.com\/index.php\/le-gap47\/materiel\/coronado\/\" class=\"more-link\">Continuer la lecture<span class=\"screen-reader-text\"> de &laquo;&nbsp;Lunette H-Alpha&nbsp;&raquo;<\/span><\/a><\/p>\n","protected":false},"author":5,"featured_media":0,"parent":51,"menu_order":4,"comment_status":"closed","ping_status":"closed","template":"","meta":{"_exactmetrics_skip_tracking":false,"_exactmetrics_sitenote_active":false,"_exactmetrics_sitenote_note":"","_exactmetrics_sitenote_category":0,"ngg_post_thumbnail":0,"footnotes":""},"class_list":["post-148","page","type-page","status-publish","hentry"],"yoast_head":"<!-- This site is optimized with the Yoast SEO plugin v24.8.1 - https:\/\/yoast.com\/wordpress\/plugins\/seo\/ -->\n<title>Lunette H-Alpha - L&#039;observatoire est ouvert aux visiteurs tous les vendredis soirs \u00e0 21 heures, jusqu&#039;au 3 juillet 2026 inclus, sans r\u00e9servation.<\/title>\n<meta name=\"robots\" content=\"index, follow, max-snippet:-1, max-image-preview:large, max-video-preview:-1\" \/>\n<link rel=\"canonical\" href=\"https:\/\/gap47.astrosurf.com\/index.php\/le-gap47\/materiel\/coronado\/\" \/>\n<meta property=\"og:locale\" content=\"fr_FR\" \/>\n<meta property=\"og:type\" content=\"article\" \/>\n<meta property=\"og:title\" content=\"Lunette H-Alpha - L&#039;observatoire est ouvert aux visiteurs tous les vendredis soirs \u00e0 21 heures, jusqu&#039;au 3 juillet 2026 inclus, sans r\u00e9servation.\" \/>\n<meta property=\"og:description\" content=\"Lunette H-alpha ou H-\u03b1 La lunette H-\u03b1 qu&rsquo;on appelle souvent \u00e0 tort \u00ab\u00a0Coronado\u00a0\u00bb (c&rsquo;est une marque) est une lunette astronomique destin\u00e9e \u00e0 regarder le Soleil. Notre lunette H-\u03b1 est une lunette Skywatcher 102\/1000 \u00e9quip\u00e9e d&rsquo;un filtre d&rsquo;entr\u00e9e Coronado SolarMax de 60 mm de diam\u00e8tre optique. Un autre filtre H-\u03b1 est situ\u00e9 dans le renvoi coud\u00e9 &hellip; Continuer la lecture de &laquo;&nbsp;Lunette H-Alpha&nbsp;&raquo;\" \/>\n<meta property=\"og:url\" content=\"https:\/\/gap47.astrosurf.com\/index.php\/le-gap47\/materiel\/coronado\/\" \/>\n<meta property=\"og:site_name\" content=\"L&#039;observatoire est ouvert aux visiteurs tous les vendredis soirs \u00e0 21 heures, jusqu&#039;au 3 juillet 2026 inclus, sans r\u00e9servation.\" \/>\n<meta property=\"article:publisher\" content=\"https:\/\/www.facebook.com\/astrogap47\/\" \/>\n<meta property=\"article:modified_time\" content=\"2023-01-09T17:29:25+00:00\" \/>\n<meta property=\"og:image\" content=\"http:\/\/gap47.astrosurf.com\/wp-content\/uploads\/2017\/04\/TMax_05-200x300.jpg\" \/>\n<meta name=\"twitter:card\" content=\"summary_large_image\" \/>\n<meta name=\"twitter:label1\" content=\"Dur\u00e9e de lecture estim\u00e9e\" \/>\n\t<meta name=\"twitter:data1\" content=\"3 minutes\" \/>\n<script type=\"application\/ld+json\" class=\"yoast-schema-graph\">{\"@context\":\"https:\/\/schema.org\",\"@graph\":[{\"@type\":\"WebPage\",\"@id\":\"https:\/\/gap47.astrosurf.com\/index.php\/le-gap47\/materiel\/coronado\/\",\"url\":\"https:\/\/gap47.astrosurf.com\/index.php\/le-gap47\/materiel\/coronado\/\",\"name\":\"Lunette H-Alpha - L&#039;observatoire est ouvert aux visiteurs tous les vendredis soirs \u00e0 21 heures, jusqu&#039;au 3 juillet 2026 inclus, sans r\u00e9servation.\",\"isPartOf\":{\"@id\":\"https:\/\/gap47.astrosurf.com\/#website\"},\"primaryImageOfPage\":{\"@id\":\"https:\/\/gap47.astrosurf.com\/index.php\/le-gap47\/materiel\/coronado\/#primaryimage\"},\"image\":{\"@id\":\"https:\/\/gap47.astrosurf.com\/index.php\/le-gap47\/materiel\/coronado\/#primaryimage\"},\"thumbnailUrl\":\"http:\/\/gap47.astrosurf.com\/wp-content\/uploads\/2017\/04\/TMax_05-200x300.jpg\",\"datePublished\":\"2017-03-31T22:24:27+00:00\",\"dateModified\":\"2023-01-09T17:29:25+00:00\",\"breadcrumb\":{\"@id\":\"https:\/\/gap47.astrosurf.com\/index.php\/le-gap47\/materiel\/coronado\/#breadcrumb\"},\"inLanguage\":\"fr-FR\",\"potentialAction\":[{\"@type\":\"ReadAction\",\"target\":[\"https:\/\/gap47.astrosurf.com\/index.php\/le-gap47\/materiel\/coronado\/\"]}]},{\"@type\":\"ImageObject\",\"inLanguage\":\"fr-FR\",\"@id\":\"https:\/\/gap47.astrosurf.com\/index.php\/le-gap47\/materiel\/coronado\/#primaryimage\",\"url\":\"https:\/\/gap47.astrosurf.com\/wp-content\/uploads\/2017\/04\/TMax_05.jpg\",\"contentUrl\":\"https:\/\/gap47.astrosurf.com\/wp-content\/uploads\/2017\/04\/TMax_05.jpg\",\"width\":300,\"height\":451},{\"@type\":\"BreadcrumbList\",\"@id\":\"https:\/\/gap47.astrosurf.com\/index.php\/le-gap47\/materiel\/coronado\/#breadcrumb\",\"itemListElement\":[{\"@type\":\"ListItem\",\"position\":1,\"name\":\"Accueil\",\"item\":\"https:\/\/gap47.astrosurf.com\/\"},{\"@type\":\"ListItem\",\"position\":2,\"name\":\"Le GAP47\",\"item\":\"https:\/\/gap47.astrosurf.com\/index.php\/le-gap47\/\"},{\"@type\":\"ListItem\",\"position\":3,\"name\":\"Nos instruments\",\"item\":\"https:\/\/gap47.astrosurf.com\/index.php\/le-gap47\/materiel\/\"},{\"@type\":\"ListItem\",\"position\":4,\"name\":\"Lunette H-Alpha\"}]},{\"@type\":\"WebSite\",\"@id\":\"https:\/\/gap47.astrosurf.com\/#website\",\"url\":\"https:\/\/gap47.astrosurf.com\/\",\"name\":\"De janvier \u00e0 fin juin 2024, le GAP47 sera ouvert aux visiteurs tous les vendredis \u00e0 21h sans r\u00e9servation, \u00e0 l'exception du vendredi 26 janvier o\u00f9 l'observatoire sera ferm\u00e9 au public.\",\"description\":\"Groupe d&#039;Astronomie Populaire du Lot-et-Garonne, \u00e0 Montayral\",\"potentialAction\":[{\"@type\":\"SearchAction\",\"target\":{\"@type\":\"EntryPoint\",\"urlTemplate\":\"https:\/\/gap47.astrosurf.com\/?s={search_term_string}\"},\"query-input\":{\"@type\":\"PropertyValueSpecification\",\"valueRequired\":true,\"valueName\":\"search_term_string\"}}],\"inLanguage\":\"fr-FR\"}]}<\/script>\n<!-- \/ Yoast SEO plugin. -->","yoast_head_json":{"title":"Lunette H-Alpha - L&#039;observatoire est ouvert aux visiteurs tous les vendredis soirs \u00e0 21 heures, jusqu&#039;au 3 juillet 2026 inclus, sans r\u00e9servation.","robots":{"index":"index","follow":"follow","max-snippet":"max-snippet:-1","max-image-preview":"max-image-preview:large","max-video-preview":"max-video-preview:-1"},"canonical":"https:\/\/gap47.astrosurf.com\/index.php\/le-gap47\/materiel\/coronado\/","og_locale":"fr_FR","og_type":"article","og_title":"Lunette H-Alpha - L&#039;observatoire est ouvert aux visiteurs tous les vendredis soirs \u00e0 21 heures, jusqu&#039;au 3 juillet 2026 inclus, sans r\u00e9servation.","og_description":"Lunette H-alpha ou H-\u03b1 La lunette H-\u03b1 qu&rsquo;on appelle souvent \u00e0 tort \u00ab\u00a0Coronado\u00a0\u00bb (c&rsquo;est une marque) est une lunette astronomique destin\u00e9e \u00e0 regarder le Soleil. Notre lunette H-\u03b1 est une lunette Skywatcher 102\/1000 \u00e9quip\u00e9e d&rsquo;un filtre d&rsquo;entr\u00e9e Coronado SolarMax de 60 mm de diam\u00e8tre optique. Un autre filtre H-\u03b1 est situ\u00e9 dans le renvoi coud\u00e9 &hellip; Continuer la lecture de &laquo;&nbsp;Lunette H-Alpha&nbsp;&raquo;","og_url":"https:\/\/gap47.astrosurf.com\/index.php\/le-gap47\/materiel\/coronado\/","og_site_name":"L&#039;observatoire est ouvert aux visiteurs tous les vendredis soirs \u00e0 21 heures, jusqu&#039;au 3 juillet 2026 inclus, sans r\u00e9servation.","article_publisher":"https:\/\/www.facebook.com\/astrogap47\/","article_modified_time":"2023-01-09T17:29:25+00:00","og_image":[{"url":"http:\/\/gap47.astrosurf.com\/wp-content\/uploads\/2017\/04\/TMax_05-200x300.jpg","type":"","width":"","height":""}],"twitter_card":"summary_large_image","twitter_misc":{"Dur\u00e9e de lecture estim\u00e9e":"3 minutes"},"schema":{"@context":"https:\/\/schema.org","@graph":[{"@type":"WebPage","@id":"https:\/\/gap47.astrosurf.com\/index.php\/le-gap47\/materiel\/coronado\/","url":"https:\/\/gap47.astrosurf.com\/index.php\/le-gap47\/materiel\/coronado\/","name":"Lunette H-Alpha - L&#039;observatoire est ouvert aux visiteurs tous les vendredis soirs \u00e0 21 heures, jusqu&#039;au 3 juillet 2026 inclus, sans r\u00e9servation.","isPartOf":{"@id":"https:\/\/gap47.astrosurf.com\/#website"},"primaryImageOfPage":{"@id":"https:\/\/gap47.astrosurf.com\/index.php\/le-gap47\/materiel\/coronado\/#primaryimage"},"image":{"@id":"https:\/\/gap47.astrosurf.com\/index.php\/le-gap47\/materiel\/coronado\/#primaryimage"},"thumbnailUrl":"http:\/\/gap47.astrosurf.com\/wp-content\/uploads\/2017\/04\/TMax_05-200x300.jpg","datePublished":"2017-03-31T22:24:27+00:00","dateModified":"2023-01-09T17:29:25+00:00","breadcrumb":{"@id":"https:\/\/gap47.astrosurf.com\/index.php\/le-gap47\/materiel\/coronado\/#breadcrumb"},"inLanguage":"fr-FR","potentialAction":[{"@type":"ReadAction","target":["https:\/\/gap47.astrosurf.com\/index.php\/le-gap47\/materiel\/coronado\/"]}]},{"@type":"ImageObject","inLanguage":"fr-FR","@id":"https:\/\/gap47.astrosurf.com\/index.php\/le-gap47\/materiel\/coronado\/#primaryimage","url":"https:\/\/gap47.astrosurf.com\/wp-content\/uploads\/2017\/04\/TMax_05.jpg","contentUrl":"https:\/\/gap47.astrosurf.com\/wp-content\/uploads\/2017\/04\/TMax_05.jpg","width":300,"height":451},{"@type":"BreadcrumbList","@id":"https:\/\/gap47.astrosurf.com\/index.php\/le-gap47\/materiel\/coronado\/#breadcrumb","itemListElement":[{"@type":"ListItem","position":1,"name":"Accueil","item":"https:\/\/gap47.astrosurf.com\/"},{"@type":"ListItem","position":2,"name":"Le GAP47","item":"https:\/\/gap47.astrosurf.com\/index.php\/le-gap47\/"},{"@type":"ListItem","position":3,"name":"Nos instruments","item":"https:\/\/gap47.astrosurf.com\/index.php\/le-gap47\/materiel\/"},{"@type":"ListItem","position":4,"name":"Lunette H-Alpha"}]},{"@type":"WebSite","@id":"https:\/\/gap47.astrosurf.com\/#website","url":"https:\/\/gap47.astrosurf.com\/","name":"De janvier \u00e0 fin juin 2024, le GAP47 sera ouvert aux visiteurs tous les vendredis \u00e0 21h sans r\u00e9servation, \u00e0 l'exception du vendredi 26 janvier o\u00f9 l'observatoire sera ferm\u00e9 au public.","description":"Groupe d&#039;Astronomie Populaire du Lot-et-Garonne, \u00e0 Montayral","potentialAction":[{"@type":"SearchAction","target":{"@type":"EntryPoint","urlTemplate":"https:\/\/gap47.astrosurf.com\/?s={search_term_string}"},"query-input":{"@type":"PropertyValueSpecification","valueRequired":true,"valueName":"search_term_string"}}],"inLanguage":"fr-FR"}]}},"_links":{"self":[{"href":"https:\/\/gap47.astrosurf.com\/index.php\/wp-json\/wp\/v2\/pages\/148","targetHints":{"allow":["GET"]}}],"collection":[{"href":"https:\/\/gap47.astrosurf.com\/index.php\/wp-json\/wp\/v2\/pages"}],"about":[{"href":"https:\/\/gap47.astrosurf.com\/index.php\/wp-json\/wp\/v2\/types\/page"}],"author":[{"embeddable":true,"href":"https:\/\/gap47.astrosurf.com\/index.php\/wp-json\/wp\/v2\/users\/5"}],"replies":[{"embeddable":true,"href":"https:\/\/gap47.astrosurf.com\/index.php\/wp-json\/wp\/v2\/comments?post=148"}],"version-history":[{"count":35,"href":"https:\/\/gap47.astrosurf.com\/index.php\/wp-json\/wp\/v2\/pages\/148\/revisions"}],"predecessor-version":[{"id":11975,"href":"https:\/\/gap47.astrosurf.com\/index.php\/wp-json\/wp\/v2\/pages\/148\/revisions\/11975"}],"up":[{"embeddable":true,"href":"https:\/\/gap47.astrosurf.com\/index.php\/wp-json\/wp\/v2\/pages\/51"}],"wp:attachment":[{"href":"https:\/\/gap47.astrosurf.com\/index.php\/wp-json\/wp\/v2\/media?parent=148"}],"curies":[{"name":"wp","href":"https:\/\/api.w.org\/{rel}","templated":true}]}}