 {"id":146,"date":"2017-04-01T00:23:09","date_gmt":"2017-03-31T22:23:09","guid":{"rendered":"http:\/\/gap47.astrosurf.com\/?page_id=146"},"modified":"2023-05-14T19:05:27","modified_gmt":"2023-05-14T17:05:27","slug":"t-200","status":"publish","type":"page","link":"https:\/\/gap47.astrosurf.com\/index.php\/le-gap47\/materiel\/t-200\/","title":{"rendered":"T200"},"content":{"rendered":"<p><span style=\"font-family: times new roman,times,serif; font-size: 20px;\">Ce t\u00e9lescope de type Newton de 203 mm, ouvert \u00e0 F\/D 6, est un instrument r\u00e9alis\u00e9 par Gilbert Da Costa et Pierre Mourg\u00e8s. Il a \u00e9t\u00e9 con\u00e7u sur la base des plans propos\u00e9s par Pierre Bourge dans son ouvrage \u00ab Mon t\u00e9lescope et mon observatoire, pourquoi pas ? \u00bb<em> (<a href=\"http:\/\/www.fabricebourge.com\/pierrebourge\/\">http:\/\/www.fabricebourge.com\/pierrebourge\/<\/a>)<\/em>.<\/span><\/p>\n<p style=\"font-weight: 400;\"><span style=\"font-family: 'times new roman', times, serif; font-size: 20px;\">L\u2019optique (le miroir) a \u00e9t\u00e9 r\u00e9alis\u00e9e au sein du groupe en suivant les conseils \u00e9clair\u00e9s de l\u2019ouvrage de Jean Texereau <em>(<a href=\"http:\/\/www.astrosurf.com\/texereau\/\">http:\/\/www.astrosurf.com\/texereau\/<\/a>)<\/em>.<\/span><\/p>\n<p><span style=\"font-family: 'times new roman', times, serif; font-size: 20px;\">Il a \u00e9t\u00e9 r\u00e9alis\u00e9 en deux \u00e9tapes. La premi\u00e8re en 1986, avec un tube de section carr\u00e9e, sans motorisation : ci-dessous pr\u00e9sent\u00e9 par Gilbert Da Costa.<\/span><a href=\"http:\/\/gap47.astrosurf.com\/wp-content\/uploads\/2023\/05\/le-200-GDL-1.jpg\"><img loading=\"lazy\" decoding=\"async\" class=\"aligncenter size-full wp-image-12315\" src=\"http:\/\/gap47.astrosurf.com\/wp-content\/uploads\/2023\/05\/le-200-GDL-1.jpg\" alt=\"\" width=\"660\" height=\"860\" srcset=\"https:\/\/gap47.astrosurf.com\/wp-content\/uploads\/2023\/05\/le-200-GDL-1.jpg 660w, https:\/\/gap47.astrosurf.com\/wp-content\/uploads\/2023\/05\/le-200-GDL-1-230x300.jpg 230w\" sizes=\"auto, (max-width: 660px) 100vw, 660px\" \/><\/a><\/p>\n<p><span style=\"font-family: 'times new roman', times, serif; font-size: 20px;\">La seconde \u00e9tape a consist\u00e9 \u00e0 le mettre dans un tuyau plastique de 200 mm de diam\u00e8tre (qui sert g\u00e9n\u00e9ralement \u00e0 des canalisations), \u00e0 changer sa monture en utilisant des pi\u00e8ces m\u00e9caniques de 2 CV, et enfin, par l&rsquo;adjonction d&rsquo;une motorisation sur un axe, qui a \u00e9t\u00e9 r\u00e9alis\u00e9e gr\u00e2ce \u00e0 un moteur qui \u00e9tait initialement un programmateur de machine \u00e0 laver.<\/span><\/p>\n<p style=\"text-align: left;\"><span style=\"font-family: times new roman,times,serif; font-size: 20px;\">Il peut \u00eatre \u00e9quip\u00e9 d&rsquo;un filtre solaire pleine ouverture (comme ici). C&rsquo;est un peu le \u00ab tout-terrain \u00bb du club.<\/span><\/p>\n<p style=\"text-align: left;\"><a href=\"http:\/\/gap47.astrosurf.com\/wp-content\/uploads\/2017\/04\/T200.jpg\"><img loading=\"lazy\" decoding=\"async\" class=\"aligncenter wp-image-979 size-full\" src=\"http:\/\/gap47.astrosurf.com\/wp-content\/uploads\/2017\/04\/T200.jpg\" alt=\"\" width=\"1500\" height=\"993\" srcset=\"https:\/\/gap47.astrosurf.com\/wp-content\/uploads\/2017\/04\/T200.jpg 1500w, https:\/\/gap47.astrosurf.com\/wp-content\/uploads\/2017\/04\/T200-300x199.jpg 300w, https:\/\/gap47.astrosurf.com\/wp-content\/uploads\/2017\/04\/T200-768x508.jpg 768w\" sizes=\"auto, (max-width: 767px) 89vw, (max-width: 1000px) 54vw, (max-width: 1071px) 543px, 580px\" \/><\/a><\/p>\n<p><a href=\"http:\/\/gap47.astrosurf.com\/wp-content\/uploads\/2017\/04\/T200-2.jpg\"><img loading=\"lazy\" decoding=\"async\" class=\"aligncenter wp-image-990 size-full\" style=\"font-family: times new roman,times,serif;\" src=\"http:\/\/gap47.astrosurf.com\/wp-content\/uploads\/2017\/04\/T200-2.jpg\" alt=\"\" width=\"1500\" height=\"1125\" srcset=\"https:\/\/gap47.astrosurf.com\/wp-content\/uploads\/2017\/04\/T200-2.jpg 1500w, https:\/\/gap47.astrosurf.com\/wp-content\/uploads\/2017\/04\/T200-2-300x225.jpg 300w, https:\/\/gap47.astrosurf.com\/wp-content\/uploads\/2017\/04\/T200-2-768x576.jpg 768w\" sizes=\"auto, (max-width: 767px) 89vw, (max-width: 1000px) 54vw, (max-width: 1071px) 543px, 580px\" \/><\/a><\/p>\n<hr>\n<p>&nbsp;<\/p>\n","protected":false},"excerpt":{"rendered":"<p>Ce t\u00e9lescope de type Newton de 203 mm, ouvert \u00e0 F\/D 6, est un instrument r\u00e9alis\u00e9 par Gilbert Da Costa et Pierre Mourg\u00e8s. Il a \u00e9t\u00e9 con\u00e7u sur la base des plans propos\u00e9s par Pierre Bourge dans son ouvrage \u00ab Mon t\u00e9lescope et mon observatoire, pourquoi pas ? \u00bb (http:\/\/www.fabricebourge.com\/pierrebourge\/). L\u2019optique (le miroir) a \u00e9t\u00e9 &hellip; <\/p>\n<p class=\"link-more\"><a href=\"https:\/\/gap47.astrosurf.com\/index.php\/le-gap47\/materiel\/t-200\/\" class=\"more-link\">Continuer la lecture<span class=\"screen-reader-text\"> de &laquo;&nbsp;T200&nbsp;&raquo;<\/span><\/a><\/p>\n","protected":false},"author":5,"featured_media":0,"parent":51,"menu_order":3,"comment_status":"closed","ping_status":"closed","template":"","meta":{"_exactmetrics_skip_tracking":false,"_exactmetrics_sitenote_active":false,"_exactmetrics_sitenote_note":"","_exactmetrics_sitenote_category":0,"ngg_post_thumbnail":0,"footnotes":""},"class_list":["post-146","page","type-page","status-publish","hentry"],"yoast_head":"<!-- This site is optimized with the Yoast SEO plugin v24.8.1 - https:\/\/yoast.com\/wordpress\/plugins\/seo\/ -->\n<title>T200 - L&#039;observatoire est ouvert aux visiteurs tous les vendredis soirs \u00e0 21 heures, jusqu&#039;au 3 juillet 2026 inclus, sans r\u00e9servation.<\/title>\n<meta name=\"robots\" content=\"index, follow, max-snippet:-1, max-image-preview:large, max-video-preview:-1\" \/>\n<link rel=\"canonical\" href=\"https:\/\/gap47.astrosurf.com\/index.php\/le-gap47\/materiel\/t-200\/\" \/>\n<meta property=\"og:locale\" content=\"fr_FR\" \/>\n<meta property=\"og:type\" content=\"article\" \/>\n<meta property=\"og:title\" content=\"T200 - L&#039;observatoire est ouvert aux visiteurs tous les vendredis soirs \u00e0 21 heures, jusqu&#039;au 3 juillet 2026 inclus, sans r\u00e9servation.\" \/>\n<meta property=\"og:description\" content=\"Ce t\u00e9lescope de type Newton de 203 mm, ouvert \u00e0 F\/D 6, est un instrument r\u00e9alis\u00e9 par Gilbert Da Costa et Pierre Mourg\u00e8s. Il a \u00e9t\u00e9 con\u00e7u sur la base des plans propos\u00e9s par Pierre Bourge dans son ouvrage \u00ab Mon t\u00e9lescope et mon observatoire, pourquoi pas ? \u00bb (http:\/\/www.fabricebourge.com\/pierrebourge\/). L\u2019optique (le miroir) a \u00e9t\u00e9 &hellip; Continuer la lecture de &laquo;&nbsp;T200&nbsp;&raquo;\" \/>\n<meta property=\"og:url\" content=\"https:\/\/gap47.astrosurf.com\/index.php\/le-gap47\/materiel\/t-200\/\" \/>\n<meta property=\"og:site_name\" content=\"L&#039;observatoire est ouvert aux visiteurs tous les vendredis soirs \u00e0 21 heures, jusqu&#039;au 3 juillet 2026 inclus, sans r\u00e9servation.\" \/>\n<meta property=\"article:publisher\" content=\"https:\/\/www.facebook.com\/astrogap47\/\" \/>\n<meta property=\"article:modified_time\" content=\"2023-05-14T17:05:27+00:00\" \/>\n<meta property=\"og:image\" content=\"http:\/\/gap47.astrosurf.com\/wp-content\/uploads\/2023\/05\/le-200-GDL-1.jpg\" \/>\n<meta name=\"twitter:card\" content=\"summary_large_image\" \/>\n<meta name=\"twitter:label1\" content=\"Dur\u00e9e de lecture estim\u00e9e\" \/>\n\t<meta name=\"twitter:data1\" content=\"2 minutes\" \/>\n<script type=\"application\/ld+json\" class=\"yoast-schema-graph\">{\"@context\":\"https:\/\/schema.org\",\"@graph\":[{\"@type\":\"WebPage\",\"@id\":\"https:\/\/gap47.astrosurf.com\/index.php\/le-gap47\/materiel\/t-200\/\",\"url\":\"https:\/\/gap47.astrosurf.com\/index.php\/le-gap47\/materiel\/t-200\/\",\"name\":\"T200 - L&#039;observatoire est ouvert aux visiteurs tous les vendredis soirs \u00e0 21 heures, jusqu&#039;au 3 juillet 2026 inclus, sans r\u00e9servation.\",\"isPartOf\":{\"@id\":\"https:\/\/gap47.astrosurf.com\/#website\"},\"primaryImageOfPage\":{\"@id\":\"https:\/\/gap47.astrosurf.com\/index.php\/le-gap47\/materiel\/t-200\/#primaryimage\"},\"image\":{\"@id\":\"https:\/\/gap47.astrosurf.com\/index.php\/le-gap47\/materiel\/t-200\/#primaryimage\"},\"thumbnailUrl\":\"http:\/\/gap47.astrosurf.com\/wp-content\/uploads\/2023\/05\/le-200-GDL-1.jpg\",\"datePublished\":\"2017-03-31T22:23:09+00:00\",\"dateModified\":\"2023-05-14T17:05:27+00:00\",\"breadcrumb\":{\"@id\":\"https:\/\/gap47.astrosurf.com\/index.php\/le-gap47\/materiel\/t-200\/#breadcrumb\"},\"inLanguage\":\"fr-FR\",\"potentialAction\":[{\"@type\":\"ReadAction\",\"target\":[\"https:\/\/gap47.astrosurf.com\/index.php\/le-gap47\/materiel\/t-200\/\"]}]},{\"@type\":\"ImageObject\",\"inLanguage\":\"fr-FR\",\"@id\":\"https:\/\/gap47.astrosurf.com\/index.php\/le-gap47\/materiel\/t-200\/#primaryimage\",\"url\":\"http:\/\/gap47.astrosurf.com\/wp-content\/uploads\/2023\/05\/le-200-GDL-1.jpg\",\"contentUrl\":\"http:\/\/gap47.astrosurf.com\/wp-content\/uploads\/2023\/05\/le-200-GDL-1.jpg\"},{\"@type\":\"BreadcrumbList\",\"@id\":\"https:\/\/gap47.astrosurf.com\/index.php\/le-gap47\/materiel\/t-200\/#breadcrumb\",\"itemListElement\":[{\"@type\":\"ListItem\",\"position\":1,\"name\":\"Accueil\",\"item\":\"https:\/\/gap47.astrosurf.com\/\"},{\"@type\":\"ListItem\",\"position\":2,\"name\":\"Le GAP47\",\"item\":\"https:\/\/gap47.astrosurf.com\/index.php\/le-gap47\/\"},{\"@type\":\"ListItem\",\"position\":3,\"name\":\"Nos instruments\",\"item\":\"https:\/\/gap47.astrosurf.com\/index.php\/le-gap47\/materiel\/\"},{\"@type\":\"ListItem\",\"position\":4,\"name\":\"T200\"}]},{\"@type\":\"WebSite\",\"@id\":\"https:\/\/gap47.astrosurf.com\/#website\",\"url\":\"https:\/\/gap47.astrosurf.com\/\",\"name\":\"De janvier \u00e0 fin juin 2024, le GAP47 sera ouvert aux visiteurs tous les vendredis \u00e0 21h sans r\u00e9servation, \u00e0 l'exception du vendredi 26 janvier o\u00f9 l'observatoire sera ferm\u00e9 au public.\",\"description\":\"Groupe d&#039;Astronomie Populaire du Lot-et-Garonne, \u00e0 Montayral\",\"potentialAction\":[{\"@type\":\"SearchAction\",\"target\":{\"@type\":\"EntryPoint\",\"urlTemplate\":\"https:\/\/gap47.astrosurf.com\/?s={search_term_string}\"},\"query-input\":{\"@type\":\"PropertyValueSpecification\",\"valueRequired\":true,\"valueName\":\"search_term_string\"}}],\"inLanguage\":\"fr-FR\"}]}<\/script>\n<!-- \/ Yoast SEO plugin. -->","yoast_head_json":{"title":"T200 - L&#039;observatoire est ouvert aux visiteurs tous les vendredis soirs \u00e0 21 heures, jusqu&#039;au 3 juillet 2026 inclus, sans r\u00e9servation.","robots":{"index":"index","follow":"follow","max-snippet":"max-snippet:-1","max-image-preview":"max-image-preview:large","max-video-preview":"max-video-preview:-1"},"canonical":"https:\/\/gap47.astrosurf.com\/index.php\/le-gap47\/materiel\/t-200\/","og_locale":"fr_FR","og_type":"article","og_title":"T200 - L&#039;observatoire est ouvert aux visiteurs tous les vendredis soirs \u00e0 21 heures, jusqu&#039;au 3 juillet 2026 inclus, sans r\u00e9servation.","og_description":"Ce t\u00e9lescope de type Newton de 203 mm, ouvert \u00e0 F\/D 6, est un instrument r\u00e9alis\u00e9 par Gilbert Da Costa et Pierre Mourg\u00e8s. Il a \u00e9t\u00e9 con\u00e7u sur la base des plans propos\u00e9s par Pierre Bourge dans son ouvrage \u00ab Mon t\u00e9lescope et mon observatoire, pourquoi pas ? \u00bb (http:\/\/www.fabricebourge.com\/pierrebourge\/). L\u2019optique (le miroir) a \u00e9t\u00e9 &hellip; Continuer la lecture de &laquo;&nbsp;T200&nbsp;&raquo;","og_url":"https:\/\/gap47.astrosurf.com\/index.php\/le-gap47\/materiel\/t-200\/","og_site_name":"L&#039;observatoire est ouvert aux visiteurs tous les vendredis soirs \u00e0 21 heures, jusqu&#039;au 3 juillet 2026 inclus, sans r\u00e9servation.","article_publisher":"https:\/\/www.facebook.com\/astrogap47\/","article_modified_time":"2023-05-14T17:05:27+00:00","og_image":[{"url":"http:\/\/gap47.astrosurf.com\/wp-content\/uploads\/2023\/05\/le-200-GDL-1.jpg","type":"","width":"","height":""}],"twitter_card":"summary_large_image","twitter_misc":{"Dur\u00e9e de lecture estim\u00e9e":"2 minutes"},"schema":{"@context":"https:\/\/schema.org","@graph":[{"@type":"WebPage","@id":"https:\/\/gap47.astrosurf.com\/index.php\/le-gap47\/materiel\/t-200\/","url":"https:\/\/gap47.astrosurf.com\/index.php\/le-gap47\/materiel\/t-200\/","name":"T200 - L&#039;observatoire est ouvert aux visiteurs tous les vendredis soirs \u00e0 21 heures, jusqu&#039;au 3 juillet 2026 inclus, sans r\u00e9servation.","isPartOf":{"@id":"https:\/\/gap47.astrosurf.com\/#website"},"primaryImageOfPage":{"@id":"https:\/\/gap47.astrosurf.com\/index.php\/le-gap47\/materiel\/t-200\/#primaryimage"},"image":{"@id":"https:\/\/gap47.astrosurf.com\/index.php\/le-gap47\/materiel\/t-200\/#primaryimage"},"thumbnailUrl":"http:\/\/gap47.astrosurf.com\/wp-content\/uploads\/2023\/05\/le-200-GDL-1.jpg","datePublished":"2017-03-31T22:23:09+00:00","dateModified":"2023-05-14T17:05:27+00:00","breadcrumb":{"@id":"https:\/\/gap47.astrosurf.com\/index.php\/le-gap47\/materiel\/t-200\/#breadcrumb"},"inLanguage":"fr-FR","potentialAction":[{"@type":"ReadAction","target":["https:\/\/gap47.astrosurf.com\/index.php\/le-gap47\/materiel\/t-200\/"]}]},{"@type":"ImageObject","inLanguage":"fr-FR","@id":"https:\/\/gap47.astrosurf.com\/index.php\/le-gap47\/materiel\/t-200\/#primaryimage","url":"http:\/\/gap47.astrosurf.com\/wp-content\/uploads\/2023\/05\/le-200-GDL-1.jpg","contentUrl":"http:\/\/gap47.astrosurf.com\/wp-content\/uploads\/2023\/05\/le-200-GDL-1.jpg"},{"@type":"BreadcrumbList","@id":"https:\/\/gap47.astrosurf.com\/index.php\/le-gap47\/materiel\/t-200\/#breadcrumb","itemListElement":[{"@type":"ListItem","position":1,"name":"Accueil","item":"https:\/\/gap47.astrosurf.com\/"},{"@type":"ListItem","position":2,"name":"Le GAP47","item":"https:\/\/gap47.astrosurf.com\/index.php\/le-gap47\/"},{"@type":"ListItem","position":3,"name":"Nos instruments","item":"https:\/\/gap47.astrosurf.com\/index.php\/le-gap47\/materiel\/"},{"@type":"ListItem","position":4,"name":"T200"}]},{"@type":"WebSite","@id":"https:\/\/gap47.astrosurf.com\/#website","url":"https:\/\/gap47.astrosurf.com\/","name":"De janvier \u00e0 fin juin 2024, le GAP47 sera ouvert aux visiteurs tous les vendredis \u00e0 21h sans r\u00e9servation, \u00e0 l'exception du vendredi 26 janvier o\u00f9 l'observatoire sera ferm\u00e9 au public.","description":"Groupe d&#039;Astronomie Populaire du Lot-et-Garonne, \u00e0 Montayral","potentialAction":[{"@type":"SearchAction","target":{"@type":"EntryPoint","urlTemplate":"https:\/\/gap47.astrosurf.com\/?s={search_term_string}"},"query-input":{"@type":"PropertyValueSpecification","valueRequired":true,"valueName":"search_term_string"}}],"inLanguage":"fr-FR"}]}},"_links":{"self":[{"href":"https:\/\/gap47.astrosurf.com\/index.php\/wp-json\/wp\/v2\/pages\/146","targetHints":{"allow":["GET"]}}],"collection":[{"href":"https:\/\/gap47.astrosurf.com\/index.php\/wp-json\/wp\/v2\/pages"}],"about":[{"href":"https:\/\/gap47.astrosurf.com\/index.php\/wp-json\/wp\/v2\/types\/page"}],"author":[{"embeddable":true,"href":"https:\/\/gap47.astrosurf.com\/index.php\/wp-json\/wp\/v2\/users\/5"}],"replies":[{"embeddable":true,"href":"https:\/\/gap47.astrosurf.com\/index.php\/wp-json\/wp\/v2\/comments?post=146"}],"version-history":[{"count":30,"href":"https:\/\/gap47.astrosurf.com\/index.php\/wp-json\/wp\/v2\/pages\/146\/revisions"}],"predecessor-version":[{"id":12316,"href":"https:\/\/gap47.astrosurf.com\/index.php\/wp-json\/wp\/v2\/pages\/146\/revisions\/12316"}],"up":[{"embeddable":true,"href":"https:\/\/gap47.astrosurf.com\/index.php\/wp-json\/wp\/v2\/pages\/51"}],"wp:attachment":[{"href":"https:\/\/gap47.astrosurf.com\/index.php\/wp-json\/wp\/v2\/media?parent=146"}],"curies":[{"name":"wp","href":"https:\/\/api.w.org\/{rel}","templated":true}]}}