 {"id":141,"date":"2017-04-01T00:21:13","date_gmt":"2017-03-31T22:21:13","guid":{"rendered":"http:\/\/gap47.astrosurf.com\/?page_id=141"},"modified":"2023-01-09T19:21:49","modified_gmt":"2023-01-09T17:21:49","slug":"salle-de-reunion","status":"publish","type":"page","link":"https:\/\/gap47.astrosurf.com\/index.php\/le-gap47\/locaux\/salle-de-reunion\/","title":{"rendered":"Entr\u00e9e et autres locaux"},"content":{"rendered":"<p style=\"text-align: left;\"><span style=\"font-family: times new roman,times,serif; font-size: 20px;\">Dans l&rsquo;entr\u00e9e on trouve <a href=\"http:\/\/gap47.astrosurf.com\/index.php\/le-gap47\/la-boutique-du-gap47\/\" target=\"_blank\" rel=\"noopener noreferrer\">la boutique du GAP47<\/a>, o\u00f9 l&rsquo;on peut acheter des photos astronomiques, toutes r\u00e9alis\u00e9es par nos membres, au format 10&nbsp;x&nbsp;15 cm, des magazines, des cartes du ciel, etc. On y trouve aussi quelques instruments astronomiques de d\u00e9monstration (une petite lunette astronomique, un petit t\u00e9lescope de 115mm, la r\u00e9plique d&rsquo;une des lunettes de Galil\u00e9e) et un t\u00e9lescope de type \u201cNewton\u201d de 200 mm avec monture \u00e9quatoriale dot\u00e9 d&rsquo;un suivi motoris\u00e9 sur un axe (fabrication GAP47). <\/span><\/p>\n<p style=\"text-align: left;\"><span style=\"font-family: times new roman,times,serif; font-size: 20px;\">L\u2019entr\u00e9e donne \u00e9galement acc\u00e8s \u00e0 la coupole du t\u00e9lescope de 300 mm, \u00e0 la salle de r\u00e9union du GAP47 et \u00e0 notre atelier. On peut \u00e9galement acc\u00e9der \u00e0 la grande salle par l\u2019int\u00e9rieur.<\/span><\/p>\n<p><a href=\"http:\/\/gap47.astrosurf.com\/wp-content\/uploads\/2017\/04\/GAP47-entre\u0301e2.jpg\"><img loading=\"lazy\" decoding=\"async\" class=\"aligncenter wp-image-951 size-full\" src=\"http:\/\/gap47.astrosurf.com\/wp-content\/uploads\/2017\/04\/GAP47-entre\u0301e2.jpg\" alt=\"\" width=\"1500\" height=\"899\" srcset=\"https:\/\/gap47.astrosurf.com\/wp-content\/uploads\/2017\/04\/GAP47-entre\u0301e2.jpg 1500w, https:\/\/gap47.astrosurf.com\/wp-content\/uploads\/2017\/04\/GAP47-entre\u0301e2-300x180.jpg 300w, https:\/\/gap47.astrosurf.com\/wp-content\/uploads\/2017\/04\/GAP47-entre\u0301e2-768x460.jpg 768w\" sizes=\"auto, (max-width: 767px) 89vw, (max-width: 1000px) 54vw, (max-width: 1071px) 543px, 580px\" \/><\/a><\/p>\n<p style=\"text-align: center;\"><span style=\"font-size: 20px;\"><em><span style=\"font-family: times new roman,times,serif;\">R\u00e9plique de la lunette de Galil\u00e9e&nbsp;&nbsp; \u2193<\/span><\/em><\/span><\/p>\n<p style=\"text-align: center;\"><em><span style=\"font-family: times new roman,times,serif;\"><img loading=\"lazy\" decoding=\"async\" class=\"size-full wp-image-2566 aligncenter\" src=\"http:\/\/gap47.astrosurf.com\/wp-content\/uploads\/2017\/04\/LunetteGalile\u0301e.jpg\" alt=\"\" width=\"800\" height=\"1308\" srcset=\"https:\/\/gap47.astrosurf.com\/wp-content\/uploads\/2017\/04\/LunetteGalile\u0301e.jpg 800w, https:\/\/gap47.astrosurf.com\/wp-content\/uploads\/2017\/04\/LunetteGalile\u0301e-183x300.jpg 183w, https:\/\/gap47.astrosurf.com\/wp-content\/uploads\/2017\/04\/LunetteGalile\u0301e-768x1256.jpg 768w, https:\/\/gap47.astrosurf.com\/wp-content\/uploads\/2017\/04\/LunetteGalile\u0301e-734x1200.jpg 734w\" sizes=\"auto, (max-width: 767px) 89vw, (max-width: 1000px) 54vw, (max-width: 1071px) 543px, 580px\" \/><\/span><\/em><\/p>\n<p style=\"text-align: center;\"><span style=\"font-size: 20px;\"><em><span style=\"font-family: times new roman,times,serif;\">L&rsquo;entr\u00e9e avec des instruments et des photos&nbsp; &nbsp;\u2193<\/span><\/em><\/span><\/p>\n<p style=\"text-align: center;\"><em><span style=\"font-family: times new roman,times,serif;\"><a href=\"http:\/\/gap47.astrosurf.com\/wp-content\/uploads\/2017\/04\/DSC_0009.jpg\"><img loading=\"lazy\" decoding=\"async\" class=\"aligncenter wp-image-1191 size-full\" src=\"http:\/\/gap47.astrosurf.com\/wp-content\/uploads\/2017\/04\/DSC_0009.jpg\" alt=\"\" width=\"2000\" height=\"1333\" srcset=\"https:\/\/gap47.astrosurf.com\/wp-content\/uploads\/2017\/04\/DSC_0009.jpg 2000w, https:\/\/gap47.astrosurf.com\/wp-content\/uploads\/2017\/04\/DSC_0009-300x200.jpg 300w, https:\/\/gap47.astrosurf.com\/wp-content\/uploads\/2017\/04\/DSC_0009-768x512.jpg 768w, https:\/\/gap47.astrosurf.com\/wp-content\/uploads\/2017\/04\/DSC_0009-1800x1200.jpg 1800w\" sizes=\"auto, (max-width: 767px) 89vw, (max-width: 1000px) 54vw, (max-width: 1071px) 543px, 580px\" \/><\/a> <a href=\"http:\/\/gap47.astrosurf.com\/wp-content\/uploads\/2017\/04\/DSC_0014.jpg\"><img loading=\"lazy\" decoding=\"async\" class=\"aligncenter wp-image-1192 size-full\" src=\"http:\/\/gap47.astrosurf.com\/wp-content\/uploads\/2017\/04\/DSC_0014.jpg\" alt=\"\" width=\"2000\" height=\"1333\" srcset=\"https:\/\/gap47.astrosurf.com\/wp-content\/uploads\/2017\/04\/DSC_0014.jpg 2000w, https:\/\/gap47.astrosurf.com\/wp-content\/uploads\/2017\/04\/DSC_0014-300x200.jpg 300w, https:\/\/gap47.astrosurf.com\/wp-content\/uploads\/2017\/04\/DSC_0014-768x512.jpg 768w, https:\/\/gap47.astrosurf.com\/wp-content\/uploads\/2017\/04\/DSC_0014-1800x1200.jpg 1800w\" sizes=\"auto, (max-width: 767px) 89vw, (max-width: 1000px) 54vw, (max-width: 1071px) 543px, 580px\" \/><\/a> <a href=\"http:\/\/gap47.astrosurf.com\/wp-content\/uploads\/2017\/04\/DSC_0048.jpg\"><img loading=\"lazy\" decoding=\"async\" class=\"aligncenter wp-image-1193 size-full\" src=\"http:\/\/gap47.astrosurf.com\/wp-content\/uploads\/2017\/04\/DSC_0048.jpg\" alt=\"\" width=\"2000\" height=\"1333\" srcset=\"https:\/\/gap47.astrosurf.com\/wp-content\/uploads\/2017\/04\/DSC_0048.jpg 2000w, https:\/\/gap47.astrosurf.com\/wp-content\/uploads\/2017\/04\/DSC_0048-300x200.jpg 300w, https:\/\/gap47.astrosurf.com\/wp-content\/uploads\/2017\/04\/DSC_0048-768x512.jpg 768w, https:\/\/gap47.astrosurf.com\/wp-content\/uploads\/2017\/04\/DSC_0048-1800x1200.jpg 1800w\" sizes=\"auto, (max-width: 767px) 89vw, (max-width: 1000px) 54vw, (max-width: 1071px) 543px, 580px\" \/><\/a><\/span><\/em><\/p>\n<p style=\"text-align: center;\"><span style=\"font-size: 20px;\"><em><span style=\"font-family: times new roman,times,serif;\">La salle de r\u00e9union des membres du GAP47 &nbsp; \u2193<\/span><\/em><\/span><\/p>\n<p style=\"text-align: center;\"><em><span style=\"font-family: times new roman,times,serif;\"><a href=\"http:\/\/gap47.astrosurf.com\/wp-content\/uploads\/2017\/04\/DSC_0016.jpg\"><img loading=\"lazy\" decoding=\"async\" class=\"aligncenter wp-image-1194 size-full\" src=\"http:\/\/gap47.astrosurf.com\/wp-content\/uploads\/2017\/04\/DSC_0016.jpg\" alt=\"\" width=\"2000\" height=\"1333\" srcset=\"https:\/\/gap47.astrosurf.com\/wp-content\/uploads\/2017\/04\/DSC_0016.jpg 2000w, https:\/\/gap47.astrosurf.com\/wp-content\/uploads\/2017\/04\/DSC_0016-300x200.jpg 300w, https:\/\/gap47.astrosurf.com\/wp-content\/uploads\/2017\/04\/DSC_0016-768x512.jpg 768w, https:\/\/gap47.astrosurf.com\/wp-content\/uploads\/2017\/04\/DSC_0016-1800x1200.jpg 1800w\" sizes=\"auto, (max-width: 767px) 89vw, (max-width: 1000px) 54vw, (max-width: 1071px) 543px, 580px\" \/><\/a><\/span><\/em><\/p>\n<p style=\"text-align: center;\"><span style=\"font-size: 20px;\"><em><span style=\"font-family: times new roman,times,serif;\">L&rsquo;atelier du GAP47&nbsp;&nbsp; \u2193<\/span><\/em><\/span><\/p>\n<p><em><span style=\"font-family: times new roman,times,serif;\"><a href=\"http:\/\/gap47.astrosurf.com\/wp-content\/uploads\/2017\/04\/DSC_0045.jpg\"><img loading=\"lazy\" decoding=\"async\" class=\"aligncenter wp-image-1197 size-full\" src=\"http:\/\/gap47.astrosurf.com\/wp-content\/uploads\/2017\/04\/DSC_0045.jpg\" alt=\"\" width=\"2000\" height=\"1333\" srcset=\"https:\/\/gap47.astrosurf.com\/wp-content\/uploads\/2017\/04\/DSC_0045.jpg 2000w, https:\/\/gap47.astrosurf.com\/wp-content\/uploads\/2017\/04\/DSC_0045-300x200.jpg 300w, https:\/\/gap47.astrosurf.com\/wp-content\/uploads\/2017\/04\/DSC_0045-768x512.jpg 768w, https:\/\/gap47.astrosurf.com\/wp-content\/uploads\/2017\/04\/DSC_0045-1800x1200.jpg 1800w\" sizes=\"auto, (max-width: 767px) 89vw, (max-width: 1000px) 54vw, (max-width: 1071px) 543px, 580px\" \/><\/a><\/span><\/em><\/p>\n<hr>\n<p><em><span style=\"font-family: times new roman,times,serif;\">&nbsp;<\/span><\/em><\/p>\n","protected":false},"excerpt":{"rendered":"<p>Dans l&rsquo;entr\u00e9e on trouve la boutique du GAP47, o\u00f9 l&rsquo;on peut acheter des photos astronomiques, toutes r\u00e9alis\u00e9es par nos membres, au format 10&nbsp;x&nbsp;15 cm, des magazines, des cartes du ciel, etc. On y trouve aussi quelques instruments astronomiques de d\u00e9monstration (une petite lunette astronomique, un petit t\u00e9lescope de 115mm, la r\u00e9plique d&rsquo;une des lunettes de &hellip; <\/p>\n<p class=\"link-more\"><a href=\"https:\/\/gap47.astrosurf.com\/index.php\/le-gap47\/locaux\/salle-de-reunion\/\" class=\"more-link\">Continuer la lecture<span class=\"screen-reader-text\"> de &laquo;&nbsp;Entr\u00e9e et autres locaux&nbsp;&raquo;<\/span><\/a><\/p>\n","protected":false},"author":5,"featured_media":0,"parent":45,"menu_order":3,"comment_status":"closed","ping_status":"closed","template":"","meta":{"_exactmetrics_skip_tracking":false,"_exactmetrics_sitenote_active":false,"_exactmetrics_sitenote_note":"","_exactmetrics_sitenote_category":0,"ngg_post_thumbnail":0,"footnotes":""},"class_list":["post-141","page","type-page","status-publish","hentry"],"yoast_head":"<!-- This site is optimized with the Yoast SEO plugin v24.8.1 - https:\/\/yoast.com\/wordpress\/plugins\/seo\/ -->\n<title>Entr\u00e9e et autres locaux - L&#039;observatoire est ouvert aux visiteurs tous les vendredis soirs \u00e0 21 heures, jusqu&#039;au 3 juillet 2026 inclus, sans r\u00e9servation.<\/title>\n<meta name=\"robots\" content=\"index, follow, max-snippet:-1, max-image-preview:large, max-video-preview:-1\" \/>\n<link rel=\"canonical\" href=\"https:\/\/gap47.astrosurf.com\/index.php\/le-gap47\/locaux\/salle-de-reunion\/\" \/>\n<meta property=\"og:locale\" content=\"fr_FR\" \/>\n<meta property=\"og:type\" content=\"article\" \/>\n<meta property=\"og:title\" content=\"Entr\u00e9e et autres locaux - L&#039;observatoire est ouvert aux visiteurs tous les vendredis soirs \u00e0 21 heures, jusqu&#039;au 3 juillet 2026 inclus, sans r\u00e9servation.\" \/>\n<meta property=\"og:description\" content=\"Dans l&rsquo;entr\u00e9e on trouve la boutique du GAP47, o\u00f9 l&rsquo;on peut acheter des photos astronomiques, toutes r\u00e9alis\u00e9es par nos membres, au format 10&nbsp;x&nbsp;15 cm, des magazines, des cartes du ciel, etc. On y trouve aussi quelques instruments astronomiques de d\u00e9monstration (une petite lunette astronomique, un petit t\u00e9lescope de 115mm, la r\u00e9plique d&rsquo;une des lunettes de &hellip; Continuer la lecture de &laquo;&nbsp;Entr\u00e9e et autres locaux&nbsp;&raquo;\" \/>\n<meta property=\"og:url\" content=\"https:\/\/gap47.astrosurf.com\/index.php\/le-gap47\/locaux\/salle-de-reunion\/\" \/>\n<meta property=\"og:site_name\" content=\"L&#039;observatoire est ouvert aux visiteurs tous les vendredis soirs \u00e0 21 heures, jusqu&#039;au 3 juillet 2026 inclus, sans r\u00e9servation.\" \/>\n<meta property=\"article:publisher\" content=\"https:\/\/www.facebook.com\/astrogap47\/\" \/>\n<meta property=\"article:modified_time\" content=\"2023-01-09T17:21:49+00:00\" \/>\n<meta property=\"og:image\" content=\"http:\/\/gap47.astrosurf.com\/wp-content\/uploads\/2017\/04\/DSC_0009.jpg\" \/>\n<meta name=\"twitter:card\" content=\"summary_large_image\" \/>\n<meta name=\"twitter:label1\" content=\"Dur\u00e9e de lecture estim\u00e9e\" \/>\n\t<meta name=\"twitter:data1\" content=\"3 minutes\" \/>\n<script type=\"application\/ld+json\" class=\"yoast-schema-graph\">{\"@context\":\"https:\/\/schema.org\",\"@graph\":[{\"@type\":\"WebPage\",\"@id\":\"https:\/\/gap47.astrosurf.com\/index.php\/le-gap47\/locaux\/salle-de-reunion\/\",\"url\":\"https:\/\/gap47.astrosurf.com\/index.php\/le-gap47\/locaux\/salle-de-reunion\/\",\"name\":\"Entr\u00e9e et autres locaux - L&#039;observatoire est ouvert aux visiteurs tous les vendredis soirs \u00e0 21 heures, jusqu&#039;au 3 juillet 2026 inclus, sans r\u00e9servation.\",\"isPartOf\":{\"@id\":\"https:\/\/gap47.astrosurf.com\/#website\"},\"primaryImageOfPage\":{\"@id\":\"https:\/\/gap47.astrosurf.com\/index.php\/le-gap47\/locaux\/salle-de-reunion\/#primaryimage\"},\"image\":{\"@id\":\"https:\/\/gap47.astrosurf.com\/index.php\/le-gap47\/locaux\/salle-de-reunion\/#primaryimage\"},\"thumbnailUrl\":\"http:\/\/gap47.astrosurf.com\/wp-content\/uploads\/2017\/04\/DSC_0009.jpg\",\"datePublished\":\"2017-03-31T22:21:13+00:00\",\"dateModified\":\"2023-01-09T17:21:49+00:00\",\"breadcrumb\":{\"@id\":\"https:\/\/gap47.astrosurf.com\/index.php\/le-gap47\/locaux\/salle-de-reunion\/#breadcrumb\"},\"inLanguage\":\"fr-FR\",\"potentialAction\":[{\"@type\":\"ReadAction\",\"target\":[\"https:\/\/gap47.astrosurf.com\/index.php\/le-gap47\/locaux\/salle-de-reunion\/\"]}]},{\"@type\":\"ImageObject\",\"inLanguage\":\"fr-FR\",\"@id\":\"https:\/\/gap47.astrosurf.com\/index.php\/le-gap47\/locaux\/salle-de-reunion\/#primaryimage\",\"url\":\"https:\/\/gap47.astrosurf.com\/wp-content\/uploads\/2017\/04\/DSC_0009.jpg\",\"contentUrl\":\"https:\/\/gap47.astrosurf.com\/wp-content\/uploads\/2017\/04\/DSC_0009.jpg\",\"width\":2000,\"height\":1333},{\"@type\":\"BreadcrumbList\",\"@id\":\"https:\/\/gap47.astrosurf.com\/index.php\/le-gap47\/locaux\/salle-de-reunion\/#breadcrumb\",\"itemListElement\":[{\"@type\":\"ListItem\",\"position\":1,\"name\":\"Accueil\",\"item\":\"https:\/\/gap47.astrosurf.com\/\"},{\"@type\":\"ListItem\",\"position\":2,\"name\":\"Le GAP47\",\"item\":\"https:\/\/gap47.astrosurf.com\/index.php\/le-gap47\/\"},{\"@type\":\"ListItem\",\"position\":3,\"name\":\"Nos locaux\",\"item\":\"https:\/\/gap47.astrosurf.com\/index.php\/le-gap47\/locaux\/\"},{\"@type\":\"ListItem\",\"position\":4,\"name\":\"Entr\u00e9e et autres locaux\"}]},{\"@type\":\"WebSite\",\"@id\":\"https:\/\/gap47.astrosurf.com\/#website\",\"url\":\"https:\/\/gap47.astrosurf.com\/\",\"name\":\"De janvier \u00e0 fin juin 2024, le GAP47 sera ouvert aux visiteurs tous les vendredis \u00e0 21h sans r\u00e9servation, \u00e0 l'exception du vendredi 26 janvier o\u00f9 l'observatoire sera ferm\u00e9 au public.\",\"description\":\"Groupe d&#039;Astronomie Populaire du Lot-et-Garonne, \u00e0 Montayral\",\"potentialAction\":[{\"@type\":\"SearchAction\",\"target\":{\"@type\":\"EntryPoint\",\"urlTemplate\":\"https:\/\/gap47.astrosurf.com\/?s={search_term_string}\"},\"query-input\":{\"@type\":\"PropertyValueSpecification\",\"valueRequired\":true,\"valueName\":\"search_term_string\"}}],\"inLanguage\":\"fr-FR\"}]}<\/script>\n<!-- \/ Yoast SEO plugin. -->","yoast_head_json":{"title":"Entr\u00e9e et autres locaux - L&#039;observatoire est ouvert aux visiteurs tous les vendredis soirs \u00e0 21 heures, jusqu&#039;au 3 juillet 2026 inclus, sans r\u00e9servation.","robots":{"index":"index","follow":"follow","max-snippet":"max-snippet:-1","max-image-preview":"max-image-preview:large","max-video-preview":"max-video-preview:-1"},"canonical":"https:\/\/gap47.astrosurf.com\/index.php\/le-gap47\/locaux\/salle-de-reunion\/","og_locale":"fr_FR","og_type":"article","og_title":"Entr\u00e9e et autres locaux - L&#039;observatoire est ouvert aux visiteurs tous les vendredis soirs \u00e0 21 heures, jusqu&#039;au 3 juillet 2026 inclus, sans r\u00e9servation.","og_description":"Dans l&rsquo;entr\u00e9e on trouve la boutique du GAP47, o\u00f9 l&rsquo;on peut acheter des photos astronomiques, toutes r\u00e9alis\u00e9es par nos membres, au format 10&nbsp;x&nbsp;15 cm, des magazines, des cartes du ciel, etc. On y trouve aussi quelques instruments astronomiques de d\u00e9monstration (une petite lunette astronomique, un petit t\u00e9lescope de 115mm, la r\u00e9plique d&rsquo;une des lunettes de &hellip; Continuer la lecture de &laquo;&nbsp;Entr\u00e9e et autres locaux&nbsp;&raquo;","og_url":"https:\/\/gap47.astrosurf.com\/index.php\/le-gap47\/locaux\/salle-de-reunion\/","og_site_name":"L&#039;observatoire est ouvert aux visiteurs tous les vendredis soirs \u00e0 21 heures, jusqu&#039;au 3 juillet 2026 inclus, sans r\u00e9servation.","article_publisher":"https:\/\/www.facebook.com\/astrogap47\/","article_modified_time":"2023-01-09T17:21:49+00:00","og_image":[{"url":"http:\/\/gap47.astrosurf.com\/wp-content\/uploads\/2017\/04\/DSC_0009.jpg","type":"","width":"","height":""}],"twitter_card":"summary_large_image","twitter_misc":{"Dur\u00e9e de lecture estim\u00e9e":"3 minutes"},"schema":{"@context":"https:\/\/schema.org","@graph":[{"@type":"WebPage","@id":"https:\/\/gap47.astrosurf.com\/index.php\/le-gap47\/locaux\/salle-de-reunion\/","url":"https:\/\/gap47.astrosurf.com\/index.php\/le-gap47\/locaux\/salle-de-reunion\/","name":"Entr\u00e9e et autres locaux - L&#039;observatoire est ouvert aux visiteurs tous les vendredis soirs \u00e0 21 heures, jusqu&#039;au 3 juillet 2026 inclus, sans r\u00e9servation.","isPartOf":{"@id":"https:\/\/gap47.astrosurf.com\/#website"},"primaryImageOfPage":{"@id":"https:\/\/gap47.astrosurf.com\/index.php\/le-gap47\/locaux\/salle-de-reunion\/#primaryimage"},"image":{"@id":"https:\/\/gap47.astrosurf.com\/index.php\/le-gap47\/locaux\/salle-de-reunion\/#primaryimage"},"thumbnailUrl":"http:\/\/gap47.astrosurf.com\/wp-content\/uploads\/2017\/04\/DSC_0009.jpg","datePublished":"2017-03-31T22:21:13+00:00","dateModified":"2023-01-09T17:21:49+00:00","breadcrumb":{"@id":"https:\/\/gap47.astrosurf.com\/index.php\/le-gap47\/locaux\/salle-de-reunion\/#breadcrumb"},"inLanguage":"fr-FR","potentialAction":[{"@type":"ReadAction","target":["https:\/\/gap47.astrosurf.com\/index.php\/le-gap47\/locaux\/salle-de-reunion\/"]}]},{"@type":"ImageObject","inLanguage":"fr-FR","@id":"https:\/\/gap47.astrosurf.com\/index.php\/le-gap47\/locaux\/salle-de-reunion\/#primaryimage","url":"https:\/\/gap47.astrosurf.com\/wp-content\/uploads\/2017\/04\/DSC_0009.jpg","contentUrl":"https:\/\/gap47.astrosurf.com\/wp-content\/uploads\/2017\/04\/DSC_0009.jpg","width":2000,"height":1333},{"@type":"BreadcrumbList","@id":"https:\/\/gap47.astrosurf.com\/index.php\/le-gap47\/locaux\/salle-de-reunion\/#breadcrumb","itemListElement":[{"@type":"ListItem","position":1,"name":"Accueil","item":"https:\/\/gap47.astrosurf.com\/"},{"@type":"ListItem","position":2,"name":"Le GAP47","item":"https:\/\/gap47.astrosurf.com\/index.php\/le-gap47\/"},{"@type":"ListItem","position":3,"name":"Nos locaux","item":"https:\/\/gap47.astrosurf.com\/index.php\/le-gap47\/locaux\/"},{"@type":"ListItem","position":4,"name":"Entr\u00e9e et autres locaux"}]},{"@type":"WebSite","@id":"https:\/\/gap47.astrosurf.com\/#website","url":"https:\/\/gap47.astrosurf.com\/","name":"De janvier \u00e0 fin juin 2024, le GAP47 sera ouvert aux visiteurs tous les vendredis \u00e0 21h sans r\u00e9servation, \u00e0 l'exception du vendredi 26 janvier o\u00f9 l'observatoire sera ferm\u00e9 au public.","description":"Groupe d&#039;Astronomie Populaire du Lot-et-Garonne, \u00e0 Montayral","potentialAction":[{"@type":"SearchAction","target":{"@type":"EntryPoint","urlTemplate":"https:\/\/gap47.astrosurf.com\/?s={search_term_string}"},"query-input":{"@type":"PropertyValueSpecification","valueRequired":true,"valueName":"search_term_string"}}],"inLanguage":"fr-FR"}]}},"_links":{"self":[{"href":"https:\/\/gap47.astrosurf.com\/index.php\/wp-json\/wp\/v2\/pages\/141","targetHints":{"allow":["GET"]}}],"collection":[{"href":"https:\/\/gap47.astrosurf.com\/index.php\/wp-json\/wp\/v2\/pages"}],"about":[{"href":"https:\/\/gap47.astrosurf.com\/index.php\/wp-json\/wp\/v2\/types\/page"}],"author":[{"embeddable":true,"href":"https:\/\/gap47.astrosurf.com\/index.php\/wp-json\/wp\/v2\/users\/5"}],"replies":[{"embeddable":true,"href":"https:\/\/gap47.astrosurf.com\/index.php\/wp-json\/wp\/v2\/comments?post=141"}],"version-history":[{"count":39,"href":"https:\/\/gap47.astrosurf.com\/index.php\/wp-json\/wp\/v2\/pages\/141\/revisions"}],"predecessor-version":[{"id":11973,"href":"https:\/\/gap47.astrosurf.com\/index.php\/wp-json\/wp\/v2\/pages\/141\/revisions\/11973"}],"up":[{"embeddable":true,"href":"https:\/\/gap47.astrosurf.com\/index.php\/wp-json\/wp\/v2\/pages\/45"}],"wp:attachment":[{"href":"https:\/\/gap47.astrosurf.com\/index.php\/wp-json\/wp\/v2\/media?parent=141"}],"curies":[{"name":"wp","href":"https:\/\/api.w.org\/{rel}","templated":true}]}}