 {"id":139,"date":"2017-04-01T00:20:12","date_gmt":"2017-03-31T22:20:12","guid":{"rendered":"http:\/\/gap47.astrosurf.com\/?page_id=139"},"modified":"2024-10-18T17:42:44","modified_gmt":"2024-10-18T15:42:44","slug":"grande-salle","status":"publish","type":"page","link":"https:\/\/gap47.astrosurf.com\/index.php\/le-gap47\/locaux\/grande-salle\/","title":{"rendered":"La grande salle"},"content":{"rendered":"<p style=\"text-align: left;\"><span style=\"font-family: times new roman,times,serif; font-size: 20px;\">Notre grande salle permet d\u2019accueillir 50 personnes assises. Elle est modulable, et peut servir \u00e0 accueillir un grand groupe mais aussi de petits groupes pour des ateliers s\u00e9par\u00e9s. Sonoris\u00e9e, \u00e9quip\u00e9e d\u2019un ordinateur et d\u2019un vid\u00e9oprojecteur, elle sert pour des projections et des expos\u00e9s, suivis d&rsquo;\u00e9changes avec les animateurs et des Questions\/R\u00e9ponses.<\/span><\/p>\n<p style=\"text-align: left;\"><span style=\"font-family: times new roman,times,serif; font-size: 20px;\">Nous y exposons de nombreuses maquettes (syst\u00e8me solaire, galaxie, constellations, etc.), bien utiles lors des s\u00e9ances d&rsquo;initiation \u00e0 la connaissance de l&rsquo;Univers. Nous y stockons aussi divers mat\u00e9riels, par exemple notre plus r\u00e9cent t\u00e9lescope construit par nous en 2018 (un Dobson de 400 mm de diam\u00e8tre), notre fauteuil Astro motoris\u00e9 pour handicap\u00e9, un banc de contr\u00f4le des miroirs de t\u00e9lescopes, dot\u00e9 d\u2019un interf\u00e9rom\u00e8tre (fabrication GAP47).<\/span><\/p>\n<p style=\"text-align: left;\"><a href=\"http:\/\/gap47.astrosurf.com\/wp-content\/uploads\/2017\/04\/GAP47-grande-salle2-1.jpg\"><img loading=\"lazy\" decoding=\"async\" class=\"aligncenter wp-image-953 size-full\" src=\"http:\/\/gap47.astrosurf.com\/wp-content\/uploads\/2017\/04\/GAP47-grande-salle2-1.jpg\" alt=\"\" width=\"1500\" height=\"899\" srcset=\"https:\/\/gap47.astrosurf.com\/wp-content\/uploads\/2017\/04\/GAP47-grande-salle2-1.jpg 1500w, https:\/\/gap47.astrosurf.com\/wp-content\/uploads\/2017\/04\/GAP47-grande-salle2-1-300x180.jpg 300w, https:\/\/gap47.astrosurf.com\/wp-content\/uploads\/2017\/04\/GAP47-grande-salle2-1-768x460.jpg 768w\" sizes=\"auto, (max-width: 767px) 89vw, (max-width: 1000px) 54vw, (max-width: 1071px) 543px, 580px\" \/><\/a><\/p>\n<p><span style=\"font-family: times new roman,times,serif; font-size: 20px;\"><strong><a href=\"http:\/\/gap47.astrosurf.com\/wp-content\/uploads\/2017\/04\/IMG_5469-2.jpg\"><img loading=\"lazy\" decoding=\"async\" class=\"aligncenter wp-image-938 size-full\" src=\"http:\/\/gap47.astrosurf.com\/wp-content\/uploads\/2017\/04\/IMG_5469-2.jpg\" alt=\"\" width=\"1500\" height=\"1125\" srcset=\"https:\/\/gap47.astrosurf.com\/wp-content\/uploads\/2017\/04\/IMG_5469-2.jpg 1500w, https:\/\/gap47.astrosurf.com\/wp-content\/uploads\/2017\/04\/IMG_5469-2-300x225.jpg 300w, https:\/\/gap47.astrosurf.com\/wp-content\/uploads\/2017\/04\/IMG_5469-2-768x576.jpg 768w\" sizes=\"auto, (max-width: 767px) 89vw, (max-width: 1000px) 54vw, (max-width: 1071px) 543px, 580px\" \/><\/a><\/strong><\/span><\/p>\n<hr>\n<p>&nbsp;<\/p>\n","protected":false},"excerpt":{"rendered":"<p>Notre grande salle permet d\u2019accueillir 50 personnes assises. Elle est modulable, et peut servir \u00e0 accueillir un grand groupe mais aussi de petits groupes pour des ateliers s\u00e9par\u00e9s. Sonoris\u00e9e, \u00e9quip\u00e9e d\u2019un ordinateur et d\u2019un vid\u00e9oprojecteur, elle sert pour des projections et des expos\u00e9s, suivis d&rsquo;\u00e9changes avec les animateurs et des Questions\/R\u00e9ponses. Nous y exposons de &hellip; <\/p>\n<p class=\"link-more\"><a href=\"https:\/\/gap47.astrosurf.com\/index.php\/le-gap47\/locaux\/grande-salle\/\" class=\"more-link\">Continuer la lecture<span class=\"screen-reader-text\"> de &laquo;&nbsp;La grande salle&nbsp;&raquo;<\/span><\/a><\/p>\n","protected":false},"author":5,"featured_media":0,"parent":45,"menu_order":2,"comment_status":"closed","ping_status":"closed","template":"","meta":{"_exactmetrics_skip_tracking":false,"_exactmetrics_sitenote_active":false,"_exactmetrics_sitenote_note":"","_exactmetrics_sitenote_category":0,"ngg_post_thumbnail":0,"footnotes":""},"class_list":["post-139","page","type-page","status-publish","hentry"],"yoast_head":"<!-- This site is optimized with the Yoast SEO plugin v24.8.1 - https:\/\/yoast.com\/wordpress\/plugins\/seo\/ -->\n<title>La grande salle - L&#039;observatoire est ouvert aux visiteurs tous les vendredis soirs \u00e0 21 heures, jusqu&#039;au 3 juillet 2026 inclus, sans r\u00e9servation.<\/title>\n<meta name=\"robots\" content=\"index, follow, max-snippet:-1, max-image-preview:large, max-video-preview:-1\" \/>\n<link rel=\"canonical\" href=\"https:\/\/gap47.astrosurf.com\/index.php\/le-gap47\/locaux\/grande-salle\/\" \/>\n<meta property=\"og:locale\" content=\"fr_FR\" \/>\n<meta property=\"og:type\" content=\"article\" \/>\n<meta property=\"og:title\" content=\"La grande salle - L&#039;observatoire est ouvert aux visiteurs tous les vendredis soirs \u00e0 21 heures, jusqu&#039;au 3 juillet 2026 inclus, sans r\u00e9servation.\" \/>\n<meta property=\"og:description\" content=\"Notre grande salle permet d\u2019accueillir 50 personnes assises. Elle est modulable, et peut servir \u00e0 accueillir un grand groupe mais aussi de petits groupes pour des ateliers s\u00e9par\u00e9s. Sonoris\u00e9e, \u00e9quip\u00e9e d\u2019un ordinateur et d\u2019un vid\u00e9oprojecteur, elle sert pour des projections et des expos\u00e9s, suivis d&rsquo;\u00e9changes avec les animateurs et des Questions\/R\u00e9ponses. Nous y exposons de &hellip; Continuer la lecture de &laquo;&nbsp;La grande salle&nbsp;&raquo;\" \/>\n<meta property=\"og:url\" content=\"https:\/\/gap47.astrosurf.com\/index.php\/le-gap47\/locaux\/grande-salle\/\" \/>\n<meta property=\"og:site_name\" content=\"L&#039;observatoire est ouvert aux visiteurs tous les vendredis soirs \u00e0 21 heures, jusqu&#039;au 3 juillet 2026 inclus, sans r\u00e9servation.\" \/>\n<meta property=\"article:publisher\" content=\"https:\/\/www.facebook.com\/astrogap47\/\" \/>\n<meta property=\"article:modified_time\" content=\"2024-10-18T15:42:44+00:00\" \/>\n<meta property=\"og:image\" content=\"http:\/\/gap47.astrosurf.com\/wp-content\/uploads\/2017\/04\/GAP47-grande-salle2-1.jpg\" \/>\n<meta name=\"twitter:card\" content=\"summary_large_image\" \/>\n<meta name=\"twitter:label1\" content=\"Dur\u00e9e de lecture estim\u00e9e\" \/>\n\t<meta name=\"twitter:data1\" content=\"1 minute\" \/>\n<script type=\"application\/ld+json\" class=\"yoast-schema-graph\">{\"@context\":\"https:\/\/schema.org\",\"@graph\":[{\"@type\":\"WebPage\",\"@id\":\"https:\/\/gap47.astrosurf.com\/index.php\/le-gap47\/locaux\/grande-salle\/\",\"url\":\"https:\/\/gap47.astrosurf.com\/index.php\/le-gap47\/locaux\/grande-salle\/\",\"name\":\"La grande salle - L&#039;observatoire est ouvert aux visiteurs tous les vendredis soirs \u00e0 21 heures, jusqu&#039;au 3 juillet 2026 inclus, sans r\u00e9servation.\",\"isPartOf\":{\"@id\":\"https:\/\/gap47.astrosurf.com\/#website\"},\"primaryImageOfPage\":{\"@id\":\"https:\/\/gap47.astrosurf.com\/index.php\/le-gap47\/locaux\/grande-salle\/#primaryimage\"},\"image\":{\"@id\":\"https:\/\/gap47.astrosurf.com\/index.php\/le-gap47\/locaux\/grande-salle\/#primaryimage\"},\"thumbnailUrl\":\"http:\/\/gap47.astrosurf.com\/wp-content\/uploads\/2017\/04\/GAP47-grande-salle2-1.jpg\",\"datePublished\":\"2017-03-31T22:20:12+00:00\",\"dateModified\":\"2024-10-18T15:42:44+00:00\",\"breadcrumb\":{\"@id\":\"https:\/\/gap47.astrosurf.com\/index.php\/le-gap47\/locaux\/grande-salle\/#breadcrumb\"},\"inLanguage\":\"fr-FR\",\"potentialAction\":[{\"@type\":\"ReadAction\",\"target\":[\"https:\/\/gap47.astrosurf.com\/index.php\/le-gap47\/locaux\/grande-salle\/\"]}]},{\"@type\":\"ImageObject\",\"inLanguage\":\"fr-FR\",\"@id\":\"https:\/\/gap47.astrosurf.com\/index.php\/le-gap47\/locaux\/grande-salle\/#primaryimage\",\"url\":\"https:\/\/gap47.astrosurf.com\/wp-content\/uploads\/2017\/04\/GAP47-grande-salle2-1.jpg\",\"contentUrl\":\"https:\/\/gap47.astrosurf.com\/wp-content\/uploads\/2017\/04\/GAP47-grande-salle2-1.jpg\",\"width\":1500,\"height\":899},{\"@type\":\"BreadcrumbList\",\"@id\":\"https:\/\/gap47.astrosurf.com\/index.php\/le-gap47\/locaux\/grande-salle\/#breadcrumb\",\"itemListElement\":[{\"@type\":\"ListItem\",\"position\":1,\"name\":\"Accueil\",\"item\":\"https:\/\/gap47.astrosurf.com\/\"},{\"@type\":\"ListItem\",\"position\":2,\"name\":\"Le GAP47\",\"item\":\"https:\/\/gap47.astrosurf.com\/index.php\/le-gap47\/\"},{\"@type\":\"ListItem\",\"position\":3,\"name\":\"Nos locaux\",\"item\":\"https:\/\/gap47.astrosurf.com\/index.php\/le-gap47\/locaux\/\"},{\"@type\":\"ListItem\",\"position\":4,\"name\":\"La grande salle\"}]},{\"@type\":\"WebSite\",\"@id\":\"https:\/\/gap47.astrosurf.com\/#website\",\"url\":\"https:\/\/gap47.astrosurf.com\/\",\"name\":\"De janvier \u00e0 fin juin 2024, le GAP47 sera ouvert aux visiteurs tous les vendredis \u00e0 21h sans r\u00e9servation, \u00e0 l'exception du vendredi 26 janvier o\u00f9 l'observatoire sera ferm\u00e9 au public.\",\"description\":\"Groupe d&#039;Astronomie Populaire du Lot-et-Garonne, \u00e0 Montayral\",\"potentialAction\":[{\"@type\":\"SearchAction\",\"target\":{\"@type\":\"EntryPoint\",\"urlTemplate\":\"https:\/\/gap47.astrosurf.com\/?s={search_term_string}\"},\"query-input\":{\"@type\":\"PropertyValueSpecification\",\"valueRequired\":true,\"valueName\":\"search_term_string\"}}],\"inLanguage\":\"fr-FR\"}]}<\/script>\n<!-- \/ Yoast SEO plugin. -->","yoast_head_json":{"title":"La grande salle - L&#039;observatoire est ouvert aux visiteurs tous les vendredis soirs \u00e0 21 heures, jusqu&#039;au 3 juillet 2026 inclus, sans r\u00e9servation.","robots":{"index":"index","follow":"follow","max-snippet":"max-snippet:-1","max-image-preview":"max-image-preview:large","max-video-preview":"max-video-preview:-1"},"canonical":"https:\/\/gap47.astrosurf.com\/index.php\/le-gap47\/locaux\/grande-salle\/","og_locale":"fr_FR","og_type":"article","og_title":"La grande salle - L&#039;observatoire est ouvert aux visiteurs tous les vendredis soirs \u00e0 21 heures, jusqu&#039;au 3 juillet 2026 inclus, sans r\u00e9servation.","og_description":"Notre grande salle permet d\u2019accueillir 50 personnes assises. Elle est modulable, et peut servir \u00e0 accueillir un grand groupe mais aussi de petits groupes pour des ateliers s\u00e9par\u00e9s. Sonoris\u00e9e, \u00e9quip\u00e9e d\u2019un ordinateur et d\u2019un vid\u00e9oprojecteur, elle sert pour des projections et des expos\u00e9s, suivis d&rsquo;\u00e9changes avec les animateurs et des Questions\/R\u00e9ponses. Nous y exposons de &hellip; Continuer la lecture de &laquo;&nbsp;La grande salle&nbsp;&raquo;","og_url":"https:\/\/gap47.astrosurf.com\/index.php\/le-gap47\/locaux\/grande-salle\/","og_site_name":"L&#039;observatoire est ouvert aux visiteurs tous les vendredis soirs \u00e0 21 heures, jusqu&#039;au 3 juillet 2026 inclus, sans r\u00e9servation.","article_publisher":"https:\/\/www.facebook.com\/astrogap47\/","article_modified_time":"2024-10-18T15:42:44+00:00","og_image":[{"url":"http:\/\/gap47.astrosurf.com\/wp-content\/uploads\/2017\/04\/GAP47-grande-salle2-1.jpg","type":"","width":"","height":""}],"twitter_card":"summary_large_image","twitter_misc":{"Dur\u00e9e de lecture estim\u00e9e":"1 minute"},"schema":{"@context":"https:\/\/schema.org","@graph":[{"@type":"WebPage","@id":"https:\/\/gap47.astrosurf.com\/index.php\/le-gap47\/locaux\/grande-salle\/","url":"https:\/\/gap47.astrosurf.com\/index.php\/le-gap47\/locaux\/grande-salle\/","name":"La grande salle - L&#039;observatoire est ouvert aux visiteurs tous les vendredis soirs \u00e0 21 heures, jusqu&#039;au 3 juillet 2026 inclus, sans r\u00e9servation.","isPartOf":{"@id":"https:\/\/gap47.astrosurf.com\/#website"},"primaryImageOfPage":{"@id":"https:\/\/gap47.astrosurf.com\/index.php\/le-gap47\/locaux\/grande-salle\/#primaryimage"},"image":{"@id":"https:\/\/gap47.astrosurf.com\/index.php\/le-gap47\/locaux\/grande-salle\/#primaryimage"},"thumbnailUrl":"http:\/\/gap47.astrosurf.com\/wp-content\/uploads\/2017\/04\/GAP47-grande-salle2-1.jpg","datePublished":"2017-03-31T22:20:12+00:00","dateModified":"2024-10-18T15:42:44+00:00","breadcrumb":{"@id":"https:\/\/gap47.astrosurf.com\/index.php\/le-gap47\/locaux\/grande-salle\/#breadcrumb"},"inLanguage":"fr-FR","potentialAction":[{"@type":"ReadAction","target":["https:\/\/gap47.astrosurf.com\/index.php\/le-gap47\/locaux\/grande-salle\/"]}]},{"@type":"ImageObject","inLanguage":"fr-FR","@id":"https:\/\/gap47.astrosurf.com\/index.php\/le-gap47\/locaux\/grande-salle\/#primaryimage","url":"https:\/\/gap47.astrosurf.com\/wp-content\/uploads\/2017\/04\/GAP47-grande-salle2-1.jpg","contentUrl":"https:\/\/gap47.astrosurf.com\/wp-content\/uploads\/2017\/04\/GAP47-grande-salle2-1.jpg","width":1500,"height":899},{"@type":"BreadcrumbList","@id":"https:\/\/gap47.astrosurf.com\/index.php\/le-gap47\/locaux\/grande-salle\/#breadcrumb","itemListElement":[{"@type":"ListItem","position":1,"name":"Accueil","item":"https:\/\/gap47.astrosurf.com\/"},{"@type":"ListItem","position":2,"name":"Le GAP47","item":"https:\/\/gap47.astrosurf.com\/index.php\/le-gap47\/"},{"@type":"ListItem","position":3,"name":"Nos locaux","item":"https:\/\/gap47.astrosurf.com\/index.php\/le-gap47\/locaux\/"},{"@type":"ListItem","position":4,"name":"La grande salle"}]},{"@type":"WebSite","@id":"https:\/\/gap47.astrosurf.com\/#website","url":"https:\/\/gap47.astrosurf.com\/","name":"De janvier \u00e0 fin juin 2024, le GAP47 sera ouvert aux visiteurs tous les vendredis \u00e0 21h sans r\u00e9servation, \u00e0 l'exception du vendredi 26 janvier o\u00f9 l'observatoire sera ferm\u00e9 au public.","description":"Groupe d&#039;Astronomie Populaire du Lot-et-Garonne, \u00e0 Montayral","potentialAction":[{"@type":"SearchAction","target":{"@type":"EntryPoint","urlTemplate":"https:\/\/gap47.astrosurf.com\/?s={search_term_string}"},"query-input":{"@type":"PropertyValueSpecification","valueRequired":true,"valueName":"search_term_string"}}],"inLanguage":"fr-FR"}]}},"_links":{"self":[{"href":"https:\/\/gap47.astrosurf.com\/index.php\/wp-json\/wp\/v2\/pages\/139","targetHints":{"allow":["GET"]}}],"collection":[{"href":"https:\/\/gap47.astrosurf.com\/index.php\/wp-json\/wp\/v2\/pages"}],"about":[{"href":"https:\/\/gap47.astrosurf.com\/index.php\/wp-json\/wp\/v2\/types\/page"}],"author":[{"embeddable":true,"href":"https:\/\/gap47.astrosurf.com\/index.php\/wp-json\/wp\/v2\/users\/5"}],"replies":[{"embeddable":true,"href":"https:\/\/gap47.astrosurf.com\/index.php\/wp-json\/wp\/v2\/comments?post=139"}],"version-history":[{"count":33,"href":"https:\/\/gap47.astrosurf.com\/index.php\/wp-json\/wp\/v2\/pages\/139\/revisions"}],"predecessor-version":[{"id":13035,"href":"https:\/\/gap47.astrosurf.com\/index.php\/wp-json\/wp\/v2\/pages\/139\/revisions\/13035"}],"up":[{"embeddable":true,"href":"https:\/\/gap47.astrosurf.com\/index.php\/wp-json\/wp\/v2\/pages\/45"}],"wp:attachment":[{"href":"https:\/\/gap47.astrosurf.com\/index.php\/wp-json\/wp\/v2\/media?parent=139"}],"curies":[{"name":"wp","href":"https:\/\/api.w.org\/{rel}","templated":true}]}}