 {"id":1351,"date":"2017-05-24T10:50:59","date_gmt":"2017-05-24T08:50:59","guid":{"rendered":"http:\/\/gap47.astrosurf.com\/?page_id=1351"},"modified":"2017-09-19T18:52:41","modified_gmt":"2017-09-19T16:52:41","slug":"giordano-bruno","status":"publish","type":"page","link":"https:\/\/gap47.astrosurf.com\/index.php\/ressources\/textes-historiques\/textes-historiques\/giordano-bruno\/","title":{"rendered":"Giordano Bruno"},"content":{"rendered":"<p><span style=\"font-size: 24px;\"><strong><span style=\"font-family: arial,helvetica,sans-serif;\">Giordano Bruno<\/span><\/strong><\/span><\/p>\n<p><span style=\"font-family: times new roman,times,serif; font-size: 20px;\"><img loading=\"lazy\" decoding=\"async\" class=\"alignleft wp-image-1325 size-full\" src=\"http:\/\/gap47.astrosurf.com\/wp-content\/uploads\/2017\/05\/bruno_giordani.jpg\" alt=\"\" width=\"466\" height=\"620\" srcset=\"https:\/\/gap47.astrosurf.com\/wp-content\/uploads\/2017\/05\/bruno_giordani.jpg 466w, https:\/\/gap47.astrosurf.com\/wp-content\/uploads\/2017\/05\/bruno_giordani-225x300.jpg 225w\" sizes=\"auto, (max-width: 466px) 100vw, 466px\" \/>Aussi la terre, pas plus qu&rsquo;aucun autre monde, n&rsquo;est-elle au centre [de l&rsquo;Univers]; et il n&rsquo;existe pas de points dans l&rsquo;espace qui formeraient des p\u00f4les d\u00e9finis et d\u00e9termin\u00e9s pour notre terre, de m\u00eame qu&rsquo;elle ne forme pas un p\u00f4le d\u00e9fini et d\u00e9termin\u00e9 pour aucun autre point de l&rsquo;\u00e9ther ou de l&rsquo;espace du monde; et ceci est vrai pour tous les autres corps [de l&rsquo;Univers]. De points de vue diff\u00e9rents ils peuvent, tous, \u00eatre regard\u00e9s comme centres, ou comme z\u00e9niths et ainsi de suite. Ainsi donc, la terre n&rsquo;est pas le centre de l&rsquo;Univers; elle n&rsquo;est centrale que par rapport \u00e0 notre propre espace environnant. (&#8230;) D\u00e8s qu&rsquo;on suppose un corps d&rsquo;une taille infinie, on renonce \u00e0 lui attribuer centre ou p\u00e9riph\u00e9rie. <\/span><\/p>\n<p><span style=\"font-family: times new roman,times,serif; font-size: 20px;\">Il n&rsquo;y a dans l&rsquo;univers ni centre ni circonf\u00e9rence, mais, si vous voulez, le tout est central, et on peut aussi consid\u00e9rer tout point comme une partie de la circonf\u00e9rence, par rapport \u00e0 un autre point central.<\/span><\/p>\n<p><span style=\"font-size: 20px;\"><strong><span style=\"font-family: arial,helvetica,sans-serif;\">Mais il va plus loin&nbsp;: il veut renoncer \u00e0 l&rsquo;id\u00e9e de centre :<br \/>\n<\/span><\/strong><\/span><\/p>\n<blockquote><p><span style=\"font-size: 20px; color: #000000;\"><em><span style=\"font-family: times new roman,times,serif;\"><span class=\"citation\">\u00ab&nbsp;Il n&rsquo;y a aucun astre au milieu de l&rsquo;univers, parce que celui-ci s&rsquo;\u00e9tend \u00e9galement dans toutes ses directions. <\/span>Chaque \u00e9toile est un soleil semblable au n\u00f4tre, et autour de chacune d&rsquo;elles tournent d&rsquo;autres plan\u00e8tes, invisibles \u00e0 nos yeux, mais qui existent <span class=\"citation\">\u00bb<\/span>.<\/span><\/em><\/span><\/p>\n<p><span style=\"font-size: 20px; color: #000000;\"><em><span style=\"font-family: times new roman,times,serif;\">\u00ab&nbsp;Il est donc d&rsquo;innombrables soleils et un nombre infini de terres tournant autour de ces soleils, \u00e0 l&rsquo;instar des sept \u201cterres\u201d [la Terre, la Lune, les cinq plan\u00e8tes alors connues&nbsp;: Mercure, V\u00e9nus, Mars, Jupiter, Saturne] que nous voyons tourner autour du Soleil qui nous est proche&nbsp;\u00bb.<\/span><\/em><\/span><\/p>\n<p><span style=\"font-family: times new roman,times,serif; font-size: 20px; color: #000000;\">\u00a0\u00bb <em>De l&rsquo;infinito universo e mondi<\/em> \u00ab\u00a0, 1584<\/span><\/p><\/blockquote>\n<p><span style=\"font-size: 20px; font-family: arial,helvetica,sans-serif;\">Jug\u00e9 pour h\u00e9r\u00e9sie, Giordano Bruno, moine dominicain, sera br\u00fbl\u00e9 sur la place publique en 1600.<\/span><\/p>\n<hr>\n<p>&nbsp;<\/p>\n","protected":false},"excerpt":{"rendered":"<p>Giordano Bruno Aussi la terre, pas plus qu&rsquo;aucun autre monde, n&rsquo;est-elle au centre [de l&rsquo;Univers]; et il n&rsquo;existe pas de points dans l&rsquo;espace qui formeraient des p\u00f4les d\u00e9finis et d\u00e9termin\u00e9s pour notre terre, de m\u00eame qu&rsquo;elle ne forme pas un p\u00f4le d\u00e9fini et d\u00e9termin\u00e9 pour aucun autre point de l&rsquo;\u00e9ther ou de l&rsquo;espace du monde; &hellip; <\/p>\n<p class=\"link-more\"><a href=\"https:\/\/gap47.astrosurf.com\/index.php\/ressources\/textes-historiques\/textes-historiques\/giordano-bruno\/\" class=\"more-link\">Continuer la lecture<span class=\"screen-reader-text\"> de &laquo;&nbsp;Giordano Bruno&nbsp;&raquo;<\/span><\/a><\/p>\n","protected":false},"author":5,"featured_media":0,"parent":1306,"menu_order":0,"comment_status":"closed","ping_status":"closed","template":"","meta":{"_exactmetrics_skip_tracking":false,"_exactmetrics_sitenote_active":false,"_exactmetrics_sitenote_note":"","_exactmetrics_sitenote_category":0,"ngg_post_thumbnail":0,"footnotes":""},"class_list":["post-1351","page","type-page","status-publish","hentry"],"yoast_head":"<!-- This site is optimized with the Yoast SEO plugin v24.8.1 - https:\/\/yoast.com\/wordpress\/plugins\/seo\/ -->\n<title>Giordano Bruno - L&#039;observatoire est ouvert aux visiteurs tous les vendredis soirs \u00e0 21 heures, jusqu&#039;au 3 juillet 2026 inclus, sans r\u00e9servation.<\/title>\n<meta name=\"robots\" content=\"index, follow, max-snippet:-1, max-image-preview:large, max-video-preview:-1\" \/>\n<link rel=\"canonical\" href=\"https:\/\/gap47.astrosurf.com\/index.php\/ressources\/textes-historiques\/textes-historiques\/giordano-bruno\/\" \/>\n<meta property=\"og:locale\" content=\"fr_FR\" \/>\n<meta property=\"og:type\" content=\"article\" \/>\n<meta property=\"og:title\" content=\"Giordano Bruno - L&#039;observatoire est ouvert aux visiteurs tous les vendredis soirs \u00e0 21 heures, jusqu&#039;au 3 juillet 2026 inclus, sans r\u00e9servation.\" \/>\n<meta property=\"og:description\" content=\"Giordano Bruno Aussi la terre, pas plus qu&rsquo;aucun autre monde, n&rsquo;est-elle au centre [de l&rsquo;Univers]; et il n&rsquo;existe pas de points dans l&rsquo;espace qui formeraient des p\u00f4les d\u00e9finis et d\u00e9termin\u00e9s pour notre terre, de m\u00eame qu&rsquo;elle ne forme pas un p\u00f4le d\u00e9fini et d\u00e9termin\u00e9 pour aucun autre point de l&rsquo;\u00e9ther ou de l&rsquo;espace du monde; &hellip; Continuer la lecture de &laquo;&nbsp;Giordano Bruno&nbsp;&raquo;\" \/>\n<meta property=\"og:url\" content=\"https:\/\/gap47.astrosurf.com\/index.php\/ressources\/textes-historiques\/textes-historiques\/giordano-bruno\/\" \/>\n<meta property=\"og:site_name\" content=\"L&#039;observatoire est ouvert aux visiteurs tous les vendredis soirs \u00e0 21 heures, jusqu&#039;au 3 juillet 2026 inclus, sans r\u00e9servation.\" \/>\n<meta property=\"article:publisher\" content=\"https:\/\/www.facebook.com\/astrogap47\/\" \/>\n<meta property=\"article:modified_time\" content=\"2017-09-19T16:52:41+00:00\" \/>\n<meta property=\"og:image\" content=\"http:\/\/gap47.astrosurf.com\/wp-content\/uploads\/2017\/05\/bruno_giordani.jpg\" \/>\n<meta name=\"twitter:card\" content=\"summary_large_image\" \/>\n<meta name=\"twitter:label1\" content=\"Dur\u00e9e de lecture estim\u00e9e\" \/>\n\t<meta name=\"twitter:data1\" content=\"2 minutes\" \/>\n<script type=\"application\/ld+json\" class=\"yoast-schema-graph\">{\"@context\":\"https:\/\/schema.org\",\"@graph\":[{\"@type\":\"WebPage\",\"@id\":\"https:\/\/gap47.astrosurf.com\/index.php\/ressources\/textes-historiques\/textes-historiques\/giordano-bruno\/\",\"url\":\"https:\/\/gap47.astrosurf.com\/index.php\/ressources\/textes-historiques\/textes-historiques\/giordano-bruno\/\",\"name\":\"Giordano Bruno - L&#039;observatoire est ouvert aux visiteurs tous les vendredis soirs \u00e0 21 heures, jusqu&#039;au 3 juillet 2026 inclus, sans r\u00e9servation.\",\"isPartOf\":{\"@id\":\"https:\/\/gap47.astrosurf.com\/#website\"},\"primaryImageOfPage\":{\"@id\":\"https:\/\/gap47.astrosurf.com\/index.php\/ressources\/textes-historiques\/textes-historiques\/giordano-bruno\/#primaryimage\"},\"image\":{\"@id\":\"https:\/\/gap47.astrosurf.com\/index.php\/ressources\/textes-historiques\/textes-historiques\/giordano-bruno\/#primaryimage\"},\"thumbnailUrl\":\"http:\/\/gap47.astrosurf.com\/wp-content\/uploads\/2017\/05\/bruno_giordani.jpg\",\"datePublished\":\"2017-05-24T08:50:59+00:00\",\"dateModified\":\"2017-09-19T16:52:41+00:00\",\"breadcrumb\":{\"@id\":\"https:\/\/gap47.astrosurf.com\/index.php\/ressources\/textes-historiques\/textes-historiques\/giordano-bruno\/#breadcrumb\"},\"inLanguage\":\"fr-FR\",\"potentialAction\":[{\"@type\":\"ReadAction\",\"target\":[\"https:\/\/gap47.astrosurf.com\/index.php\/ressources\/textes-historiques\/textes-historiques\/giordano-bruno\/\"]}]},{\"@type\":\"ImageObject\",\"inLanguage\":\"fr-FR\",\"@id\":\"https:\/\/gap47.astrosurf.com\/index.php\/ressources\/textes-historiques\/textes-historiques\/giordano-bruno\/#primaryimage\",\"url\":\"https:\/\/gap47.astrosurf.com\/wp-content\/uploads\/2017\/05\/bruno_giordani.jpg\",\"contentUrl\":\"https:\/\/gap47.astrosurf.com\/wp-content\/uploads\/2017\/05\/bruno_giordani.jpg\",\"width\":466,\"height\":620},{\"@type\":\"BreadcrumbList\",\"@id\":\"https:\/\/gap47.astrosurf.com\/index.php\/ressources\/textes-historiques\/textes-historiques\/giordano-bruno\/#breadcrumb\",\"itemListElement\":[{\"@type\":\"ListItem\",\"position\":1,\"name\":\"Accueil\",\"item\":\"https:\/\/gap47.astrosurf.com\/\"},{\"@type\":\"ListItem\",\"position\":2,\"name\":\"Ressources\",\"item\":\"https:\/\/gap47.astrosurf.com\/index.php\/ressources\/\"},{\"@type\":\"ListItem\",\"position\":3,\"name\":\"Documents historiques\",\"item\":\"https:\/\/gap47.astrosurf.com\/index.php\/ressources\/textes-historiques\/\"},{\"@type\":\"ListItem\",\"position\":4,\"name\":\"Textes historiques\",\"item\":\"https:\/\/gap47.astrosurf.com\/index.php\/ressources\/textes-historiques\/textes-historiques\/\"},{\"@type\":\"ListItem\",\"position\":5,\"name\":\"Giordano Bruno\"}]},{\"@type\":\"WebSite\",\"@id\":\"https:\/\/gap47.astrosurf.com\/#website\",\"url\":\"https:\/\/gap47.astrosurf.com\/\",\"name\":\"De janvier \u00e0 fin juin 2024, le GAP47 sera ouvert aux visiteurs tous les vendredis \u00e0 21h sans r\u00e9servation, \u00e0 l'exception du vendredi 26 janvier o\u00f9 l'observatoire sera ferm\u00e9 au public.\",\"description\":\"Groupe d&#039;Astronomie Populaire du Lot-et-Garonne, \u00e0 Montayral\",\"potentialAction\":[{\"@type\":\"SearchAction\",\"target\":{\"@type\":\"EntryPoint\",\"urlTemplate\":\"https:\/\/gap47.astrosurf.com\/?s={search_term_string}\"},\"query-input\":{\"@type\":\"PropertyValueSpecification\",\"valueRequired\":true,\"valueName\":\"search_term_string\"}}],\"inLanguage\":\"fr-FR\"}]}<\/script>\n<!-- \/ Yoast SEO plugin. -->","yoast_head_json":{"title":"Giordano Bruno - L&#039;observatoire est ouvert aux visiteurs tous les vendredis soirs \u00e0 21 heures, jusqu&#039;au 3 juillet 2026 inclus, sans r\u00e9servation.","robots":{"index":"index","follow":"follow","max-snippet":"max-snippet:-1","max-image-preview":"max-image-preview:large","max-video-preview":"max-video-preview:-1"},"canonical":"https:\/\/gap47.astrosurf.com\/index.php\/ressources\/textes-historiques\/textes-historiques\/giordano-bruno\/","og_locale":"fr_FR","og_type":"article","og_title":"Giordano Bruno - L&#039;observatoire est ouvert aux visiteurs tous les vendredis soirs \u00e0 21 heures, jusqu&#039;au 3 juillet 2026 inclus, sans r\u00e9servation.","og_description":"Giordano Bruno Aussi la terre, pas plus qu&rsquo;aucun autre monde, n&rsquo;est-elle au centre [de l&rsquo;Univers]; et il n&rsquo;existe pas de points dans l&rsquo;espace qui formeraient des p\u00f4les d\u00e9finis et d\u00e9termin\u00e9s pour notre terre, de m\u00eame qu&rsquo;elle ne forme pas un p\u00f4le d\u00e9fini et d\u00e9termin\u00e9 pour aucun autre point de l&rsquo;\u00e9ther ou de l&rsquo;espace du monde; &hellip; Continuer la lecture de &laquo;&nbsp;Giordano Bruno&nbsp;&raquo;","og_url":"https:\/\/gap47.astrosurf.com\/index.php\/ressources\/textes-historiques\/textes-historiques\/giordano-bruno\/","og_site_name":"L&#039;observatoire est ouvert aux visiteurs tous les vendredis soirs \u00e0 21 heures, jusqu&#039;au 3 juillet 2026 inclus, sans r\u00e9servation.","article_publisher":"https:\/\/www.facebook.com\/astrogap47\/","article_modified_time":"2017-09-19T16:52:41+00:00","og_image":[{"url":"http:\/\/gap47.astrosurf.com\/wp-content\/uploads\/2017\/05\/bruno_giordani.jpg","type":"","width":"","height":""}],"twitter_card":"summary_large_image","twitter_misc":{"Dur\u00e9e de lecture estim\u00e9e":"2 minutes"},"schema":{"@context":"https:\/\/schema.org","@graph":[{"@type":"WebPage","@id":"https:\/\/gap47.astrosurf.com\/index.php\/ressources\/textes-historiques\/textes-historiques\/giordano-bruno\/","url":"https:\/\/gap47.astrosurf.com\/index.php\/ressources\/textes-historiques\/textes-historiques\/giordano-bruno\/","name":"Giordano Bruno - L&#039;observatoire est ouvert aux visiteurs tous les vendredis soirs \u00e0 21 heures, jusqu&#039;au 3 juillet 2026 inclus, sans r\u00e9servation.","isPartOf":{"@id":"https:\/\/gap47.astrosurf.com\/#website"},"primaryImageOfPage":{"@id":"https:\/\/gap47.astrosurf.com\/index.php\/ressources\/textes-historiques\/textes-historiques\/giordano-bruno\/#primaryimage"},"image":{"@id":"https:\/\/gap47.astrosurf.com\/index.php\/ressources\/textes-historiques\/textes-historiques\/giordano-bruno\/#primaryimage"},"thumbnailUrl":"http:\/\/gap47.astrosurf.com\/wp-content\/uploads\/2017\/05\/bruno_giordani.jpg","datePublished":"2017-05-24T08:50:59+00:00","dateModified":"2017-09-19T16:52:41+00:00","breadcrumb":{"@id":"https:\/\/gap47.astrosurf.com\/index.php\/ressources\/textes-historiques\/textes-historiques\/giordano-bruno\/#breadcrumb"},"inLanguage":"fr-FR","potentialAction":[{"@type":"ReadAction","target":["https:\/\/gap47.astrosurf.com\/index.php\/ressources\/textes-historiques\/textes-historiques\/giordano-bruno\/"]}]},{"@type":"ImageObject","inLanguage":"fr-FR","@id":"https:\/\/gap47.astrosurf.com\/index.php\/ressources\/textes-historiques\/textes-historiques\/giordano-bruno\/#primaryimage","url":"https:\/\/gap47.astrosurf.com\/wp-content\/uploads\/2017\/05\/bruno_giordani.jpg","contentUrl":"https:\/\/gap47.astrosurf.com\/wp-content\/uploads\/2017\/05\/bruno_giordani.jpg","width":466,"height":620},{"@type":"BreadcrumbList","@id":"https:\/\/gap47.astrosurf.com\/index.php\/ressources\/textes-historiques\/textes-historiques\/giordano-bruno\/#breadcrumb","itemListElement":[{"@type":"ListItem","position":1,"name":"Accueil","item":"https:\/\/gap47.astrosurf.com\/"},{"@type":"ListItem","position":2,"name":"Ressources","item":"https:\/\/gap47.astrosurf.com\/index.php\/ressources\/"},{"@type":"ListItem","position":3,"name":"Documents historiques","item":"https:\/\/gap47.astrosurf.com\/index.php\/ressources\/textes-historiques\/"},{"@type":"ListItem","position":4,"name":"Textes historiques","item":"https:\/\/gap47.astrosurf.com\/index.php\/ressources\/textes-historiques\/textes-historiques\/"},{"@type":"ListItem","position":5,"name":"Giordano Bruno"}]},{"@type":"WebSite","@id":"https:\/\/gap47.astrosurf.com\/#website","url":"https:\/\/gap47.astrosurf.com\/","name":"De janvier \u00e0 fin juin 2024, le GAP47 sera ouvert aux visiteurs tous les vendredis \u00e0 21h sans r\u00e9servation, \u00e0 l'exception du vendredi 26 janvier o\u00f9 l'observatoire sera ferm\u00e9 au public.","description":"Groupe d&#039;Astronomie Populaire du Lot-et-Garonne, \u00e0 Montayral","potentialAction":[{"@type":"SearchAction","target":{"@type":"EntryPoint","urlTemplate":"https:\/\/gap47.astrosurf.com\/?s={search_term_string}"},"query-input":{"@type":"PropertyValueSpecification","valueRequired":true,"valueName":"search_term_string"}}],"inLanguage":"fr-FR"}]}},"_links":{"self":[{"href":"https:\/\/gap47.astrosurf.com\/index.php\/wp-json\/wp\/v2\/pages\/1351","targetHints":{"allow":["GET"]}}],"collection":[{"href":"https:\/\/gap47.astrosurf.com\/index.php\/wp-json\/wp\/v2\/pages"}],"about":[{"href":"https:\/\/gap47.astrosurf.com\/index.php\/wp-json\/wp\/v2\/types\/page"}],"author":[{"embeddable":true,"href":"https:\/\/gap47.astrosurf.com\/index.php\/wp-json\/wp\/v2\/users\/5"}],"replies":[{"embeddable":true,"href":"https:\/\/gap47.astrosurf.com\/index.php\/wp-json\/wp\/v2\/comments?post=1351"}],"version-history":[{"count":6,"href":"https:\/\/gap47.astrosurf.com\/index.php\/wp-json\/wp\/v2\/pages\/1351\/revisions"}],"predecessor-version":[{"id":5304,"href":"https:\/\/gap47.astrosurf.com\/index.php\/wp-json\/wp\/v2\/pages\/1351\/revisions\/5304"}],"up":[{"embeddable":true,"href":"https:\/\/gap47.astrosurf.com\/index.php\/wp-json\/wp\/v2\/pages\/1306"}],"wp:attachment":[{"href":"https:\/\/gap47.astrosurf.com\/index.php\/wp-json\/wp\/v2\/media?parent=1351"}],"curies":[{"name":"wp","href":"https:\/\/api.w.org\/{rel}","templated":true}]}}