 {"id":135,"date":"2017-04-01T00:18:27","date_gmt":"2017-03-31T22:18:27","guid":{"rendered":"http:\/\/gap47.astrosurf.com\/?page_id=135"},"modified":"2021-11-25T15:00:38","modified_gmt":"2021-11-25T13:00:38","slug":"coordonnees","status":"publish","type":"page","link":"https:\/\/gap47.astrosurf.com\/index.php\/le-gap47\/ou-sommes-nous\/coordonnees\/","title":{"rendered":"Coordonn\u00e9es"},"content":{"rendered":"<p><span style=\"color: #333333; font-family: arial,helvetica,sans-serif; font-size: 20px;\"><strong>Observatoire du GAP47<\/strong><\/span><br \/>\n<span style=\"color: #333333; font-size: 20px; font-family: times new roman,times,serif;\"> Lagrol\u00e8re<\/span><br \/>\n<span style=\"font-family: 'times new roman', times, serif; font-size: 20px;\">2379 route de l&rsquo;Observatoire<\/span><br \/>\n<span style=\"color: #333333; font-size: 20px; font-family: times new roman,times,serif;\"> 47500 MONTAYRAL<\/span><\/p>\n<p><span style=\"font-size: 24px; font-family: times new roman,times,serif;\">Coordonn\u00e9es GPS (degr\u00e9s, minutes, secondes) :<\/span><br \/>\n<span style=\"font-size: 24px; font-family: times new roman,times,serif;\">44\u00b0 27&prime; 49.50&Prime; N \/ 1\u00b0 00&prime; 01.82&Prime; E<\/span><\/p>\n<p><strong><span style=\"font-family: arial, helvetica, sans-serif; font-size: 20px;\">Altitude 190 m\u00e8tres<\/span><\/strong><\/p>\n<p><span style=\"font-size: 24px; font-family: times new roman,times,serif;\">Coordonn\u00e9es GPS (degr\u00e9s d\u00e9cimaux) :<\/span><br \/>\n<span style=\"font-size: 24px; font-family: times new roman,times,serif;\">44.463714\u00b0 N&nbsp; \/&nbsp; 1.000523\u00b0 E<\/span><\/p>\n<p><span style=\"color: #333333; font-size: 20px; font-family: times new roman,times,serif;\">T\u00e9l\u00e9phone : 05 53 70 82 81<\/span><br \/>\n<span style=\"color: #ff0000;\"><strong><span style=\"font-size: 20px; font-family: 'times new roman', times, serif;\"> E-mail : gap47@laposte.net<\/span><\/strong><\/span><\/p>\n<p><strong><em><span style=\"font-family: arial, helvetica, sans-serif; font-size: 20px; color: #008000;\">Comme nous sommes tr\u00e8s souvent absents de l&rsquo;observatoire, il est beaucoup plus rapide et plus efficace de nous contacter par mail plut\u00f4t que de nous t\u00e9l\u00e9phoner. Le seul moment o\u00f9 vous avez une chance de joindre quelqu&rsquo;un par t\u00e9l\u00e9phone est le vendredi soir \u00e0 partir de 20h30.<\/span><\/em><\/strong><\/p>\n<hr>\n","protected":false},"excerpt":{"rendered":"<p>Observatoire du GAP47 Lagrol\u00e8re 2379 route de l&rsquo;Observatoire 47500 MONTAYRAL Coordonn\u00e9es GPS (degr\u00e9s, minutes, secondes) : 44\u00b0 27&prime; 49.50&Prime; N \/ 1\u00b0 00&prime; 01.82&Prime; E Altitude 190 m\u00e8tres Coordonn\u00e9es GPS (degr\u00e9s d\u00e9cimaux) : 44.463714\u00b0 N&nbsp; \/&nbsp; 1.000523\u00b0 E T\u00e9l\u00e9phone : 05 53 70 82 81 E-mail : gap47@laposte.net Comme nous sommes tr\u00e8s souvent absents de &hellip; <\/p>\n<p class=\"link-more\"><a href=\"https:\/\/gap47.astrosurf.com\/index.php\/le-gap47\/ou-sommes-nous\/coordonnees\/\" class=\"more-link\">Continuer la lecture<span class=\"screen-reader-text\"> de &laquo;&nbsp;Coordonn\u00e9es&nbsp;&raquo;<\/span><\/a><\/p>\n","protected":false},"author":5,"featured_media":0,"parent":42,"menu_order":0,"comment_status":"closed","ping_status":"closed","template":"","meta":{"_exactmetrics_skip_tracking":false,"_exactmetrics_sitenote_active":false,"_exactmetrics_sitenote_note":"","_exactmetrics_sitenote_category":0,"ngg_post_thumbnail":0,"footnotes":""},"class_list":["post-135","page","type-page","status-publish","hentry"],"yoast_head":"<!-- This site is optimized with the Yoast SEO plugin v24.8.1 - https:\/\/yoast.com\/wordpress\/plugins\/seo\/ -->\n<title>Coordonn\u00e9es - L&#039;observatoire est ouvert aux visiteurs tous les vendredis soirs \u00e0 21 heures, jusqu&#039;au 3 juillet 2026 inclus, sans r\u00e9servation.<\/title>\n<meta name=\"robots\" content=\"index, follow, max-snippet:-1, max-image-preview:large, max-video-preview:-1\" \/>\n<link rel=\"canonical\" href=\"https:\/\/gap47.astrosurf.com\/index.php\/le-gap47\/ou-sommes-nous\/coordonnees\/\" \/>\n<meta property=\"og:locale\" content=\"fr_FR\" \/>\n<meta property=\"og:type\" content=\"article\" \/>\n<meta property=\"og:title\" content=\"Coordonn\u00e9es - L&#039;observatoire est ouvert aux visiteurs tous les vendredis soirs \u00e0 21 heures, jusqu&#039;au 3 juillet 2026 inclus, sans r\u00e9servation.\" \/>\n<meta property=\"og:description\" content=\"Observatoire du GAP47 Lagrol\u00e8re 2379 route de l&rsquo;Observatoire 47500 MONTAYRAL Coordonn\u00e9es GPS (degr\u00e9s, minutes, secondes) : 44\u00b0 27&prime; 49.50&Prime; N \/ 1\u00b0 00&prime; 01.82&Prime; E Altitude 190 m\u00e8tres Coordonn\u00e9es GPS (degr\u00e9s d\u00e9cimaux) : 44.463714\u00b0 N&nbsp; \/&nbsp; 1.000523\u00b0 E T\u00e9l\u00e9phone : 05 53 70 82 81 E-mail : gap47@laposte.net Comme nous sommes tr\u00e8s souvent absents de &hellip; Continuer la lecture de &laquo;&nbsp;Coordonn\u00e9es&nbsp;&raquo;\" \/>\n<meta property=\"og:url\" content=\"https:\/\/gap47.astrosurf.com\/index.php\/le-gap47\/ou-sommes-nous\/coordonnees\/\" \/>\n<meta property=\"og:site_name\" content=\"L&#039;observatoire est ouvert aux visiteurs tous les vendredis soirs \u00e0 21 heures, jusqu&#039;au 3 juillet 2026 inclus, sans r\u00e9servation.\" \/>\n<meta property=\"article:publisher\" content=\"https:\/\/www.facebook.com\/astrogap47\/\" \/>\n<meta property=\"article:modified_time\" content=\"2021-11-25T13:00:38+00:00\" \/>\n<meta name=\"twitter:card\" content=\"summary_large_image\" \/>\n<meta name=\"twitter:label1\" content=\"Dur\u00e9e de lecture estim\u00e9e\" \/>\n\t<meta name=\"twitter:data1\" content=\"1 minute\" \/>\n<script type=\"application\/ld+json\" class=\"yoast-schema-graph\">{\"@context\":\"https:\/\/schema.org\",\"@graph\":[{\"@type\":\"WebPage\",\"@id\":\"https:\/\/gap47.astrosurf.com\/index.php\/le-gap47\/ou-sommes-nous\/coordonnees\/\",\"url\":\"https:\/\/gap47.astrosurf.com\/index.php\/le-gap47\/ou-sommes-nous\/coordonnees\/\",\"name\":\"Coordonn\u00e9es - L&#039;observatoire est ouvert aux visiteurs tous les vendredis soirs \u00e0 21 heures, jusqu&#039;au 3 juillet 2026 inclus, sans r\u00e9servation.\",\"isPartOf\":{\"@id\":\"https:\/\/gap47.astrosurf.com\/#website\"},\"datePublished\":\"2017-03-31T22:18:27+00:00\",\"dateModified\":\"2021-11-25T13:00:38+00:00\",\"breadcrumb\":{\"@id\":\"https:\/\/gap47.astrosurf.com\/index.php\/le-gap47\/ou-sommes-nous\/coordonnees\/#breadcrumb\"},\"inLanguage\":\"fr-FR\",\"potentialAction\":[{\"@type\":\"ReadAction\",\"target\":[\"https:\/\/gap47.astrosurf.com\/index.php\/le-gap47\/ou-sommes-nous\/coordonnees\/\"]}]},{\"@type\":\"BreadcrumbList\",\"@id\":\"https:\/\/gap47.astrosurf.com\/index.php\/le-gap47\/ou-sommes-nous\/coordonnees\/#breadcrumb\",\"itemListElement\":[{\"@type\":\"ListItem\",\"position\":1,\"name\":\"Accueil\",\"item\":\"https:\/\/gap47.astrosurf.com\/\"},{\"@type\":\"ListItem\",\"position\":2,\"name\":\"Le GAP47\",\"item\":\"https:\/\/gap47.astrosurf.com\/index.php\/le-gap47\/\"},{\"@type\":\"ListItem\",\"position\":3,\"name\":\"O\u00f9 sommes-nous ?\",\"item\":\"https:\/\/gap47.astrosurf.com\/index.php\/le-gap47\/ou-sommes-nous\/\"},{\"@type\":\"ListItem\",\"position\":4,\"name\":\"Coordonn\u00e9es\"}]},{\"@type\":\"WebSite\",\"@id\":\"https:\/\/gap47.astrosurf.com\/#website\",\"url\":\"https:\/\/gap47.astrosurf.com\/\",\"name\":\"De janvier \u00e0 fin juin 2024, le GAP47 sera ouvert aux visiteurs tous les vendredis \u00e0 21h sans r\u00e9servation, \u00e0 l'exception du vendredi 26 janvier o\u00f9 l'observatoire sera ferm\u00e9 au public.\",\"description\":\"Groupe d&#039;Astronomie Populaire du Lot-et-Garonne, \u00e0 Montayral\",\"potentialAction\":[{\"@type\":\"SearchAction\",\"target\":{\"@type\":\"EntryPoint\",\"urlTemplate\":\"https:\/\/gap47.astrosurf.com\/?s={search_term_string}\"},\"query-input\":{\"@type\":\"PropertyValueSpecification\",\"valueRequired\":true,\"valueName\":\"search_term_string\"}}],\"inLanguage\":\"fr-FR\"}]}<\/script>\n<!-- \/ Yoast SEO plugin. -->","yoast_head_json":{"title":"Coordonn\u00e9es - L&#039;observatoire est ouvert aux visiteurs tous les vendredis soirs \u00e0 21 heures, jusqu&#039;au 3 juillet 2026 inclus, sans r\u00e9servation.","robots":{"index":"index","follow":"follow","max-snippet":"max-snippet:-1","max-image-preview":"max-image-preview:large","max-video-preview":"max-video-preview:-1"},"canonical":"https:\/\/gap47.astrosurf.com\/index.php\/le-gap47\/ou-sommes-nous\/coordonnees\/","og_locale":"fr_FR","og_type":"article","og_title":"Coordonn\u00e9es - L&#039;observatoire est ouvert aux visiteurs tous les vendredis soirs \u00e0 21 heures, jusqu&#039;au 3 juillet 2026 inclus, sans r\u00e9servation.","og_description":"Observatoire du GAP47 Lagrol\u00e8re 2379 route de l&rsquo;Observatoire 47500 MONTAYRAL Coordonn\u00e9es GPS (degr\u00e9s, minutes, secondes) : 44\u00b0 27&prime; 49.50&Prime; N \/ 1\u00b0 00&prime; 01.82&Prime; E Altitude 190 m\u00e8tres Coordonn\u00e9es GPS (degr\u00e9s d\u00e9cimaux) : 44.463714\u00b0 N&nbsp; \/&nbsp; 1.000523\u00b0 E T\u00e9l\u00e9phone : 05 53 70 82 81 E-mail : gap47@laposte.net Comme nous sommes tr\u00e8s souvent absents de &hellip; Continuer la lecture de &laquo;&nbsp;Coordonn\u00e9es&nbsp;&raquo;","og_url":"https:\/\/gap47.astrosurf.com\/index.php\/le-gap47\/ou-sommes-nous\/coordonnees\/","og_site_name":"L&#039;observatoire est ouvert aux visiteurs tous les vendredis soirs \u00e0 21 heures, jusqu&#039;au 3 juillet 2026 inclus, sans r\u00e9servation.","article_publisher":"https:\/\/www.facebook.com\/astrogap47\/","article_modified_time":"2021-11-25T13:00:38+00:00","twitter_card":"summary_large_image","twitter_misc":{"Dur\u00e9e de lecture estim\u00e9e":"1 minute"},"schema":{"@context":"https:\/\/schema.org","@graph":[{"@type":"WebPage","@id":"https:\/\/gap47.astrosurf.com\/index.php\/le-gap47\/ou-sommes-nous\/coordonnees\/","url":"https:\/\/gap47.astrosurf.com\/index.php\/le-gap47\/ou-sommes-nous\/coordonnees\/","name":"Coordonn\u00e9es - L&#039;observatoire est ouvert aux visiteurs tous les vendredis soirs \u00e0 21 heures, jusqu&#039;au 3 juillet 2026 inclus, sans r\u00e9servation.","isPartOf":{"@id":"https:\/\/gap47.astrosurf.com\/#website"},"datePublished":"2017-03-31T22:18:27+00:00","dateModified":"2021-11-25T13:00:38+00:00","breadcrumb":{"@id":"https:\/\/gap47.astrosurf.com\/index.php\/le-gap47\/ou-sommes-nous\/coordonnees\/#breadcrumb"},"inLanguage":"fr-FR","potentialAction":[{"@type":"ReadAction","target":["https:\/\/gap47.astrosurf.com\/index.php\/le-gap47\/ou-sommes-nous\/coordonnees\/"]}]},{"@type":"BreadcrumbList","@id":"https:\/\/gap47.astrosurf.com\/index.php\/le-gap47\/ou-sommes-nous\/coordonnees\/#breadcrumb","itemListElement":[{"@type":"ListItem","position":1,"name":"Accueil","item":"https:\/\/gap47.astrosurf.com\/"},{"@type":"ListItem","position":2,"name":"Le GAP47","item":"https:\/\/gap47.astrosurf.com\/index.php\/le-gap47\/"},{"@type":"ListItem","position":3,"name":"O\u00f9 sommes-nous ?","item":"https:\/\/gap47.astrosurf.com\/index.php\/le-gap47\/ou-sommes-nous\/"},{"@type":"ListItem","position":4,"name":"Coordonn\u00e9es"}]},{"@type":"WebSite","@id":"https:\/\/gap47.astrosurf.com\/#website","url":"https:\/\/gap47.astrosurf.com\/","name":"De janvier \u00e0 fin juin 2024, le GAP47 sera ouvert aux visiteurs tous les vendredis \u00e0 21h sans r\u00e9servation, \u00e0 l'exception du vendredi 26 janvier o\u00f9 l'observatoire sera ferm\u00e9 au public.","description":"Groupe d&#039;Astronomie Populaire du Lot-et-Garonne, \u00e0 Montayral","potentialAction":[{"@type":"SearchAction","target":{"@type":"EntryPoint","urlTemplate":"https:\/\/gap47.astrosurf.com\/?s={search_term_string}"},"query-input":{"@type":"PropertyValueSpecification","valueRequired":true,"valueName":"search_term_string"}}],"inLanguage":"fr-FR"}]}},"_links":{"self":[{"href":"https:\/\/gap47.astrosurf.com\/index.php\/wp-json\/wp\/v2\/pages\/135","targetHints":{"allow":["GET"]}}],"collection":[{"href":"https:\/\/gap47.astrosurf.com\/index.php\/wp-json\/wp\/v2\/pages"}],"about":[{"href":"https:\/\/gap47.astrosurf.com\/index.php\/wp-json\/wp\/v2\/types\/page"}],"author":[{"embeddable":true,"href":"https:\/\/gap47.astrosurf.com\/index.php\/wp-json\/wp\/v2\/users\/5"}],"replies":[{"embeddable":true,"href":"https:\/\/gap47.astrosurf.com\/index.php\/wp-json\/wp\/v2\/comments?post=135"}],"version-history":[{"count":18,"href":"https:\/\/gap47.astrosurf.com\/index.php\/wp-json\/wp\/v2\/pages\/135\/revisions"}],"predecessor-version":[{"id":11212,"href":"https:\/\/gap47.astrosurf.com\/index.php\/wp-json\/wp\/v2\/pages\/135\/revisions\/11212"}],"up":[{"embeddable":true,"href":"https:\/\/gap47.astrosurf.com\/index.php\/wp-json\/wp\/v2\/pages\/42"}],"wp:attachment":[{"href":"https:\/\/gap47.astrosurf.com\/index.php\/wp-json\/wp\/v2\/media?parent=135"}],"curies":[{"name":"wp","href":"https:\/\/api.w.org\/{rel}","templated":true}]}}