 {"id":13403,"date":"2025-03-30T16:09:24","date_gmt":"2025-03-30T14:09:24","guid":{"rendered":"https:\/\/gap47.astrosurf.com\/?page_id=13403"},"modified":"2025-04-10T02:13:17","modified_gmt":"2025-04-10T00:13:17","slug":"eclipse-partielle","status":"publish","type":"page","link":"https:\/\/gap47.astrosurf.com\/index.php\/eclipse-partielle\/","title":{"rendered":"Eclipse partielle"},"content":{"rendered":"<p style=\"text-align: center;\"><span style=\"color: #0000ff; font-size: 24px; font-family: arial, helvetica, sans-serif;\"><strong>Nous avons fait une matin\u00e9e \u00ab portes ouvertes \u00bb au GAP47 pour que les visiteurs puissent venir gratuitement et voir l\u2019\u00e9clipse partielle de Soleil qui se d\u00e9roulait, environ de 10h30 \u00e0 12h15 le samedi 29 mars 2025. Nos visiteurs et leurs enfants ont \u00e9t\u00e9 tr\u00e8s nombreux avec plus de 60 personnes, dont la plupart ont pu \u00e9galement assister \u00e0 une s\u00e9ance de plan\u00e9tarium\u2026<\/strong><\/span><\/p>\n<p style=\"text-align: center;\"><span style=\"color: #000000; font-size: 20px; font-family: 'times new roman', times, serif;\"><strong>Ce n\u2019\u00e9tait qu\u2019une \u00e9clipse partielle, \u00e0 savoir que la Lune n\u2019occultait au maximum qu\u2019environ 20 % du disque solaire.<\/strong><\/span><\/p>\n<p style=\"text-align: center;\"><span style=\"color: #000000; font-size: 20px; font-family: 'times new roman', times, serif;\"><strong>Nous avions install\u00e9 un assez grand nombre de t\u00e9lescopes et de lunettes astronomiques, instruments qui \u00e9taient pourvus de filtres tr\u00e8s puissants pour \u00e9viter que la vision des visiteurs puisse \u00eatre gravement endommag\u00e9e.<\/strong><\/span><\/p>\n<p><img decoding=\"async\" src=\"http:\/\/gap47.astrosurf.com\/wp-content\/uploads\/2025\/04\/B-scaled.jpg\"><\/p>\n<p><img decoding=\"async\" src=\"http:\/\/gap47.astrosurf.com\/wp-content\/uploads\/2025\/04\/A.jpeg\"><\/p>\n<p><img decoding=\"async\" src=\"http:\/\/gap47.astrosurf.com\/wp-content\/uploads\/2025\/04\/K.jpg\"><\/p>\n<p><img decoding=\"async\" src=\"http:\/\/gap47.astrosurf.com\/wp-content\/uploads\/2025\/04\/C-scaled.jpeg\"><\/p>\n<p><img decoding=\"async\" src=\"http:\/\/gap47.astrosurf.com\/wp-content\/uploads\/2025\/04\/E.jpeg\"><\/p>\n<p><img decoding=\"async\" src=\"http:\/\/gap47.astrosurf.com\/wp-content\/uploads\/2025\/04\/L.jpg\"><\/p>\n<p><img decoding=\"async\" src=\"http:\/\/gap47.astrosurf.com\/wp-content\/uploads\/2025\/04\/F.jpg\"><\/p>\n<p><img decoding=\"async\" src=\"http:\/\/gap47.astrosurf.com\/wp-content\/uploads\/2025\/04\/F.jpg\"><\/p>\n<p style=\"text-align: center;\"><span style=\"font-family: 'times new roman', times, serif; font-size: 20px;\"><strong>Nous avions aussi pr\u00e9vu de fournir des petites lunettes solaires sp\u00e9cifiques aux visiteurs pour qu\u2019ils observent directement la Lune en train de recouvrir une partie du Soleil.<\/strong><\/span><\/p>\n<p><img decoding=\"async\" src=\"http:\/\/gap47.astrosurf.com\/wp-content\/uploads\/2025\/04\/G1.jpg\"><\/p>\n<p><img decoding=\"async\" src=\"http:\/\/gap47.astrosurf.com\/wp-content\/uploads\/2025\/04\/G2.jpg\"><\/p>\n<p style=\"text-align: center;\"><strong><span style=\"font-size: 20px; font-family: 'times new roman', times, serif; color: #008000;\"><em>Deux photos de la Lune passant partiellement devant le Soleil.<\/em><\/span><\/strong><br \/>\n<strong><span style=\"font-size: 20px; font-family: 'times new roman', times, serif; color: #008000;\"><em>Photos r\u00e9alis\u00e9es par un de nos membres avec son appareil SEESTAR S50<\/em><\/span><\/strong><\/p>\n<p style=\"text-align: center;\"><span style=\"font-family: 'times new roman', times, serif; font-size: 20px;\">Sachez qu\u2019on pourra observer en France (notamment dans le sud) une \u00e9clipse solaire partielle sensiblement plus marqu\u00e9e le 12 ao\u00fbt 2026. On pourra aussi se d\u00e9placer et aller voir (dans sa totalit\u00e9) l&rsquo;\u00e9clipse solaire totale dans le nord de l\u2019Espagne, en fin de journ\u00e9e ce m\u00eame jour (\u00e0 Burgos par exemple). Sachez que cette \u00e9clipse de Soleil ne sera absolument totale que pendant quelques tr\u00e8s br\u00e8ves minutes. Par contre on pourra la regarder beaucoup plus longtemps sous une forme o\u00f9 le Soleil sera partiellement visible, avant et apr\u00e8s la totalit\u00e9 ! Sachez que les \u00e9clipses totales de Soleil durent beaucoup moins longtemps que les \u00e9clipses lunaires. De surcro\u00eet, la largeur dessin\u00e9e par le Soleil sur la Terre est tr\u00e8s \u00e9troite par rapport \u00e0 ce qui se produit lors d&rsquo;une \u00e9clipse lunaire, beaucoup plus large.<\/span><\/p>\n<p style=\"text-align: center;\"><span style=\"font-family: 'times new roman', times, serif; font-size: 28px; color: #993300;\"><strong>Si vous voulez voir une \u00e9clipse totale de Soleil en France m\u00e9tropolitaine, il faudra \u00eatre patient et attendre le 3 septembre 2081 ou le 29 septembre 2090.<\/strong><\/span><\/p>\n<p style=\"text-align: center;\"><span style=\"font-size: 24px; font-family: arial, helvetica, sans-serif;\"><strong>Deux \u00e9clipses solaires annulaires et totales seront aussi observables en France le 5 novembre 2059 et le 27 f\u00e9vrier 2082.<\/strong><\/span><br \/>\n<span style=\"font-size: 20px; font-family: 'times new roman', times, serif;\">Qu\u2019est-ce qu\u2019une \u00e9clipse annulaire du Soleil&nbsp;? Le d\u00e9roulement est exactement identique \u00e0 l\u2019\u00e9clipse totale, \u00e0 une diff\u00e9rence pr\u00e8s : la position de la Lune entre la Terre et le Soleil. La Lune est plus loin de la Terre et donc ne masque pas en totalit\u00e9 le diam\u00e8tre du Soleil. En effet, la Lune a une orbite autour de la Terre qui est elliptique et non circulaire. La distance de la Terre \u00e0 la Lune varie selon ses orbites entre 363.104 et 405.696 km (distance \u201cmoyenne\u201d de 384.399 km). Dans ce cas on voit une petite partie du Soleil sous forme d\u2019un anneau, l\u2019essentiel de la surface solaire \u00e9tant cach\u00e9e par la Lune.<\/span><\/p>\n<hr>\n","protected":false},"excerpt":{"rendered":"<p>Nous avons fait une matin\u00e9e \u00ab portes ouvertes \u00bb au GAP47 pour que les visiteurs puissent venir gratuitement et voir l\u2019\u00e9clipse partielle de Soleil qui se d\u00e9roulait, environ de 10h30 \u00e0 12h15 le samedi 29 mars 2025. Nos visiteurs et leurs enfants ont \u00e9t\u00e9 tr\u00e8s nombreux avec plus de 60 personnes, dont la plupart ont &hellip; <\/p>\n<p class=\"link-more\"><a href=\"https:\/\/gap47.astrosurf.com\/index.php\/eclipse-partielle\/\" class=\"more-link\">Continuer la lecture<span class=\"screen-reader-text\"> de &laquo;&nbsp;Eclipse partielle&nbsp;&raquo;<\/span><\/a><\/p>\n","protected":false},"author":5,"featured_media":0,"parent":0,"menu_order":0,"comment_status":"closed","ping_status":"closed","template":"","meta":{"_exactmetrics_skip_tracking":false,"_exactmetrics_sitenote_active":false,"_exactmetrics_sitenote_note":"","_exactmetrics_sitenote_category":0,"ngg_post_thumbnail":0,"footnotes":""},"class_list":["post-13403","page","type-page","status-publish","hentry"],"yoast_head":"<!-- This site is optimized with the Yoast SEO plugin v24.8.1 - https:\/\/yoast.com\/wordpress\/plugins\/seo\/ -->\n<title>Eclipse partielle - L&#039;observatoire est ouvert aux visiteurs tous les vendredis soirs \u00e0 21 heures, jusqu&#039;au 3 juillet 2026 inclus, sans r\u00e9servation.<\/title>\n<meta name=\"robots\" content=\"index, follow, max-snippet:-1, max-image-preview:large, max-video-preview:-1\" \/>\n<link rel=\"canonical\" href=\"https:\/\/gap47.astrosurf.com\/index.php\/eclipse-partielle\/\" \/>\n<meta property=\"og:locale\" content=\"fr_FR\" \/>\n<meta property=\"og:type\" content=\"article\" \/>\n<meta property=\"og:title\" content=\"Eclipse partielle - L&#039;observatoire est ouvert aux visiteurs tous les vendredis soirs \u00e0 21 heures, jusqu&#039;au 3 juillet 2026 inclus, sans r\u00e9servation.\" \/>\n<meta property=\"og:description\" content=\"Nous avons fait une matin\u00e9e \u00ab portes ouvertes \u00bb au GAP47 pour que les visiteurs puissent venir gratuitement et voir l\u2019\u00e9clipse partielle de Soleil qui se d\u00e9roulait, environ de 10h30 \u00e0 12h15 le samedi 29 mars 2025. Nos visiteurs et leurs enfants ont \u00e9t\u00e9 tr\u00e8s nombreux avec plus de 60 personnes, dont la plupart ont &hellip; Continuer la lecture de &laquo;&nbsp;Eclipse partielle&nbsp;&raquo;\" \/>\n<meta property=\"og:url\" content=\"https:\/\/gap47.astrosurf.com\/index.php\/eclipse-partielle\/\" \/>\n<meta property=\"og:site_name\" content=\"L&#039;observatoire est ouvert aux visiteurs tous les vendredis soirs \u00e0 21 heures, jusqu&#039;au 3 juillet 2026 inclus, sans r\u00e9servation.\" \/>\n<meta property=\"article:publisher\" content=\"https:\/\/www.facebook.com\/astrogap47\/\" \/>\n<meta property=\"article:modified_time\" content=\"2025-04-10T00:13:17+00:00\" \/>\n<meta property=\"og:image\" content=\"http:\/\/gap47.astrosurf.com\/wp-content\/uploads\/2025\/04\/B-scaled.jpg\" \/>\n<meta name=\"twitter:card\" content=\"summary_large_image\" \/>\n<meta name=\"twitter:label1\" content=\"Dur\u00e9e de lecture estim\u00e9e\" \/>\n\t<meta name=\"twitter:data1\" content=\"5 minutes\" \/>\n<script type=\"application\/ld+json\" class=\"yoast-schema-graph\">{\"@context\":\"https:\/\/schema.org\",\"@graph\":[{\"@type\":\"WebPage\",\"@id\":\"https:\/\/gap47.astrosurf.com\/index.php\/eclipse-partielle\/\",\"url\":\"https:\/\/gap47.astrosurf.com\/index.php\/eclipse-partielle\/\",\"name\":\"Eclipse partielle - L&#039;observatoire est ouvert aux visiteurs tous les vendredis soirs \u00e0 21 heures, jusqu&#039;au 3 juillet 2026 inclus, sans r\u00e9servation.\",\"isPartOf\":{\"@id\":\"https:\/\/gap47.astrosurf.com\/#website\"},\"primaryImageOfPage\":{\"@id\":\"https:\/\/gap47.astrosurf.com\/index.php\/eclipse-partielle\/#primaryimage\"},\"image\":{\"@id\":\"https:\/\/gap47.astrosurf.com\/index.php\/eclipse-partielle\/#primaryimage\"},\"thumbnailUrl\":\"http:\/\/gap47.astrosurf.com\/wp-content\/uploads\/2025\/04\/B-scaled.jpg\",\"datePublished\":\"2025-03-30T14:09:24+00:00\",\"dateModified\":\"2025-04-10T00:13:17+00:00\",\"breadcrumb\":{\"@id\":\"https:\/\/gap47.astrosurf.com\/index.php\/eclipse-partielle\/#breadcrumb\"},\"inLanguage\":\"fr-FR\",\"potentialAction\":[{\"@type\":\"ReadAction\",\"target\":[\"https:\/\/gap47.astrosurf.com\/index.php\/eclipse-partielle\/\"]}]},{\"@type\":\"ImageObject\",\"inLanguage\":\"fr-FR\",\"@id\":\"https:\/\/gap47.astrosurf.com\/index.php\/eclipse-partielle\/#primaryimage\",\"url\":\"http:\/\/gap47.astrosurf.com\/wp-content\/uploads\/2025\/04\/B-scaled.jpg\",\"contentUrl\":\"http:\/\/gap47.astrosurf.com\/wp-content\/uploads\/2025\/04\/B-scaled.jpg\"},{\"@type\":\"BreadcrumbList\",\"@id\":\"https:\/\/gap47.astrosurf.com\/index.php\/eclipse-partielle\/#breadcrumb\",\"itemListElement\":[{\"@type\":\"ListItem\",\"position\":1,\"name\":\"Accueil\",\"item\":\"https:\/\/gap47.astrosurf.com\/\"},{\"@type\":\"ListItem\",\"position\":2,\"name\":\"Eclipse partielle\"}]},{\"@type\":\"WebSite\",\"@id\":\"https:\/\/gap47.astrosurf.com\/#website\",\"url\":\"https:\/\/gap47.astrosurf.com\/\",\"name\":\"De janvier \u00e0 fin juin 2024, le GAP47 sera ouvert aux visiteurs tous les vendredis \u00e0 21h sans r\u00e9servation, \u00e0 l'exception du vendredi 26 janvier o\u00f9 l'observatoire sera ferm\u00e9 au public.\",\"description\":\"Groupe d&#039;Astronomie Populaire du Lot-et-Garonne, \u00e0 Montayral\",\"potentialAction\":[{\"@type\":\"SearchAction\",\"target\":{\"@type\":\"EntryPoint\",\"urlTemplate\":\"https:\/\/gap47.astrosurf.com\/?s={search_term_string}\"},\"query-input\":{\"@type\":\"PropertyValueSpecification\",\"valueRequired\":true,\"valueName\":\"search_term_string\"}}],\"inLanguage\":\"fr-FR\"}]}<\/script>\n<!-- \/ Yoast SEO plugin. -->","yoast_head_json":{"title":"Eclipse partielle - L&#039;observatoire est ouvert aux visiteurs tous les vendredis soirs \u00e0 21 heures, jusqu&#039;au 3 juillet 2026 inclus, sans r\u00e9servation.","robots":{"index":"index","follow":"follow","max-snippet":"max-snippet:-1","max-image-preview":"max-image-preview:large","max-video-preview":"max-video-preview:-1"},"canonical":"https:\/\/gap47.astrosurf.com\/index.php\/eclipse-partielle\/","og_locale":"fr_FR","og_type":"article","og_title":"Eclipse partielle - L&#039;observatoire est ouvert aux visiteurs tous les vendredis soirs \u00e0 21 heures, jusqu&#039;au 3 juillet 2026 inclus, sans r\u00e9servation.","og_description":"Nous avons fait une matin\u00e9e \u00ab portes ouvertes \u00bb au GAP47 pour que les visiteurs puissent venir gratuitement et voir l\u2019\u00e9clipse partielle de Soleil qui se d\u00e9roulait, environ de 10h30 \u00e0 12h15 le samedi 29 mars 2025. Nos visiteurs et leurs enfants ont \u00e9t\u00e9 tr\u00e8s nombreux avec plus de 60 personnes, dont la plupart ont &hellip; Continuer la lecture de &laquo;&nbsp;Eclipse partielle&nbsp;&raquo;","og_url":"https:\/\/gap47.astrosurf.com\/index.php\/eclipse-partielle\/","og_site_name":"L&#039;observatoire est ouvert aux visiteurs tous les vendredis soirs \u00e0 21 heures, jusqu&#039;au 3 juillet 2026 inclus, sans r\u00e9servation.","article_publisher":"https:\/\/www.facebook.com\/astrogap47\/","article_modified_time":"2025-04-10T00:13:17+00:00","og_image":[{"url":"http:\/\/gap47.astrosurf.com\/wp-content\/uploads\/2025\/04\/B-scaled.jpg","type":"","width":"","height":""}],"twitter_card":"summary_large_image","twitter_misc":{"Dur\u00e9e de lecture estim\u00e9e":"5 minutes"},"schema":{"@context":"https:\/\/schema.org","@graph":[{"@type":"WebPage","@id":"https:\/\/gap47.astrosurf.com\/index.php\/eclipse-partielle\/","url":"https:\/\/gap47.astrosurf.com\/index.php\/eclipse-partielle\/","name":"Eclipse partielle - L&#039;observatoire est ouvert aux visiteurs tous les vendredis soirs \u00e0 21 heures, jusqu&#039;au 3 juillet 2026 inclus, sans r\u00e9servation.","isPartOf":{"@id":"https:\/\/gap47.astrosurf.com\/#website"},"primaryImageOfPage":{"@id":"https:\/\/gap47.astrosurf.com\/index.php\/eclipse-partielle\/#primaryimage"},"image":{"@id":"https:\/\/gap47.astrosurf.com\/index.php\/eclipse-partielle\/#primaryimage"},"thumbnailUrl":"http:\/\/gap47.astrosurf.com\/wp-content\/uploads\/2025\/04\/B-scaled.jpg","datePublished":"2025-03-30T14:09:24+00:00","dateModified":"2025-04-10T00:13:17+00:00","breadcrumb":{"@id":"https:\/\/gap47.astrosurf.com\/index.php\/eclipse-partielle\/#breadcrumb"},"inLanguage":"fr-FR","potentialAction":[{"@type":"ReadAction","target":["https:\/\/gap47.astrosurf.com\/index.php\/eclipse-partielle\/"]}]},{"@type":"ImageObject","inLanguage":"fr-FR","@id":"https:\/\/gap47.astrosurf.com\/index.php\/eclipse-partielle\/#primaryimage","url":"http:\/\/gap47.astrosurf.com\/wp-content\/uploads\/2025\/04\/B-scaled.jpg","contentUrl":"http:\/\/gap47.astrosurf.com\/wp-content\/uploads\/2025\/04\/B-scaled.jpg"},{"@type":"BreadcrumbList","@id":"https:\/\/gap47.astrosurf.com\/index.php\/eclipse-partielle\/#breadcrumb","itemListElement":[{"@type":"ListItem","position":1,"name":"Accueil","item":"https:\/\/gap47.astrosurf.com\/"},{"@type":"ListItem","position":2,"name":"Eclipse partielle"}]},{"@type":"WebSite","@id":"https:\/\/gap47.astrosurf.com\/#website","url":"https:\/\/gap47.astrosurf.com\/","name":"De janvier \u00e0 fin juin 2024, le GAP47 sera ouvert aux visiteurs tous les vendredis \u00e0 21h sans r\u00e9servation, \u00e0 l'exception du vendredi 26 janvier o\u00f9 l'observatoire sera ferm\u00e9 au public.","description":"Groupe d&#039;Astronomie Populaire du Lot-et-Garonne, \u00e0 Montayral","potentialAction":[{"@type":"SearchAction","target":{"@type":"EntryPoint","urlTemplate":"https:\/\/gap47.astrosurf.com\/?s={search_term_string}"},"query-input":{"@type":"PropertyValueSpecification","valueRequired":true,"valueName":"search_term_string"}}],"inLanguage":"fr-FR"}]}},"_links":{"self":[{"href":"https:\/\/gap47.astrosurf.com\/index.php\/wp-json\/wp\/v2\/pages\/13403","targetHints":{"allow":["GET"]}}],"collection":[{"href":"https:\/\/gap47.astrosurf.com\/index.php\/wp-json\/wp\/v2\/pages"}],"about":[{"href":"https:\/\/gap47.astrosurf.com\/index.php\/wp-json\/wp\/v2\/types\/page"}],"author":[{"embeddable":true,"href":"https:\/\/gap47.astrosurf.com\/index.php\/wp-json\/wp\/v2\/users\/5"}],"replies":[{"embeddable":true,"href":"https:\/\/gap47.astrosurf.com\/index.php\/wp-json\/wp\/v2\/comments?post=13403"}],"version-history":[{"count":22,"href":"https:\/\/gap47.astrosurf.com\/index.php\/wp-json\/wp\/v2\/pages\/13403\/revisions"}],"predecessor-version":[{"id":13473,"href":"https:\/\/gap47.astrosurf.com\/index.php\/wp-json\/wp\/v2\/pages\/13403\/revisions\/13473"}],"wp:attachment":[{"href":"https:\/\/gap47.astrosurf.com\/index.php\/wp-json\/wp\/v2\/media?parent=13403"}],"curies":[{"name":"wp","href":"https:\/\/api.w.org\/{rel}","templated":true}]}}