 {"id":13245,"date":"2025-03-18T17:46:28","date_gmt":"2025-03-18T15:46:28","guid":{"rendered":"https:\/\/gap47.astrosurf.com\/?page_id=13245"},"modified":"2025-03-19T02:31:40","modified_gmt":"2025-03-19T00:31:40","slug":"jwst7","status":"publish","type":"page","link":"https:\/\/gap47.astrosurf.com\/index.php\/ressources\/telescopes-exceptionnels\/jwst\/jwst7\/","title":{"rendered":"JWST7"},"content":{"rendered":"<p><span style=\"font-family: arial, helvetica, sans-serif; font-size: 28px; color: #ff0000;\"><strong>James Webb Space Telescope, donn\u00e9es : 2025 janvier \/ juin<\/strong><\/span><\/p>\n<hr>\n<a href=\"https:\/\/gap47.astrosurf.com\/wp-content\/uploads\/2025\/03\/ESA-2025-02-17-Le-te\u0301lescope-spatial-James-Webb-dresse-un-tableau-complet-de-la-formation-des-e\u0301toiles-dans-lamas-de-galaxies-Phoenix.pdf\" class=\"pdfemb-viewer\" style=\"\" data-width=\"max\" data-height=\"max\" data-toolbar=\"bottom\" data-toolbar-fixed=\"off\">ESA 2025 02 17 - Le te\u0301lescope spatial James Webb dresse un tableau complet de la formation des e\u0301toiles dans l&#039;amas de galaxies Phoenix<\/a>\n<hr>\n<a href=\"https:\/\/gap47.astrosurf.com\/wp-content\/uploads\/2025\/03\/ESA-2025-02-04-Webb-enque\u0302te-sur-un-disque-poussie\u0301reux-et-dynamique-1.pdf\" class=\"pdfemb-viewer\" style=\"\" data-width=\"max\" data-height=\"max\" data-toolbar=\"bottom\" data-toolbar-fixed=\"off\">ESA 2025 02 04 - Webb enque\u0302te sur un disque poussie\u0301reux et dynamique<\/a>\n<hr>\n<a href=\"https:\/\/gap47.astrosurf.com\/wp-content\/uploads\/2025\/03\/ESA-2025-02-28-Webb-visite-une-spirale-de-formation-de\u0301toiles-1.pdf\" class=\"pdfemb-viewer\" style=\"\" data-width=\"max\" data-height=\"max\" data-toolbar=\"bottom\" data-toolbar-fixed=\"off\">ESA 2025 02 28 - Webb visite une spirale de formation d&#039;e\u0301toiles<\/a>\n<hr>\n<a href=\"https:\/\/gap47.astrosurf.com\/wp-content\/uploads\/2025\/03\/ESA-2025-03-08-Webb-impressionne-par-ses-incroyables-de\u0301tails-dans-un-syste\u0300me-de-formation-de\u0301toiles-1.pdf\" class=\"pdfemb-viewer\" style=\"\" data-width=\"max\" data-height=\"max\" data-toolbar=\"bottom\" data-toolbar-fixed=\"off\">ESA 2025 03 08 - Webb impressionne par ses incroyables de\u0301tails dans un syste\u0300me de formation d&#039;e\u0301toiles<\/a>\n<hr>\n","protected":false},"excerpt":{"rendered":"<p>James Webb Space Telescope, donn\u00e9es : 2025 janvier \/ juin<\/p>\n","protected":false},"author":5,"featured_media":0,"parent":11758,"menu_order":6,"comment_status":"closed","ping_status":"closed","template":"","meta":{"_exactmetrics_skip_tracking":false,"_exactmetrics_sitenote_active":false,"_exactmetrics_sitenote_note":"","_exactmetrics_sitenote_category":0,"ngg_post_thumbnail":0,"footnotes":""},"class_list":["post-13245","page","type-page","status-publish","hentry"],"yoast_head":"<!-- This site is optimized with the Yoast SEO plugin v24.8.1 - https:\/\/yoast.com\/wordpress\/plugins\/seo\/ -->\n<title>JWST7 - L&#039;observatoire est ouvert aux visiteurs tous les vendredis soirs \u00e0 21 heures, jusqu&#039;au 3 juillet 2026 inclus, sans r\u00e9servation.<\/title>\n<meta name=\"robots\" content=\"index, follow, max-snippet:-1, max-image-preview:large, max-video-preview:-1\" \/>\n<link rel=\"canonical\" href=\"https:\/\/gap47.astrosurf.com\/index.php\/ressources\/telescopes-exceptionnels\/jwst\/jwst7\/\" \/>\n<meta property=\"og:locale\" content=\"fr_FR\" \/>\n<meta property=\"og:type\" content=\"article\" \/>\n<meta property=\"og:title\" content=\"JWST7 - L&#039;observatoire est ouvert aux visiteurs tous les vendredis soirs \u00e0 21 heures, jusqu&#039;au 3 juillet 2026 inclus, sans r\u00e9servation.\" \/>\n<meta property=\"og:description\" content=\"James Webb Space Telescope, donn\u00e9es : 2025 janvier \/ juin\" \/>\n<meta property=\"og:url\" content=\"https:\/\/gap47.astrosurf.com\/index.php\/ressources\/telescopes-exceptionnels\/jwst\/jwst7\/\" \/>\n<meta property=\"og:site_name\" content=\"L&#039;observatoire est ouvert aux visiteurs tous les vendredis soirs \u00e0 21 heures, jusqu&#039;au 3 juillet 2026 inclus, sans r\u00e9servation.\" \/>\n<meta property=\"article:publisher\" content=\"https:\/\/www.facebook.com\/astrogap47\/\" \/>\n<meta property=\"article:modified_time\" content=\"2025-03-19T00:31:40+00:00\" \/>\n<meta name=\"twitter:card\" content=\"summary_large_image\" \/>\n<meta name=\"twitter:label1\" content=\"Dur\u00e9e de lecture estim\u00e9e\" \/>\n\t<meta name=\"twitter:data1\" content=\"1 minute\" \/>\n<script type=\"application\/ld+json\" class=\"yoast-schema-graph\">{\"@context\":\"https:\/\/schema.org\",\"@graph\":[{\"@type\":\"WebPage\",\"@id\":\"https:\/\/gap47.astrosurf.com\/index.php\/ressources\/telescopes-exceptionnels\/jwst\/jwst7\/\",\"url\":\"https:\/\/gap47.astrosurf.com\/index.php\/ressources\/telescopes-exceptionnels\/jwst\/jwst7\/\",\"name\":\"JWST7 - L&#039;observatoire est ouvert aux visiteurs tous les vendredis soirs \u00e0 21 heures, jusqu&#039;au 3 juillet 2026 inclus, sans r\u00e9servation.\",\"isPartOf\":{\"@id\":\"https:\/\/gap47.astrosurf.com\/#website\"},\"datePublished\":\"2025-03-18T15:46:28+00:00\",\"dateModified\":\"2025-03-19T00:31:40+00:00\",\"breadcrumb\":{\"@id\":\"https:\/\/gap47.astrosurf.com\/index.php\/ressources\/telescopes-exceptionnels\/jwst\/jwst7\/#breadcrumb\"},\"inLanguage\":\"fr-FR\",\"potentialAction\":[{\"@type\":\"ReadAction\",\"target\":[\"https:\/\/gap47.astrosurf.com\/index.php\/ressources\/telescopes-exceptionnels\/jwst\/jwst7\/\"]}]},{\"@type\":\"BreadcrumbList\",\"@id\":\"https:\/\/gap47.astrosurf.com\/index.php\/ressources\/telescopes-exceptionnels\/jwst\/jwst7\/#breadcrumb\",\"itemListElement\":[{\"@type\":\"ListItem\",\"position\":1,\"name\":\"Accueil\",\"item\":\"https:\/\/gap47.astrosurf.com\/\"},{\"@type\":\"ListItem\",\"position\":2,\"name\":\"Ressources\",\"item\":\"https:\/\/gap47.astrosurf.com\/index.php\/ressources\/\"},{\"@type\":\"ListItem\",\"position\":3,\"name\":\"T\u00e9lescopes exceptionnels\",\"item\":\"https:\/\/gap47.astrosurf.com\/index.php\/ressources\/telescopes-exceptionnels\/\"},{\"@type\":\"ListItem\",\"position\":4,\"name\":\"JWST\",\"item\":\"https:\/\/gap47.astrosurf.com\/index.php\/ressources\/telescopes-exceptionnels\/jwst\/\"},{\"@type\":\"ListItem\",\"position\":5,\"name\":\"JWST7\"}]},{\"@type\":\"WebSite\",\"@id\":\"https:\/\/gap47.astrosurf.com\/#website\",\"url\":\"https:\/\/gap47.astrosurf.com\/\",\"name\":\"De janvier \u00e0 fin juin 2024, le GAP47 sera ouvert aux visiteurs tous les vendredis \u00e0 21h sans r\u00e9servation, \u00e0 l'exception du vendredi 26 janvier o\u00f9 l'observatoire sera ferm\u00e9 au public.\",\"description\":\"Groupe d&#039;Astronomie Populaire du Lot-et-Garonne, \u00e0 Montayral\",\"potentialAction\":[{\"@type\":\"SearchAction\",\"target\":{\"@type\":\"EntryPoint\",\"urlTemplate\":\"https:\/\/gap47.astrosurf.com\/?s={search_term_string}\"},\"query-input\":{\"@type\":\"PropertyValueSpecification\",\"valueRequired\":true,\"valueName\":\"search_term_string\"}}],\"inLanguage\":\"fr-FR\"}]}<\/script>\n<!-- \/ Yoast SEO plugin. -->","yoast_head_json":{"title":"JWST7 - L&#039;observatoire est ouvert aux visiteurs tous les vendredis soirs \u00e0 21 heures, jusqu&#039;au 3 juillet 2026 inclus, sans r\u00e9servation.","robots":{"index":"index","follow":"follow","max-snippet":"max-snippet:-1","max-image-preview":"max-image-preview:large","max-video-preview":"max-video-preview:-1"},"canonical":"https:\/\/gap47.astrosurf.com\/index.php\/ressources\/telescopes-exceptionnels\/jwst\/jwst7\/","og_locale":"fr_FR","og_type":"article","og_title":"JWST7 - L&#039;observatoire est ouvert aux visiteurs tous les vendredis soirs \u00e0 21 heures, jusqu&#039;au 3 juillet 2026 inclus, sans r\u00e9servation.","og_description":"James Webb Space Telescope, donn\u00e9es : 2025 janvier \/ juin","og_url":"https:\/\/gap47.astrosurf.com\/index.php\/ressources\/telescopes-exceptionnels\/jwst\/jwst7\/","og_site_name":"L&#039;observatoire est ouvert aux visiteurs tous les vendredis soirs \u00e0 21 heures, jusqu&#039;au 3 juillet 2026 inclus, sans r\u00e9servation.","article_publisher":"https:\/\/www.facebook.com\/astrogap47\/","article_modified_time":"2025-03-19T00:31:40+00:00","twitter_card":"summary_large_image","twitter_misc":{"Dur\u00e9e de lecture estim\u00e9e":"1 minute"},"schema":{"@context":"https:\/\/schema.org","@graph":[{"@type":"WebPage","@id":"https:\/\/gap47.astrosurf.com\/index.php\/ressources\/telescopes-exceptionnels\/jwst\/jwst7\/","url":"https:\/\/gap47.astrosurf.com\/index.php\/ressources\/telescopes-exceptionnels\/jwst\/jwst7\/","name":"JWST7 - L&#039;observatoire est ouvert aux visiteurs tous les vendredis soirs \u00e0 21 heures, jusqu&#039;au 3 juillet 2026 inclus, sans r\u00e9servation.","isPartOf":{"@id":"https:\/\/gap47.astrosurf.com\/#website"},"datePublished":"2025-03-18T15:46:28+00:00","dateModified":"2025-03-19T00:31:40+00:00","breadcrumb":{"@id":"https:\/\/gap47.astrosurf.com\/index.php\/ressources\/telescopes-exceptionnels\/jwst\/jwst7\/#breadcrumb"},"inLanguage":"fr-FR","potentialAction":[{"@type":"ReadAction","target":["https:\/\/gap47.astrosurf.com\/index.php\/ressources\/telescopes-exceptionnels\/jwst\/jwst7\/"]}]},{"@type":"BreadcrumbList","@id":"https:\/\/gap47.astrosurf.com\/index.php\/ressources\/telescopes-exceptionnels\/jwst\/jwst7\/#breadcrumb","itemListElement":[{"@type":"ListItem","position":1,"name":"Accueil","item":"https:\/\/gap47.astrosurf.com\/"},{"@type":"ListItem","position":2,"name":"Ressources","item":"https:\/\/gap47.astrosurf.com\/index.php\/ressources\/"},{"@type":"ListItem","position":3,"name":"T\u00e9lescopes exceptionnels","item":"https:\/\/gap47.astrosurf.com\/index.php\/ressources\/telescopes-exceptionnels\/"},{"@type":"ListItem","position":4,"name":"JWST","item":"https:\/\/gap47.astrosurf.com\/index.php\/ressources\/telescopes-exceptionnels\/jwst\/"},{"@type":"ListItem","position":5,"name":"JWST7"}]},{"@type":"WebSite","@id":"https:\/\/gap47.astrosurf.com\/#website","url":"https:\/\/gap47.astrosurf.com\/","name":"De janvier \u00e0 fin juin 2024, le GAP47 sera ouvert aux visiteurs tous les vendredis \u00e0 21h sans r\u00e9servation, \u00e0 l'exception du vendredi 26 janvier o\u00f9 l'observatoire sera ferm\u00e9 au public.","description":"Groupe d&#039;Astronomie Populaire du Lot-et-Garonne, \u00e0 Montayral","potentialAction":[{"@type":"SearchAction","target":{"@type":"EntryPoint","urlTemplate":"https:\/\/gap47.astrosurf.com\/?s={search_term_string}"},"query-input":{"@type":"PropertyValueSpecification","valueRequired":true,"valueName":"search_term_string"}}],"inLanguage":"fr-FR"}]}},"_links":{"self":[{"href":"https:\/\/gap47.astrosurf.com\/index.php\/wp-json\/wp\/v2\/pages\/13245","targetHints":{"allow":["GET"]}}],"collection":[{"href":"https:\/\/gap47.astrosurf.com\/index.php\/wp-json\/wp\/v2\/pages"}],"about":[{"href":"https:\/\/gap47.astrosurf.com\/index.php\/wp-json\/wp\/v2\/types\/page"}],"author":[{"embeddable":true,"href":"https:\/\/gap47.astrosurf.com\/index.php\/wp-json\/wp\/v2\/users\/5"}],"replies":[{"embeddable":true,"href":"https:\/\/gap47.astrosurf.com\/index.php\/wp-json\/wp\/v2\/comments?post=13245"}],"version-history":[{"count":10,"href":"https:\/\/gap47.astrosurf.com\/index.php\/wp-json\/wp\/v2\/pages\/13245\/revisions"}],"predecessor-version":[{"id":13332,"href":"https:\/\/gap47.astrosurf.com\/index.php\/wp-json\/wp\/v2\/pages\/13245\/revisions\/13332"}],"up":[{"embeddable":true,"href":"https:\/\/gap47.astrosurf.com\/index.php\/wp-json\/wp\/v2\/pages\/11758"}],"wp:attachment":[{"href":"https:\/\/gap47.astrosurf.com\/index.php\/wp-json\/wp\/v2\/media?parent=13245"}],"curies":[{"name":"wp","href":"https:\/\/api.w.org\/{rel}","templated":true}]}}