 {"id":13131,"date":"2025-01-07T20:07:46","date_gmt":"2025-01-07T18:07:46","guid":{"rendered":"http:\/\/gap47.astrosurf.com\/?page_id=13131"},"modified":"2025-09-04T12:16:38","modified_gmt":"2025-09-04T10:16:38","slug":"lunette-takahashi","status":"publish","type":"page","link":"https:\/\/gap47.astrosurf.com\/index.php\/le-gap47\/materiel\/lunette-takahashi\/","title":{"rendered":"Lunette Takahashi"},"content":{"rendered":"<p style=\"text-align: center;\"><strong><span style=\"font-family: 'times new roman', times, serif; font-size: 28px;\">Lunette Takahashi<\/span><\/strong><\/p>\n<p><img decoding=\"async\" class=\"aligncenter\" src=\"http:\/\/gap47.astrosurf.com\/wp-content\/uploads\/2025\/09\/image016.jpg\"><\/p>\n<p style=\"text-align: center;\"><span style=\"font-family: 'times new roman', times, serif; font-size: 20px;\">Lunette&nbsp;TAKAHASHI <b>FS 128<\/b> avec r\u00e9ducteur correcteur , collier rotatif et RC Taka en 31.75 avec de nombreux accessoires, dont des excellents oculaires (dont 2 de marque Takahashi).<\/span><\/p>\n<p style=\"text-align: center;\"><span style=\"font-size: 20px; font-family: 'times new roman', times, serif;\">Monture&nbsp;TAKAHASHI&nbsp;<b>EM 200 Temma 2. <\/b>Le tr\u00e9pied que nous avons achet\u00e9 avec la lunette est un pied Takahashi en bois (qui est diff\u00e9rent de la photo ci-dessus).<\/span><\/p>\n<p style=\"text-align: center;\"><span style=\"font-family: 'times new roman', times, serif; font-size: 20px;\">Nous avons achet\u00e9 d&rsquo;occasion l&rsquo;ensemble de ce mat\u00e9riel et ses accessoires.<\/span><\/p>\n<p style=\"text-align: center;\"><span style=\"font-size: 20px; font-family: 'times new roman', times, serif;\">Pour ceux qui ne connaissent pas cette marque japonaise, Takahashi est \u00e0 peu pr\u00e8s aux lunettes astronomiques ce que Ferrari est aux voitures italiennes&#8230;&nbsp;<\/span><\/p>\n<hr>\n","protected":false},"excerpt":{"rendered":"<p>Lunette Takahashi Lunette&nbsp;TAKAHASHI FS 128 avec r\u00e9ducteur correcteur , collier rotatif et RC Taka en 31.75 avec de nombreux accessoires, dont des excellents oculaires (dont 2 de marque Takahashi). Monture&nbsp;TAKAHASHI&nbsp;EM 200 Temma 2. Le tr\u00e9pied que nous avons achet\u00e9 avec la lunette est un pied Takahashi en bois (qui est diff\u00e9rent de la photo ci-dessus). &hellip; <\/p>\n<p class=\"link-more\"><a href=\"https:\/\/gap47.astrosurf.com\/index.php\/le-gap47\/materiel\/lunette-takahashi\/\" class=\"more-link\">Continuer la lecture<span class=\"screen-reader-text\"> de &laquo;&nbsp;Lunette Takahashi&nbsp;&raquo;<\/span><\/a><\/p>\n","protected":false},"author":5,"featured_media":0,"parent":51,"menu_order":6,"comment_status":"closed","ping_status":"closed","template":"","meta":{"_exactmetrics_skip_tracking":false,"_exactmetrics_sitenote_active":false,"_exactmetrics_sitenote_note":"","_exactmetrics_sitenote_category":0,"ngg_post_thumbnail":0,"footnotes":""},"class_list":["post-13131","page","type-page","status-publish","hentry"],"yoast_head":"<!-- This site is optimized with the Yoast SEO plugin v24.8.1 - https:\/\/yoast.com\/wordpress\/plugins\/seo\/ -->\n<title>Lunette Takahashi - L&#039;observatoire est ouvert aux visiteurs tous les vendredis soirs \u00e0 21 heures, jusqu&#039;au 3 juillet 2026 inclus, sans r\u00e9servation.<\/title>\n<meta name=\"robots\" content=\"index, follow, max-snippet:-1, max-image-preview:large, max-video-preview:-1\" \/>\n<link rel=\"canonical\" href=\"https:\/\/gap47.astrosurf.com\/index.php\/le-gap47\/materiel\/lunette-takahashi\/\" \/>\n<meta property=\"og:locale\" content=\"fr_FR\" \/>\n<meta property=\"og:type\" content=\"article\" \/>\n<meta property=\"og:title\" content=\"Lunette Takahashi - L&#039;observatoire est ouvert aux visiteurs tous les vendredis soirs \u00e0 21 heures, jusqu&#039;au 3 juillet 2026 inclus, sans r\u00e9servation.\" \/>\n<meta property=\"og:description\" content=\"Lunette Takahashi Lunette&nbsp;TAKAHASHI FS 128 avec r\u00e9ducteur correcteur , collier rotatif et RC Taka en 31.75 avec de nombreux accessoires, dont des excellents oculaires (dont 2 de marque Takahashi). Monture&nbsp;TAKAHASHI&nbsp;EM 200 Temma 2. Le tr\u00e9pied que nous avons achet\u00e9 avec la lunette est un pied Takahashi en bois (qui est diff\u00e9rent de la photo ci-dessus). &hellip; Continuer la lecture de &laquo;&nbsp;Lunette Takahashi&nbsp;&raquo;\" \/>\n<meta property=\"og:url\" content=\"https:\/\/gap47.astrosurf.com\/index.php\/le-gap47\/materiel\/lunette-takahashi\/\" \/>\n<meta property=\"og:site_name\" content=\"L&#039;observatoire est ouvert aux visiteurs tous les vendredis soirs \u00e0 21 heures, jusqu&#039;au 3 juillet 2026 inclus, sans r\u00e9servation.\" \/>\n<meta property=\"article:publisher\" content=\"https:\/\/www.facebook.com\/astrogap47\/\" \/>\n<meta property=\"article:modified_time\" content=\"2025-09-04T10:16:38+00:00\" \/>\n<meta property=\"og:image\" content=\"http:\/\/gap47.astrosurf.com\/wp-content\/uploads\/2025\/09\/image016.jpg\" \/>\n<meta name=\"twitter:card\" content=\"summary_large_image\" \/>\n<meta name=\"twitter:label1\" content=\"Dur\u00e9e de lecture estim\u00e9e\" \/>\n\t<meta name=\"twitter:data1\" content=\"1 minute\" \/>\n<script type=\"application\/ld+json\" class=\"yoast-schema-graph\">{\"@context\":\"https:\/\/schema.org\",\"@graph\":[{\"@type\":\"WebPage\",\"@id\":\"https:\/\/gap47.astrosurf.com\/index.php\/le-gap47\/materiel\/lunette-takahashi\/\",\"url\":\"https:\/\/gap47.astrosurf.com\/index.php\/le-gap47\/materiel\/lunette-takahashi\/\",\"name\":\"Lunette Takahashi - L&#039;observatoire est ouvert aux visiteurs tous les vendredis soirs \u00e0 21 heures, jusqu&#039;au 3 juillet 2026 inclus, sans r\u00e9servation.\",\"isPartOf\":{\"@id\":\"https:\/\/gap47.astrosurf.com\/#website\"},\"primaryImageOfPage\":{\"@id\":\"https:\/\/gap47.astrosurf.com\/index.php\/le-gap47\/materiel\/lunette-takahashi\/#primaryimage\"},\"image\":{\"@id\":\"https:\/\/gap47.astrosurf.com\/index.php\/le-gap47\/materiel\/lunette-takahashi\/#primaryimage\"},\"thumbnailUrl\":\"http:\/\/gap47.astrosurf.com\/wp-content\/uploads\/2025\/09\/image016.jpg\",\"datePublished\":\"2025-01-07T18:07:46+00:00\",\"dateModified\":\"2025-09-04T10:16:38+00:00\",\"breadcrumb\":{\"@id\":\"https:\/\/gap47.astrosurf.com\/index.php\/le-gap47\/materiel\/lunette-takahashi\/#breadcrumb\"},\"inLanguage\":\"fr-FR\",\"potentialAction\":[{\"@type\":\"ReadAction\",\"target\":[\"https:\/\/gap47.astrosurf.com\/index.php\/le-gap47\/materiel\/lunette-takahashi\/\"]}]},{\"@type\":\"ImageObject\",\"inLanguage\":\"fr-FR\",\"@id\":\"https:\/\/gap47.astrosurf.com\/index.php\/le-gap47\/materiel\/lunette-takahashi\/#primaryimage\",\"url\":\"http:\/\/gap47.astrosurf.com\/wp-content\/uploads\/2025\/09\/image016.jpg\",\"contentUrl\":\"http:\/\/gap47.astrosurf.com\/wp-content\/uploads\/2025\/09\/image016.jpg\"},{\"@type\":\"BreadcrumbList\",\"@id\":\"https:\/\/gap47.astrosurf.com\/index.php\/le-gap47\/materiel\/lunette-takahashi\/#breadcrumb\",\"itemListElement\":[{\"@type\":\"ListItem\",\"position\":1,\"name\":\"Accueil\",\"item\":\"https:\/\/gap47.astrosurf.com\/\"},{\"@type\":\"ListItem\",\"position\":2,\"name\":\"Le GAP47\",\"item\":\"https:\/\/gap47.astrosurf.com\/index.php\/le-gap47\/\"},{\"@type\":\"ListItem\",\"position\":3,\"name\":\"Nos instruments\",\"item\":\"https:\/\/gap47.astrosurf.com\/index.php\/le-gap47\/materiel\/\"},{\"@type\":\"ListItem\",\"position\":4,\"name\":\"Lunette Takahashi\"}]},{\"@type\":\"WebSite\",\"@id\":\"https:\/\/gap47.astrosurf.com\/#website\",\"url\":\"https:\/\/gap47.astrosurf.com\/\",\"name\":\"De janvier \u00e0 fin juin 2024, le GAP47 sera ouvert aux visiteurs tous les vendredis \u00e0 21h sans r\u00e9servation, \u00e0 l'exception du vendredi 26 janvier o\u00f9 l'observatoire sera ferm\u00e9 au public.\",\"description\":\"Groupe d&#039;Astronomie Populaire du Lot-et-Garonne, \u00e0 Montayral\",\"potentialAction\":[{\"@type\":\"SearchAction\",\"target\":{\"@type\":\"EntryPoint\",\"urlTemplate\":\"https:\/\/gap47.astrosurf.com\/?s={search_term_string}\"},\"query-input\":{\"@type\":\"PropertyValueSpecification\",\"valueRequired\":true,\"valueName\":\"search_term_string\"}}],\"inLanguage\":\"fr-FR\"}]}<\/script>\n<!-- \/ Yoast SEO plugin. -->","yoast_head_json":{"title":"Lunette Takahashi - L&#039;observatoire est ouvert aux visiteurs tous les vendredis soirs \u00e0 21 heures, jusqu&#039;au 3 juillet 2026 inclus, sans r\u00e9servation.","robots":{"index":"index","follow":"follow","max-snippet":"max-snippet:-1","max-image-preview":"max-image-preview:large","max-video-preview":"max-video-preview:-1"},"canonical":"https:\/\/gap47.astrosurf.com\/index.php\/le-gap47\/materiel\/lunette-takahashi\/","og_locale":"fr_FR","og_type":"article","og_title":"Lunette Takahashi - L&#039;observatoire est ouvert aux visiteurs tous les vendredis soirs \u00e0 21 heures, jusqu&#039;au 3 juillet 2026 inclus, sans r\u00e9servation.","og_description":"Lunette Takahashi Lunette&nbsp;TAKAHASHI FS 128 avec r\u00e9ducteur correcteur , collier rotatif et RC Taka en 31.75 avec de nombreux accessoires, dont des excellents oculaires (dont 2 de marque Takahashi). Monture&nbsp;TAKAHASHI&nbsp;EM 200 Temma 2. Le tr\u00e9pied que nous avons achet\u00e9 avec la lunette est un pied Takahashi en bois (qui est diff\u00e9rent de la photo ci-dessus). &hellip; Continuer la lecture de &laquo;&nbsp;Lunette Takahashi&nbsp;&raquo;","og_url":"https:\/\/gap47.astrosurf.com\/index.php\/le-gap47\/materiel\/lunette-takahashi\/","og_site_name":"L&#039;observatoire est ouvert aux visiteurs tous les vendredis soirs \u00e0 21 heures, jusqu&#039;au 3 juillet 2026 inclus, sans r\u00e9servation.","article_publisher":"https:\/\/www.facebook.com\/astrogap47\/","article_modified_time":"2025-09-04T10:16:38+00:00","og_image":[{"url":"http:\/\/gap47.astrosurf.com\/wp-content\/uploads\/2025\/09\/image016.jpg","type":"","width":"","height":""}],"twitter_card":"summary_large_image","twitter_misc":{"Dur\u00e9e de lecture estim\u00e9e":"1 minute"},"schema":{"@context":"https:\/\/schema.org","@graph":[{"@type":"WebPage","@id":"https:\/\/gap47.astrosurf.com\/index.php\/le-gap47\/materiel\/lunette-takahashi\/","url":"https:\/\/gap47.astrosurf.com\/index.php\/le-gap47\/materiel\/lunette-takahashi\/","name":"Lunette Takahashi - L&#039;observatoire est ouvert aux visiteurs tous les vendredis soirs \u00e0 21 heures, jusqu&#039;au 3 juillet 2026 inclus, sans r\u00e9servation.","isPartOf":{"@id":"https:\/\/gap47.astrosurf.com\/#website"},"primaryImageOfPage":{"@id":"https:\/\/gap47.astrosurf.com\/index.php\/le-gap47\/materiel\/lunette-takahashi\/#primaryimage"},"image":{"@id":"https:\/\/gap47.astrosurf.com\/index.php\/le-gap47\/materiel\/lunette-takahashi\/#primaryimage"},"thumbnailUrl":"http:\/\/gap47.astrosurf.com\/wp-content\/uploads\/2025\/09\/image016.jpg","datePublished":"2025-01-07T18:07:46+00:00","dateModified":"2025-09-04T10:16:38+00:00","breadcrumb":{"@id":"https:\/\/gap47.astrosurf.com\/index.php\/le-gap47\/materiel\/lunette-takahashi\/#breadcrumb"},"inLanguage":"fr-FR","potentialAction":[{"@type":"ReadAction","target":["https:\/\/gap47.astrosurf.com\/index.php\/le-gap47\/materiel\/lunette-takahashi\/"]}]},{"@type":"ImageObject","inLanguage":"fr-FR","@id":"https:\/\/gap47.astrosurf.com\/index.php\/le-gap47\/materiel\/lunette-takahashi\/#primaryimage","url":"http:\/\/gap47.astrosurf.com\/wp-content\/uploads\/2025\/09\/image016.jpg","contentUrl":"http:\/\/gap47.astrosurf.com\/wp-content\/uploads\/2025\/09\/image016.jpg"},{"@type":"BreadcrumbList","@id":"https:\/\/gap47.astrosurf.com\/index.php\/le-gap47\/materiel\/lunette-takahashi\/#breadcrumb","itemListElement":[{"@type":"ListItem","position":1,"name":"Accueil","item":"https:\/\/gap47.astrosurf.com\/"},{"@type":"ListItem","position":2,"name":"Le GAP47","item":"https:\/\/gap47.astrosurf.com\/index.php\/le-gap47\/"},{"@type":"ListItem","position":3,"name":"Nos instruments","item":"https:\/\/gap47.astrosurf.com\/index.php\/le-gap47\/materiel\/"},{"@type":"ListItem","position":4,"name":"Lunette Takahashi"}]},{"@type":"WebSite","@id":"https:\/\/gap47.astrosurf.com\/#website","url":"https:\/\/gap47.astrosurf.com\/","name":"De janvier \u00e0 fin juin 2024, le GAP47 sera ouvert aux visiteurs tous les vendredis \u00e0 21h sans r\u00e9servation, \u00e0 l'exception du vendredi 26 janvier o\u00f9 l'observatoire sera ferm\u00e9 au public.","description":"Groupe d&#039;Astronomie Populaire du Lot-et-Garonne, \u00e0 Montayral","potentialAction":[{"@type":"SearchAction","target":{"@type":"EntryPoint","urlTemplate":"https:\/\/gap47.astrosurf.com\/?s={search_term_string}"},"query-input":{"@type":"PropertyValueSpecification","valueRequired":true,"valueName":"search_term_string"}}],"inLanguage":"fr-FR"}]}},"_links":{"self":[{"href":"https:\/\/gap47.astrosurf.com\/index.php\/wp-json\/wp\/v2\/pages\/13131","targetHints":{"allow":["GET"]}}],"collection":[{"href":"https:\/\/gap47.astrosurf.com\/index.php\/wp-json\/wp\/v2\/pages"}],"about":[{"href":"https:\/\/gap47.astrosurf.com\/index.php\/wp-json\/wp\/v2\/types\/page"}],"author":[{"embeddable":true,"href":"https:\/\/gap47.astrosurf.com\/index.php\/wp-json\/wp\/v2\/users\/5"}],"replies":[{"embeddable":true,"href":"https:\/\/gap47.astrosurf.com\/index.php\/wp-json\/wp\/v2\/comments?post=13131"}],"version-history":[{"count":12,"href":"https:\/\/gap47.astrosurf.com\/index.php\/wp-json\/wp\/v2\/pages\/13131\/revisions"}],"predecessor-version":[{"id":13676,"href":"https:\/\/gap47.astrosurf.com\/index.php\/wp-json\/wp\/v2\/pages\/13131\/revisions\/13676"}],"up":[{"embeddable":true,"href":"https:\/\/gap47.astrosurf.com\/index.php\/wp-json\/wp\/v2\/pages\/51"}],"wp:attachment":[{"href":"https:\/\/gap47.astrosurf.com\/index.php\/wp-json\/wp\/v2\/media?parent=13131"}],"curies":[{"name":"wp","href":"https:\/\/api.w.org\/{rel}","templated":true}]}}