 {"id":12887,"date":"2024-03-27T23:41:54","date_gmt":"2024-03-27T21:41:54","guid":{"rendered":"http:\/\/gap47.astrosurf.com\/?page_id=12887"},"modified":"2024-03-27T23:41:54","modified_gmt":"2024-03-27T21:41:54","slug":"parcours-de-benoit-reeves","status":"publish","type":"page","link":"https:\/\/gap47.astrosurf.com\/index.php\/parcours-de-benoit-reeves\/","title":{"rendered":"Parcours de Beno\u00eet Reeves"},"content":{"rendered":"<p><span style=\"font-family: 'times new roman', times, serif; font-size: 20px;\"><strong>Beno\u00eet Reeves<\/strong>, n\u00e9 le&nbsp;1<sup>er<\/sup>&nbsp;janvier 1960&nbsp;\u00e0&nbsp;Montr\u00e9al, est un m\u00e9diateur scientifique franco-canadien sp\u00e9cialis\u00e9 dans les domaines de l\u2019astronomie&nbsp;et de l\u2019environnement, \u00e9galement&nbsp;chef d&rsquo;orchestre,&nbsp;musicien&nbsp;et&nbsp;r\u00e9alisateur.<\/span><\/p>\n<h2><span style=\"font-family: 'times new roman', times, serif; font-size: 20px;\"><strong>Jeunesse et formation<\/strong><\/span><\/h2>\n<p><span style=\"font-family: 'times new roman', times, serif; font-size: 20px;\">Il est le fils de l&rsquo;astrophysicien&nbsp;Hubert Reeves&nbsp;et de la musicienne et chercheuse&nbsp;Francine Brunel. La famille arrive en France en 1964, date \u00e0 laquelle Hubert Reeves est engag\u00e9 pour une mission au&nbsp;CNRS.<\/span><\/p>\n<p><span style=\"font-family: 'times new roman', times, serif; font-size: 20px;\">Inscrit au lyc\u00e9e Blaise-Pascal \u00e0&nbsp;Orsay, Beno\u00eet Reeves obtient un baccalaur\u00e9at scientifique en 1978. Il entame ensuite un cursus de physique g\u00e9n\u00e9rale \u00e0 l\u2019universit\u00e9 Paris-Sorbonne.<\/span><\/p>\n<p><span style=\"font-family: 'times new roman', times, serif; font-size: 20px;\">Ses d\u00e9buts musicaux, parall\u00e8lement aux cours de batterie et percussions qu&rsquo;il prend aupr\u00e8s de&nbsp;Dante Agostini, se font au sein du groupe de rock progressif Skryvania, avec lequel il remporte par dix fois le Tremplin du&nbsp;Golf-Drouot&nbsp;entre&nbsp;1976&nbsp;et&nbsp;1978.<\/span><\/p>\n<p><span style=\"font-family: 'times new roman', times, serif; font-size: 20px;\">Il acquiert la nationalit\u00e9 fran\u00e7aise en 1991.<\/span><\/p>\n<h2><span style=\"font-family: 'times new roman', times, serif; font-size: 20px;\"><strong>Carri\u00e8re professionnelle<\/strong><\/span><\/h2>\n<p><span style=\"font-family: 'times new roman', times, serif; font-size: 20px;\">Homme de communication, il est \u00e9galement conf\u00e9rencier scientifique<sup>2<\/sup>&nbsp;depuis 1999. il r\u00e9alise et pr\u00e9sente des documentaires et spectacles de plan\u00e9tarium dans les pays francophones. Il organise et accompagne des voyages de vulgarisation scientifique \u00e0 l\u2019occasion de ph\u00e9nom\u00e8nes astronomiques (Nuit des&nbsp;Pers\u00e9ides,&nbsp;com\u00e8tes,&nbsp;\u00e9clipses de soleil, etc.) ou environnementaux. Il organise \u00e9galement des manifestations et conf\u00e9rences grand public&nbsp;d\u00e9di\u00e9es \u00e0 l\u2019astronomie&nbsp;et \u00e0 l\u2019environnement, et intervient depuis 2019 au festival d&rsquo;astronomie de&nbsp;Fleurance.<\/span><\/p>\n<h2><span style=\"font-family: 'times new roman', times, serif; font-size: 20px;\"><strong>Responsabilit\u00e9s professionnelles<\/strong><\/span><\/h2>\n<p><span style=\"font-family: 'times new roman', times, serif; font-size: 20px;\">Il est responsable de la section \u00ab&nbsp;Astronomie&nbsp;\u00bb du&nbsp;Festival international de la photo animali\u00e8re et de nature&nbsp;de Montier en Der.<\/span><\/p>\n<p><span style=\"font-family: 'times new roman', times, serif; font-size: 20px;\">De 1994 \u00e0 1999, il enseigne un cursus d&rsquo;arrangements-orchestration et direction d&rsquo;orchestre au CIM Paris, sous la direction d&rsquo;Ivan Jullien, Philippe Hodbert et Denis Bioteau.<\/span><\/p>\n<p><span style=\"font-family: 'times new roman', times, serif; font-size: 20px;\">Il dirige depuis 1997 les ch\u0153urs et orchestre en Sorbonne Universit\u00e9 Facult\u00e9 des Sciences et Sorbonne Universit\u00e9 Facult\u00e9 des Lettres, et \u00e0 l&rsquo;universit\u00e9 Paris Diderot, entre autres.<\/span><\/p>\n<p><span style=\"font-family: 'times new roman', times, serif; font-size: 20px;\">Il si\u00e8ge par ailleurs au conseil d&rsquo;administration de la&nbsp;Soci\u00e9t\u00e9 astronomique de France. En 2021, il int\u00e8gre le conseil d&rsquo;administration du fonds de dotation Agir pour la for\u00eat, initi\u00e9 en 2019 par l&rsquo;Office national des for\u00eats.<\/span><\/p>\n<h2><span style=\"font-family: 'times new roman', times, serif; font-size: 20px;\"><strong>R\u00e9alisations<\/strong><\/span><\/h2>\n<p><span style=\"font-family: 'times new roman', times, serif; font-size: 20px;\">Il est l\u2019auteur et r\u00e9alisateur de plusieurs \u0153uvres audiovisuelles de communication scientifique, parmi lesquelles&nbsp;:<\/span><\/p>\n<ul>\n<li><span style=\"font-family: 'times new roman', times, serif; font-size: 20px;\"><em>\u00c0 la recherche du ciel perdu<\/em>, spectacle portant sur la pollution lumineuse, reconnue aujourd\u2019hui comme un v\u00e9ritable fl\u00e9au pour les astronomes, la faune et la flore. Ce spectacle a \u00e9t\u00e9 r\u00e9alis\u00e9 en 1996, en co-production avec le&nbsp;Plan\u00e9tarium de Strasbourg, sous la direction d\u2019Agn\u00e8s Acker.<\/span><\/li>\n<li><span style=\"font-family: 'times new roman', times, serif; font-size: 20px;\"><em>Dialogues du ciel et de la vie<\/em>: Un spectacle d\u2019astronomie, mettant en relation des \u00e9v\u00e8nements aussi lointains que des collisions de galaxies et la beaut\u00e9 de la vie sur la Terre. R\u00e9alis\u00e9 en 1999 avec&nbsp;Michel Gonzalez, ancien directeur des programmes&nbsp;France-Inter&nbsp;et&nbsp;France-Culture.<\/span><\/li>\n<li><span style=\"font-family: 'times new roman', times, serif; font-size: 20px;\"><em>Mal de Terre<\/em>: Une adaptation audiovisuelle du livre du m\u00eame nom. R\u00e9alis\u00e9 en 2005 avec Alain Superbie, ancien directeur de l&rsquo;Association fran\u00e7aise d&rsquo;astronomie.<\/span><\/li>\n<li><span style=\"font-family: 'times new roman', times, serif; font-size: 20px;\"><em>Astronomie et \u00e9cologie<\/em>: Ce spectacle nous raconte dans la premi\u00e8re partie comment notre existence est le r\u00e9sultat d\u2019une longue histoire, dont le premier chapitre connu s\u2019appelle\u2026 le&nbsp;Big-Bang. Dans la seconde, il nous montre des signaux virant au rouge. Alerte g\u00e9n\u00e9rale. Mais&nbsp;\u00ab&nbsp;l\u00e0 o\u00f9 cro\u00eet le p\u00e9ril cro\u00eet aussi ce qui sauve&nbsp;\u00bb&nbsp;(H\u00f6lderlin).<\/span><\/li>\n<li><span style=\"font-family: 'times new roman', times, serif; font-size: 20px;\"><em>L\u2019Univers au fil de l\u2019eau<\/em>, c\u00e9l\u00e9bration de l\u2019eau liquide dans l&rsquo;univers. La r\u00e9alisation traite, entre autres, des origines de l\u2019eau telle que nous la connaissons. Elle traite \u00e9galement de la probl\u00e9matique autour de la gestion de l\u2019eau pour les si\u00e8cles \u00e0 venir.<\/span><\/li>\n<li><span style=\"font-family: 'times new roman', times, serif; font-size: 20px;\"><em>Images du Cosmos<\/em>(format DVD et Blu-Ray)&nbsp;: Floril\u00e8ge d\u2019images du cosmos. C\u2019est une invitation au voyage, \u00e0 un p\u00e9riple pour lequel vous est offert un guide des plus beaux sites de l\u2019univers qu\u2019Hubert Reeves a s\u00e9lectionn\u00e9s \u00e0 l\u2019intention de tous ceux qui lui r\u00e9clament du r\u00eave et de la connaissance m\u00eal\u00e9s. \u00ab&nbsp;Images du Cosmos&nbsp;\u00bb a \u00e9t\u00e9 r\u00e9alis\u00e9 avec le soutien du&nbsp;<em>Monde<\/em>&nbsp;de la Ferme des \u00c9toiles.<\/span><\/li>\n<\/ul>\n<p><span style=\"font-family: 'times new roman', times, serif; font-size: 20px;\">Il a \u00e9galement r\u00e9alis\u00e9 deux CD audio&nbsp;:<\/span><\/p>\n<ul>\n<li><span style=\"font-family: 'times new roman', times, serif; font-size: 20px;\"><em>R\u00e9ponses \u00e0 des questions fr\u00e9quemment pos\u00e9es<\/em>chez&nbsp;Fr\u00e9meaux, La librairie Sonore&nbsp;;<\/span><\/li>\n<li><span style=\"font-family: 'times new roman', times, serif; font-size: 20px;\"><em>L\u2019Univers expliqu\u00e9 \u00e0 mes petits-enfants<\/em>chez Csciences.<\/span><\/li>\n<\/ul>\n<h2><span style=\"font-family: 'times new roman', times, serif; font-size: 20px;\"><strong>Conf\u00e9rences<\/strong><\/span><\/h2>\n<p><span style=\"font-family: 'times new roman', times, serif; font-size: 20px;\">Benoit Reeves organise r\u00e9guli\u00e8rement des conf\u00e9rences pour tous publics, au sein d\u2019\u00e9coles ou de festivals. Parmi lesquelles&nbsp;:<\/span><\/p>\n<ul>\n<li><span style=\"font-family: 'times new roman', times, serif; font-size: 20px;\"><em>De l\u2019astronomie \u00e0 l\u2019\u00e9cologie &#8211; Des \u00e9toiles et des hommes<\/em>r\u00e9unissant Beno\u00eet Reeves et son p\u00e8re, l\u2019astrophysicien Hubert Reeves, ce grand spectacle audiovisuel raconte dans la premi\u00e8re partie comment notre existence est le r\u00e9sultat d\u2019une longue histoire dont le premier chapitre connu s\u2019appelle le Big Bang. Dans la seconde, il nous montre des signaux virant au rouge. Ce spectacle contribue \u00e0 mieux comprendre ce qui s\u2019est pass\u00e9 et ce qui se passe en ce moment au niveau plan\u00e9taire.<\/span><\/li>\n<li><span style=\"font-family: 'times new roman', times, serif; font-size: 20px;\"><em>L\u2019Univers au fil de l\u2019eau<\/em>retra\u00e7ant les origines de l\u2019eau sur Terre, et le rapport entre la vie et l\u2019eau.<\/span><\/li>\n<li><span style=\"font-family: 'times new roman', times, serif; font-size: 20px;\"><em>Voyage au c\u0153ur des galaxies<\/em>: La conf\u00e9rence traite des plusieurs sujets relatifs \u00e0 l\u2019astronomie, de la naissance des \u00e9toiles, aux trous noirs, en passant par le Soleil. \u00ab&nbsp;Exoplan\u00e8tes et exobiologie, les originalit\u00e9s de la vie&nbsp;\u00bb&nbsp;: Les r\u00e9cents progr\u00e8s de l\u2019astronomie contemporaine ont permis la d\u00e9couverte de milliers de plan\u00e8tes tournant autour d\u2019\u00e9toiles de notre galaxie. Au fur et \u00e0 mesure de la conf\u00e9rence, on prend conscience du caract\u00e8re unique de la Terre.<\/span><\/li>\n<li><span style=\"font-family: 'times new roman', times, serif; font-size: 20px;\"><em>Comprendre le cosmos pour dessiner l&rsquo;avenir<\/em>, 2019, conf\u00e9rence&nbsp;TEDxPointe\u00e0Pitre.<\/span><\/li>\n<\/ul>\n<hr>\n<p>&nbsp;<\/p>\n","protected":false},"excerpt":{"rendered":"<p>Beno\u00eet Reeves, n\u00e9 le&nbsp;1er&nbsp;janvier 1960&nbsp;\u00e0&nbsp;Montr\u00e9al, est un m\u00e9diateur scientifique franco-canadien sp\u00e9cialis\u00e9 dans les domaines de l\u2019astronomie&nbsp;et de l\u2019environnement, \u00e9galement&nbsp;chef d&rsquo;orchestre,&nbsp;musicien&nbsp;et&nbsp;r\u00e9alisateur. Jeunesse et formation Il est le fils de l&rsquo;astrophysicien&nbsp;Hubert Reeves&nbsp;et de la musicienne et chercheuse&nbsp;Francine Brunel. La famille arrive en France en 1964, date \u00e0 laquelle Hubert Reeves est engag\u00e9 pour une mission au&nbsp;CNRS. Inscrit &hellip; <\/p>\n<p class=\"link-more\"><a href=\"https:\/\/gap47.astrosurf.com\/index.php\/parcours-de-benoit-reeves\/\" class=\"more-link\">Continuer la lecture<span class=\"screen-reader-text\"> de &laquo;&nbsp;Parcours de Beno\u00eet Reeves&nbsp;&raquo;<\/span><\/a><\/p>\n","protected":false},"author":5,"featured_media":0,"parent":0,"menu_order":0,"comment_status":"closed","ping_status":"closed","template":"","meta":{"_exactmetrics_skip_tracking":false,"_exactmetrics_sitenote_active":false,"_exactmetrics_sitenote_note":"","_exactmetrics_sitenote_category":0,"ngg_post_thumbnail":0,"footnotes":""},"class_list":["post-12887","page","type-page","status-publish","hentry"],"yoast_head":"<!-- This site is optimized with the Yoast SEO plugin v24.8.1 - https:\/\/yoast.com\/wordpress\/plugins\/seo\/ -->\n<title>Parcours de Beno\u00eet Reeves - L&#039;observatoire est ouvert aux visiteurs tous les vendredis soirs \u00e0 21 heures, jusqu&#039;au 3 juillet 2026 inclus, sans r\u00e9servation.<\/title>\n<meta name=\"robots\" content=\"index, follow, max-snippet:-1, max-image-preview:large, max-video-preview:-1\" \/>\n<link rel=\"canonical\" href=\"https:\/\/gap47.astrosurf.com\/index.php\/parcours-de-benoit-reeves\/\" \/>\n<meta property=\"og:locale\" content=\"fr_FR\" \/>\n<meta property=\"og:type\" content=\"article\" \/>\n<meta property=\"og:title\" content=\"Parcours de Beno\u00eet Reeves - L&#039;observatoire est ouvert aux visiteurs tous les vendredis soirs \u00e0 21 heures, jusqu&#039;au 3 juillet 2026 inclus, sans r\u00e9servation.\" \/>\n<meta property=\"og:description\" content=\"Beno\u00eet Reeves, n\u00e9 le&nbsp;1er&nbsp;janvier 1960&nbsp;\u00e0&nbsp;Montr\u00e9al, est un m\u00e9diateur scientifique franco-canadien sp\u00e9cialis\u00e9 dans les domaines de l\u2019astronomie&nbsp;et de l\u2019environnement, \u00e9galement&nbsp;chef d&rsquo;orchestre,&nbsp;musicien&nbsp;et&nbsp;r\u00e9alisateur. Jeunesse et formation Il est le fils de l&rsquo;astrophysicien&nbsp;Hubert Reeves&nbsp;et de la musicienne et chercheuse&nbsp;Francine Brunel. La famille arrive en France en 1964, date \u00e0 laquelle Hubert Reeves est engag\u00e9 pour une mission au&nbsp;CNRS. Inscrit &hellip; Continuer la lecture de &laquo;&nbsp;Parcours de Beno\u00eet Reeves&nbsp;&raquo;\" \/>\n<meta property=\"og:url\" content=\"https:\/\/gap47.astrosurf.com\/index.php\/parcours-de-benoit-reeves\/\" \/>\n<meta property=\"og:site_name\" content=\"L&#039;observatoire est ouvert aux visiteurs tous les vendredis soirs \u00e0 21 heures, jusqu&#039;au 3 juillet 2026 inclus, sans r\u00e9servation.\" \/>\n<meta property=\"article:publisher\" content=\"https:\/\/www.facebook.com\/astrogap47\/\" \/>\n<meta name=\"twitter:card\" content=\"summary_large_image\" \/>\n<meta name=\"twitter:label1\" content=\"Dur\u00e9e de lecture estim\u00e9e\" \/>\n\t<meta name=\"twitter:data1\" content=\"5 minutes\" \/>\n<script type=\"application\/ld+json\" class=\"yoast-schema-graph\">{\"@context\":\"https:\/\/schema.org\",\"@graph\":[{\"@type\":\"WebPage\",\"@id\":\"https:\/\/gap47.astrosurf.com\/index.php\/parcours-de-benoit-reeves\/\",\"url\":\"https:\/\/gap47.astrosurf.com\/index.php\/parcours-de-benoit-reeves\/\",\"name\":\"Parcours de Beno\u00eet Reeves - L&#039;observatoire est ouvert aux visiteurs tous les vendredis soirs \u00e0 21 heures, jusqu&#039;au 3 juillet 2026 inclus, sans r\u00e9servation.\",\"isPartOf\":{\"@id\":\"https:\/\/gap47.astrosurf.com\/#website\"},\"datePublished\":\"2024-03-27T21:41:54+00:00\",\"breadcrumb\":{\"@id\":\"https:\/\/gap47.astrosurf.com\/index.php\/parcours-de-benoit-reeves\/#breadcrumb\"},\"inLanguage\":\"fr-FR\",\"potentialAction\":[{\"@type\":\"ReadAction\",\"target\":[\"https:\/\/gap47.astrosurf.com\/index.php\/parcours-de-benoit-reeves\/\"]}]},{\"@type\":\"BreadcrumbList\",\"@id\":\"https:\/\/gap47.astrosurf.com\/index.php\/parcours-de-benoit-reeves\/#breadcrumb\",\"itemListElement\":[{\"@type\":\"ListItem\",\"position\":1,\"name\":\"Accueil\",\"item\":\"https:\/\/gap47.astrosurf.com\/\"},{\"@type\":\"ListItem\",\"position\":2,\"name\":\"Parcours de Beno\u00eet Reeves\"}]},{\"@type\":\"WebSite\",\"@id\":\"https:\/\/gap47.astrosurf.com\/#website\",\"url\":\"https:\/\/gap47.astrosurf.com\/\",\"name\":\"De janvier \u00e0 fin juin 2024, le GAP47 sera ouvert aux visiteurs tous les vendredis \u00e0 21h sans r\u00e9servation, \u00e0 l'exception du vendredi 26 janvier o\u00f9 l'observatoire sera ferm\u00e9 au public.\",\"description\":\"Groupe d&#039;Astronomie Populaire du Lot-et-Garonne, \u00e0 Montayral\",\"potentialAction\":[{\"@type\":\"SearchAction\",\"target\":{\"@type\":\"EntryPoint\",\"urlTemplate\":\"https:\/\/gap47.astrosurf.com\/?s={search_term_string}\"},\"query-input\":{\"@type\":\"PropertyValueSpecification\",\"valueRequired\":true,\"valueName\":\"search_term_string\"}}],\"inLanguage\":\"fr-FR\"}]}<\/script>\n<!-- \/ Yoast SEO plugin. -->","yoast_head_json":{"title":"Parcours de Beno\u00eet Reeves - L&#039;observatoire est ouvert aux visiteurs tous les vendredis soirs \u00e0 21 heures, jusqu&#039;au 3 juillet 2026 inclus, sans r\u00e9servation.","robots":{"index":"index","follow":"follow","max-snippet":"max-snippet:-1","max-image-preview":"max-image-preview:large","max-video-preview":"max-video-preview:-1"},"canonical":"https:\/\/gap47.astrosurf.com\/index.php\/parcours-de-benoit-reeves\/","og_locale":"fr_FR","og_type":"article","og_title":"Parcours de Beno\u00eet Reeves - L&#039;observatoire est ouvert aux visiteurs tous les vendredis soirs \u00e0 21 heures, jusqu&#039;au 3 juillet 2026 inclus, sans r\u00e9servation.","og_description":"Beno\u00eet Reeves, n\u00e9 le&nbsp;1er&nbsp;janvier 1960&nbsp;\u00e0&nbsp;Montr\u00e9al, est un m\u00e9diateur scientifique franco-canadien sp\u00e9cialis\u00e9 dans les domaines de l\u2019astronomie&nbsp;et de l\u2019environnement, \u00e9galement&nbsp;chef d&rsquo;orchestre,&nbsp;musicien&nbsp;et&nbsp;r\u00e9alisateur. Jeunesse et formation Il est le fils de l&rsquo;astrophysicien&nbsp;Hubert Reeves&nbsp;et de la musicienne et chercheuse&nbsp;Francine Brunel. La famille arrive en France en 1964, date \u00e0 laquelle Hubert Reeves est engag\u00e9 pour une mission au&nbsp;CNRS. Inscrit &hellip; Continuer la lecture de &laquo;&nbsp;Parcours de Beno\u00eet Reeves&nbsp;&raquo;","og_url":"https:\/\/gap47.astrosurf.com\/index.php\/parcours-de-benoit-reeves\/","og_site_name":"L&#039;observatoire est ouvert aux visiteurs tous les vendredis soirs \u00e0 21 heures, jusqu&#039;au 3 juillet 2026 inclus, sans r\u00e9servation.","article_publisher":"https:\/\/www.facebook.com\/astrogap47\/","twitter_card":"summary_large_image","twitter_misc":{"Dur\u00e9e de lecture estim\u00e9e":"5 minutes"},"schema":{"@context":"https:\/\/schema.org","@graph":[{"@type":"WebPage","@id":"https:\/\/gap47.astrosurf.com\/index.php\/parcours-de-benoit-reeves\/","url":"https:\/\/gap47.astrosurf.com\/index.php\/parcours-de-benoit-reeves\/","name":"Parcours de Beno\u00eet Reeves - L&#039;observatoire est ouvert aux visiteurs tous les vendredis soirs \u00e0 21 heures, jusqu&#039;au 3 juillet 2026 inclus, sans r\u00e9servation.","isPartOf":{"@id":"https:\/\/gap47.astrosurf.com\/#website"},"datePublished":"2024-03-27T21:41:54+00:00","breadcrumb":{"@id":"https:\/\/gap47.astrosurf.com\/index.php\/parcours-de-benoit-reeves\/#breadcrumb"},"inLanguage":"fr-FR","potentialAction":[{"@type":"ReadAction","target":["https:\/\/gap47.astrosurf.com\/index.php\/parcours-de-benoit-reeves\/"]}]},{"@type":"BreadcrumbList","@id":"https:\/\/gap47.astrosurf.com\/index.php\/parcours-de-benoit-reeves\/#breadcrumb","itemListElement":[{"@type":"ListItem","position":1,"name":"Accueil","item":"https:\/\/gap47.astrosurf.com\/"},{"@type":"ListItem","position":2,"name":"Parcours de Beno\u00eet Reeves"}]},{"@type":"WebSite","@id":"https:\/\/gap47.astrosurf.com\/#website","url":"https:\/\/gap47.astrosurf.com\/","name":"De janvier \u00e0 fin juin 2024, le GAP47 sera ouvert aux visiteurs tous les vendredis \u00e0 21h sans r\u00e9servation, \u00e0 l'exception du vendredi 26 janvier o\u00f9 l'observatoire sera ferm\u00e9 au public.","description":"Groupe d&#039;Astronomie Populaire du Lot-et-Garonne, \u00e0 Montayral","potentialAction":[{"@type":"SearchAction","target":{"@type":"EntryPoint","urlTemplate":"https:\/\/gap47.astrosurf.com\/?s={search_term_string}"},"query-input":{"@type":"PropertyValueSpecification","valueRequired":true,"valueName":"search_term_string"}}],"inLanguage":"fr-FR"}]}},"_links":{"self":[{"href":"https:\/\/gap47.astrosurf.com\/index.php\/wp-json\/wp\/v2\/pages\/12887","targetHints":{"allow":["GET"]}}],"collection":[{"href":"https:\/\/gap47.astrosurf.com\/index.php\/wp-json\/wp\/v2\/pages"}],"about":[{"href":"https:\/\/gap47.astrosurf.com\/index.php\/wp-json\/wp\/v2\/types\/page"}],"author":[{"embeddable":true,"href":"https:\/\/gap47.astrosurf.com\/index.php\/wp-json\/wp\/v2\/users\/5"}],"replies":[{"embeddable":true,"href":"https:\/\/gap47.astrosurf.com\/index.php\/wp-json\/wp\/v2\/comments?post=12887"}],"version-history":[{"count":1,"href":"https:\/\/gap47.astrosurf.com\/index.php\/wp-json\/wp\/v2\/pages\/12887\/revisions"}],"predecessor-version":[{"id":12888,"href":"https:\/\/gap47.astrosurf.com\/index.php\/wp-json\/wp\/v2\/pages\/12887\/revisions\/12888"}],"wp:attachment":[{"href":"https:\/\/gap47.astrosurf.com\/index.php\/wp-json\/wp\/v2\/media?parent=12887"}],"curies":[{"name":"wp","href":"https:\/\/api.w.org\/{rel}","templated":true}]}}