 {"id":1281,"date":"2017-05-23T16:43:07","date_gmt":"2017-05-23T14:43:07","guid":{"rendered":"http:\/\/gap47.astrosurf.com\/?page_id=1281"},"modified":"2021-11-15T22:18:45","modified_gmt":"2021-11-15T20:18:45","slug":"nos-videos","status":"publish","type":"page","link":"https:\/\/gap47.astrosurf.com\/index.php\/ressources\/nos-videos\/","title":{"rendered":"Nos vid\u00e9os"},"content":{"rendered":"<div style=\"width: 525px;\" class=\"wp-video\"><video class=\"wp-video-shortcode\" id=\"video-1281-1\" width=\"525\" height=\"295\" preload=\"metadata\" controls=\"controls\"><source type=\"video\/mp4\" src=\"http:\/\/gap47.astrosurf.com\/wp-content\/uploads\/2021\/11\/GAP.mp4?_=1\" \/><a href=\"http:\/\/gap47.astrosurf.com\/wp-content\/uploads\/2021\/11\/GAP.mp4\">http:\/\/gap47.astrosurf.com\/wp-content\/uploads\/2021\/11\/GAP.mp4<\/a><\/video><\/div>\n<hr>\n<p style=\"text-align: center;\"><strong><span style=\"font-family: 'times new roman', times, serif; font-size: 20px;\">Ici, une vid\u00e9o qui n&rsquo;en est pas une, mais qui est un panoramique sur 360 degr\u00e9s r\u00e9alis\u00e9 par le rover Perseverance de la NASA sur Mars en mars 2021. Philippe, membre du GAP47, l&rsquo;a transform\u00e9 pour en faire un panorama interactif o\u00f9 l&rsquo;on peut se d\u00e9placer, zoomer, ou effectuer une rotation automatique. \u00c0 ne surtout pas manquer&#8230; Cliquez ci-dessous&nbsp; <\/span><span style=\"font-family: 'times new roman', times, serif; font-size: 20px;\">\u21d3<\/span><\/strong><\/p>\n<p><a href=\"http:\/\/gap47.astrosurf.com\/index.php\/perseverance-360\/\" target=\"_blank\" rel=\"noopener\"><img decoding=\"async\" class=\"aligncenter\" src=\"http:\/\/gap47.astrosurf.com\/wp-content\/uploads\/2021\/03\/Photo-Perseverance-pour-panoramique.jpg\"><\/a><\/p>\n<hr>\n<p><span style=\"font-family: arial,helvetica,sans-serif; font-size: 20px;\">Notre pr\u00e9sident, Pierre Valat, nous a rapport\u00e9 cette vid\u00e9o de l&rsquo;\u00e9clipse du 21 ao\u00fbt 2017 aux Etats-Unis. Il \u00e9tait dans le Wyoming \u00e0 2.000 m\u00e8tres d&rsquo;altitude. Ce n&rsquo;est pas une vision de l&rsquo;\u00e9clipse elle-m\u00eame, mais de ce que l&rsquo;on ressent quand on y assiste.<\/span><\/p>\n<p><a href=\"https:\/\/www.youtube.com\/watch?v=A-KDxpce830&amp;feature=youtu.be\" target=\"_blank\" rel=\"noopener noreferrer\"><img loading=\"lazy\" decoding=\"async\" class=\"alignnone wp-image-5199\" src=\"http:\/\/gap47.astrosurf.com\/wp-content\/uploads\/2017\/05\/Capture-d\u2019e\u0301cran-2017-09-11-a\u0300-01.21.15.png\" alt=\"\" width=\"2000\" height=\"1059\" srcset=\"https:\/\/gap47.astrosurf.com\/wp-content\/uploads\/2017\/05\/Capture-d\u2019e\u0301cran-2017-09-11-a\u0300-01.21.15.png 2560w, https:\/\/gap47.astrosurf.com\/wp-content\/uploads\/2017\/05\/Capture-d\u2019e\u0301cran-2017-09-11-a\u0300-01.21.15-300x159.png 300w, https:\/\/gap47.astrosurf.com\/wp-content\/uploads\/2017\/05\/Capture-d\u2019e\u0301cran-2017-09-11-a\u0300-01.21.15-768x407.png 768w, https:\/\/gap47.astrosurf.com\/wp-content\/uploads\/2017\/05\/Capture-d\u2019e\u0301cran-2017-09-11-a\u0300-01.21.15-2000x1059.png 2000w\" sizes=\"auto, (max-width: 767px) 89vw, (max-width: 1000px) 54vw, (max-width: 1071px) 543px, 580px\" \/><\/a><\/p>\n<hr>\n<p><span style=\"font-size: 20px;\"><span style=\"font-family: arial,helvetica,sans-serif;\"><strong>Vid\u00e9os du GAP47 (1 et 2), vues par un drone <span style=\"font-family: 'times new roman', times, serif; font-size: 20px;\"><em>(Fran\u00e7ois Doffin, GAP47)<\/em><\/span><\/strong><\/span><\/span><span style=\"font-size: 20px;\"><span style=\"font-family: arial,helvetica,sans-serif;\"><strong>&nbsp;&nbsp; <\/strong><\/span><\/span><a href=\"https:\/\/www.youtube.com\/watch?v=rs_xpFVQ5dk&amp;feature=youtu.be\" target=\"_blank\" rel=\"noopener noreferrer\"><img loading=\"lazy\" decoding=\"async\" class=\"alignnone wp-image-1297 size-full\" src=\"http:\/\/gap47.astrosurf.com\/wp-content\/uploads\/2017\/05\/Vide\u0301o-Drone.jpg\" alt=\"\" width=\"1500\" height=\"769\" srcset=\"https:\/\/gap47.astrosurf.com\/wp-content\/uploads\/2017\/05\/Vide\u0301o-Drone.jpg 1500w, https:\/\/gap47.astrosurf.com\/wp-content\/uploads\/2017\/05\/Vide\u0301o-Drone-300x154.jpg 300w, https:\/\/gap47.astrosurf.com\/wp-content\/uploads\/2017\/05\/Vide\u0301o-Drone-768x394.jpg 768w\" sizes=\"auto, (max-width: 767px) 89vw, (max-width: 1000px) 54vw, (max-width: 1071px) 543px, 580px\" \/><\/a><\/p>\n<hr>\n<p><div class=\"ose-youtube ose-uid-3e5f3e142cbc38d73e2667bd7d99d4ca ose-embedpress-responsive\" style=\"width:600px; height:550px; max-height:550px; max-width:100%; display:inline-block;\" data-embed-type=\"Youtube\"><iframe loading=\"lazy\" allowFullScreen=\"true\" title=\"GAP 47 avec ATG 800mm (Nacelle stabilis\u00e9e) RAW\" width=\"600\" height=\"550\" src=\"https:\/\/www.youtube.com\/embed\/D6Nq7A8ckR0?feature=oembed&color=red&rel=0&controls=1&start=&end=&fs=0&iv_load_policy=0&autoplay=0&mute=0&modestbranding=0&cc_load_policy=1&playsinline=1\" frameborder=\"0\" allow=\"accelerometer; encrypted-media;accelerometer;autoplay;clipboard-write;gyroscope;picture-in-picture clipboard-write; encrypted-media; gyroscope; picture-in-picture; web-share\" referrerpolicy=\"strict-origin-when-cross-origin\" allowfullscreen><\/iframe><\/div><\/p>\n<hr>\n<p>&nbsp;<\/p>\n","protected":false},"excerpt":{"rendered":"<p>Ici, une vid\u00e9o qui n&rsquo;en est pas une, mais qui est un panoramique sur 360 degr\u00e9s r\u00e9alis\u00e9 par le rover Perseverance de la NASA sur Mars en mars 2021. Philippe, membre du GAP47, l&rsquo;a transform\u00e9 pour en faire un panorama interactif o\u00f9 l&rsquo;on peut se d\u00e9placer, zoomer, ou effectuer une rotation automatique. \u00c0 ne surtout &hellip; <\/p>\n<p class=\"link-more\"><a href=\"https:\/\/gap47.astrosurf.com\/index.php\/ressources\/nos-videos\/\" class=\"more-link\">Continuer la lecture<span class=\"screen-reader-text\"> de &laquo;&nbsp;Nos vid\u00e9os&nbsp;&raquo;<\/span><\/a><\/p>\n","protected":false},"author":5,"featured_media":0,"parent":85,"menu_order":7,"comment_status":"closed","ping_status":"closed","template":"","meta":{"_exactmetrics_skip_tracking":false,"_exactmetrics_sitenote_active":false,"_exactmetrics_sitenote_note":"","_exactmetrics_sitenote_category":0,"ngg_post_thumbnail":0,"footnotes":""},"class_list":["post-1281","page","type-page","status-publish","hentry"],"yoast_head":"<!-- This site is optimized with the Yoast SEO plugin v24.8.1 - https:\/\/yoast.com\/wordpress\/plugins\/seo\/ -->\n<title>Nos vid\u00e9os - L&#039;observatoire est ouvert aux visiteurs tous les vendredis soirs \u00e0 21 heures, jusqu&#039;au 3 juillet 2026 inclus, sans r\u00e9servation.<\/title>\n<meta name=\"robots\" content=\"index, follow, max-snippet:-1, max-image-preview:large, max-video-preview:-1\" \/>\n<link rel=\"canonical\" href=\"https:\/\/gap47.astrosurf.com\/index.php\/ressources\/nos-videos\/\" \/>\n<meta property=\"og:locale\" content=\"fr_FR\" \/>\n<meta property=\"og:type\" content=\"article\" \/>\n<meta property=\"og:title\" content=\"Nos vid\u00e9os - L&#039;observatoire est ouvert aux visiteurs tous les vendredis soirs \u00e0 21 heures, jusqu&#039;au 3 juillet 2026 inclus, sans r\u00e9servation.\" \/>\n<meta property=\"og:description\" content=\"Ici, une vid\u00e9o qui n&rsquo;en est pas une, mais qui est un panoramique sur 360 degr\u00e9s r\u00e9alis\u00e9 par le rover Perseverance de la NASA sur Mars en mars 2021. Philippe, membre du GAP47, l&rsquo;a transform\u00e9 pour en faire un panorama interactif o\u00f9 l&rsquo;on peut se d\u00e9placer, zoomer, ou effectuer une rotation automatique. \u00c0 ne surtout &hellip; Continuer la lecture de &laquo;&nbsp;Nos vid\u00e9os&nbsp;&raquo;\" \/>\n<meta property=\"og:url\" content=\"https:\/\/gap47.astrosurf.com\/index.php\/ressources\/nos-videos\/\" \/>\n<meta property=\"og:site_name\" content=\"L&#039;observatoire est ouvert aux visiteurs tous les vendredis soirs \u00e0 21 heures, jusqu&#039;au 3 juillet 2026 inclus, sans r\u00e9servation.\" \/>\n<meta property=\"article:publisher\" content=\"https:\/\/www.facebook.com\/astrogap47\/\" \/>\n<meta property=\"article:modified_time\" content=\"2021-11-15T20:18:45+00:00\" \/>\n<meta property=\"og:image\" content=\"http:\/\/gap47.astrosurf.com\/wp-content\/uploads\/2021\/03\/Photo-Perseverance-pour-panoramique.jpg\" \/>\n<meta name=\"twitter:card\" content=\"summary_large_image\" \/>\n<meta name=\"twitter:label1\" content=\"Dur\u00e9e de lecture estim\u00e9e\" \/>\n\t<meta name=\"twitter:data1\" content=\"2 minutes\" \/>\n<script type=\"application\/ld+json\" class=\"yoast-schema-graph\">{\"@context\":\"https:\/\/schema.org\",\"@graph\":[{\"@type\":\"WebPage\",\"@id\":\"https:\/\/gap47.astrosurf.com\/index.php\/ressources\/nos-videos\/\",\"url\":\"https:\/\/gap47.astrosurf.com\/index.php\/ressources\/nos-videos\/\",\"name\":\"Nos vid\u00e9os - L&#039;observatoire est ouvert aux visiteurs tous les vendredis soirs \u00e0 21 heures, jusqu&#039;au 3 juillet 2026 inclus, sans r\u00e9servation.\",\"isPartOf\":{\"@id\":\"https:\/\/gap47.astrosurf.com\/#website\"},\"primaryImageOfPage\":{\"@id\":\"https:\/\/gap47.astrosurf.com\/index.php\/ressources\/nos-videos\/#primaryimage\"},\"image\":{\"@id\":\"https:\/\/gap47.astrosurf.com\/index.php\/ressources\/nos-videos\/#primaryimage\"},\"thumbnailUrl\":\"http:\/\/gap47.astrosurf.com\/wp-content\/uploads\/2021\/03\/Photo-Perseverance-pour-panoramique.jpg\",\"datePublished\":\"2017-05-23T14:43:07+00:00\",\"dateModified\":\"2021-11-15T20:18:45+00:00\",\"breadcrumb\":{\"@id\":\"https:\/\/gap47.astrosurf.com\/index.php\/ressources\/nos-videos\/#breadcrumb\"},\"inLanguage\":\"fr-FR\",\"potentialAction\":[{\"@type\":\"ReadAction\",\"target\":[\"https:\/\/gap47.astrosurf.com\/index.php\/ressources\/nos-videos\/\"]}]},{\"@type\":\"ImageObject\",\"inLanguage\":\"fr-FR\",\"@id\":\"https:\/\/gap47.astrosurf.com\/index.php\/ressources\/nos-videos\/#primaryimage\",\"url\":\"https:\/\/gap47.astrosurf.com\/wp-content\/uploads\/2021\/03\/Photo-Perseverance-pour-panoramique.jpg\",\"contentUrl\":\"https:\/\/gap47.astrosurf.com\/wp-content\/uploads\/2021\/03\/Photo-Perseverance-pour-panoramique.jpg\",\"width\":2516,\"height\":1048},{\"@type\":\"BreadcrumbList\",\"@id\":\"https:\/\/gap47.astrosurf.com\/index.php\/ressources\/nos-videos\/#breadcrumb\",\"itemListElement\":[{\"@type\":\"ListItem\",\"position\":1,\"name\":\"Accueil\",\"item\":\"https:\/\/gap47.astrosurf.com\/\"},{\"@type\":\"ListItem\",\"position\":2,\"name\":\"Ressources\",\"item\":\"https:\/\/gap47.astrosurf.com\/index.php\/ressources\/\"},{\"@type\":\"ListItem\",\"position\":3,\"name\":\"Nos vid\u00e9os\"}]},{\"@type\":\"WebSite\",\"@id\":\"https:\/\/gap47.astrosurf.com\/#website\",\"url\":\"https:\/\/gap47.astrosurf.com\/\",\"name\":\"De janvier \u00e0 fin juin 2024, le GAP47 sera ouvert aux visiteurs tous les vendredis \u00e0 21h sans r\u00e9servation, \u00e0 l'exception du vendredi 26 janvier o\u00f9 l'observatoire sera ferm\u00e9 au public.\",\"description\":\"Groupe d&#039;Astronomie Populaire du Lot-et-Garonne, \u00e0 Montayral\",\"potentialAction\":[{\"@type\":\"SearchAction\",\"target\":{\"@type\":\"EntryPoint\",\"urlTemplate\":\"https:\/\/gap47.astrosurf.com\/?s={search_term_string}\"},\"query-input\":{\"@type\":\"PropertyValueSpecification\",\"valueRequired\":true,\"valueName\":\"search_term_string\"}}],\"inLanguage\":\"fr-FR\"}]}<\/script>\n<!-- \/ Yoast SEO plugin. -->","yoast_head_json":{"title":"Nos vid\u00e9os - L&#039;observatoire est ouvert aux visiteurs tous les vendredis soirs \u00e0 21 heures, jusqu&#039;au 3 juillet 2026 inclus, sans r\u00e9servation.","robots":{"index":"index","follow":"follow","max-snippet":"max-snippet:-1","max-image-preview":"max-image-preview:large","max-video-preview":"max-video-preview:-1"},"canonical":"https:\/\/gap47.astrosurf.com\/index.php\/ressources\/nos-videos\/","og_locale":"fr_FR","og_type":"article","og_title":"Nos vid\u00e9os - L&#039;observatoire est ouvert aux visiteurs tous les vendredis soirs \u00e0 21 heures, jusqu&#039;au 3 juillet 2026 inclus, sans r\u00e9servation.","og_description":"Ici, une vid\u00e9o qui n&rsquo;en est pas une, mais qui est un panoramique sur 360 degr\u00e9s r\u00e9alis\u00e9 par le rover Perseverance de la NASA sur Mars en mars 2021. Philippe, membre du GAP47, l&rsquo;a transform\u00e9 pour en faire un panorama interactif o\u00f9 l&rsquo;on peut se d\u00e9placer, zoomer, ou effectuer une rotation automatique. \u00c0 ne surtout &hellip; Continuer la lecture de &laquo;&nbsp;Nos vid\u00e9os&nbsp;&raquo;","og_url":"https:\/\/gap47.astrosurf.com\/index.php\/ressources\/nos-videos\/","og_site_name":"L&#039;observatoire est ouvert aux visiteurs tous les vendredis soirs \u00e0 21 heures, jusqu&#039;au 3 juillet 2026 inclus, sans r\u00e9servation.","article_publisher":"https:\/\/www.facebook.com\/astrogap47\/","article_modified_time":"2021-11-15T20:18:45+00:00","og_image":[{"url":"http:\/\/gap47.astrosurf.com\/wp-content\/uploads\/2021\/03\/Photo-Perseverance-pour-panoramique.jpg","type":"","width":"","height":""}],"twitter_card":"summary_large_image","twitter_misc":{"Dur\u00e9e de lecture estim\u00e9e":"2 minutes"},"schema":{"@context":"https:\/\/schema.org","@graph":[{"@type":"WebPage","@id":"https:\/\/gap47.astrosurf.com\/index.php\/ressources\/nos-videos\/","url":"https:\/\/gap47.astrosurf.com\/index.php\/ressources\/nos-videos\/","name":"Nos vid\u00e9os - L&#039;observatoire est ouvert aux visiteurs tous les vendredis soirs \u00e0 21 heures, jusqu&#039;au 3 juillet 2026 inclus, sans r\u00e9servation.","isPartOf":{"@id":"https:\/\/gap47.astrosurf.com\/#website"},"primaryImageOfPage":{"@id":"https:\/\/gap47.astrosurf.com\/index.php\/ressources\/nos-videos\/#primaryimage"},"image":{"@id":"https:\/\/gap47.astrosurf.com\/index.php\/ressources\/nos-videos\/#primaryimage"},"thumbnailUrl":"http:\/\/gap47.astrosurf.com\/wp-content\/uploads\/2021\/03\/Photo-Perseverance-pour-panoramique.jpg","datePublished":"2017-05-23T14:43:07+00:00","dateModified":"2021-11-15T20:18:45+00:00","breadcrumb":{"@id":"https:\/\/gap47.astrosurf.com\/index.php\/ressources\/nos-videos\/#breadcrumb"},"inLanguage":"fr-FR","potentialAction":[{"@type":"ReadAction","target":["https:\/\/gap47.astrosurf.com\/index.php\/ressources\/nos-videos\/"]}]},{"@type":"ImageObject","inLanguage":"fr-FR","@id":"https:\/\/gap47.astrosurf.com\/index.php\/ressources\/nos-videos\/#primaryimage","url":"https:\/\/gap47.astrosurf.com\/wp-content\/uploads\/2021\/03\/Photo-Perseverance-pour-panoramique.jpg","contentUrl":"https:\/\/gap47.astrosurf.com\/wp-content\/uploads\/2021\/03\/Photo-Perseverance-pour-panoramique.jpg","width":2516,"height":1048},{"@type":"BreadcrumbList","@id":"https:\/\/gap47.astrosurf.com\/index.php\/ressources\/nos-videos\/#breadcrumb","itemListElement":[{"@type":"ListItem","position":1,"name":"Accueil","item":"https:\/\/gap47.astrosurf.com\/"},{"@type":"ListItem","position":2,"name":"Ressources","item":"https:\/\/gap47.astrosurf.com\/index.php\/ressources\/"},{"@type":"ListItem","position":3,"name":"Nos vid\u00e9os"}]},{"@type":"WebSite","@id":"https:\/\/gap47.astrosurf.com\/#website","url":"https:\/\/gap47.astrosurf.com\/","name":"De janvier \u00e0 fin juin 2024, le GAP47 sera ouvert aux visiteurs tous les vendredis \u00e0 21h sans r\u00e9servation, \u00e0 l'exception du vendredi 26 janvier o\u00f9 l'observatoire sera ferm\u00e9 au public.","description":"Groupe d&#039;Astronomie Populaire du Lot-et-Garonne, \u00e0 Montayral","potentialAction":[{"@type":"SearchAction","target":{"@type":"EntryPoint","urlTemplate":"https:\/\/gap47.astrosurf.com\/?s={search_term_string}"},"query-input":{"@type":"PropertyValueSpecification","valueRequired":true,"valueName":"search_term_string"}}],"inLanguage":"fr-FR"}]}},"_links":{"self":[{"href":"https:\/\/gap47.astrosurf.com\/index.php\/wp-json\/wp\/v2\/pages\/1281","targetHints":{"allow":["GET"]}}],"collection":[{"href":"https:\/\/gap47.astrosurf.com\/index.php\/wp-json\/wp\/v2\/pages"}],"about":[{"href":"https:\/\/gap47.astrosurf.com\/index.php\/wp-json\/wp\/v2\/types\/page"}],"author":[{"embeddable":true,"href":"https:\/\/gap47.astrosurf.com\/index.php\/wp-json\/wp\/v2\/users\/5"}],"replies":[{"embeddable":true,"href":"https:\/\/gap47.astrosurf.com\/index.php\/wp-json\/wp\/v2\/comments?post=1281"}],"version-history":[{"count":19,"href":"https:\/\/gap47.astrosurf.com\/index.php\/wp-json\/wp\/v2\/pages\/1281\/revisions"}],"predecessor-version":[{"id":1292,"href":"https:\/\/gap47.astrosurf.com\/index.php\/wp-json\/wp\/v2\/pages\/1281\/revisions\/1292"}],"up":[{"embeddable":true,"href":"https:\/\/gap47.astrosurf.com\/index.php\/wp-json\/wp\/v2\/pages\/85"}],"wp:attachment":[{"href":"https:\/\/gap47.astrosurf.com\/index.php\/wp-json\/wp\/v2\/media?parent=1281"}],"curies":[{"name":"wp","href":"https:\/\/api.w.org\/{rel}","templated":true}]}}