 {"id":1279,"date":"2017-05-23T16:42:12","date_gmt":"2017-05-23T14:42:12","guid":{"rendered":"http:\/\/gap47.astrosurf.com\/?page_id=1279"},"modified":"2020-10-21T03:11:30","modified_gmt":"2020-10-21T01:11:30","slug":"nos-photos","status":"publish","type":"page","link":"https:\/\/gap47.astrosurf.com\/index.php\/ressources\/nos-photos\/","title":{"rendered":"Nos photos"},"content":{"rendered":"<p><span style=\"font-size: 20px;\"><strong><span style=\"font-family: arial,helvetica,sans-serif;\">Vous pourrez voir quelques unes des astro-photos r\u00e9alis\u00e9es par les membres du GAP47. Elles sont ici class\u00e9es par th\u00e8mes. Cliquez sur le sujet qui vous int\u00e9resse :<\/span><\/strong><\/span><\/p>\n<p><span style=\"font-family: times new roman,times,serif; font-size: 20px;\">1) <a href=\"http:\/\/gap47.astrosurf.com\/index.php\/photos-du-soleil\/\" target=\"_blank\" rel=\"noopener noreferrer\">Le Soleil<\/a><\/span><br \/>\n<span style=\"font-family: times new roman,times,serif; font-size: 20px;\"> 2) <a href=\"http:\/\/gap47.astrosurf.com\/index.php\/photos-de-la-Lune\/\" target=\"_blank\" rel=\"noopener noreferrer\">La Lune<\/a><\/span><br \/>\n<span style=\"font-family: times new roman,times,serif; font-size: 20px;\"> 3) <a href=\"http:\/\/gap47.astrosurf.com\/index.php\/photos-des-planetes\/\" target=\"_blank\" rel=\"noopener noreferrer\">Les plan\u00e8tes<\/a><\/span><br \/>\n<span style=\"font-family: times new roman,times,serif; font-size: 20px;\"> 4) <a href=\"http:\/\/gap47.astrosurf.com\/index.php\/photos-des-cometes\/\" target=\"_blank\" rel=\"noopener noreferrer\">Les com\u00e8tes<\/a><\/span><br \/>\n<span style=\"font-family: times new roman,times,serif; font-size: 20px;\"> 5) <a href=\"http:\/\/gap47.astrosurf.com\/index.php\/photos-du-ciel-profond\/\" target=\"_blank\" rel=\"noopener noreferrer\">Le ciel profond<\/a><\/span><br \/>\n<span style=\"font-family: times new roman,times,serif; font-size: 20px;\"> 6) <a href=\"http:\/\/gap47.astrosurf.com\/index.php\/ressources\/nos-photos-et-videos\/nos-photos\/les-eclipses-de-soleil\/\" target=\"_blank\" rel=\"noopener noreferrer\">Les \u00e9clipses de Soleil<\/a><\/span><br \/>\n<span style=\"font-family: 'times new roman', times, serif; font-size: 20px;\">7) <a href=\"http:\/\/gap47.astrosurf.com\/index.php\/ressources\/nos-photos-et-videos\/nos-photos\/les-eclipses-de-lune\/\" target=\"_blank\" rel=\"noopener noreferrer\">Les \u00e9clipses de Lune<\/a><\/span><br \/>\n<span style=\"font-family: 'times new roman', times, serif; font-size: 20px;\">8) <a href=\"http:\/\/gap47.astrosurf.com\/index.php\/ressources\/nos-photos-et-videos\/nos-photos\/transits-et-rencontres\/\" target=\"_blank\" rel=\"noopener noreferrer\">Les transits et les rencontres<\/a><\/span><br \/>\n<span style=\"font-family: 'times new roman', times, serif; font-size: 20px;\">9) <a href=\"http:\/\/gap47.astrosurf.com\/index.php\/ressources\/nos-photos-et-videos\/nos-photos\/alignement-de-planetes\/\" target=\"_blank\" rel=\"noopener noreferrer\">Les alignements de plan\u00e8tes<\/a><\/span><br \/>\n<span style=\"font-family: 'times new roman', times, serif; font-size: 20px;\">10) <a href=\"http:\/\/gap47.astrosurf.com\/index.php\/ressources\/nos-photos-et-videos\/nos-photos\/le-ciel-sans-telescope\/\" target=\"_blank\" rel=\"noopener noreferrer\">Le ciel sans t\u00e9lescope<\/a><\/span><\/p>\n<hr>\n<p>&nbsp;<\/p>\n","protected":false},"excerpt":{"rendered":"<p>Vous pourrez voir quelques unes des astro-photos r\u00e9alis\u00e9es par les membres du GAP47. Elles sont ici class\u00e9es par th\u00e8mes. Cliquez sur le sujet qui vous int\u00e9resse : 1) Le Soleil 2) La Lune 3) Les plan\u00e8tes 4) Les com\u00e8tes 5) Le ciel profond 6) Les \u00e9clipses de Soleil 7) Les \u00e9clipses de Lune 8) Les &hellip; <\/p>\n<p class=\"link-more\"><a href=\"https:\/\/gap47.astrosurf.com\/index.php\/ressources\/nos-photos\/\" class=\"more-link\">Continuer la lecture<span class=\"screen-reader-text\"> de &laquo;&nbsp;Nos photos&nbsp;&raquo;<\/span><\/a><\/p>\n","protected":false},"author":5,"featured_media":0,"parent":85,"menu_order":6,"comment_status":"closed","ping_status":"closed","template":"","meta":{"_exactmetrics_skip_tracking":false,"_exactmetrics_sitenote_active":false,"_exactmetrics_sitenote_note":"","_exactmetrics_sitenote_category":0,"ngg_post_thumbnail":0,"footnotes":""},"class_list":["post-1279","page","type-page","status-publish","hentry"],"yoast_head":"<!-- This site is optimized with the Yoast SEO plugin v24.8.1 - https:\/\/yoast.com\/wordpress\/plugins\/seo\/ -->\n<title>Nos photos - L&#039;observatoire est ouvert aux visiteurs tous les vendredis soirs \u00e0 21 heures, jusqu&#039;au 3 juillet 2026 inclus, sans r\u00e9servation.<\/title>\n<meta name=\"robots\" content=\"index, follow, max-snippet:-1, max-image-preview:large, max-video-preview:-1\" \/>\n<link rel=\"canonical\" href=\"https:\/\/gap47.astrosurf.com\/index.php\/ressources\/nos-photos\/\" \/>\n<meta property=\"og:locale\" content=\"fr_FR\" \/>\n<meta property=\"og:type\" content=\"article\" \/>\n<meta property=\"og:title\" content=\"Nos photos - L&#039;observatoire est ouvert aux visiteurs tous les vendredis soirs \u00e0 21 heures, jusqu&#039;au 3 juillet 2026 inclus, sans r\u00e9servation.\" \/>\n<meta property=\"og:description\" content=\"Vous pourrez voir quelques unes des astro-photos r\u00e9alis\u00e9es par les membres du GAP47. Elles sont ici class\u00e9es par th\u00e8mes. Cliquez sur le sujet qui vous int\u00e9resse : 1) Le Soleil 2) La Lune 3) Les plan\u00e8tes 4) Les com\u00e8tes 5) Le ciel profond 6) Les \u00e9clipses de Soleil 7) Les \u00e9clipses de Lune 8) Les &hellip; Continuer la lecture de &laquo;&nbsp;Nos photos&nbsp;&raquo;\" \/>\n<meta property=\"og:url\" content=\"https:\/\/gap47.astrosurf.com\/index.php\/ressources\/nos-photos\/\" \/>\n<meta property=\"og:site_name\" content=\"L&#039;observatoire est ouvert aux visiteurs tous les vendredis soirs \u00e0 21 heures, jusqu&#039;au 3 juillet 2026 inclus, sans r\u00e9servation.\" \/>\n<meta property=\"article:publisher\" content=\"https:\/\/www.facebook.com\/astrogap47\/\" \/>\n<meta property=\"article:modified_time\" content=\"2020-10-21T01:11:30+00:00\" \/>\n<meta name=\"twitter:card\" content=\"summary_large_image\" \/>\n<script type=\"application\/ld+json\" class=\"yoast-schema-graph\">{\"@context\":\"https:\/\/schema.org\",\"@graph\":[{\"@type\":\"WebPage\",\"@id\":\"https:\/\/gap47.astrosurf.com\/index.php\/ressources\/nos-photos\/\",\"url\":\"https:\/\/gap47.astrosurf.com\/index.php\/ressources\/nos-photos\/\",\"name\":\"Nos photos - L&#039;observatoire est ouvert aux visiteurs tous les vendredis soirs \u00e0 21 heures, jusqu&#039;au 3 juillet 2026 inclus, sans r\u00e9servation.\",\"isPartOf\":{\"@id\":\"https:\/\/gap47.astrosurf.com\/#website\"},\"datePublished\":\"2017-05-23T14:42:12+00:00\",\"dateModified\":\"2020-10-21T01:11:30+00:00\",\"breadcrumb\":{\"@id\":\"https:\/\/gap47.astrosurf.com\/index.php\/ressources\/nos-photos\/#breadcrumb\"},\"inLanguage\":\"fr-FR\",\"potentialAction\":[{\"@type\":\"ReadAction\",\"target\":[\"https:\/\/gap47.astrosurf.com\/index.php\/ressources\/nos-photos\/\"]}]},{\"@type\":\"BreadcrumbList\",\"@id\":\"https:\/\/gap47.astrosurf.com\/index.php\/ressources\/nos-photos\/#breadcrumb\",\"itemListElement\":[{\"@type\":\"ListItem\",\"position\":1,\"name\":\"Accueil\",\"item\":\"https:\/\/gap47.astrosurf.com\/\"},{\"@type\":\"ListItem\",\"position\":2,\"name\":\"Ressources\",\"item\":\"https:\/\/gap47.astrosurf.com\/index.php\/ressources\/\"},{\"@type\":\"ListItem\",\"position\":3,\"name\":\"Nos photos\"}]},{\"@type\":\"WebSite\",\"@id\":\"https:\/\/gap47.astrosurf.com\/#website\",\"url\":\"https:\/\/gap47.astrosurf.com\/\",\"name\":\"De janvier \u00e0 fin juin 2024, le GAP47 sera ouvert aux visiteurs tous les vendredis \u00e0 21h sans r\u00e9servation, \u00e0 l'exception du vendredi 26 janvier o\u00f9 l'observatoire sera ferm\u00e9 au public.\",\"description\":\"Groupe d&#039;Astronomie Populaire du Lot-et-Garonne, \u00e0 Montayral\",\"potentialAction\":[{\"@type\":\"SearchAction\",\"target\":{\"@type\":\"EntryPoint\",\"urlTemplate\":\"https:\/\/gap47.astrosurf.com\/?s={search_term_string}\"},\"query-input\":{\"@type\":\"PropertyValueSpecification\",\"valueRequired\":true,\"valueName\":\"search_term_string\"}}],\"inLanguage\":\"fr-FR\"}]}<\/script>\n<!-- \/ Yoast SEO plugin. -->","yoast_head_json":{"title":"Nos photos - L&#039;observatoire est ouvert aux visiteurs tous les vendredis soirs \u00e0 21 heures, jusqu&#039;au 3 juillet 2026 inclus, sans r\u00e9servation.","robots":{"index":"index","follow":"follow","max-snippet":"max-snippet:-1","max-image-preview":"max-image-preview:large","max-video-preview":"max-video-preview:-1"},"canonical":"https:\/\/gap47.astrosurf.com\/index.php\/ressources\/nos-photos\/","og_locale":"fr_FR","og_type":"article","og_title":"Nos photos - L&#039;observatoire est ouvert aux visiteurs tous les vendredis soirs \u00e0 21 heures, jusqu&#039;au 3 juillet 2026 inclus, sans r\u00e9servation.","og_description":"Vous pourrez voir quelques unes des astro-photos r\u00e9alis\u00e9es par les membres du GAP47. Elles sont ici class\u00e9es par th\u00e8mes. Cliquez sur le sujet qui vous int\u00e9resse : 1) Le Soleil 2) La Lune 3) Les plan\u00e8tes 4) Les com\u00e8tes 5) Le ciel profond 6) Les \u00e9clipses de Soleil 7) Les \u00e9clipses de Lune 8) Les &hellip; Continuer la lecture de &laquo;&nbsp;Nos photos&nbsp;&raquo;","og_url":"https:\/\/gap47.astrosurf.com\/index.php\/ressources\/nos-photos\/","og_site_name":"L&#039;observatoire est ouvert aux visiteurs tous les vendredis soirs \u00e0 21 heures, jusqu&#039;au 3 juillet 2026 inclus, sans r\u00e9servation.","article_publisher":"https:\/\/www.facebook.com\/astrogap47\/","article_modified_time":"2020-10-21T01:11:30+00:00","twitter_card":"summary_large_image","schema":{"@context":"https:\/\/schema.org","@graph":[{"@type":"WebPage","@id":"https:\/\/gap47.astrosurf.com\/index.php\/ressources\/nos-photos\/","url":"https:\/\/gap47.astrosurf.com\/index.php\/ressources\/nos-photos\/","name":"Nos photos - L&#039;observatoire est ouvert aux visiteurs tous les vendredis soirs \u00e0 21 heures, jusqu&#039;au 3 juillet 2026 inclus, sans r\u00e9servation.","isPartOf":{"@id":"https:\/\/gap47.astrosurf.com\/#website"},"datePublished":"2017-05-23T14:42:12+00:00","dateModified":"2020-10-21T01:11:30+00:00","breadcrumb":{"@id":"https:\/\/gap47.astrosurf.com\/index.php\/ressources\/nos-photos\/#breadcrumb"},"inLanguage":"fr-FR","potentialAction":[{"@type":"ReadAction","target":["https:\/\/gap47.astrosurf.com\/index.php\/ressources\/nos-photos\/"]}]},{"@type":"BreadcrumbList","@id":"https:\/\/gap47.astrosurf.com\/index.php\/ressources\/nos-photos\/#breadcrumb","itemListElement":[{"@type":"ListItem","position":1,"name":"Accueil","item":"https:\/\/gap47.astrosurf.com\/"},{"@type":"ListItem","position":2,"name":"Ressources","item":"https:\/\/gap47.astrosurf.com\/index.php\/ressources\/"},{"@type":"ListItem","position":3,"name":"Nos photos"}]},{"@type":"WebSite","@id":"https:\/\/gap47.astrosurf.com\/#website","url":"https:\/\/gap47.astrosurf.com\/","name":"De janvier \u00e0 fin juin 2024, le GAP47 sera ouvert aux visiteurs tous les vendredis \u00e0 21h sans r\u00e9servation, \u00e0 l'exception du vendredi 26 janvier o\u00f9 l'observatoire sera ferm\u00e9 au public.","description":"Groupe d&#039;Astronomie Populaire du Lot-et-Garonne, \u00e0 Montayral","potentialAction":[{"@type":"SearchAction","target":{"@type":"EntryPoint","urlTemplate":"https:\/\/gap47.astrosurf.com\/?s={search_term_string}"},"query-input":{"@type":"PropertyValueSpecification","valueRequired":true,"valueName":"search_term_string"}}],"inLanguage":"fr-FR"}]}},"_links":{"self":[{"href":"https:\/\/gap47.astrosurf.com\/index.php\/wp-json\/wp\/v2\/pages\/1279","targetHints":{"allow":["GET"]}}],"collection":[{"href":"https:\/\/gap47.astrosurf.com\/index.php\/wp-json\/wp\/v2\/pages"}],"about":[{"href":"https:\/\/gap47.astrosurf.com\/index.php\/wp-json\/wp\/v2\/types\/page"}],"author":[{"embeddable":true,"href":"https:\/\/gap47.astrosurf.com\/index.php\/wp-json\/wp\/v2\/users\/5"}],"replies":[{"embeddable":true,"href":"https:\/\/gap47.astrosurf.com\/index.php\/wp-json\/wp\/v2\/comments?post=1279"}],"version-history":[{"count":10,"href":"https:\/\/gap47.astrosurf.com\/index.php\/wp-json\/wp\/v2\/pages\/1279\/revisions"}],"predecessor-version":[{"id":8481,"href":"https:\/\/gap47.astrosurf.com\/index.php\/wp-json\/wp\/v2\/pages\/1279\/revisions\/8481"}],"up":[{"embeddable":true,"href":"https:\/\/gap47.astrosurf.com\/index.php\/wp-json\/wp\/v2\/pages\/85"}],"wp:attachment":[{"href":"https:\/\/gap47.astrosurf.com\/index.php\/wp-json\/wp\/v2\/media?parent=1279"}],"curies":[{"name":"wp","href":"https:\/\/api.w.org\/{rel}","templated":true}]}}