 {"id":12767,"date":"2024-03-04T01:09:48","date_gmt":"2024-03-03T23:09:48","guid":{"rendered":"http:\/\/gap47.astrosurf.com\/?page_id=12767"},"modified":"2025-03-18T18:55:07","modified_gmt":"2025-03-18T16:55:07","slug":"benoit-reeves","status":"publish","type":"page","link":"https:\/\/gap47.astrosurf.com\/index.php\/benoit-reeves\/","title":{"rendered":"Beno\u00eet Reeves"},"content":{"rendered":"<p style=\"text-align: center;\"><span style=\"font-family: 'times new roman', times, serif; font-size: 20px; color: #008000;\"><strong>Nous avions re\u00e7u le 2 mai 2024, \u00e0 la salle de Mortefond \u00e0 Montayral, Beno\u00eet REEVES<\/strong><\/span><\/p>\n<p style=\"text-align: center;\"><span style=\"font-family: 'times new roman', times, serif; font-size: 20px; color: #008000;\"><strong>Le sujet trait\u00e9 avait \u00e9t\u00e9 l\u2019EXOBIOLOGIE et la vie sur d\u2019autres plan\u00e8tes<\/strong><\/span><\/p>\n<p style=\"text-align: center;\"><span style=\"font-family: 'times new roman', times, serif; font-size: 24px; color: #993300;\"><strong>Cette conf\u00e9rence a \u00e9t\u00e9 anim\u00e9e par BENO\u00ceT REEVES qui n\u2019est autre que le fils d\u2019HUBERT REEVES.<\/strong><\/span><\/p>\n<p style=\"text-align: center;\"><span style=\"font-family: 'times new roman', times, serif; font-size: 20px; color: #993300;\"><strong>HUBERT REEVES \u00e9tait cet astrophysicien franco-canadien mondialement connu, qui \u00e9tait aussi l\u2019auteur de nombreux ouvrages, et qui nous a h\u00e9las quitt\u00e9 en octobre 2023.<\/strong><\/span><\/p>\n<p style=\"text-align: center;\"><span style=\"font-family: 'times new roman', times, serif; font-size: 20px;\"><strong>Assister \u00e0 une conf\u00e9rence anim\u00e9e par Beno\u00eet Reeves, un sp\u00e9cialiste d\u2019une telle qualit\u00e9, avait \u00e9t\u00e9 une magnifique opportunit\u00e9 qui n\u2019est pas quelque chose de courant \u00e0 Montayral, ni m\u00eame dans notre d\u00e9partement de Lot-et-Garonne.<\/strong><\/span><\/p>\n<p style=\"text-align: center;\"><a href=\"http:\/\/gap47.astrosurf.com\/wp-content\/uploads\/2024\/03\/2024-05-04-Benoit-Hubert-Reeves_profil.jpg\"><img loading=\"lazy\" decoding=\"async\" class=\"aligncenter size-full wp-image-12784\" src=\"http:\/\/gap47.astrosurf.com\/wp-content\/uploads\/2024\/03\/2024-05-04-Benoit-Hubert-Reeves_profil.jpg\" alt=\"\" width=\"960\" height=\"640\" srcset=\"https:\/\/gap47.astrosurf.com\/wp-content\/uploads\/2024\/03\/2024-05-04-Benoit-Hubert-Reeves_profil.jpg 960w, https:\/\/gap47.astrosurf.com\/wp-content\/uploads\/2024\/03\/2024-05-04-Benoit-Hubert-Reeves_profil-300x200.jpg 300w, https:\/\/gap47.astrosurf.com\/wp-content\/uploads\/2024\/03\/2024-05-04-Benoit-Hubert-Reeves_profil-768x512.jpg 768w\" sizes=\"auto, (max-width: 767px) 89vw, (max-width: 1000px) 54vw, (max-width: 1071px) 543px, 580px\" \/><\/a><strong><span style=\"font-family: helvetica, arial, sans-serif; font-size: 20px;\">Hubert et Beno\u00eet Reeves<\/span><\/strong><\/p>\n<p style=\"text-align: center;\"><span style=\"color: #339966;\"><strong><span style=\"font-family: arial, helvetica, sans-serif; font-size: 24px;\">Assister \u00e0 une conf\u00e9rence anim\u00e9e par Beno\u00eet Reeves, un sp\u00e9cialiste d&rsquo;une telle qualit\u00e9, est une magnifique opportunit\u00e9 qui n&rsquo;est pas quelque chose de courant \u00e0 Montayral, et m\u00eame dans notre d\u00e9partement de Lot-et-Garonne.<\/span><\/strong><\/span><\/p>\n<p style=\"text-align: center;\"><span style=\"font-size: 24px; color: #339966;\"><strong><span style=\"font-family: arial, helvetica, sans-serif;\">&nbsp;<em>Voyez les d\u00e9tails sur l&rsquo;affiche ci-dessous :<\/em><\/span><\/strong><\/span><\/p>\n<p><a href=\"http:\/\/gap47.astrosurf.com\/wp-content\/uploads\/2024\/03\/GAP47_AfficheConference_web.jpg\"><img loading=\"lazy\" decoding=\"async\" class=\"aligncenter size-full wp-image-12868\" src=\"http:\/\/gap47.astrosurf.com\/wp-content\/uploads\/2024\/03\/GAP47_AfficheConference_web.jpg\" alt=\"\" width=\"841\" height=\"1190\" srcset=\"https:\/\/gap47.astrosurf.com\/wp-content\/uploads\/2024\/03\/GAP47_AfficheConference_web.jpg 841w, https:\/\/gap47.astrosurf.com\/wp-content\/uploads\/2024\/03\/GAP47_AfficheConference_web-212x300.jpg 212w, https:\/\/gap47.astrosurf.com\/wp-content\/uploads\/2024\/03\/GAP47_AfficheConference_web-768x1087.jpg 768w\" sizes=\"auto, (max-width: 767px) 89vw, (max-width: 1000px) 54vw, (max-width: 1071px) 543px, 580px\" \/><\/a><\/p>\n<p style=\"text-align: center;\"><span style=\"font-family: 'times new roman', times, serif; font-size: 24px;\">\u2191&nbsp;Cette affiche \u00e9tait celle qui nous avait permis de recevoir Beno\u00eet Reeves<br \/>\net d\u2019accueillir environ 250 personnes pendant plus de deux heures ce jour l\u00e0.<\/span><\/p>\n<p style=\"text-align: center;\"><span style=\"color: #008000;\"><strong><span style=\"font-family: arial, helvetica, sans-serif; font-size: 24px;\"><a style=\"color: #008000;\" href=\"http:\/\/gap47.astrosurf.com\/index.php\/parcours-de-benoit-reeves\/\" target=\"_blank\" rel=\"noopener\">Cliquez ici pour acc\u00e9der \u00e0 un bref aper\u00e7u du parcours de Beno\u00eet Reeves<\/a> :<\/span><\/strong><\/span><\/p>\n<p style=\"text-align: center;\"><span style=\"color: #008000;\"><strong><span style=\"font-family: 'times new roman', times, serif; font-size: 24px;\"><span style=\"font-family: arial, helvetica, sans-serif;\">Si vous voulez en savoir encore plus sur Beno\u00eet Reeves et ses travaux, cliquez sur le lien ci-dessous qui vous emmenera sur son site Internet :<\/span> <a style=\"color: #008000;\" href=\"https:\/\/benoit-reeves.fr\/\" target=\"_blank\" rel=\"noopener\">CLIQUEZ ICI<\/a><\/span><\/strong><\/span><\/p>\n<hr>\n<p style=\"text-align: center;\"><span style=\"font-size: 28px; font-family: tahoma, arial, helvetica, sans-serif; color: #808080;\"><strong>HUBERT REEVES (1932-2023)<\/strong><\/span><\/p>\n<p style=\"text-align: center;\"><span style=\"font-family: 'times new roman', times, serif;\"><strong><span style=\"font-size: 24px; color: #ff0000;\">Nous profitons de l&rsquo;opportunit\u00e9 qu&rsquo;apporte cette conf\u00e9rence du 2 mai 2024 pour vous encourager vivement \u00e0 lire certaines publications d&rsquo;Hubert Reeves. <\/span><\/strong><\/span><\/p>\n<p style=\"text-align: center;\"><span style=\"font-family: 'times new roman', times, serif; font-size: 24px; color: #ff0000;\">Il a aussi, bien s\u00fbr, publi\u00e9 de nombreux ouvrages professionnels.<\/span><\/p>\n<p style=\"text-align: center;\"><span style=\"font-family: arial, helvetica, sans-serif;\"><strong><span style=\"font-size: 24px; color: #000000;\">Mais nous vous recommandons chaudement de lire (entre autres) quatre de ses excellents ouvrages, accessibles voire m\u00eame po\u00e9tiques, que sont : Patience dans l&rsquo;azur (1982) &#8211; Poussi\u00e8res d&rsquo;\u00e9toiles (1985) &#8211; L&rsquo;heure de s&rsquo;enivrer, l&rsquo;Univers a-t-il un sens ? (1988) &#8211; Malicorne (1991).<\/span><\/strong><\/span><\/p>\n<p style=\"text-align: center;\"><span style=\"font-size: 24px; color: #000000; font-family: 'times new roman', times, serif;\">Notons qu&rsquo;Hubert Reeves a, entre d&rsquo;innombrables r\u00e9compenses et prix d\u00e9cern\u00e9es dans plusieurs pays, \u00e9t\u00e9 honor\u00e9 en France o\u00f9 il a \u00e9t\u00e9 fait Chevalier de l&rsquo;ordre National du M\u00e9rite en 1976 puis \u00e9lev\u00e9 au rang de Grand Officier de l&rsquo;Ordre National du M\u00e9rite en 2019. Il a aussi \u00e9t\u00e9 fait Chevalier de la L\u00e9gion d&rsquo;Honneur en 1985, \u00e9lev\u00e9 au grade d&rsquo;Officier de la L\u00e9gion d&rsquo;Honneur en 1994, puis \u00e9lev\u00e9 au grade de Commandeur de la L\u00e9gion d&rsquo;Honneur en 2003.<\/span><\/p>\n<p style=\"text-align: center;\"><span style=\"font-size: 20px; color: #ff0000;\"><strong><span style=\"font-family: tahoma, arial, helvetica, sans-serif;\">Enfin, parmi d&rsquo;autres choses, un ast\u00e9ro\u00efde a \u00e9t\u00e9 nomm\u00e9 en son honneur,<br \/>\n<span style=\"font-size: 20px; color: #000000;\">l&rsquo;ast\u00e9ro\u00efde (9631) Hubertreeves<\/span><\/span><span style=\"font-size: 20px; color: #000000;\">,<\/span> par d\u00e9cision de l&rsquo;Union Astronomique Internationale en 1999.<\/strong><\/span><\/p>\n<hr>\n","protected":false},"excerpt":{"rendered":"<p>Nous avions re\u00e7u le 2 mai 2024, \u00e0 la salle de Mortefond \u00e0 Montayral, Beno\u00eet REEVES Le sujet trait\u00e9 avait \u00e9t\u00e9 l\u2019EXOBIOLOGIE et la vie sur d\u2019autres plan\u00e8tes Cette conf\u00e9rence a \u00e9t\u00e9 anim\u00e9e par BENO\u00ceT REEVES qui n\u2019est autre que le fils d\u2019HUBERT REEVES. HUBERT REEVES \u00e9tait cet astrophysicien franco-canadien mondialement connu, qui \u00e9tait aussi &hellip; <\/p>\n<p class=\"link-more\"><a href=\"https:\/\/gap47.astrosurf.com\/index.php\/benoit-reeves\/\" class=\"more-link\">Continuer la lecture<span class=\"screen-reader-text\"> de &laquo;&nbsp;Beno\u00eet Reeves&nbsp;&raquo;<\/span><\/a><\/p>\n","protected":false},"author":5,"featured_media":0,"parent":0,"menu_order":0,"comment_status":"closed","ping_status":"closed","template":"","meta":{"_exactmetrics_skip_tracking":false,"_exactmetrics_sitenote_active":false,"_exactmetrics_sitenote_note":"","_exactmetrics_sitenote_category":0,"ngg_post_thumbnail":0,"footnotes":""},"class_list":["post-12767","page","type-page","status-publish","hentry"],"yoast_head":"<!-- This site is optimized with the Yoast SEO plugin v24.8.1 - https:\/\/yoast.com\/wordpress\/plugins\/seo\/ -->\n<title>Beno\u00eet Reeves - L&#039;observatoire est ouvert aux visiteurs tous les vendredis soirs \u00e0 21 heures, jusqu&#039;au 3 juillet 2026 inclus, sans r\u00e9servation.<\/title>\n<meta name=\"robots\" content=\"index, follow, max-snippet:-1, max-image-preview:large, max-video-preview:-1\" \/>\n<link rel=\"canonical\" href=\"https:\/\/gap47.astrosurf.com\/index.php\/benoit-reeves\/\" \/>\n<meta property=\"og:locale\" content=\"fr_FR\" \/>\n<meta property=\"og:type\" content=\"article\" \/>\n<meta property=\"og:title\" content=\"Beno\u00eet Reeves - L&#039;observatoire est ouvert aux visiteurs tous les vendredis soirs \u00e0 21 heures, jusqu&#039;au 3 juillet 2026 inclus, sans r\u00e9servation.\" \/>\n<meta property=\"og:description\" content=\"Nous avions re\u00e7u le 2 mai 2024, \u00e0 la salle de Mortefond \u00e0 Montayral, Beno\u00eet REEVES Le sujet trait\u00e9 avait \u00e9t\u00e9 l\u2019EXOBIOLOGIE et la vie sur d\u2019autres plan\u00e8tes Cette conf\u00e9rence a \u00e9t\u00e9 anim\u00e9e par BENO\u00ceT REEVES qui n\u2019est autre que le fils d\u2019HUBERT REEVES. HUBERT REEVES \u00e9tait cet astrophysicien franco-canadien mondialement connu, qui \u00e9tait aussi &hellip; Continuer la lecture de &laquo;&nbsp;Beno\u00eet Reeves&nbsp;&raquo;\" \/>\n<meta property=\"og:url\" content=\"https:\/\/gap47.astrosurf.com\/index.php\/benoit-reeves\/\" \/>\n<meta property=\"og:site_name\" content=\"L&#039;observatoire est ouvert aux visiteurs tous les vendredis soirs \u00e0 21 heures, jusqu&#039;au 3 juillet 2026 inclus, sans r\u00e9servation.\" \/>\n<meta property=\"article:publisher\" content=\"https:\/\/www.facebook.com\/astrogap47\/\" \/>\n<meta property=\"article:modified_time\" content=\"2025-03-18T16:55:07+00:00\" \/>\n<meta property=\"og:image\" content=\"https:\/\/gap47.astrosurf.com\/wp-content\/uploads\/2024\/03\/2024-05-04-Benoit-Hubert-Reeves_profil.jpg\" \/>\n\t<meta property=\"og:image:width\" content=\"960\" \/>\n\t<meta property=\"og:image:height\" content=\"640\" \/>\n\t<meta property=\"og:image:type\" content=\"image\/jpeg\" \/>\n<meta name=\"twitter:card\" content=\"summary_large_image\" \/>\n<meta name=\"twitter:label1\" content=\"Dur\u00e9e de lecture estim\u00e9e\" \/>\n\t<meta name=\"twitter:data1\" content=\"3 minutes\" \/>\n<script type=\"application\/ld+json\" class=\"yoast-schema-graph\">{\"@context\":\"https:\/\/schema.org\",\"@graph\":[{\"@type\":\"WebPage\",\"@id\":\"https:\/\/gap47.astrosurf.com\/index.php\/benoit-reeves\/\",\"url\":\"https:\/\/gap47.astrosurf.com\/index.php\/benoit-reeves\/\",\"name\":\"Beno\u00eet Reeves - L&#039;observatoire est ouvert aux visiteurs tous les vendredis soirs \u00e0 21 heures, jusqu&#039;au 3 juillet 2026 inclus, sans r\u00e9servation.\",\"isPartOf\":{\"@id\":\"https:\/\/gap47.astrosurf.com\/#website\"},\"primaryImageOfPage\":{\"@id\":\"https:\/\/gap47.astrosurf.com\/index.php\/benoit-reeves\/#primaryimage\"},\"image\":{\"@id\":\"https:\/\/gap47.astrosurf.com\/index.php\/benoit-reeves\/#primaryimage\"},\"thumbnailUrl\":\"http:\/\/gap47.astrosurf.com\/wp-content\/uploads\/2024\/03\/2024-05-04-Benoit-Hubert-Reeves_profil.jpg\",\"datePublished\":\"2024-03-03T23:09:48+00:00\",\"dateModified\":\"2025-03-18T16:55:07+00:00\",\"breadcrumb\":{\"@id\":\"https:\/\/gap47.astrosurf.com\/index.php\/benoit-reeves\/#breadcrumb\"},\"inLanguage\":\"fr-FR\",\"potentialAction\":[{\"@type\":\"ReadAction\",\"target\":[\"https:\/\/gap47.astrosurf.com\/index.php\/benoit-reeves\/\"]}]},{\"@type\":\"ImageObject\",\"inLanguage\":\"fr-FR\",\"@id\":\"https:\/\/gap47.astrosurf.com\/index.php\/benoit-reeves\/#primaryimage\",\"url\":\"http:\/\/gap47.astrosurf.com\/wp-content\/uploads\/2024\/03\/2024-05-04-Benoit-Hubert-Reeves_profil.jpg\",\"contentUrl\":\"http:\/\/gap47.astrosurf.com\/wp-content\/uploads\/2024\/03\/2024-05-04-Benoit-Hubert-Reeves_profil.jpg\"},{\"@type\":\"BreadcrumbList\",\"@id\":\"https:\/\/gap47.astrosurf.com\/index.php\/benoit-reeves\/#breadcrumb\",\"itemListElement\":[{\"@type\":\"ListItem\",\"position\":1,\"name\":\"Accueil\",\"item\":\"https:\/\/gap47.astrosurf.com\/\"},{\"@type\":\"ListItem\",\"position\":2,\"name\":\"Beno\u00eet Reeves\"}]},{\"@type\":\"WebSite\",\"@id\":\"https:\/\/gap47.astrosurf.com\/#website\",\"url\":\"https:\/\/gap47.astrosurf.com\/\",\"name\":\"De janvier \u00e0 fin juin 2024, le GAP47 sera ouvert aux visiteurs tous les vendredis \u00e0 21h sans r\u00e9servation, \u00e0 l'exception du vendredi 26 janvier o\u00f9 l'observatoire sera ferm\u00e9 au public.\",\"description\":\"Groupe d&#039;Astronomie Populaire du Lot-et-Garonne, \u00e0 Montayral\",\"potentialAction\":[{\"@type\":\"SearchAction\",\"target\":{\"@type\":\"EntryPoint\",\"urlTemplate\":\"https:\/\/gap47.astrosurf.com\/?s={search_term_string}\"},\"query-input\":{\"@type\":\"PropertyValueSpecification\",\"valueRequired\":true,\"valueName\":\"search_term_string\"}}],\"inLanguage\":\"fr-FR\"}]}<\/script>\n<!-- \/ Yoast SEO plugin. -->","yoast_head_json":{"title":"Beno\u00eet Reeves - L&#039;observatoire est ouvert aux visiteurs tous les vendredis soirs \u00e0 21 heures, jusqu&#039;au 3 juillet 2026 inclus, sans r\u00e9servation.","robots":{"index":"index","follow":"follow","max-snippet":"max-snippet:-1","max-image-preview":"max-image-preview:large","max-video-preview":"max-video-preview:-1"},"canonical":"https:\/\/gap47.astrosurf.com\/index.php\/benoit-reeves\/","og_locale":"fr_FR","og_type":"article","og_title":"Beno\u00eet Reeves - L&#039;observatoire est ouvert aux visiteurs tous les vendredis soirs \u00e0 21 heures, jusqu&#039;au 3 juillet 2026 inclus, sans r\u00e9servation.","og_description":"Nous avions re\u00e7u le 2 mai 2024, \u00e0 la salle de Mortefond \u00e0 Montayral, Beno\u00eet REEVES Le sujet trait\u00e9 avait \u00e9t\u00e9 l\u2019EXOBIOLOGIE et la vie sur d\u2019autres plan\u00e8tes Cette conf\u00e9rence a \u00e9t\u00e9 anim\u00e9e par BENO\u00ceT REEVES qui n\u2019est autre que le fils d\u2019HUBERT REEVES. HUBERT REEVES \u00e9tait cet astrophysicien franco-canadien mondialement connu, qui \u00e9tait aussi &hellip; Continuer la lecture de &laquo;&nbsp;Beno\u00eet Reeves&nbsp;&raquo;","og_url":"https:\/\/gap47.astrosurf.com\/index.php\/benoit-reeves\/","og_site_name":"L&#039;observatoire est ouvert aux visiteurs tous les vendredis soirs \u00e0 21 heures, jusqu&#039;au 3 juillet 2026 inclus, sans r\u00e9servation.","article_publisher":"https:\/\/www.facebook.com\/astrogap47\/","article_modified_time":"2025-03-18T16:55:07+00:00","og_image":[{"width":960,"height":640,"url":"https:\/\/gap47.astrosurf.com\/wp-content\/uploads\/2024\/03\/2024-05-04-Benoit-Hubert-Reeves_profil.jpg","type":"image\/jpeg"}],"twitter_card":"summary_large_image","twitter_misc":{"Dur\u00e9e de lecture estim\u00e9e":"3 minutes"},"schema":{"@context":"https:\/\/schema.org","@graph":[{"@type":"WebPage","@id":"https:\/\/gap47.astrosurf.com\/index.php\/benoit-reeves\/","url":"https:\/\/gap47.astrosurf.com\/index.php\/benoit-reeves\/","name":"Beno\u00eet Reeves - L&#039;observatoire est ouvert aux visiteurs tous les vendredis soirs \u00e0 21 heures, jusqu&#039;au 3 juillet 2026 inclus, sans r\u00e9servation.","isPartOf":{"@id":"https:\/\/gap47.astrosurf.com\/#website"},"primaryImageOfPage":{"@id":"https:\/\/gap47.astrosurf.com\/index.php\/benoit-reeves\/#primaryimage"},"image":{"@id":"https:\/\/gap47.astrosurf.com\/index.php\/benoit-reeves\/#primaryimage"},"thumbnailUrl":"http:\/\/gap47.astrosurf.com\/wp-content\/uploads\/2024\/03\/2024-05-04-Benoit-Hubert-Reeves_profil.jpg","datePublished":"2024-03-03T23:09:48+00:00","dateModified":"2025-03-18T16:55:07+00:00","breadcrumb":{"@id":"https:\/\/gap47.astrosurf.com\/index.php\/benoit-reeves\/#breadcrumb"},"inLanguage":"fr-FR","potentialAction":[{"@type":"ReadAction","target":["https:\/\/gap47.astrosurf.com\/index.php\/benoit-reeves\/"]}]},{"@type":"ImageObject","inLanguage":"fr-FR","@id":"https:\/\/gap47.astrosurf.com\/index.php\/benoit-reeves\/#primaryimage","url":"http:\/\/gap47.astrosurf.com\/wp-content\/uploads\/2024\/03\/2024-05-04-Benoit-Hubert-Reeves_profil.jpg","contentUrl":"http:\/\/gap47.astrosurf.com\/wp-content\/uploads\/2024\/03\/2024-05-04-Benoit-Hubert-Reeves_profil.jpg"},{"@type":"BreadcrumbList","@id":"https:\/\/gap47.astrosurf.com\/index.php\/benoit-reeves\/#breadcrumb","itemListElement":[{"@type":"ListItem","position":1,"name":"Accueil","item":"https:\/\/gap47.astrosurf.com\/"},{"@type":"ListItem","position":2,"name":"Beno\u00eet Reeves"}]},{"@type":"WebSite","@id":"https:\/\/gap47.astrosurf.com\/#website","url":"https:\/\/gap47.astrosurf.com\/","name":"De janvier \u00e0 fin juin 2024, le GAP47 sera ouvert aux visiteurs tous les vendredis \u00e0 21h sans r\u00e9servation, \u00e0 l'exception du vendredi 26 janvier o\u00f9 l'observatoire sera ferm\u00e9 au public.","description":"Groupe d&#039;Astronomie Populaire du Lot-et-Garonne, \u00e0 Montayral","potentialAction":[{"@type":"SearchAction","target":{"@type":"EntryPoint","urlTemplate":"https:\/\/gap47.astrosurf.com\/?s={search_term_string}"},"query-input":{"@type":"PropertyValueSpecification","valueRequired":true,"valueName":"search_term_string"}}],"inLanguage":"fr-FR"}]}},"_links":{"self":[{"href":"https:\/\/gap47.astrosurf.com\/index.php\/wp-json\/wp\/v2\/pages\/12767","targetHints":{"allow":["GET"]}}],"collection":[{"href":"https:\/\/gap47.astrosurf.com\/index.php\/wp-json\/wp\/v2\/pages"}],"about":[{"href":"https:\/\/gap47.astrosurf.com\/index.php\/wp-json\/wp\/v2\/types\/page"}],"author":[{"embeddable":true,"href":"https:\/\/gap47.astrosurf.com\/index.php\/wp-json\/wp\/v2\/users\/5"}],"replies":[{"embeddable":true,"href":"https:\/\/gap47.astrosurf.com\/index.php\/wp-json\/wp\/v2\/comments?post=12767"}],"version-history":[{"count":40,"href":"https:\/\/gap47.astrosurf.com\/index.php\/wp-json\/wp\/v2\/pages\/12767\/revisions"}],"predecessor-version":[{"id":13259,"href":"https:\/\/gap47.astrosurf.com\/index.php\/wp-json\/wp\/v2\/pages\/12767\/revisions\/13259"}],"wp:attachment":[{"href":"https:\/\/gap47.astrosurf.com\/index.php\/wp-json\/wp\/v2\/media?parent=12767"}],"curies":[{"name":"wp","href":"https:\/\/api.w.org\/{rel}","templated":true}]}}