 {"id":1246,"date":"2017-05-23T14:21:28","date_gmt":"2017-05-23T12:21:28","guid":{"rendered":"http:\/\/gap47.astrosurf.com\/?page_id=1246"},"modified":"2021-01-27T19:54:16","modified_gmt":"2021-01-27T17:54:16","slug":"stellarium","status":"publish","type":"page","link":"https:\/\/gap47.astrosurf.com\/index.php\/accueil\/stellarium\/","title":{"rendered":"Stellarium"},"content":{"rendered":"<p><span style=\"font-size: 20px; font-family: times new roman,times,serif;\">Nous vous conseillons vivement, que vous soyez d\u00e9butant ou confirm\u00e9, de t\u00e9l\u00e9charger l&rsquo;application gratuite <span style=\"font-family: arial,helvetica,sans-serif;\"><strong>Stellarium<\/strong><\/span> qui vous donne une vision interactive du ciel o\u00f9 que vous soyez (\u00e0 param\u00e9trer) en fonction de la date et l&rsquo;heure que vous aurez choisies (par d\u00e9faut c&rsquo;est l&rsquo;heure actuelle de votre ordinateur qui est choisie). Ce logiciel existe pour les syst\u00e8mes d&rsquo;exploitation Windows 32 bits et 64 bits, pour MacOS 10 64 bits ainsi que pour Linux et Ubuntu.<\/span><\/p>\n<p><a href=\"http:\/\/www.stellarium.org\/fr\/\" target=\"_blank\" rel=\"noopener noreferrer\"><img loading=\"lazy\" decoding=\"async\" class=\"alignnone size-full wp-image-3114\" src=\"http:\/\/gap47.astrosurf.com\/wp-content\/uploads\/2017\/05\/Stellarium-1.jpg\" alt=\"\" width=\"1724\" height=\"232\" srcset=\"https:\/\/gap47.astrosurf.com\/wp-content\/uploads\/2017\/05\/Stellarium-1.jpg 1724w, https:\/\/gap47.astrosurf.com\/wp-content\/uploads\/2017\/05\/Stellarium-1-300x40.jpg 300w, https:\/\/gap47.astrosurf.com\/wp-content\/uploads\/2017\/05\/Stellarium-1-768x103.jpg 768w\" sizes=\"auto, (max-width: 767px) 89vw, (max-width: 1000px) 54vw, (max-width: 1071px) 543px, 580px\" \/><\/a><\/p>\n<p><span style=\"font-size: 20px; font-family: times new roman,times,serif;\">Il existe aussi des versions payantes (moins de 5 \u20ac) de Stellarium pour smartphones et tablettes sous les syst\u00e8mes d&rsquo;exploitation Android (Google) et iOS (iPhone, iPad), \u00e0 rechercher dans les biblioth\u00e8ques respectives de ces environnements logiciels (Google Play\/Play Store et App Store).<\/span><\/p>\n<p><span style=\"font-size: 20px; font-family: times new roman,times,serif;\"><span style=\"color: #000080;\"><em><span style=\"font-family: arial,helvetica,sans-serif;\">Dans notre plan\u00e9tarium nous utilisons une version plus \u00e9labor\u00e9e de ce logiciel (Stellarium360 au d\u00e9but et d\u00e9sormais son successeur <strong>SpaceCrafter<\/strong>) qui est destin\u00e9e \u00e0 \u00eatre projet\u00e9e sur un d\u00f4me h\u00e9misph\u00e9rique et qui, en outre, est \u00ab\u00a0scriptable\u00a0\u00bb. Ceci nous permet d&rsquo;\u00e9crire des sc\u00e9narios pour montrer au public tous les aspects de la m\u00e9canique c\u00e9leste. La limite est celle de notre imagination !<\/span><\/em><\/span><br \/>\n<\/span><\/p>\n<hr>\n<p>&nbsp;<\/p>\n","protected":false},"excerpt":{"rendered":"<p>Nous vous conseillons vivement, que vous soyez d\u00e9butant ou confirm\u00e9, de t\u00e9l\u00e9charger l&rsquo;application gratuite Stellarium qui vous donne une vision interactive du ciel o\u00f9 que vous soyez (\u00e0 param\u00e9trer) en fonction de la date et l&rsquo;heure que vous aurez choisies (par d\u00e9faut c&rsquo;est l&rsquo;heure actuelle de votre ordinateur qui est choisie). Ce logiciel existe pour &hellip; <\/p>\n<p class=\"link-more\"><a href=\"https:\/\/gap47.astrosurf.com\/index.php\/accueil\/stellarium\/\" class=\"more-link\">Continuer la lecture<span class=\"screen-reader-text\"> de &laquo;&nbsp;Stellarium&nbsp;&raquo;<\/span><\/a><\/p>\n","protected":false},"author":5,"featured_media":0,"parent":73,"menu_order":3,"comment_status":"closed","ping_status":"closed","template":"","meta":{"_exactmetrics_skip_tracking":false,"_exactmetrics_sitenote_active":false,"_exactmetrics_sitenote_note":"","_exactmetrics_sitenote_category":0,"ngg_post_thumbnail":0,"footnotes":""},"class_list":["post-1246","page","type-page","status-publish","hentry"],"yoast_head":"<!-- This site is optimized with the Yoast SEO plugin v24.8.1 - https:\/\/yoast.com\/wordpress\/plugins\/seo\/ -->\n<title>Stellarium - L&#039;observatoire est ouvert aux visiteurs tous les vendredis soirs \u00e0 21 heures, jusqu&#039;au 3 juillet 2026 inclus, sans r\u00e9servation.<\/title>\n<meta name=\"robots\" content=\"index, follow, max-snippet:-1, max-image-preview:large, max-video-preview:-1\" \/>\n<link rel=\"canonical\" href=\"https:\/\/gap47.astrosurf.com\/index.php\/accueil\/stellarium\/\" \/>\n<meta property=\"og:locale\" content=\"fr_FR\" \/>\n<meta property=\"og:type\" content=\"article\" \/>\n<meta property=\"og:title\" content=\"Stellarium - L&#039;observatoire est ouvert aux visiteurs tous les vendredis soirs \u00e0 21 heures, jusqu&#039;au 3 juillet 2026 inclus, sans r\u00e9servation.\" \/>\n<meta property=\"og:description\" content=\"Nous vous conseillons vivement, que vous soyez d\u00e9butant ou confirm\u00e9, de t\u00e9l\u00e9charger l&rsquo;application gratuite Stellarium qui vous donne une vision interactive du ciel o\u00f9 que vous soyez (\u00e0 param\u00e9trer) en fonction de la date et l&rsquo;heure que vous aurez choisies (par d\u00e9faut c&rsquo;est l&rsquo;heure actuelle de votre ordinateur qui est choisie). Ce logiciel existe pour &hellip; Continuer la lecture de &laquo;&nbsp;Stellarium&nbsp;&raquo;\" \/>\n<meta property=\"og:url\" content=\"https:\/\/gap47.astrosurf.com\/index.php\/accueil\/stellarium\/\" \/>\n<meta property=\"og:site_name\" content=\"L&#039;observatoire est ouvert aux visiteurs tous les vendredis soirs \u00e0 21 heures, jusqu&#039;au 3 juillet 2026 inclus, sans r\u00e9servation.\" \/>\n<meta property=\"article:publisher\" content=\"https:\/\/www.facebook.com\/astrogap47\/\" \/>\n<meta property=\"article:modified_time\" content=\"2021-01-27T17:54:16+00:00\" \/>\n<meta property=\"og:image\" content=\"http:\/\/gap47.astrosurf.com\/wp-content\/uploads\/2017\/05\/Stellarium-1.jpg\" \/>\n<meta name=\"twitter:card\" content=\"summary_large_image\" \/>\n<meta name=\"twitter:label1\" content=\"Dur\u00e9e de lecture estim\u00e9e\" \/>\n\t<meta name=\"twitter:data1\" content=\"1 minute\" \/>\n<script type=\"application\/ld+json\" class=\"yoast-schema-graph\">{\"@context\":\"https:\/\/schema.org\",\"@graph\":[{\"@type\":\"WebPage\",\"@id\":\"https:\/\/gap47.astrosurf.com\/index.php\/accueil\/stellarium\/\",\"url\":\"https:\/\/gap47.astrosurf.com\/index.php\/accueil\/stellarium\/\",\"name\":\"Stellarium - L&#039;observatoire est ouvert aux visiteurs tous les vendredis soirs \u00e0 21 heures, jusqu&#039;au 3 juillet 2026 inclus, sans r\u00e9servation.\",\"isPartOf\":{\"@id\":\"https:\/\/gap47.astrosurf.com\/#website\"},\"primaryImageOfPage\":{\"@id\":\"https:\/\/gap47.astrosurf.com\/index.php\/accueil\/stellarium\/#primaryimage\"},\"image\":{\"@id\":\"https:\/\/gap47.astrosurf.com\/index.php\/accueil\/stellarium\/#primaryimage\"},\"thumbnailUrl\":\"http:\/\/gap47.astrosurf.com\/wp-content\/uploads\/2017\/05\/Stellarium-1.jpg\",\"datePublished\":\"2017-05-23T12:21:28+00:00\",\"dateModified\":\"2021-01-27T17:54:16+00:00\",\"breadcrumb\":{\"@id\":\"https:\/\/gap47.astrosurf.com\/index.php\/accueil\/stellarium\/#breadcrumb\"},\"inLanguage\":\"fr-FR\",\"potentialAction\":[{\"@type\":\"ReadAction\",\"target\":[\"https:\/\/gap47.astrosurf.com\/index.php\/accueil\/stellarium\/\"]}]},{\"@type\":\"ImageObject\",\"inLanguage\":\"fr-FR\",\"@id\":\"https:\/\/gap47.astrosurf.com\/index.php\/accueil\/stellarium\/#primaryimage\",\"url\":\"https:\/\/gap47.astrosurf.com\/wp-content\/uploads\/2017\/05\/Stellarium-1.jpg\",\"contentUrl\":\"https:\/\/gap47.astrosurf.com\/wp-content\/uploads\/2017\/05\/Stellarium-1.jpg\",\"width\":1724,\"height\":232},{\"@type\":\"BreadcrumbList\",\"@id\":\"https:\/\/gap47.astrosurf.com\/index.php\/accueil\/stellarium\/#breadcrumb\",\"itemListElement\":[{\"@type\":\"ListItem\",\"position\":1,\"name\":\"Accueil\",\"item\":\"https:\/\/gap47.astrosurf.com\/\"},{\"@type\":\"ListItem\",\"position\":2,\"name\":\"Accueil\",\"item\":\"https:\/\/gap47.astrosurf.com\/index.php\/accueil\/\"},{\"@type\":\"ListItem\",\"position\":3,\"name\":\"Stellarium\"}]},{\"@type\":\"WebSite\",\"@id\":\"https:\/\/gap47.astrosurf.com\/#website\",\"url\":\"https:\/\/gap47.astrosurf.com\/\",\"name\":\"De janvier \u00e0 fin juin 2024, le GAP47 sera ouvert aux visiteurs tous les vendredis \u00e0 21h sans r\u00e9servation, \u00e0 l'exception du vendredi 26 janvier o\u00f9 l'observatoire sera ferm\u00e9 au public.\",\"description\":\"Groupe d&#039;Astronomie Populaire du Lot-et-Garonne, \u00e0 Montayral\",\"potentialAction\":[{\"@type\":\"SearchAction\",\"target\":{\"@type\":\"EntryPoint\",\"urlTemplate\":\"https:\/\/gap47.astrosurf.com\/?s={search_term_string}\"},\"query-input\":{\"@type\":\"PropertyValueSpecification\",\"valueRequired\":true,\"valueName\":\"search_term_string\"}}],\"inLanguage\":\"fr-FR\"}]}<\/script>\n<!-- \/ Yoast SEO plugin. -->","yoast_head_json":{"title":"Stellarium - L&#039;observatoire est ouvert aux visiteurs tous les vendredis soirs \u00e0 21 heures, jusqu&#039;au 3 juillet 2026 inclus, sans r\u00e9servation.","robots":{"index":"index","follow":"follow","max-snippet":"max-snippet:-1","max-image-preview":"max-image-preview:large","max-video-preview":"max-video-preview:-1"},"canonical":"https:\/\/gap47.astrosurf.com\/index.php\/accueil\/stellarium\/","og_locale":"fr_FR","og_type":"article","og_title":"Stellarium - L&#039;observatoire est ouvert aux visiteurs tous les vendredis soirs \u00e0 21 heures, jusqu&#039;au 3 juillet 2026 inclus, sans r\u00e9servation.","og_description":"Nous vous conseillons vivement, que vous soyez d\u00e9butant ou confirm\u00e9, de t\u00e9l\u00e9charger l&rsquo;application gratuite Stellarium qui vous donne une vision interactive du ciel o\u00f9 que vous soyez (\u00e0 param\u00e9trer) en fonction de la date et l&rsquo;heure que vous aurez choisies (par d\u00e9faut c&rsquo;est l&rsquo;heure actuelle de votre ordinateur qui est choisie). Ce logiciel existe pour &hellip; Continuer la lecture de &laquo;&nbsp;Stellarium&nbsp;&raquo;","og_url":"https:\/\/gap47.astrosurf.com\/index.php\/accueil\/stellarium\/","og_site_name":"L&#039;observatoire est ouvert aux visiteurs tous les vendredis soirs \u00e0 21 heures, jusqu&#039;au 3 juillet 2026 inclus, sans r\u00e9servation.","article_publisher":"https:\/\/www.facebook.com\/astrogap47\/","article_modified_time":"2021-01-27T17:54:16+00:00","og_image":[{"url":"http:\/\/gap47.astrosurf.com\/wp-content\/uploads\/2017\/05\/Stellarium-1.jpg","type":"","width":"","height":""}],"twitter_card":"summary_large_image","twitter_misc":{"Dur\u00e9e de lecture estim\u00e9e":"1 minute"},"schema":{"@context":"https:\/\/schema.org","@graph":[{"@type":"WebPage","@id":"https:\/\/gap47.astrosurf.com\/index.php\/accueil\/stellarium\/","url":"https:\/\/gap47.astrosurf.com\/index.php\/accueil\/stellarium\/","name":"Stellarium - L&#039;observatoire est ouvert aux visiteurs tous les vendredis soirs \u00e0 21 heures, jusqu&#039;au 3 juillet 2026 inclus, sans r\u00e9servation.","isPartOf":{"@id":"https:\/\/gap47.astrosurf.com\/#website"},"primaryImageOfPage":{"@id":"https:\/\/gap47.astrosurf.com\/index.php\/accueil\/stellarium\/#primaryimage"},"image":{"@id":"https:\/\/gap47.astrosurf.com\/index.php\/accueil\/stellarium\/#primaryimage"},"thumbnailUrl":"http:\/\/gap47.astrosurf.com\/wp-content\/uploads\/2017\/05\/Stellarium-1.jpg","datePublished":"2017-05-23T12:21:28+00:00","dateModified":"2021-01-27T17:54:16+00:00","breadcrumb":{"@id":"https:\/\/gap47.astrosurf.com\/index.php\/accueil\/stellarium\/#breadcrumb"},"inLanguage":"fr-FR","potentialAction":[{"@type":"ReadAction","target":["https:\/\/gap47.astrosurf.com\/index.php\/accueil\/stellarium\/"]}]},{"@type":"ImageObject","inLanguage":"fr-FR","@id":"https:\/\/gap47.astrosurf.com\/index.php\/accueil\/stellarium\/#primaryimage","url":"https:\/\/gap47.astrosurf.com\/wp-content\/uploads\/2017\/05\/Stellarium-1.jpg","contentUrl":"https:\/\/gap47.astrosurf.com\/wp-content\/uploads\/2017\/05\/Stellarium-1.jpg","width":1724,"height":232},{"@type":"BreadcrumbList","@id":"https:\/\/gap47.astrosurf.com\/index.php\/accueil\/stellarium\/#breadcrumb","itemListElement":[{"@type":"ListItem","position":1,"name":"Accueil","item":"https:\/\/gap47.astrosurf.com\/"},{"@type":"ListItem","position":2,"name":"Accueil","item":"https:\/\/gap47.astrosurf.com\/index.php\/accueil\/"},{"@type":"ListItem","position":3,"name":"Stellarium"}]},{"@type":"WebSite","@id":"https:\/\/gap47.astrosurf.com\/#website","url":"https:\/\/gap47.astrosurf.com\/","name":"De janvier \u00e0 fin juin 2024, le GAP47 sera ouvert aux visiteurs tous les vendredis \u00e0 21h sans r\u00e9servation, \u00e0 l'exception du vendredi 26 janvier o\u00f9 l'observatoire sera ferm\u00e9 au public.","description":"Groupe d&#039;Astronomie Populaire du Lot-et-Garonne, \u00e0 Montayral","potentialAction":[{"@type":"SearchAction","target":{"@type":"EntryPoint","urlTemplate":"https:\/\/gap47.astrosurf.com\/?s={search_term_string}"},"query-input":{"@type":"PropertyValueSpecification","valueRequired":true,"valueName":"search_term_string"}}],"inLanguage":"fr-FR"}]}},"_links":{"self":[{"href":"https:\/\/gap47.astrosurf.com\/index.php\/wp-json\/wp\/v2\/pages\/1246","targetHints":{"allow":["GET"]}}],"collection":[{"href":"https:\/\/gap47.astrosurf.com\/index.php\/wp-json\/wp\/v2\/pages"}],"about":[{"href":"https:\/\/gap47.astrosurf.com\/index.php\/wp-json\/wp\/v2\/types\/page"}],"author":[{"embeddable":true,"href":"https:\/\/gap47.astrosurf.com\/index.php\/wp-json\/wp\/v2\/users\/5"}],"replies":[{"embeddable":true,"href":"https:\/\/gap47.astrosurf.com\/index.php\/wp-json\/wp\/v2\/comments?post=1246"}],"version-history":[{"count":17,"href":"https:\/\/gap47.astrosurf.com\/index.php\/wp-json\/wp\/v2\/pages\/1246\/revisions"}],"predecessor-version":[{"id":10238,"href":"https:\/\/gap47.astrosurf.com\/index.php\/wp-json\/wp\/v2\/pages\/1246\/revisions\/10238"}],"up":[{"embeddable":true,"href":"https:\/\/gap47.astrosurf.com\/index.php\/wp-json\/wp\/v2\/pages\/73"}],"wp:attachment":[{"href":"https:\/\/gap47.astrosurf.com\/index.php\/wp-json\/wp\/v2\/media?parent=1246"}],"curies":[{"name":"wp","href":"https:\/\/api.w.org\/{rel}","templated":true}]}}