 {"id":12068,"date":"2023-01-31T19:33:02","date_gmt":"2023-01-31T17:33:02","guid":{"rendered":"http:\/\/gap47.astrosurf.com\/?page_id=12068"},"modified":"2023-01-31T19:50:10","modified_gmt":"2023-01-31T17:50:10","slug":"recuperation-des-echantillons-de-sol-martien","status":"publish","type":"page","link":"https:\/\/gap47.astrosurf.com\/index.php\/recuperation-des-echantillons-de-sol-martien\/","title":{"rendered":"R\u00e9cup\u00e9ration des \u00e9chantillons de sol martien"},"content":{"rendered":"<p style=\"text-align: center;\"><span style=\"color: #808080; font-size: 24px;\"><strong>Premiers d\u00e9p\u00f4ts martiens<br \/>\n<\/strong><span style=\"font-size: 20px;\">ESA 2023 01 31<\/span><\/span><\/p>\n<p><a href=\"http:\/\/gap47.astrosurf.com\/wp-content\/uploads\/2023\/01\/First_martian_drop2-scaled.jpg\"><img loading=\"lazy\" decoding=\"async\" class=\"aligncenter\" src=\"http:\/\/gap47.astrosurf.com\/wp-content\/uploads\/2023\/01\/First_martian_drop2-scaled.jpg\" alt=\"\" width=\"2560\" height=\"2395\"><\/a><\/p>\n<p><span style=\"font-family: 'times new roman', times, serif; font-size: 20px;\">Dispers\u00e9s autour d&rsquo;un ancien delta de fleuve martien, dix tubes ont \u00e9t\u00e9 remplis d&rsquo;\u00e9chantillons qui pourraient aider \u00e0 r\u00e9pondre si jamais la vie apparaissait sur Mars. Combien pouvez-vous en rep\u00e9rer&nbsp;?<\/span><\/p>\n<p><span style=\"font-family: 'times new roman', times, serif; font-size: 20px;\">Le rover Perseverance de la NASA a pris ce selfie en regardant l&rsquo;un des 10 tubes d&rsquo;\u00e9chantillons d\u00e9ploy\u00e9s lors de la cr\u00e9ation du premier d\u00e9p\u00f4t d&rsquo;\u00e9chantillons sur un autre monde. La cam\u00e9ra sur le bras robotique du rover a pris 59 images individuelles pour construire cette vue vermillon.<\/span><\/p>\n<p><span style=\"font-family: 'times new roman', times, serif; font-size: 20px;\">C&rsquo;\u00e9tait le 690e jour martien de sa mission, ou sol, lorsque le rover a largu\u00e9 le dixi\u00e8me et dernier tube sur la plan\u00e8te rouge dans une zone surnomm\u00e9e \u00ab\u00a0Three Forks\u00a0\u00bb (les 3 fourchettes). Les tubes de titane ont \u00e9t\u00e9 d\u00e9pos\u00e9s en zigzag, chaque \u00e9chantillon \u00e9tant distant des autres de 15 m\u00e8tres maximum.<\/span><\/p>\n<p><span style=\"font-family: 'times new roman', times, serif; font-size: 20px;\">Ces \u00e9chantillons, appel\u00e9s ensemble \u00ab&nbsp;d\u00e9p\u00f4t d&rsquo;\u00e9chantillons&nbsp;\u00bb, serviront de jeu de sauvegarde. Le rover a \u00e9t\u00e9 occup\u00e9 \u00e0 collecter deux \u00e9chantillons de chaque roche dans le crat\u00e8re Jezero, l\u2019un qui se tient sous son ventre, et un autre \u00e9chantillon de sauvegarde laiss\u00e9 \u00e0 la surface de Mars.<\/span><\/p>\n<p><span style=\"font-family: 'times new roman', times, serif; font-size: 20px;\">Il existe deux options pour le double pr\u00e9l\u00e8vement de la campagne \u00ab&nbsp;Retour des \u00e9chantillons de Mars&nbsp;\u00bb (Mars Sample Return). Le plan A verra le rover livrer l&rsquo;ensemble principal d&rsquo;\u00e9chantillons directement \u00e0 un atterrisseur \u00e0 l&rsquo;aide du bras de transfert d&rsquo;\u00e9chantillons de l&rsquo;ESA. Au cas o\u00f9 Pers\u00e9v\u00e9rance ne serait pas en mesure de remettre les \u00e9chantillons \u00e0 la fin de cette d\u00e9cennie, il existe un plan B&nbsp;: deux petits h\u00e9licopt\u00e8res drones iront chercher les tubes mis de c\u00f4t\u00e9 au sol et les emm\u00e8neront \u00e0 l&rsquo;atterrisseur. Le robot europ\u00e9en de 2,5 m\u00e8tres de long donnera un coup de main pour les ramasser au sol et les transf\u00e9rer dans le conteneur en partance pour un voyage de retour vers la Terre.<\/span><\/p>\n<p><span style=\"font-family: 'times new roman', times, serif; font-size: 20px;\">Les scientifiques de la mission pensent que les carottages de roche faisant partie de ce d\u00e9p\u00f4t nous donneront un aper\u00e7u des processus g\u00e9ologiques qui se sont d\u00e9roul\u00e9s dans le crat\u00e8re de Jezero il y a pr\u00e8s de quatre milliards d&rsquo;ann\u00e9es. Le rover d\u00e9posera \u00e9galement un \u00e9chantillon atmosph\u00e9rique et un tube \u00ab t\u00e9moin \u00bb, qui sera utilis\u00e9 pour d\u00e9terminer si les \u00e9chantillons collect\u00e9s pourraient \u00eatre contamin\u00e9s par des mat\u00e9riaux qui ont voyag\u00e9 avec le rover depuis la Terre.<\/span><\/p>\n<p><span style=\"font-family: 'times new roman', times, serif; font-size: 20px;\">Pour ceux qui craignent que les \u00e9chantillons soient laiss\u00e9s \u00e0 eux-m\u00eames pendant pr\u00e8s d&rsquo;une d\u00e9cennie, soyez assur\u00e9s que des \u00e9quipes sur Terre enregistrent l&#8217;emplacement pr\u00e9cis de chaque tube pour les collecter le moment venu. Et m\u00eame si les vents martiens peuvent atteindre des vitesses \u00e9lev\u00e9es, ils ne sont pas aussi forts que sur Terre. L&rsquo;atmosph\u00e8re sur Mars est moins dense : environ 100 fois moins que sur notre plan\u00e8te. Toute accumulation de poussi\u00e8re sur les tubes ne les couvrira pas compl\u00e8tement au moment de la collecte.<\/span><\/p>\n<p><span style=\"font-family: 'times new roman', times, serif; font-size: 20px;\">Pour comprendre la complexit\u00e9 des t\u00e2ches \u00e0 accomplir, regardez cette bande-annonce qui d\u00e9crit la campagne Mars Sample Return en seulement deux minutes&nbsp;:<\/span><\/p>\n<div style=\"width: 525px;\" class=\"wp-video\"><video class=\"wp-video-shortcode\" id=\"video-12068-1\" width=\"525\" height=\"295\" preload=\"metadata\" controls=\"controls\"><source type=\"video\/mp4\" src=\"http:\/\/gap47.astrosurf.com\/wp-content\/uploads\/2023\/01\/Bringing-Mars-rock-samples-back-to-Earth-1.mp4?_=1\" \/><a href=\"http:\/\/gap47.astrosurf.com\/wp-content\/uploads\/2023\/01\/Bringing-Mars-rock-samples-back-to-Earth-1.mp4\">http:\/\/gap47.astrosurf.com\/wp-content\/uploads\/2023\/01\/Bringing-Mars-rock-samples-back-to-Earth-1.mp4<\/a><\/video><\/div>\n<p style=\"text-align: right;\"><span style=\"font-family: arial, helvetica, sans-serif; font-size: 20px;\">Traduction : Olivier Sabbagh<\/span><\/p>\n<hr>\n","protected":false},"excerpt":{"rendered":"<p>Premiers d\u00e9p\u00f4ts martiens ESA 2023 01 31 Dispers\u00e9s autour d&rsquo;un ancien delta de fleuve martien, dix tubes ont \u00e9t\u00e9 remplis d&rsquo;\u00e9chantillons qui pourraient aider \u00e0 r\u00e9pondre si jamais la vie apparaissait sur Mars. Combien pouvez-vous en rep\u00e9rer&nbsp;? Le rover Perseverance de la NASA a pris ce selfie en regardant l&rsquo;un des 10 tubes d&rsquo;\u00e9chantillons d\u00e9ploy\u00e9s &hellip; <\/p>\n<p class=\"link-more\"><a href=\"https:\/\/gap47.astrosurf.com\/index.php\/recuperation-des-echantillons-de-sol-martien\/\" class=\"more-link\">Continuer la lecture<span class=\"screen-reader-text\"> de &laquo;&nbsp;R\u00e9cup\u00e9ration des \u00e9chantillons de sol martien&nbsp;&raquo;<\/span><\/a><\/p>\n","protected":false},"author":5,"featured_media":0,"parent":0,"menu_order":0,"comment_status":"closed","ping_status":"closed","template":"","meta":{"_exactmetrics_skip_tracking":false,"_exactmetrics_sitenote_active":false,"_exactmetrics_sitenote_note":"","_exactmetrics_sitenote_category":0,"ngg_post_thumbnail":0,"footnotes":""},"class_list":["post-12068","page","type-page","status-publish","hentry"],"yoast_head":"<!-- This site is optimized with the Yoast SEO plugin v24.8.1 - https:\/\/yoast.com\/wordpress\/plugins\/seo\/ -->\n<title>R\u00e9cup\u00e9ration des \u00e9chantillons de sol martien - L&#039;observatoire est ouvert aux visiteurs tous les vendredis soirs \u00e0 21 heures, jusqu&#039;au 3 juillet 2026 inclus, sans r\u00e9servation.<\/title>\n<meta name=\"robots\" content=\"index, follow, max-snippet:-1, max-image-preview:large, max-video-preview:-1\" \/>\n<link rel=\"canonical\" href=\"https:\/\/gap47.astrosurf.com\/index.php\/recuperation-des-echantillons-de-sol-martien\/\" \/>\n<meta property=\"og:locale\" content=\"fr_FR\" \/>\n<meta property=\"og:type\" content=\"article\" \/>\n<meta property=\"og:title\" content=\"R\u00e9cup\u00e9ration des \u00e9chantillons de sol martien - L&#039;observatoire est ouvert aux visiteurs tous les vendredis soirs \u00e0 21 heures, jusqu&#039;au 3 juillet 2026 inclus, sans r\u00e9servation.\" \/>\n<meta property=\"og:description\" content=\"Premiers d\u00e9p\u00f4ts martiens ESA 2023 01 31 Dispers\u00e9s autour d&rsquo;un ancien delta de fleuve martien, dix tubes ont \u00e9t\u00e9 remplis d&rsquo;\u00e9chantillons qui pourraient aider \u00e0 r\u00e9pondre si jamais la vie apparaissait sur Mars. Combien pouvez-vous en rep\u00e9rer&nbsp;? Le rover Perseverance de la NASA a pris ce selfie en regardant l&rsquo;un des 10 tubes d&rsquo;\u00e9chantillons d\u00e9ploy\u00e9s &hellip; Continuer la lecture de &laquo;&nbsp;R\u00e9cup\u00e9ration des \u00e9chantillons de sol martien&nbsp;&raquo;\" \/>\n<meta property=\"og:url\" content=\"https:\/\/gap47.astrosurf.com\/index.php\/recuperation-des-echantillons-de-sol-martien\/\" \/>\n<meta property=\"og:site_name\" content=\"L&#039;observatoire est ouvert aux visiteurs tous les vendredis soirs \u00e0 21 heures, jusqu&#039;au 3 juillet 2026 inclus, sans r\u00e9servation.\" \/>\n<meta property=\"article:publisher\" content=\"https:\/\/www.facebook.com\/astrogap47\/\" \/>\n<meta property=\"article:modified_time\" content=\"2023-01-31T17:50:10+00:00\" \/>\n<meta property=\"og:image\" content=\"http:\/\/gap47.astrosurf.com\/wp-content\/uploads\/2023\/01\/First_martian_drop2-scaled.jpg\" \/>\n<meta name=\"twitter:card\" content=\"summary_large_image\" \/>\n<meta name=\"twitter:label1\" content=\"Dur\u00e9e de lecture estim\u00e9e\" \/>\n\t<meta name=\"twitter:data1\" content=\"3 minutes\" \/>\n<script type=\"application\/ld+json\" class=\"yoast-schema-graph\">{\"@context\":\"https:\/\/schema.org\",\"@graph\":[{\"@type\":\"WebPage\",\"@id\":\"https:\/\/gap47.astrosurf.com\/index.php\/recuperation-des-echantillons-de-sol-martien\/\",\"url\":\"https:\/\/gap47.astrosurf.com\/index.php\/recuperation-des-echantillons-de-sol-martien\/\",\"name\":\"R\u00e9cup\u00e9ration des \u00e9chantillons de sol martien - L&#039;observatoire est ouvert aux visiteurs tous les vendredis soirs \u00e0 21 heures, jusqu&#039;au 3 juillet 2026 inclus, sans r\u00e9servation.\",\"isPartOf\":{\"@id\":\"https:\/\/gap47.astrosurf.com\/#website\"},\"primaryImageOfPage\":{\"@id\":\"https:\/\/gap47.astrosurf.com\/index.php\/recuperation-des-echantillons-de-sol-martien\/#primaryimage\"},\"image\":{\"@id\":\"https:\/\/gap47.astrosurf.com\/index.php\/recuperation-des-echantillons-de-sol-martien\/#primaryimage\"},\"thumbnailUrl\":\"http:\/\/gap47.astrosurf.com\/wp-content\/uploads\/2023\/01\/First_martian_drop2-scaled.jpg\",\"datePublished\":\"2023-01-31T17:33:02+00:00\",\"dateModified\":\"2023-01-31T17:50:10+00:00\",\"breadcrumb\":{\"@id\":\"https:\/\/gap47.astrosurf.com\/index.php\/recuperation-des-echantillons-de-sol-martien\/#breadcrumb\"},\"inLanguage\":\"fr-FR\",\"potentialAction\":[{\"@type\":\"ReadAction\",\"target\":[\"https:\/\/gap47.astrosurf.com\/index.php\/recuperation-des-echantillons-de-sol-martien\/\"]}]},{\"@type\":\"ImageObject\",\"inLanguage\":\"fr-FR\",\"@id\":\"https:\/\/gap47.astrosurf.com\/index.php\/recuperation-des-echantillons-de-sol-martien\/#primaryimage\",\"url\":\"https:\/\/gap47.astrosurf.com\/wp-content\/uploads\/2023\/01\/First_martian_drop2-scaled.jpg\",\"contentUrl\":\"https:\/\/gap47.astrosurf.com\/wp-content\/uploads\/2023\/01\/First_martian_drop2-scaled.jpg\",\"width\":2560,\"height\":2395},{\"@type\":\"BreadcrumbList\",\"@id\":\"https:\/\/gap47.astrosurf.com\/index.php\/recuperation-des-echantillons-de-sol-martien\/#breadcrumb\",\"itemListElement\":[{\"@type\":\"ListItem\",\"position\":1,\"name\":\"Accueil\",\"item\":\"https:\/\/gap47.astrosurf.com\/\"},{\"@type\":\"ListItem\",\"position\":2,\"name\":\"R\u00e9cup\u00e9ration des \u00e9chantillons de sol martien\"}]},{\"@type\":\"WebSite\",\"@id\":\"https:\/\/gap47.astrosurf.com\/#website\",\"url\":\"https:\/\/gap47.astrosurf.com\/\",\"name\":\"De janvier \u00e0 fin juin 2024, le GAP47 sera ouvert aux visiteurs tous les vendredis \u00e0 21h sans r\u00e9servation, \u00e0 l'exception du vendredi 26 janvier o\u00f9 l'observatoire sera ferm\u00e9 au public.\",\"description\":\"Groupe d&#039;Astronomie Populaire du Lot-et-Garonne, \u00e0 Montayral\",\"potentialAction\":[{\"@type\":\"SearchAction\",\"target\":{\"@type\":\"EntryPoint\",\"urlTemplate\":\"https:\/\/gap47.astrosurf.com\/?s={search_term_string}\"},\"query-input\":{\"@type\":\"PropertyValueSpecification\",\"valueRequired\":true,\"valueName\":\"search_term_string\"}}],\"inLanguage\":\"fr-FR\"}]}<\/script>\n<!-- \/ Yoast SEO plugin. -->","yoast_head_json":{"title":"R\u00e9cup\u00e9ration des \u00e9chantillons de sol martien - L&#039;observatoire est ouvert aux visiteurs tous les vendredis soirs \u00e0 21 heures, jusqu&#039;au 3 juillet 2026 inclus, sans r\u00e9servation.","robots":{"index":"index","follow":"follow","max-snippet":"max-snippet:-1","max-image-preview":"max-image-preview:large","max-video-preview":"max-video-preview:-1"},"canonical":"https:\/\/gap47.astrosurf.com\/index.php\/recuperation-des-echantillons-de-sol-martien\/","og_locale":"fr_FR","og_type":"article","og_title":"R\u00e9cup\u00e9ration des \u00e9chantillons de sol martien - L&#039;observatoire est ouvert aux visiteurs tous les vendredis soirs \u00e0 21 heures, jusqu&#039;au 3 juillet 2026 inclus, sans r\u00e9servation.","og_description":"Premiers d\u00e9p\u00f4ts martiens ESA 2023 01 31 Dispers\u00e9s autour d&rsquo;un ancien delta de fleuve martien, dix tubes ont \u00e9t\u00e9 remplis d&rsquo;\u00e9chantillons qui pourraient aider \u00e0 r\u00e9pondre si jamais la vie apparaissait sur Mars. Combien pouvez-vous en rep\u00e9rer&nbsp;? Le rover Perseverance de la NASA a pris ce selfie en regardant l&rsquo;un des 10 tubes d&rsquo;\u00e9chantillons d\u00e9ploy\u00e9s &hellip; Continuer la lecture de &laquo;&nbsp;R\u00e9cup\u00e9ration des \u00e9chantillons de sol martien&nbsp;&raquo;","og_url":"https:\/\/gap47.astrosurf.com\/index.php\/recuperation-des-echantillons-de-sol-martien\/","og_site_name":"L&#039;observatoire est ouvert aux visiteurs tous les vendredis soirs \u00e0 21 heures, jusqu&#039;au 3 juillet 2026 inclus, sans r\u00e9servation.","article_publisher":"https:\/\/www.facebook.com\/astrogap47\/","article_modified_time":"2023-01-31T17:50:10+00:00","og_image":[{"url":"http:\/\/gap47.astrosurf.com\/wp-content\/uploads\/2023\/01\/First_martian_drop2-scaled.jpg","type":"","width":"","height":""}],"twitter_card":"summary_large_image","twitter_misc":{"Dur\u00e9e de lecture estim\u00e9e":"3 minutes"},"schema":{"@context":"https:\/\/schema.org","@graph":[{"@type":"WebPage","@id":"https:\/\/gap47.astrosurf.com\/index.php\/recuperation-des-echantillons-de-sol-martien\/","url":"https:\/\/gap47.astrosurf.com\/index.php\/recuperation-des-echantillons-de-sol-martien\/","name":"R\u00e9cup\u00e9ration des \u00e9chantillons de sol martien - L&#039;observatoire est ouvert aux visiteurs tous les vendredis soirs \u00e0 21 heures, jusqu&#039;au 3 juillet 2026 inclus, sans r\u00e9servation.","isPartOf":{"@id":"https:\/\/gap47.astrosurf.com\/#website"},"primaryImageOfPage":{"@id":"https:\/\/gap47.astrosurf.com\/index.php\/recuperation-des-echantillons-de-sol-martien\/#primaryimage"},"image":{"@id":"https:\/\/gap47.astrosurf.com\/index.php\/recuperation-des-echantillons-de-sol-martien\/#primaryimage"},"thumbnailUrl":"http:\/\/gap47.astrosurf.com\/wp-content\/uploads\/2023\/01\/First_martian_drop2-scaled.jpg","datePublished":"2023-01-31T17:33:02+00:00","dateModified":"2023-01-31T17:50:10+00:00","breadcrumb":{"@id":"https:\/\/gap47.astrosurf.com\/index.php\/recuperation-des-echantillons-de-sol-martien\/#breadcrumb"},"inLanguage":"fr-FR","potentialAction":[{"@type":"ReadAction","target":["https:\/\/gap47.astrosurf.com\/index.php\/recuperation-des-echantillons-de-sol-martien\/"]}]},{"@type":"ImageObject","inLanguage":"fr-FR","@id":"https:\/\/gap47.astrosurf.com\/index.php\/recuperation-des-echantillons-de-sol-martien\/#primaryimage","url":"https:\/\/gap47.astrosurf.com\/wp-content\/uploads\/2023\/01\/First_martian_drop2-scaled.jpg","contentUrl":"https:\/\/gap47.astrosurf.com\/wp-content\/uploads\/2023\/01\/First_martian_drop2-scaled.jpg","width":2560,"height":2395},{"@type":"BreadcrumbList","@id":"https:\/\/gap47.astrosurf.com\/index.php\/recuperation-des-echantillons-de-sol-martien\/#breadcrumb","itemListElement":[{"@type":"ListItem","position":1,"name":"Accueil","item":"https:\/\/gap47.astrosurf.com\/"},{"@type":"ListItem","position":2,"name":"R\u00e9cup\u00e9ration des \u00e9chantillons de sol martien"}]},{"@type":"WebSite","@id":"https:\/\/gap47.astrosurf.com\/#website","url":"https:\/\/gap47.astrosurf.com\/","name":"De janvier \u00e0 fin juin 2024, le GAP47 sera ouvert aux visiteurs tous les vendredis \u00e0 21h sans r\u00e9servation, \u00e0 l'exception du vendredi 26 janvier o\u00f9 l'observatoire sera ferm\u00e9 au public.","description":"Groupe d&#039;Astronomie Populaire du Lot-et-Garonne, \u00e0 Montayral","potentialAction":[{"@type":"SearchAction","target":{"@type":"EntryPoint","urlTemplate":"https:\/\/gap47.astrosurf.com\/?s={search_term_string}"},"query-input":{"@type":"PropertyValueSpecification","valueRequired":true,"valueName":"search_term_string"}}],"inLanguage":"fr-FR"}]}},"_links":{"self":[{"href":"https:\/\/gap47.astrosurf.com\/index.php\/wp-json\/wp\/v2\/pages\/12068","targetHints":{"allow":["GET"]}}],"collection":[{"href":"https:\/\/gap47.astrosurf.com\/index.php\/wp-json\/wp\/v2\/pages"}],"about":[{"href":"https:\/\/gap47.astrosurf.com\/index.php\/wp-json\/wp\/v2\/types\/page"}],"author":[{"embeddable":true,"href":"https:\/\/gap47.astrosurf.com\/index.php\/wp-json\/wp\/v2\/users\/5"}],"replies":[{"embeddable":true,"href":"https:\/\/gap47.astrosurf.com\/index.php\/wp-json\/wp\/v2\/comments?post=12068"}],"version-history":[{"count":6,"href":"https:\/\/gap47.astrosurf.com\/index.php\/wp-json\/wp\/v2\/pages\/12068\/revisions"}],"predecessor-version":[{"id":12078,"href":"https:\/\/gap47.astrosurf.com\/index.php\/wp-json\/wp\/v2\/pages\/12068\/revisions\/12078"}],"wp:attachment":[{"href":"https:\/\/gap47.astrosurf.com\/index.php\/wp-json\/wp\/v2\/media?parent=12068"}],"curies":[{"name":"wp","href":"https:\/\/api.w.org\/{rel}","templated":true}]}}