 {"id":11758,"date":"2022-09-18T17:22:11","date_gmt":"2022-09-18T15:22:11","guid":{"rendered":"http:\/\/gap47.astrosurf.com\/?page_id=11758"},"modified":"2024-01-02T19:52:14","modified_gmt":"2024-01-02T17:52:14","slug":"jwst","status":"publish","type":"page","link":"https:\/\/gap47.astrosurf.com\/index.php\/ressources\/telescopes-exceptionnels\/jwst\/","title":{"rendered":"JWST"},"content":{"rendered":"<p style=\"text-align: center;\"><span style=\"color: #339966;\"><strong><span style=\"font-size: 20px; font-family: arial, helvetica, sans-serif;\">Le t\u00e9lescope Spatial JWST &#8211; James Webb Space Telescope<\/span><\/strong><\/span><\/p>\n<p><span style=\"font-size: 20px; font-family: 'times new roman', times, serif;\">\u2022 1) <a href=\"http:\/\/gap47.astrosurf.com\/index.php\/jwst1\/\" target=\"_blank\" rel=\"noopener\">Projet, mise en \u0153uvre, lancement<\/a><\/span><\/p>\n<p><span style=\"font-size: 20px; font-family: 'times new roman', times, serif;\">\u2022 2) <a href=\"http:\/\/gap47.astrosurf.com\/index.php\/jwst2\/\" target=\"_blank\" rel=\"noopener\">Les d\u00e9buts, les premi\u00e8res observations et les r\u00e9sultats &#8211; 2022<\/a><\/span><\/p>\n<p><span style=\"font-size: 20px; font-family: 'times new roman', times, serif;\">\u2022 3) <a href=\"http:\/\/gap47.astrosurf.com\/index.php\/jwst3\/\" target=\"_blank\" rel=\"noopener\">Les r\u00e9sultats &#8211; 2023 janvier \/ juin<\/a><\/span><\/p>\n<p><span style=\"font-size: 20px; font-family: 'times new roman', times, serif;\">\u2022 4) <a href=\"http:\/\/gap47.astrosurf.com\/index.php\/jwst4\/\" target=\"_blank\" rel=\"noopener\">Les r\u00e9sultats &#8211; 2023 juillet \/ d\u00e9cembre<\/a><\/span><\/p>\n<p><span style=\"font-size: 20px; font-family: 'times new roman', times, serif;\">\u2022 5) <a href=\"http:\/\/gap47.astrosurf.com\/index.php\/jwst5\/\" target=\"_blank\" rel=\"noopener\">Les r\u00e9sultats &#8211; 2024 janvier \/ juin<\/a><\/span><\/p>\n<hr>\n<p>&nbsp;<\/p>\n","protected":false},"excerpt":{"rendered":"<p>Le t\u00e9lescope Spatial JWST &#8211; James Webb Space Telescope \u2022 1) Projet, mise en \u0153uvre, lancement \u2022 2) Les d\u00e9buts, les premi\u00e8res observations et les r\u00e9sultats &#8211; 2022 \u2022 3) Les r\u00e9sultats &#8211; 2023 janvier \/ juin \u2022 4) Les r\u00e9sultats &#8211; 2023 juillet \/ d\u00e9cembre \u2022 5) Les r\u00e9sultats &#8211; 2024 janvier \/ juin &hellip; <\/p>\n<p class=\"link-more\"><a href=\"https:\/\/gap47.astrosurf.com\/index.php\/ressources\/telescopes-exceptionnels\/jwst\/\" class=\"more-link\">Continuer la lecture<span class=\"screen-reader-text\"> de &laquo;&nbsp;JWST&nbsp;&raquo;<\/span><\/a><\/p>\n","protected":false},"author":5,"featured_media":0,"parent":5663,"menu_order":3,"comment_status":"closed","ping_status":"closed","template":"","meta":{"_exactmetrics_skip_tracking":false,"_exactmetrics_sitenote_active":false,"_exactmetrics_sitenote_note":"","_exactmetrics_sitenote_category":0,"ngg_post_thumbnail":0,"footnotes":""},"class_list":["post-11758","page","type-page","status-publish","hentry"],"yoast_head":"<!-- This site is optimized with the Yoast SEO plugin v24.8.1 - https:\/\/yoast.com\/wordpress\/plugins\/seo\/ -->\n<title>JWST - L&#039;observatoire est ouvert aux visiteurs tous les vendredis soirs \u00e0 21 heures, jusqu&#039;au 3 juillet 2026 inclus, sans r\u00e9servation.<\/title>\n<meta name=\"robots\" content=\"index, follow, max-snippet:-1, max-image-preview:large, max-video-preview:-1\" \/>\n<link rel=\"canonical\" href=\"https:\/\/gap47.astrosurf.com\/index.php\/ressources\/telescopes-exceptionnels\/jwst\/\" \/>\n<meta property=\"og:locale\" content=\"fr_FR\" \/>\n<meta property=\"og:type\" content=\"article\" \/>\n<meta property=\"og:title\" content=\"JWST - L&#039;observatoire est ouvert aux visiteurs tous les vendredis soirs \u00e0 21 heures, jusqu&#039;au 3 juillet 2026 inclus, sans r\u00e9servation.\" \/>\n<meta property=\"og:description\" content=\"Le t\u00e9lescope Spatial JWST &#8211; James Webb Space Telescope \u2022 1) Projet, mise en \u0153uvre, lancement \u2022 2) Les d\u00e9buts, les premi\u00e8res observations et les r\u00e9sultats &#8211; 2022 \u2022 3) Les r\u00e9sultats &#8211; 2023 janvier \/ juin \u2022 4) Les r\u00e9sultats &#8211; 2023 juillet \/ d\u00e9cembre \u2022 5) Les r\u00e9sultats &#8211; 2024 janvier \/ juin &hellip; Continuer la lecture de &laquo;&nbsp;JWST&nbsp;&raquo;\" \/>\n<meta property=\"og:url\" content=\"https:\/\/gap47.astrosurf.com\/index.php\/ressources\/telescopes-exceptionnels\/jwst\/\" \/>\n<meta property=\"og:site_name\" content=\"L&#039;observatoire est ouvert aux visiteurs tous les vendredis soirs \u00e0 21 heures, jusqu&#039;au 3 juillet 2026 inclus, sans r\u00e9servation.\" \/>\n<meta property=\"article:publisher\" content=\"https:\/\/www.facebook.com\/astrogap47\/\" \/>\n<meta property=\"article:modified_time\" content=\"2024-01-02T17:52:14+00:00\" \/>\n<meta name=\"twitter:card\" content=\"summary_large_image\" \/>\n<meta name=\"twitter:label1\" content=\"Dur\u00e9e de lecture estim\u00e9e\" \/>\n\t<meta name=\"twitter:data1\" content=\"1 minute\" \/>\n<script type=\"application\/ld+json\" class=\"yoast-schema-graph\">{\"@context\":\"https:\/\/schema.org\",\"@graph\":[{\"@type\":\"WebPage\",\"@id\":\"https:\/\/gap47.astrosurf.com\/index.php\/ressources\/telescopes-exceptionnels\/jwst\/\",\"url\":\"https:\/\/gap47.astrosurf.com\/index.php\/ressources\/telescopes-exceptionnels\/jwst\/\",\"name\":\"JWST - L&#039;observatoire est ouvert aux visiteurs tous les vendredis soirs \u00e0 21 heures, jusqu&#039;au 3 juillet 2026 inclus, sans r\u00e9servation.\",\"isPartOf\":{\"@id\":\"https:\/\/gap47.astrosurf.com\/#website\"},\"datePublished\":\"2022-09-18T15:22:11+00:00\",\"dateModified\":\"2024-01-02T17:52:14+00:00\",\"breadcrumb\":{\"@id\":\"https:\/\/gap47.astrosurf.com\/index.php\/ressources\/telescopes-exceptionnels\/jwst\/#breadcrumb\"},\"inLanguage\":\"fr-FR\",\"potentialAction\":[{\"@type\":\"ReadAction\",\"target\":[\"https:\/\/gap47.astrosurf.com\/index.php\/ressources\/telescopes-exceptionnels\/jwst\/\"]}]},{\"@type\":\"BreadcrumbList\",\"@id\":\"https:\/\/gap47.astrosurf.com\/index.php\/ressources\/telescopes-exceptionnels\/jwst\/#breadcrumb\",\"itemListElement\":[{\"@type\":\"ListItem\",\"position\":1,\"name\":\"Accueil\",\"item\":\"https:\/\/gap47.astrosurf.com\/\"},{\"@type\":\"ListItem\",\"position\":2,\"name\":\"Ressources\",\"item\":\"https:\/\/gap47.astrosurf.com\/index.php\/ressources\/\"},{\"@type\":\"ListItem\",\"position\":3,\"name\":\"T\u00e9lescopes exceptionnels\",\"item\":\"https:\/\/gap47.astrosurf.com\/index.php\/ressources\/telescopes-exceptionnels\/\"},{\"@type\":\"ListItem\",\"position\":4,\"name\":\"JWST\"}]},{\"@type\":\"WebSite\",\"@id\":\"https:\/\/gap47.astrosurf.com\/#website\",\"url\":\"https:\/\/gap47.astrosurf.com\/\",\"name\":\"De janvier \u00e0 fin juin 2024, le GAP47 sera ouvert aux visiteurs tous les vendredis \u00e0 21h sans r\u00e9servation, \u00e0 l'exception du vendredi 26 janvier o\u00f9 l'observatoire sera ferm\u00e9 au public.\",\"description\":\"Groupe d&#039;Astronomie Populaire du Lot-et-Garonne, \u00e0 Montayral\",\"potentialAction\":[{\"@type\":\"SearchAction\",\"target\":{\"@type\":\"EntryPoint\",\"urlTemplate\":\"https:\/\/gap47.astrosurf.com\/?s={search_term_string}\"},\"query-input\":{\"@type\":\"PropertyValueSpecification\",\"valueRequired\":true,\"valueName\":\"search_term_string\"}}],\"inLanguage\":\"fr-FR\"}]}<\/script>\n<!-- \/ Yoast SEO plugin. -->","yoast_head_json":{"title":"JWST - L&#039;observatoire est ouvert aux visiteurs tous les vendredis soirs \u00e0 21 heures, jusqu&#039;au 3 juillet 2026 inclus, sans r\u00e9servation.","robots":{"index":"index","follow":"follow","max-snippet":"max-snippet:-1","max-image-preview":"max-image-preview:large","max-video-preview":"max-video-preview:-1"},"canonical":"https:\/\/gap47.astrosurf.com\/index.php\/ressources\/telescopes-exceptionnels\/jwst\/","og_locale":"fr_FR","og_type":"article","og_title":"JWST - L&#039;observatoire est ouvert aux visiteurs tous les vendredis soirs \u00e0 21 heures, jusqu&#039;au 3 juillet 2026 inclus, sans r\u00e9servation.","og_description":"Le t\u00e9lescope Spatial JWST &#8211; James Webb Space Telescope \u2022 1) Projet, mise en \u0153uvre, lancement \u2022 2) Les d\u00e9buts, les premi\u00e8res observations et les r\u00e9sultats &#8211; 2022 \u2022 3) Les r\u00e9sultats &#8211; 2023 janvier \/ juin \u2022 4) Les r\u00e9sultats &#8211; 2023 juillet \/ d\u00e9cembre \u2022 5) Les r\u00e9sultats &#8211; 2024 janvier \/ juin &hellip; Continuer la lecture de &laquo;&nbsp;JWST&nbsp;&raquo;","og_url":"https:\/\/gap47.astrosurf.com\/index.php\/ressources\/telescopes-exceptionnels\/jwst\/","og_site_name":"L&#039;observatoire est ouvert aux visiteurs tous les vendredis soirs \u00e0 21 heures, jusqu&#039;au 3 juillet 2026 inclus, sans r\u00e9servation.","article_publisher":"https:\/\/www.facebook.com\/astrogap47\/","article_modified_time":"2024-01-02T17:52:14+00:00","twitter_card":"summary_large_image","twitter_misc":{"Dur\u00e9e de lecture estim\u00e9e":"1 minute"},"schema":{"@context":"https:\/\/schema.org","@graph":[{"@type":"WebPage","@id":"https:\/\/gap47.astrosurf.com\/index.php\/ressources\/telescopes-exceptionnels\/jwst\/","url":"https:\/\/gap47.astrosurf.com\/index.php\/ressources\/telescopes-exceptionnels\/jwst\/","name":"JWST - L&#039;observatoire est ouvert aux visiteurs tous les vendredis soirs \u00e0 21 heures, jusqu&#039;au 3 juillet 2026 inclus, sans r\u00e9servation.","isPartOf":{"@id":"https:\/\/gap47.astrosurf.com\/#website"},"datePublished":"2022-09-18T15:22:11+00:00","dateModified":"2024-01-02T17:52:14+00:00","breadcrumb":{"@id":"https:\/\/gap47.astrosurf.com\/index.php\/ressources\/telescopes-exceptionnels\/jwst\/#breadcrumb"},"inLanguage":"fr-FR","potentialAction":[{"@type":"ReadAction","target":["https:\/\/gap47.astrosurf.com\/index.php\/ressources\/telescopes-exceptionnels\/jwst\/"]}]},{"@type":"BreadcrumbList","@id":"https:\/\/gap47.astrosurf.com\/index.php\/ressources\/telescopes-exceptionnels\/jwst\/#breadcrumb","itemListElement":[{"@type":"ListItem","position":1,"name":"Accueil","item":"https:\/\/gap47.astrosurf.com\/"},{"@type":"ListItem","position":2,"name":"Ressources","item":"https:\/\/gap47.astrosurf.com\/index.php\/ressources\/"},{"@type":"ListItem","position":3,"name":"T\u00e9lescopes exceptionnels","item":"https:\/\/gap47.astrosurf.com\/index.php\/ressources\/telescopes-exceptionnels\/"},{"@type":"ListItem","position":4,"name":"JWST"}]},{"@type":"WebSite","@id":"https:\/\/gap47.astrosurf.com\/#website","url":"https:\/\/gap47.astrosurf.com\/","name":"De janvier \u00e0 fin juin 2024, le GAP47 sera ouvert aux visiteurs tous les vendredis \u00e0 21h sans r\u00e9servation, \u00e0 l'exception du vendredi 26 janvier o\u00f9 l'observatoire sera ferm\u00e9 au public.","description":"Groupe d&#039;Astronomie Populaire du Lot-et-Garonne, \u00e0 Montayral","potentialAction":[{"@type":"SearchAction","target":{"@type":"EntryPoint","urlTemplate":"https:\/\/gap47.astrosurf.com\/?s={search_term_string}"},"query-input":{"@type":"PropertyValueSpecification","valueRequired":true,"valueName":"search_term_string"}}],"inLanguage":"fr-FR"}]}},"_links":{"self":[{"href":"https:\/\/gap47.astrosurf.com\/index.php\/wp-json\/wp\/v2\/pages\/11758","targetHints":{"allow":["GET"]}}],"collection":[{"href":"https:\/\/gap47.astrosurf.com\/index.php\/wp-json\/wp\/v2\/pages"}],"about":[{"href":"https:\/\/gap47.astrosurf.com\/index.php\/wp-json\/wp\/v2\/types\/page"}],"author":[{"embeddable":true,"href":"https:\/\/gap47.astrosurf.com\/index.php\/wp-json\/wp\/v2\/users\/5"}],"replies":[{"embeddable":true,"href":"https:\/\/gap47.astrosurf.com\/index.php\/wp-json\/wp\/v2\/comments?post=11758"}],"version-history":[{"count":10,"href":"https:\/\/gap47.astrosurf.com\/index.php\/wp-json\/wp\/v2\/pages\/11758\/revisions"}],"predecessor-version":[{"id":12687,"href":"https:\/\/gap47.astrosurf.com\/index.php\/wp-json\/wp\/v2\/pages\/11758\/revisions\/12687"}],"up":[{"embeddable":true,"href":"https:\/\/gap47.astrosurf.com\/index.php\/wp-json\/wp\/v2\/pages\/5663"}],"wp:attachment":[{"href":"https:\/\/gap47.astrosurf.com\/index.php\/wp-json\/wp\/v2\/media?parent=11758"}],"curies":[{"name":"wp","href":"https:\/\/api.w.org\/{rel}","templated":true}]}}