 {"id":11363,"date":"2022-05-03T00:56:31","date_gmt":"2022-05-02T22:56:31","guid":{"rendered":"http:\/\/gap47.astrosurf.com\/?page_id=11363"},"modified":"2026-01-08T19:16:21","modified_gmt":"2026-01-08T17:16:21","slug":"groupes-prives","status":"publish","type":"page","link":"https:\/\/gap47.astrosurf.com\/index.php\/accueil-visiteurs\/groupes-prives\/","title":{"rendered":"Groupes priv\u00e9s"},"content":{"rendered":"<p><span style=\"font-family: arial,helvetica,sans-serif; font-size: 24px;\"><strong>Soir\u00e9es et\/ou journ\u00e9es \u00ab\u00a0priv\u00e9es\u00a0\u00bb sur r\u00e9servation<br \/>\n<\/strong><\/span><\/p>\n<p><span style=\"font-family: 'times new roman', times, serif; font-size: 20px;\">Cette cat\u00e9gorie s&rsquo;adresse \u00e0 des groupes priv\u00e9s qui b\u00e9n\u00e9ficieront de la privatisation du GAP47 exclusivement pour eux. Ce sont des groupes familiaux ou amicaux, ou encore des associations qui ne rentrent pas dans les cat\u00e9gories pr\u00e9c\u00e9dentes (scolaires ou associations g\u00e9rant des groupes d\u2019enfants comme les centres de loisirs ou a\u00e9r\u00e9s, les colonies de vacances, les ALSH ou assimil\u00e9es).&nbsp;<\/span><\/p>\n<p><span style=\"font-family: times new roman,times,serif; font-size: 20px;\">Il est possible d&rsquo;organiser des soir\u00e9es (et\/ou des journ\u00e9es ou encore des journ\u00e9es\/soir\u00e9es) personnalis\u00e9es :<\/span><br \/>\n<span style=\"font-family: times new roman,times,serif; font-size: 20px;\"> &#8211; la facturation minimale est de 85 \u20ac qui comprend la privatisation du GAP47 ainsi que jusqu&rsquo;\u00e0 10 personnes pour une p\u00e9riode (matin ou apr\u00e8s-midi ou soir). Au-del\u00e0 de 10 personnes le co\u00fbt additionnel est de 6 \u20ac par personne et par p\u00e9riode. <span style=\"color: #0000ff;\">Voir le d\u00e9tail des possibilit\u00e9s au n\u00b0 1 ci-dessous en bleu.<\/span><\/span><br \/>\n<span style=\"font-family: times new roman,times,serif; font-size: 20px;\"> &#8211; \u00e0 l&rsquo;exclusion du vendredi et du weekend, sauf circonstances exceptionnelles<\/span><br \/>\n<span style=\"font-family: times new roman,times,serif; font-size: 20px;\"> &#8211; prendre contact plusieurs jours \u00e0 l&rsquo;avance par courriel \u00e0 : <a href=\"mailto:gap47@laposte.net\">gap47@laposte.net<\/a><\/span><br \/>\n<span style=\"font-size: 20px;\"> <strong><span style=\"font-family: times new roman,times,serif;\"> &#8211; possibilit\u00e9 de faire des soir\u00e9es priv\u00e9es 100% en anglais <\/span><\/strong><\/span><span style=\"font-size: 20px;\"><strong><span style=\"font-family: times new roman,times,serif;\"><img loading=\"lazy\" decoding=\"async\" class=\"alignnone wp-image-1766\" src=\"http:\/\/gap47.astrosurf.com\/wp-content\/uploads\/2017\/04\/UK-flag.jpg\" alt=\"\" width=\"40\" height=\"20\" srcset=\"https:\/\/gap47.astrosurf.com\/wp-content\/uploads\/2017\/04\/UK-flag.jpg 630w, https:\/\/gap47.astrosurf.com\/wp-content\/uploads\/2017\/04\/UK-flag-300x150.jpg 300w\" sizes=\"auto, (max-width: 40px) 100vw, 40px\" \/><\/span><\/strong><\/span><\/p>\n<p><span style=\"font-family: times new roman,times,serif; font-size: 20px;\">Avant de r\u00e9server, v\u00e9rifiez sur notre <a href=\"https:\/\/calendar.google.com\/calendar\/embed?src=gap47@aliceadsl.fr&amp;ctz=Europe\/Paris\" target=\"_blank\" rel=\"noopener noreferrer\"><span style=\"color: #0000ff;\">calendrier<\/span><\/a> que vos dates pr\u00e9f\u00e9r\u00e9es sont bien disponibles. Si vous r\u00e9servez par courriel, nous vous demandons de t\u00e9l\u00e9charger les deux documents au format pdf ci-dessous : le premier contient nos conditions g\u00e9n\u00e9rales et le second est un document de r\u00e9servation. C&rsquo;est un pdf \u00ab\u00a0\u00e9ditable\u00a0\u00bb, qu&rsquo;on peut remplir directement via le clavier. Il faut le t\u00e9l\u00e9charger sur votre ordinateur, le sauvegarder, le remplir ensuite et le sauvegarder \u00e0 nouveau (de pr\u00e9f\u00e9rence sous un autre nom) sur votre ordinateur,&nbsp; puis<\/span><span style=\"font-family: times new roman,times,serif; font-size: 20px;\"> nous retourner ce dernier par mail \u00e0 : <a href=\"mailto:gap47@laposte.net\">gap47@laposte.net<\/a>. Vous pouvez aussi le t\u00e9l\u00e9charger, l&rsquo;imprimer, le remplir \u00e0 la main, scanner le formulaire ainsi rempli, puis nous envoyer ce fichier \u00e0 la m\u00eame adresse mail.<\/span><\/p>\n<p><span style=\"font-family: arial, helvetica, sans-serif; font-size: 20px; color: #0000ff;\"><strong><em>1 \u2013 <a href=\"http:\/\/gap47.astrosurf.com\/wp-content\/uploads\/2026\/01\/Conditions-de-re\u0301servations-groupes-prive\u0301s.pdf\"><span style=\"color: #0000ff;\">Conditions de r\u00e9servation des groupes priv\u00e9s<\/span><\/a><\/em><\/strong><\/span><br \/>\n<span style=\"font-family: arial, helvetica, sans-serif; font-size: 20px; color: #0000ff;\"><em><strong>2 \u2013 <a href=\"http:\/\/gap47.astrosurf.com\/wp-content\/uploads\/2026\/01\/Formulaire-de-re\u0301servation-groupes-prive\u0301s.pdf\"><span style=\"color: #0000ff;\">Formulaire de r\u00e9servatio<\/span><span style=\"color: #0000ff;\">n<\/span><\/a><\/strong><\/em><\/span><\/p>\n<p><span style=\"color: #ff0000;\"><strong><span style=\"font-family: 'times new roman', times, serif; font-size: 20px;\">ATTENTION : Pour des raisons d&rsquo;efficacit\u00e9, de s\u00e9curit\u00e9 et de confort, il n&rsquo;est pas possible d&rsquo;accueillir plus de 30 personnes en visite nocturne.<\/span><\/strong><\/span><\/p>\n<p><span style=\"font-family: times new roman, times, serif; font-size: 20px;\">Dans tous les cas, nous vous contacterons par mail \u00e0 la r\u00e9ception de votre formulaire pour vous confirmer votre r\u00e9servation.<\/span><\/p>\n<p style=\"text-align: center;\"><span style=\"font-size: 20px; color: #008000;\"><strong><span style=\"font-family: arial, helvetica, sans-serif;\">Le paiement s&rsquo;effectue en arrivant \u00e0 l&rsquo;observatoire.<\/span><\/strong><\/span><br \/>\n<span style=\"font-size: 20px; color: #008000;\"><strong><span style=\"font-family: arial, helvetica, sans-serif;\">Les paiements peuvent \u00eatre r\u00e9alis\u00e9s en esp\u00e8ces, par ch\u00e8que ou par carte de cr\u00e9dit.<\/span><\/strong><\/span><\/p>\n<hr>\n","protected":false},"excerpt":{"rendered":"<p>Soir\u00e9es et\/ou journ\u00e9es \u00ab\u00a0priv\u00e9es\u00a0\u00bb sur r\u00e9servation Cette cat\u00e9gorie s&rsquo;adresse \u00e0 des groupes priv\u00e9s qui b\u00e9n\u00e9ficieront de la privatisation du GAP47 exclusivement pour eux. Ce sont des groupes familiaux ou amicaux, ou encore des associations qui ne rentrent pas dans les cat\u00e9gories pr\u00e9c\u00e9dentes (scolaires ou associations g\u00e9rant des groupes d\u2019enfants comme les centres de loisirs ou &hellip; <\/p>\n<p class=\"link-more\"><a href=\"https:\/\/gap47.astrosurf.com\/index.php\/accueil-visiteurs\/groupes-prives\/\" class=\"more-link\">Continuer la lecture<span class=\"screen-reader-text\"> de &laquo;&nbsp;Groupes priv\u00e9s&nbsp;&raquo;<\/span><\/a><\/p>\n","protected":false},"author":5,"featured_media":0,"parent":29,"menu_order":3,"comment_status":"closed","ping_status":"closed","template":"","meta":{"_exactmetrics_skip_tracking":false,"_exactmetrics_sitenote_active":false,"_exactmetrics_sitenote_note":"","_exactmetrics_sitenote_category":0,"ngg_post_thumbnail":0,"footnotes":""},"class_list":["post-11363","page","type-page","status-publish","hentry"],"yoast_head":"<!-- This site is optimized with the Yoast SEO plugin v24.8.1 - https:\/\/yoast.com\/wordpress\/plugins\/seo\/ -->\n<title>Groupes priv\u00e9s - L&#039;observatoire est ouvert aux visiteurs tous les vendredis soirs \u00e0 21 heures, jusqu&#039;au 3 juillet 2026 inclus, sans r\u00e9servation.<\/title>\n<meta name=\"robots\" content=\"index, follow, max-snippet:-1, max-image-preview:large, max-video-preview:-1\" \/>\n<link rel=\"canonical\" href=\"https:\/\/gap47.astrosurf.com\/index.php\/accueil-visiteurs\/groupes-prives\/\" \/>\n<meta property=\"og:locale\" content=\"fr_FR\" \/>\n<meta property=\"og:type\" content=\"article\" \/>\n<meta property=\"og:title\" content=\"Groupes priv\u00e9s - L&#039;observatoire est ouvert aux visiteurs tous les vendredis soirs \u00e0 21 heures, jusqu&#039;au 3 juillet 2026 inclus, sans r\u00e9servation.\" \/>\n<meta property=\"og:description\" content=\"Soir\u00e9es et\/ou journ\u00e9es \u00ab\u00a0priv\u00e9es\u00a0\u00bb sur r\u00e9servation Cette cat\u00e9gorie s&rsquo;adresse \u00e0 des groupes priv\u00e9s qui b\u00e9n\u00e9ficieront de la privatisation du GAP47 exclusivement pour eux. Ce sont des groupes familiaux ou amicaux, ou encore des associations qui ne rentrent pas dans les cat\u00e9gories pr\u00e9c\u00e9dentes (scolaires ou associations g\u00e9rant des groupes d\u2019enfants comme les centres de loisirs ou &hellip; Continuer la lecture de &laquo;&nbsp;Groupes priv\u00e9s&nbsp;&raquo;\" \/>\n<meta property=\"og:url\" content=\"https:\/\/gap47.astrosurf.com\/index.php\/accueil-visiteurs\/groupes-prives\/\" \/>\n<meta property=\"og:site_name\" content=\"L&#039;observatoire est ouvert aux visiteurs tous les vendredis soirs \u00e0 21 heures, jusqu&#039;au 3 juillet 2026 inclus, sans r\u00e9servation.\" \/>\n<meta property=\"article:publisher\" content=\"https:\/\/www.facebook.com\/astrogap47\/\" \/>\n<meta property=\"article:modified_time\" content=\"2026-01-08T17:16:21+00:00\" \/>\n<meta property=\"og:image\" content=\"https:\/\/gap47.astrosurf.com\/wp-content\/uploads\/2017\/04\/UK-flag.jpg\" \/>\n\t<meta property=\"og:image:width\" content=\"630\" \/>\n\t<meta property=\"og:image:height\" content=\"316\" \/>\n\t<meta property=\"og:image:type\" content=\"image\/jpeg\" \/>\n<meta name=\"twitter:card\" content=\"summary_large_image\" \/>\n<meta name=\"twitter:label1\" content=\"Dur\u00e9e de lecture estim\u00e9e\" \/>\n\t<meta name=\"twitter:data1\" content=\"3 minutes\" \/>\n<script type=\"application\/ld+json\" class=\"yoast-schema-graph\">{\"@context\":\"https:\/\/schema.org\",\"@graph\":[{\"@type\":\"WebPage\",\"@id\":\"https:\/\/gap47.astrosurf.com\/index.php\/accueil-visiteurs\/groupes-prives\/\",\"url\":\"https:\/\/gap47.astrosurf.com\/index.php\/accueil-visiteurs\/groupes-prives\/\",\"name\":\"Groupes priv\u00e9s - L&#039;observatoire est ouvert aux visiteurs tous les vendredis soirs \u00e0 21 heures, jusqu&#039;au 3 juillet 2026 inclus, sans r\u00e9servation.\",\"isPartOf\":{\"@id\":\"https:\/\/gap47.astrosurf.com\/#website\"},\"primaryImageOfPage\":{\"@id\":\"https:\/\/gap47.astrosurf.com\/index.php\/accueil-visiteurs\/groupes-prives\/#primaryimage\"},\"image\":{\"@id\":\"https:\/\/gap47.astrosurf.com\/index.php\/accueil-visiteurs\/groupes-prives\/#primaryimage\"},\"thumbnailUrl\":\"http:\/\/gap47.astrosurf.com\/wp-content\/uploads\/2017\/04\/UK-flag.jpg\",\"datePublished\":\"2022-05-02T22:56:31+00:00\",\"dateModified\":\"2026-01-08T17:16:21+00:00\",\"breadcrumb\":{\"@id\":\"https:\/\/gap47.astrosurf.com\/index.php\/accueil-visiteurs\/groupes-prives\/#breadcrumb\"},\"inLanguage\":\"fr-FR\",\"potentialAction\":[{\"@type\":\"ReadAction\",\"target\":[\"https:\/\/gap47.astrosurf.com\/index.php\/accueil-visiteurs\/groupes-prives\/\"]}]},{\"@type\":\"ImageObject\",\"inLanguage\":\"fr-FR\",\"@id\":\"https:\/\/gap47.astrosurf.com\/index.php\/accueil-visiteurs\/groupes-prives\/#primaryimage\",\"url\":\"https:\/\/gap47.astrosurf.com\/wp-content\/uploads\/2017\/04\/UK-flag.jpg\",\"contentUrl\":\"https:\/\/gap47.astrosurf.com\/wp-content\/uploads\/2017\/04\/UK-flag.jpg\",\"width\":630,\"height\":316},{\"@type\":\"BreadcrumbList\",\"@id\":\"https:\/\/gap47.astrosurf.com\/index.php\/accueil-visiteurs\/groupes-prives\/#breadcrumb\",\"itemListElement\":[{\"@type\":\"ListItem\",\"position\":1,\"name\":\"Accueil\",\"item\":\"https:\/\/gap47.astrosurf.com\/\"},{\"@type\":\"ListItem\",\"position\":2,\"name\":\"Accueil visiteurs\",\"item\":\"https:\/\/gap47.astrosurf.com\/index.php\/accueil-visiteurs\/\"},{\"@type\":\"ListItem\",\"position\":3,\"name\":\"Groupes priv\u00e9s\"}]},{\"@type\":\"WebSite\",\"@id\":\"https:\/\/gap47.astrosurf.com\/#website\",\"url\":\"https:\/\/gap47.astrosurf.com\/\",\"name\":\"De janvier \u00e0 fin juin 2024, le GAP47 sera ouvert aux visiteurs tous les vendredis \u00e0 21h sans r\u00e9servation, \u00e0 l'exception du vendredi 26 janvier o\u00f9 l'observatoire sera ferm\u00e9 au public.\",\"description\":\"Groupe d&#039;Astronomie Populaire du Lot-et-Garonne, \u00e0 Montayral\",\"potentialAction\":[{\"@type\":\"SearchAction\",\"target\":{\"@type\":\"EntryPoint\",\"urlTemplate\":\"https:\/\/gap47.astrosurf.com\/?s={search_term_string}\"},\"query-input\":{\"@type\":\"PropertyValueSpecification\",\"valueRequired\":true,\"valueName\":\"search_term_string\"}}],\"inLanguage\":\"fr-FR\"}]}<\/script>\n<!-- \/ Yoast SEO plugin. -->","yoast_head_json":{"title":"Groupes priv\u00e9s - L&#039;observatoire est ouvert aux visiteurs tous les vendredis soirs \u00e0 21 heures, jusqu&#039;au 3 juillet 2026 inclus, sans r\u00e9servation.","robots":{"index":"index","follow":"follow","max-snippet":"max-snippet:-1","max-image-preview":"max-image-preview:large","max-video-preview":"max-video-preview:-1"},"canonical":"https:\/\/gap47.astrosurf.com\/index.php\/accueil-visiteurs\/groupes-prives\/","og_locale":"fr_FR","og_type":"article","og_title":"Groupes priv\u00e9s - L&#039;observatoire est ouvert aux visiteurs tous les vendredis soirs \u00e0 21 heures, jusqu&#039;au 3 juillet 2026 inclus, sans r\u00e9servation.","og_description":"Soir\u00e9es et\/ou journ\u00e9es \u00ab\u00a0priv\u00e9es\u00a0\u00bb sur r\u00e9servation Cette cat\u00e9gorie s&rsquo;adresse \u00e0 des groupes priv\u00e9s qui b\u00e9n\u00e9ficieront de la privatisation du GAP47 exclusivement pour eux. Ce sont des groupes familiaux ou amicaux, ou encore des associations qui ne rentrent pas dans les cat\u00e9gories pr\u00e9c\u00e9dentes (scolaires ou associations g\u00e9rant des groupes d\u2019enfants comme les centres de loisirs ou &hellip; Continuer la lecture de &laquo;&nbsp;Groupes priv\u00e9s&nbsp;&raquo;","og_url":"https:\/\/gap47.astrosurf.com\/index.php\/accueil-visiteurs\/groupes-prives\/","og_site_name":"L&#039;observatoire est ouvert aux visiteurs tous les vendredis soirs \u00e0 21 heures, jusqu&#039;au 3 juillet 2026 inclus, sans r\u00e9servation.","article_publisher":"https:\/\/www.facebook.com\/astrogap47\/","article_modified_time":"2026-01-08T17:16:21+00:00","og_image":[{"width":630,"height":316,"url":"https:\/\/gap47.astrosurf.com\/wp-content\/uploads\/2017\/04\/UK-flag.jpg","type":"image\/jpeg"}],"twitter_card":"summary_large_image","twitter_misc":{"Dur\u00e9e de lecture estim\u00e9e":"3 minutes"},"schema":{"@context":"https:\/\/schema.org","@graph":[{"@type":"WebPage","@id":"https:\/\/gap47.astrosurf.com\/index.php\/accueil-visiteurs\/groupes-prives\/","url":"https:\/\/gap47.astrosurf.com\/index.php\/accueil-visiteurs\/groupes-prives\/","name":"Groupes priv\u00e9s - L&#039;observatoire est ouvert aux visiteurs tous les vendredis soirs \u00e0 21 heures, jusqu&#039;au 3 juillet 2026 inclus, sans r\u00e9servation.","isPartOf":{"@id":"https:\/\/gap47.astrosurf.com\/#website"},"primaryImageOfPage":{"@id":"https:\/\/gap47.astrosurf.com\/index.php\/accueil-visiteurs\/groupes-prives\/#primaryimage"},"image":{"@id":"https:\/\/gap47.astrosurf.com\/index.php\/accueil-visiteurs\/groupes-prives\/#primaryimage"},"thumbnailUrl":"http:\/\/gap47.astrosurf.com\/wp-content\/uploads\/2017\/04\/UK-flag.jpg","datePublished":"2022-05-02T22:56:31+00:00","dateModified":"2026-01-08T17:16:21+00:00","breadcrumb":{"@id":"https:\/\/gap47.astrosurf.com\/index.php\/accueil-visiteurs\/groupes-prives\/#breadcrumb"},"inLanguage":"fr-FR","potentialAction":[{"@type":"ReadAction","target":["https:\/\/gap47.astrosurf.com\/index.php\/accueil-visiteurs\/groupes-prives\/"]}]},{"@type":"ImageObject","inLanguage":"fr-FR","@id":"https:\/\/gap47.astrosurf.com\/index.php\/accueil-visiteurs\/groupes-prives\/#primaryimage","url":"https:\/\/gap47.astrosurf.com\/wp-content\/uploads\/2017\/04\/UK-flag.jpg","contentUrl":"https:\/\/gap47.astrosurf.com\/wp-content\/uploads\/2017\/04\/UK-flag.jpg","width":630,"height":316},{"@type":"BreadcrumbList","@id":"https:\/\/gap47.astrosurf.com\/index.php\/accueil-visiteurs\/groupes-prives\/#breadcrumb","itemListElement":[{"@type":"ListItem","position":1,"name":"Accueil","item":"https:\/\/gap47.astrosurf.com\/"},{"@type":"ListItem","position":2,"name":"Accueil visiteurs","item":"https:\/\/gap47.astrosurf.com\/index.php\/accueil-visiteurs\/"},{"@type":"ListItem","position":3,"name":"Groupes priv\u00e9s"}]},{"@type":"WebSite","@id":"https:\/\/gap47.astrosurf.com\/#website","url":"https:\/\/gap47.astrosurf.com\/","name":"De janvier \u00e0 fin juin 2024, le GAP47 sera ouvert aux visiteurs tous les vendredis \u00e0 21h sans r\u00e9servation, \u00e0 l'exception du vendredi 26 janvier o\u00f9 l'observatoire sera ferm\u00e9 au public.","description":"Groupe d&#039;Astronomie Populaire du Lot-et-Garonne, \u00e0 Montayral","potentialAction":[{"@type":"SearchAction","target":{"@type":"EntryPoint","urlTemplate":"https:\/\/gap47.astrosurf.com\/?s={search_term_string}"},"query-input":{"@type":"PropertyValueSpecification","valueRequired":true,"valueName":"search_term_string"}}],"inLanguage":"fr-FR"}]}},"_links":{"self":[{"href":"https:\/\/gap47.astrosurf.com\/index.php\/wp-json\/wp\/v2\/pages\/11363","targetHints":{"allow":["GET"]}}],"collection":[{"href":"https:\/\/gap47.astrosurf.com\/index.php\/wp-json\/wp\/v2\/pages"}],"about":[{"href":"https:\/\/gap47.astrosurf.com\/index.php\/wp-json\/wp\/v2\/types\/page"}],"author":[{"embeddable":true,"href":"https:\/\/gap47.astrosurf.com\/index.php\/wp-json\/wp\/v2\/users\/5"}],"replies":[{"embeddable":true,"href":"https:\/\/gap47.astrosurf.com\/index.php\/wp-json\/wp\/v2\/comments?post=11363"}],"version-history":[{"count":32,"href":"https:\/\/gap47.astrosurf.com\/index.php\/wp-json\/wp\/v2\/pages\/11363\/revisions"}],"predecessor-version":[{"id":13809,"href":"https:\/\/gap47.astrosurf.com\/index.php\/wp-json\/wp\/v2\/pages\/11363\/revisions\/13809"}],"up":[{"embeddable":true,"href":"https:\/\/gap47.astrosurf.com\/index.php\/wp-json\/wp\/v2\/pages\/29"}],"wp:attachment":[{"href":"https:\/\/gap47.astrosurf.com\/index.php\/wp-json\/wp\/v2\/media?parent=11363"}],"curies":[{"name":"wp","href":"https:\/\/api.w.org\/{rel}","templated":true}]}}