 {"id":11317,"date":"2022-02-01T22:59:50","date_gmt":"2022-02-01T20:59:50","guid":{"rendered":"http:\/\/gap47.astrosurf.com\/?page_id=11317"},"modified":"2022-02-01T23:41:53","modified_gmt":"2022-02-01T21:41:53","slug":"lune-2022-nasa","status":"publish","type":"page","link":"https:\/\/gap47.astrosurf.com\/index.php\/lune-2022-nasa\/","title":{"rendered":"Lune 2022 NASA"},"content":{"rendered":"<p style=\"text-align: center;\"><span style=\"font-family: arial, helvetica, sans-serif; font-size: 24px; color: #ff0000;\"><strong>Une superbe animation vid\u00e9o r\u00e9alis\u00e9e par la NASA sur l\u2019apparence de la Lune vue depuis la Terre sur la totalit\u00e9 de l\u2019ann\u00e9e 2022.<\/strong><\/span><\/p>\n<p><span style=\"font-family: 'times new roman', times, serif; font-size: 20px;\">APOD 2022 02 01 &#8211; <\/span><span style=\"font-family: 'times new roman', times, serif; font-size: 20px;\"><strong>Moon Phases 2022 <\/strong><\/span><br \/>\n<em><span style=\"font-family: 'times new roman', times, serif; font-size: 20px;\">Video Credit : Donn\u00e9es : Lunar Reconnaissance Orbiter<\/span><\/em><br \/>\n<em><span style=\"font-family: 'times new roman', times, serif; font-size: 20px;\">Animation : Studio de Visualisation scientifique de la NASA<\/span><\/em><br \/>\n<em><span style=\"font-family: 'times new roman', times, serif; font-size: 20px;\">Musique : Build the Future (Universal Production Music), Alexander Hitchens<\/span><\/em><\/p>\n<div class=\"ose-youtube ose-uid-3a321da659a634167879a247dfc265c4 ose-embedpress-responsive\" style=\"width:600px; height:550px; max-height:550px; max-width:100%; display:inline-block;\" data-embed-type=\"Youtube\"><iframe loading=\"lazy\" allowFullScreen=\"true\" title=\"Moon Phases 2022 \u2013 Northern Hemisphere \u2013 4K\" width=\"600\" height=\"550\" src=\"https:\/\/www.youtube.com\/embed\/c4Xky6tlFyY?feature=oembed&color=red&rel=0&controls=1&start=&end=&fs=0&iv_load_policy=0&autoplay=0&mute=0&modestbranding=0&cc_load_policy=1&playsinline=1\" frameborder=\"0\" allow=\"accelerometer; encrypted-media;accelerometer;autoplay;clipboard-write;gyroscope;picture-in-picture clipboard-write; encrypted-media; gyroscope; picture-in-picture; web-share\" referrerpolicy=\"strict-origin-when-cross-origin\" allowfullscreen><\/iframe><\/div>\n<p><span style=\"font-family: 'times new roman', times, serif; font-size: 20px;\">Quelle sera la phase de la Lune cette ann\u00e9e, le jour de votre anniversaire&nbsp;? C\u2019est difficile \u00e0 pr\u00e9dire car l\u2019apparence de la Lune change chaque nuit. Tandis que la Lune est en orbite autour de la Terre, la moiti\u00e9 de notre satellite est illumin\u00e9e par le Soleil devient visible d\u2019abord de mani\u00e8re croissante, puis, apr\u00e8s la pleine lune la partie \u00e9clair\u00e9e d\u00e9cro\u00eet. Cette vid\u00e9o (qui est un time-lapse c\u2019est-\u00e0-dire une succession de photos) vient des images recueillies par la sonde de la NASA, en orbite autour de la Lune, qui s\u2019appelle LRO (<strong>L<\/strong>unar <strong>R<\/strong>econnaissance <strong>O<\/strong>rbiter), pour animer ce que seront les 12 lunaisons de l\u2019ann\u00e9e 2022, telles qu\u2019on les verra depuis l\u2019h\u00e9misph\u00e8re nord de la Terre. Une seule lunaison repr\u00e9sente un cycle complet de notre Lune, avec toutes ses phases. Une lunaison compl\u00e8te dure 29,5 jours. Tandis que chaque lunaison progresse, la lumi\u00e8re du Soleil \u00e9claire la Lune sous diff\u00e9rents angles et, de ce fait, \u00e9claire ses caract\u00e9ristiques g\u00e9ologiques diff\u00e9remment. Durant tout ce temps, la Lune nous pr\u00e9sente toujours sa m\u00eame face vers la Terre. La raison en est que la Lune est en \u00ab&nbsp;<a href=\"http:\/\/gap47.astrosurf.com\/index.php\/ressources\/glossaire-astronomique\/#g19\" target=\"_blank\" rel=\"noopener\"><strong>rotation synchrone<\/strong><\/a> \u00bb avec la Terre. La lune tourne sur elle-m\u00eame pendant le m\u00eame temps qu\u2019elle met pour faire le tour de la Terre. La cons\u00e9quence est que c\u2018est toujours la m\u00eame face de la Lune qui est visible depuis la Terre. Ce qui est moins apparent, c\u2019est que la taille apparente de la Lune (vue depuis la Terre) change l\u00e9g\u00e8rement. Pourquoi ? Parce que la Lune ne tourne pas autour de la Terre avec une orbite circulaire, mais elliptique. Donc, dans sa r\u00e9volution autour de la Terre, la Lune est plus ou moins proche de la Terre, ce qui fait changer son diam\u00e8tre apparent. Au plus pr\u00e8s de la Terre, la Lune se situe \u00e0 356.410 km et, au plus loin, \u00e0 405.500 km, distance moyenne : 384.400 km. Quand elle est au plus pr\u00e8s de la Terre (au p\u00e9rig\u00e9e) elle a un diam\u00e8tre apparent de 33,5 minutes d\u2019angle alors que quand elle est au plus loin (\u00e0 l\u2019apog\u00e9e) ce diam\u00e8tre est de 29,3 minutes d\u2019angle, elle nous parait donc, en apparence, plus petite de 12% lors de son apog\u00e9e. Enfin, dernier ph\u00e9nom\u00e8ne qui concerne la Lune, elle subit une oscillation, appel\u00e9 la \u00ab <a href=\"http:\/\/gap47.astrosurf.com\/index.php\/ressources\/glossaire-astronomique\/#g12\" target=\"_blank\" rel=\"noopener\"><strong>libration<\/strong><\/a>&nbsp;\u00bb au fur et \u00e0 mesure qu\u2019elle parcourt son orbite autour de la Terre.<\/span><\/p>\n<p><span style=\"font-family: 'times new roman', times, serif; font-size: 20px;\">Dans ce time-lapse de photos de la Lune (un clich\u00e9 pris toutes les heures), on distingue tr\u00e8s bien les phases de la Lune, mais on voit tr\u00e8s bien aussi sa libration&nbsp;!<\/span><\/p>\n<p style=\"text-align: right;\"><span style=\"font-family: arial, helvetica, sans-serif; font-size: 20px;\">Traduction Texte NASA : Olivier Sabbagh &#8211; Ajouts et traduction de quelques autres sources<\/span><\/p>\n<hr>\n","protected":false},"excerpt":{"rendered":"<p>Une superbe animation vid\u00e9o r\u00e9alis\u00e9e par la NASA sur l\u2019apparence de la Lune vue depuis la Terre sur la totalit\u00e9 de l\u2019ann\u00e9e 2022. APOD 2022 02 01 &#8211; Moon Phases 2022 Video Credit : Donn\u00e9es : Lunar Reconnaissance Orbiter Animation : Studio de Visualisation scientifique de la NASA Musique : Build the Future (Universal Production &hellip; <\/p>\n<p class=\"link-more\"><a href=\"https:\/\/gap47.astrosurf.com\/index.php\/lune-2022-nasa\/\" class=\"more-link\">Continuer la lecture<span class=\"screen-reader-text\"> de &laquo;&nbsp;Lune 2022 NASA&nbsp;&raquo;<\/span><\/a><\/p>\n","protected":false},"author":5,"featured_media":0,"parent":0,"menu_order":0,"comment_status":"closed","ping_status":"closed","template":"","meta":{"_exactmetrics_skip_tracking":false,"_exactmetrics_sitenote_active":false,"_exactmetrics_sitenote_note":"","_exactmetrics_sitenote_category":0,"ngg_post_thumbnail":0,"footnotes":""},"class_list":["post-11317","page","type-page","status-publish","hentry"],"yoast_head":"<!-- This site is optimized with the Yoast SEO plugin v24.8.1 - https:\/\/yoast.com\/wordpress\/plugins\/seo\/ -->\n<title>Lune 2022 NASA - L&#039;observatoire est ouvert aux visiteurs tous les vendredis soirs \u00e0 21 heures, jusqu&#039;au 3 juillet 2026 inclus, sans r\u00e9servation.<\/title>\n<meta name=\"robots\" content=\"index, follow, max-snippet:-1, max-image-preview:large, max-video-preview:-1\" \/>\n<link rel=\"canonical\" href=\"https:\/\/gap47.astrosurf.com\/index.php\/lune-2022-nasa\/\" \/>\n<meta property=\"og:locale\" content=\"fr_FR\" \/>\n<meta property=\"og:type\" content=\"article\" \/>\n<meta property=\"og:title\" content=\"Lune 2022 NASA - L&#039;observatoire est ouvert aux visiteurs tous les vendredis soirs \u00e0 21 heures, jusqu&#039;au 3 juillet 2026 inclus, sans r\u00e9servation.\" \/>\n<meta property=\"og:description\" content=\"Une superbe animation vid\u00e9o r\u00e9alis\u00e9e par la NASA sur l\u2019apparence de la Lune vue depuis la Terre sur la totalit\u00e9 de l\u2019ann\u00e9e 2022. APOD 2022 02 01 &#8211; Moon Phases 2022 Video Credit : Donn\u00e9es : Lunar Reconnaissance Orbiter Animation : Studio de Visualisation scientifique de la NASA Musique : Build the Future (Universal Production &hellip; Continuer la lecture de &laquo;&nbsp;Lune 2022 NASA&nbsp;&raquo;\" \/>\n<meta property=\"og:url\" content=\"https:\/\/gap47.astrosurf.com\/index.php\/lune-2022-nasa\/\" \/>\n<meta property=\"og:site_name\" content=\"L&#039;observatoire est ouvert aux visiteurs tous les vendredis soirs \u00e0 21 heures, jusqu&#039;au 3 juillet 2026 inclus, sans r\u00e9servation.\" \/>\n<meta property=\"article:publisher\" content=\"https:\/\/www.facebook.com\/astrogap47\/\" \/>\n<meta property=\"article:modified_time\" content=\"2022-02-01T21:41:53+00:00\" \/>\n<meta name=\"twitter:card\" content=\"summary_large_image\" \/>\n<meta name=\"twitter:label1\" content=\"Dur\u00e9e de lecture estim\u00e9e\" \/>\n\t<meta name=\"twitter:data1\" content=\"3 minutes\" \/>\n<script type=\"application\/ld+json\" class=\"yoast-schema-graph\">{\"@context\":\"https:\/\/schema.org\",\"@graph\":[{\"@type\":\"WebPage\",\"@id\":\"https:\/\/gap47.astrosurf.com\/index.php\/lune-2022-nasa\/\",\"url\":\"https:\/\/gap47.astrosurf.com\/index.php\/lune-2022-nasa\/\",\"name\":\"Lune 2022 NASA - L&#039;observatoire est ouvert aux visiteurs tous les vendredis soirs \u00e0 21 heures, jusqu&#039;au 3 juillet 2026 inclus, sans r\u00e9servation.\",\"isPartOf\":{\"@id\":\"https:\/\/gap47.astrosurf.com\/#website\"},\"datePublished\":\"2022-02-01T20:59:50+00:00\",\"dateModified\":\"2022-02-01T21:41:53+00:00\",\"breadcrumb\":{\"@id\":\"https:\/\/gap47.astrosurf.com\/index.php\/lune-2022-nasa\/#breadcrumb\"},\"inLanguage\":\"fr-FR\",\"potentialAction\":[{\"@type\":\"ReadAction\",\"target\":[\"https:\/\/gap47.astrosurf.com\/index.php\/lune-2022-nasa\/\"]}]},{\"@type\":\"BreadcrumbList\",\"@id\":\"https:\/\/gap47.astrosurf.com\/index.php\/lune-2022-nasa\/#breadcrumb\",\"itemListElement\":[{\"@type\":\"ListItem\",\"position\":1,\"name\":\"Accueil\",\"item\":\"https:\/\/gap47.astrosurf.com\/\"},{\"@type\":\"ListItem\",\"position\":2,\"name\":\"Lune 2022 NASA\"}]},{\"@type\":\"WebSite\",\"@id\":\"https:\/\/gap47.astrosurf.com\/#website\",\"url\":\"https:\/\/gap47.astrosurf.com\/\",\"name\":\"De janvier \u00e0 fin juin 2024, le GAP47 sera ouvert aux visiteurs tous les vendredis \u00e0 21h sans r\u00e9servation, \u00e0 l'exception du vendredi 26 janvier o\u00f9 l'observatoire sera ferm\u00e9 au public.\",\"description\":\"Groupe d&#039;Astronomie Populaire du Lot-et-Garonne, \u00e0 Montayral\",\"potentialAction\":[{\"@type\":\"SearchAction\",\"target\":{\"@type\":\"EntryPoint\",\"urlTemplate\":\"https:\/\/gap47.astrosurf.com\/?s={search_term_string}\"},\"query-input\":{\"@type\":\"PropertyValueSpecification\",\"valueRequired\":true,\"valueName\":\"search_term_string\"}}],\"inLanguage\":\"fr-FR\"}]}<\/script>\n<!-- \/ Yoast SEO plugin. -->","yoast_head_json":{"title":"Lune 2022 NASA - L&#039;observatoire est ouvert aux visiteurs tous les vendredis soirs \u00e0 21 heures, jusqu&#039;au 3 juillet 2026 inclus, sans r\u00e9servation.","robots":{"index":"index","follow":"follow","max-snippet":"max-snippet:-1","max-image-preview":"max-image-preview:large","max-video-preview":"max-video-preview:-1"},"canonical":"https:\/\/gap47.astrosurf.com\/index.php\/lune-2022-nasa\/","og_locale":"fr_FR","og_type":"article","og_title":"Lune 2022 NASA - L&#039;observatoire est ouvert aux visiteurs tous les vendredis soirs \u00e0 21 heures, jusqu&#039;au 3 juillet 2026 inclus, sans r\u00e9servation.","og_description":"Une superbe animation vid\u00e9o r\u00e9alis\u00e9e par la NASA sur l\u2019apparence de la Lune vue depuis la Terre sur la totalit\u00e9 de l\u2019ann\u00e9e 2022. APOD 2022 02 01 &#8211; Moon Phases 2022 Video Credit : Donn\u00e9es : Lunar Reconnaissance Orbiter Animation : Studio de Visualisation scientifique de la NASA Musique : Build the Future (Universal Production &hellip; Continuer la lecture de &laquo;&nbsp;Lune 2022 NASA&nbsp;&raquo;","og_url":"https:\/\/gap47.astrosurf.com\/index.php\/lune-2022-nasa\/","og_site_name":"L&#039;observatoire est ouvert aux visiteurs tous les vendredis soirs \u00e0 21 heures, jusqu&#039;au 3 juillet 2026 inclus, sans r\u00e9servation.","article_publisher":"https:\/\/www.facebook.com\/astrogap47\/","article_modified_time":"2022-02-01T21:41:53+00:00","twitter_card":"summary_large_image","twitter_misc":{"Dur\u00e9e de lecture estim\u00e9e":"3 minutes"},"schema":{"@context":"https:\/\/schema.org","@graph":[{"@type":"WebPage","@id":"https:\/\/gap47.astrosurf.com\/index.php\/lune-2022-nasa\/","url":"https:\/\/gap47.astrosurf.com\/index.php\/lune-2022-nasa\/","name":"Lune 2022 NASA - L&#039;observatoire est ouvert aux visiteurs tous les vendredis soirs \u00e0 21 heures, jusqu&#039;au 3 juillet 2026 inclus, sans r\u00e9servation.","isPartOf":{"@id":"https:\/\/gap47.astrosurf.com\/#website"},"datePublished":"2022-02-01T20:59:50+00:00","dateModified":"2022-02-01T21:41:53+00:00","breadcrumb":{"@id":"https:\/\/gap47.astrosurf.com\/index.php\/lune-2022-nasa\/#breadcrumb"},"inLanguage":"fr-FR","potentialAction":[{"@type":"ReadAction","target":["https:\/\/gap47.astrosurf.com\/index.php\/lune-2022-nasa\/"]}]},{"@type":"BreadcrumbList","@id":"https:\/\/gap47.astrosurf.com\/index.php\/lune-2022-nasa\/#breadcrumb","itemListElement":[{"@type":"ListItem","position":1,"name":"Accueil","item":"https:\/\/gap47.astrosurf.com\/"},{"@type":"ListItem","position":2,"name":"Lune 2022 NASA"}]},{"@type":"WebSite","@id":"https:\/\/gap47.astrosurf.com\/#website","url":"https:\/\/gap47.astrosurf.com\/","name":"De janvier \u00e0 fin juin 2024, le GAP47 sera ouvert aux visiteurs tous les vendredis \u00e0 21h sans r\u00e9servation, \u00e0 l'exception du vendredi 26 janvier o\u00f9 l'observatoire sera ferm\u00e9 au public.","description":"Groupe d&#039;Astronomie Populaire du Lot-et-Garonne, \u00e0 Montayral","potentialAction":[{"@type":"SearchAction","target":{"@type":"EntryPoint","urlTemplate":"https:\/\/gap47.astrosurf.com\/?s={search_term_string}"},"query-input":{"@type":"PropertyValueSpecification","valueRequired":true,"valueName":"search_term_string"}}],"inLanguage":"fr-FR"}]}},"_links":{"self":[{"href":"https:\/\/gap47.astrosurf.com\/index.php\/wp-json\/wp\/v2\/pages\/11317","targetHints":{"allow":["GET"]}}],"collection":[{"href":"https:\/\/gap47.astrosurf.com\/index.php\/wp-json\/wp\/v2\/pages"}],"about":[{"href":"https:\/\/gap47.astrosurf.com\/index.php\/wp-json\/wp\/v2\/types\/page"}],"author":[{"embeddable":true,"href":"https:\/\/gap47.astrosurf.com\/index.php\/wp-json\/wp\/v2\/users\/5"}],"replies":[{"embeddable":true,"href":"https:\/\/gap47.astrosurf.com\/index.php\/wp-json\/wp\/v2\/comments?post=11317"}],"version-history":[{"count":7,"href":"https:\/\/gap47.astrosurf.com\/index.php\/wp-json\/wp\/v2\/pages\/11317\/revisions"}],"predecessor-version":[{"id":11326,"href":"https:\/\/gap47.astrosurf.com\/index.php\/wp-json\/wp\/v2\/pages\/11317\/revisions\/11326"}],"wp:attachment":[{"href":"https:\/\/gap47.astrosurf.com\/index.php\/wp-json\/wp\/v2\/media?parent=11317"}],"curies":[{"name":"wp","href":"https:\/\/api.w.org\/{rel}","templated":true}]}}