 {"id":11288,"date":"2022-01-17T18:25:25","date_gmt":"2022-01-17T16:25:25","guid":{"rendered":"http:\/\/gap47.astrosurf.com\/?page_id=11288"},"modified":"2022-01-17T18:44:23","modified_gmt":"2022-01-17T16:44:23","slug":"aurore-boreale-depuis-liss","status":"publish","type":"page","link":"https:\/\/gap47.astrosurf.com\/index.php\/aurore-boreale-depuis-liss\/","title":{"rendered":"Aurore bor\u00e9ale depuis l&rsquo;ISS"},"content":{"rendered":"<p><span style=\"font-size: 20px; font-family: arial, helvetica, sans-serif; color: #008000;\"><strong>Aurore bor\u00e9ale vue depuis la Station Spatiale Internationale par Thomas Pesquet<\/strong><\/span><\/p>\n<p><span style=\"font-family: 'times new roman', times, serif; font-size: 20px;\">Thomas Pesquet, alors qu&rsquo;il \u00e9tait encore dans la Station Spatiale Internationale (ISS), lors de se seconde mission (Mission Alpha) en 2021, a r\u00e9alis\u00e9 ce \u00ab\u00a0Timelapse\u00a0\u00bb le 24 novembre 2021. Ce n&rsquo;est pas une vid\u00e9o mais une succession d&rsquo;images fixes qui donne l&rsquo;impression d&rsquo;une vid\u00e9o.&nbsp; L&rsquo;appareil photo \u00e9tait r\u00e9gl\u00e9 pour prendre un clich\u00e9 toutes les deux secondes, et ces photos ont \u00e9t\u00e9 \u00e9dit\u00e9es pour en faire ce timelapse \u00e0 25 images par seconde. Cette \u00ab\u00a0vid\u00e9o\u00a0\u00bb tourne donc 12 fois plus vite que la r\u00e9alit\u00e9 observ\u00e9e depuis l&rsquo;ISS.<\/span><\/p>\n<p><span style=\"font-family: 'times new roman', times, serif; font-size: 20px;\">Thomas a partag\u00e9 cette video sur les r\u00e9seaux sociaux en expliquant que les photos avaient \u00e9t\u00e9 prises depuis la fen\u00eatre du module Crew Dragon qui \u00e9tait amarr\u00e9 \u00e0 l&rsquo;ISS. Il a ajout\u00e9 que c&rsquo;\u00e9tait la plus forte aurore polaire jamais vue par l&rsquo;\u00e9quipage qui \u00e9tait en poste dans l&rsquo;espace depuis six mois.<\/span><\/p>\n<p><span style=\"font-family: 'times new roman', times, serif; font-size: 20px;\">Plus de 200 exp\u00e9riences ont \u00e9t\u00e9 conduites pendant le second s\u00e9jour de Thomas dans l&rsquo;espace , dont 40 europ\u00e9ennes et 12 nouvelles exp\u00e9riences g\u00e9n\u00e9r\u00e9es par l&rsquo;Agence Fran\u00e7aise de l&rsquo;Espace, le CNES.<\/span><\/p>\n<p style=\"text-align: center;\"><div style=\"width: 525px;\" class=\"wp-video\"><video class=\"wp-video-shortcode\" id=\"video-11288-1\" width=\"525\" height=\"295\" preload=\"metadata\" controls=\"controls\"><source type=\"video\/mp4\" src=\"http:\/\/gap47.astrosurf.com\/wp-content\/uploads\/2022\/01\/2201_013_AR_EN.mp4?_=1\" \/><a href=\"http:\/\/gap47.astrosurf.com\/wp-content\/uploads\/2022\/01\/2201_013_AR_EN.mp4\">http:\/\/gap47.astrosurf.com\/wp-content\/uploads\/2022\/01\/2201_013_AR_EN.mp4<\/a><\/video><\/div><\/p>\n<hr>\n","protected":false},"excerpt":{"rendered":"<p>Aurore bor\u00e9ale vue depuis la Station Spatiale Internationale par Thomas Pesquet Thomas Pesquet, alors qu&rsquo;il \u00e9tait encore dans la Station Spatiale Internationale (ISS), lors de se seconde mission (Mission Alpha) en 2021, a r\u00e9alis\u00e9 ce \u00ab\u00a0Timelapse\u00a0\u00bb le 24 novembre 2021. Ce n&rsquo;est pas une vid\u00e9o mais une succession d&rsquo;images fixes qui donne l&rsquo;impression d&rsquo;une vid\u00e9o.&nbsp; &hellip; <\/p>\n<p class=\"link-more\"><a href=\"https:\/\/gap47.astrosurf.com\/index.php\/aurore-boreale-depuis-liss\/\" class=\"more-link\">Continuer la lecture<span class=\"screen-reader-text\"> de &laquo;&nbsp;Aurore bor\u00e9ale depuis l&rsquo;ISS&nbsp;&raquo;<\/span><\/a><\/p>\n","protected":false},"author":5,"featured_media":0,"parent":0,"menu_order":0,"comment_status":"closed","ping_status":"closed","template":"","meta":{"_exactmetrics_skip_tracking":false,"_exactmetrics_sitenote_active":false,"_exactmetrics_sitenote_note":"","_exactmetrics_sitenote_category":0,"ngg_post_thumbnail":0,"footnotes":""},"class_list":["post-11288","page","type-page","status-publish","hentry"],"yoast_head":"<!-- This site is optimized with the Yoast SEO plugin v24.8.1 - https:\/\/yoast.com\/wordpress\/plugins\/seo\/ -->\n<title>Aurore bor\u00e9ale depuis l&#039;ISS - L&#039;observatoire est ouvert aux visiteurs tous les vendredis soirs \u00e0 21 heures, jusqu&#039;au 3 juillet 2026 inclus, sans r\u00e9servation.<\/title>\n<meta name=\"robots\" content=\"index, follow, max-snippet:-1, max-image-preview:large, max-video-preview:-1\" \/>\n<link rel=\"canonical\" href=\"https:\/\/gap47.astrosurf.com\/index.php\/aurore-boreale-depuis-liss\/\" \/>\n<meta property=\"og:locale\" content=\"fr_FR\" \/>\n<meta property=\"og:type\" content=\"article\" \/>\n<meta property=\"og:title\" content=\"Aurore bor\u00e9ale depuis l&#039;ISS - L&#039;observatoire est ouvert aux visiteurs tous les vendredis soirs \u00e0 21 heures, jusqu&#039;au 3 juillet 2026 inclus, sans r\u00e9servation.\" \/>\n<meta property=\"og:description\" content=\"Aurore bor\u00e9ale vue depuis la Station Spatiale Internationale par Thomas Pesquet Thomas Pesquet, alors qu&rsquo;il \u00e9tait encore dans la Station Spatiale Internationale (ISS), lors de se seconde mission (Mission Alpha) en 2021, a r\u00e9alis\u00e9 ce \u00ab\u00a0Timelapse\u00a0\u00bb le 24 novembre 2021. Ce n&rsquo;est pas une vid\u00e9o mais une succession d&rsquo;images fixes qui donne l&rsquo;impression d&rsquo;une vid\u00e9o.&nbsp; &hellip; Continuer la lecture de &laquo;&nbsp;Aurore bor\u00e9ale depuis l&rsquo;ISS&nbsp;&raquo;\" \/>\n<meta property=\"og:url\" content=\"https:\/\/gap47.astrosurf.com\/index.php\/aurore-boreale-depuis-liss\/\" \/>\n<meta property=\"og:site_name\" content=\"L&#039;observatoire est ouvert aux visiteurs tous les vendredis soirs \u00e0 21 heures, jusqu&#039;au 3 juillet 2026 inclus, sans r\u00e9servation.\" \/>\n<meta property=\"article:publisher\" content=\"https:\/\/www.facebook.com\/astrogap47\/\" \/>\n<meta property=\"article:modified_time\" content=\"2022-01-17T16:44:23+00:00\" \/>\n<meta name=\"twitter:card\" content=\"summary_large_image\" \/>\n<meta name=\"twitter:label1\" content=\"Dur\u00e9e de lecture estim\u00e9e\" \/>\n\t<meta name=\"twitter:data1\" content=\"1 minute\" \/>\n<script type=\"application\/ld+json\" class=\"yoast-schema-graph\">{\"@context\":\"https:\/\/schema.org\",\"@graph\":[{\"@type\":\"WebPage\",\"@id\":\"https:\/\/gap47.astrosurf.com\/index.php\/aurore-boreale-depuis-liss\/\",\"url\":\"https:\/\/gap47.astrosurf.com\/index.php\/aurore-boreale-depuis-liss\/\",\"name\":\"Aurore bor\u00e9ale depuis l'ISS - L&#039;observatoire est ouvert aux visiteurs tous les vendredis soirs \u00e0 21 heures, jusqu&#039;au 3 juillet 2026 inclus, sans r\u00e9servation.\",\"isPartOf\":{\"@id\":\"https:\/\/gap47.astrosurf.com\/#website\"},\"datePublished\":\"2022-01-17T16:25:25+00:00\",\"dateModified\":\"2022-01-17T16:44:23+00:00\",\"breadcrumb\":{\"@id\":\"https:\/\/gap47.astrosurf.com\/index.php\/aurore-boreale-depuis-liss\/#breadcrumb\"},\"inLanguage\":\"fr-FR\",\"potentialAction\":[{\"@type\":\"ReadAction\",\"target\":[\"https:\/\/gap47.astrosurf.com\/index.php\/aurore-boreale-depuis-liss\/\"]}]},{\"@type\":\"BreadcrumbList\",\"@id\":\"https:\/\/gap47.astrosurf.com\/index.php\/aurore-boreale-depuis-liss\/#breadcrumb\",\"itemListElement\":[{\"@type\":\"ListItem\",\"position\":1,\"name\":\"Accueil\",\"item\":\"https:\/\/gap47.astrosurf.com\/\"},{\"@type\":\"ListItem\",\"position\":2,\"name\":\"Aurore bor\u00e9ale depuis l&#8217;ISS\"}]},{\"@type\":\"WebSite\",\"@id\":\"https:\/\/gap47.astrosurf.com\/#website\",\"url\":\"https:\/\/gap47.astrosurf.com\/\",\"name\":\"De janvier \u00e0 fin juin 2024, le GAP47 sera ouvert aux visiteurs tous les vendredis \u00e0 21h sans r\u00e9servation, \u00e0 l'exception du vendredi 26 janvier o\u00f9 l'observatoire sera ferm\u00e9 au public.\",\"description\":\"Groupe d&#039;Astronomie Populaire du Lot-et-Garonne, \u00e0 Montayral\",\"potentialAction\":[{\"@type\":\"SearchAction\",\"target\":{\"@type\":\"EntryPoint\",\"urlTemplate\":\"https:\/\/gap47.astrosurf.com\/?s={search_term_string}\"},\"query-input\":{\"@type\":\"PropertyValueSpecification\",\"valueRequired\":true,\"valueName\":\"search_term_string\"}}],\"inLanguage\":\"fr-FR\"}]}<\/script>\n<!-- \/ Yoast SEO plugin. -->","yoast_head_json":{"title":"Aurore bor\u00e9ale depuis l'ISS - L&#039;observatoire est ouvert aux visiteurs tous les vendredis soirs \u00e0 21 heures, jusqu&#039;au 3 juillet 2026 inclus, sans r\u00e9servation.","robots":{"index":"index","follow":"follow","max-snippet":"max-snippet:-1","max-image-preview":"max-image-preview:large","max-video-preview":"max-video-preview:-1"},"canonical":"https:\/\/gap47.astrosurf.com\/index.php\/aurore-boreale-depuis-liss\/","og_locale":"fr_FR","og_type":"article","og_title":"Aurore bor\u00e9ale depuis l'ISS - L&#039;observatoire est ouvert aux visiteurs tous les vendredis soirs \u00e0 21 heures, jusqu&#039;au 3 juillet 2026 inclus, sans r\u00e9servation.","og_description":"Aurore bor\u00e9ale vue depuis la Station Spatiale Internationale par Thomas Pesquet Thomas Pesquet, alors qu&rsquo;il \u00e9tait encore dans la Station Spatiale Internationale (ISS), lors de se seconde mission (Mission Alpha) en 2021, a r\u00e9alis\u00e9 ce \u00ab\u00a0Timelapse\u00a0\u00bb le 24 novembre 2021. Ce n&rsquo;est pas une vid\u00e9o mais une succession d&rsquo;images fixes qui donne l&rsquo;impression d&rsquo;une vid\u00e9o.&nbsp; &hellip; Continuer la lecture de &laquo;&nbsp;Aurore bor\u00e9ale depuis l&rsquo;ISS&nbsp;&raquo;","og_url":"https:\/\/gap47.astrosurf.com\/index.php\/aurore-boreale-depuis-liss\/","og_site_name":"L&#039;observatoire est ouvert aux visiteurs tous les vendredis soirs \u00e0 21 heures, jusqu&#039;au 3 juillet 2026 inclus, sans r\u00e9servation.","article_publisher":"https:\/\/www.facebook.com\/astrogap47\/","article_modified_time":"2022-01-17T16:44:23+00:00","twitter_card":"summary_large_image","twitter_misc":{"Dur\u00e9e de lecture estim\u00e9e":"1 minute"},"schema":{"@context":"https:\/\/schema.org","@graph":[{"@type":"WebPage","@id":"https:\/\/gap47.astrosurf.com\/index.php\/aurore-boreale-depuis-liss\/","url":"https:\/\/gap47.astrosurf.com\/index.php\/aurore-boreale-depuis-liss\/","name":"Aurore bor\u00e9ale depuis l'ISS - L&#039;observatoire est ouvert aux visiteurs tous les vendredis soirs \u00e0 21 heures, jusqu&#039;au 3 juillet 2026 inclus, sans r\u00e9servation.","isPartOf":{"@id":"https:\/\/gap47.astrosurf.com\/#website"},"datePublished":"2022-01-17T16:25:25+00:00","dateModified":"2022-01-17T16:44:23+00:00","breadcrumb":{"@id":"https:\/\/gap47.astrosurf.com\/index.php\/aurore-boreale-depuis-liss\/#breadcrumb"},"inLanguage":"fr-FR","potentialAction":[{"@type":"ReadAction","target":["https:\/\/gap47.astrosurf.com\/index.php\/aurore-boreale-depuis-liss\/"]}]},{"@type":"BreadcrumbList","@id":"https:\/\/gap47.astrosurf.com\/index.php\/aurore-boreale-depuis-liss\/#breadcrumb","itemListElement":[{"@type":"ListItem","position":1,"name":"Accueil","item":"https:\/\/gap47.astrosurf.com\/"},{"@type":"ListItem","position":2,"name":"Aurore bor\u00e9ale depuis l&#8217;ISS"}]},{"@type":"WebSite","@id":"https:\/\/gap47.astrosurf.com\/#website","url":"https:\/\/gap47.astrosurf.com\/","name":"De janvier \u00e0 fin juin 2024, le GAP47 sera ouvert aux visiteurs tous les vendredis \u00e0 21h sans r\u00e9servation, \u00e0 l'exception du vendredi 26 janvier o\u00f9 l'observatoire sera ferm\u00e9 au public.","description":"Groupe d&#039;Astronomie Populaire du Lot-et-Garonne, \u00e0 Montayral","potentialAction":[{"@type":"SearchAction","target":{"@type":"EntryPoint","urlTemplate":"https:\/\/gap47.astrosurf.com\/?s={search_term_string}"},"query-input":{"@type":"PropertyValueSpecification","valueRequired":true,"valueName":"search_term_string"}}],"inLanguage":"fr-FR"}]}},"_links":{"self":[{"href":"https:\/\/gap47.astrosurf.com\/index.php\/wp-json\/wp\/v2\/pages\/11288","targetHints":{"allow":["GET"]}}],"collection":[{"href":"https:\/\/gap47.astrosurf.com\/index.php\/wp-json\/wp\/v2\/pages"}],"about":[{"href":"https:\/\/gap47.astrosurf.com\/index.php\/wp-json\/wp\/v2\/types\/page"}],"author":[{"embeddable":true,"href":"https:\/\/gap47.astrosurf.com\/index.php\/wp-json\/wp\/v2\/users\/5"}],"replies":[{"embeddable":true,"href":"https:\/\/gap47.astrosurf.com\/index.php\/wp-json\/wp\/v2\/comments?post=11288"}],"version-history":[{"count":5,"href":"https:\/\/gap47.astrosurf.com\/index.php\/wp-json\/wp\/v2\/pages\/11288\/revisions"}],"predecessor-version":[{"id":11290,"href":"https:\/\/gap47.astrosurf.com\/index.php\/wp-json\/wp\/v2\/pages\/11288\/revisions\/11290"}],"wp:attachment":[{"href":"https:\/\/gap47.astrosurf.com\/index.php\/wp-json\/wp\/v2\/media?parent=11288"}],"curies":[{"name":"wp","href":"https:\/\/api.w.org\/{rel}","templated":true}]}}