 {"id":11028,"date":"2021-10-17T18:14:35","date_gmt":"2021-10-17T16:14:35","guid":{"rendered":"http:\/\/gap47.astrosurf.com\/?page_id=11028"},"modified":"2021-10-17T19:06:31","modified_gmt":"2021-10-17T17:06:31","slug":"dominique-proust","status":"publish","type":"page","link":"https:\/\/gap47.astrosurf.com\/index.php\/dominique-proust\/","title":{"rendered":"Dominique Proust"},"content":{"rendered":"<p><span style=\"font-family: 'times new roman', times, serif; font-size: 20px;\"><strong>Dominique Proust<\/strong> : Apr\u00e8s une th\u00e8se de doctorat consacr\u00e9e \u00e0 la physique stellaire, ses travaux se sont orient\u00e9s vers la cosmologie&nbsp;: formation et \u00e9volution des grandes structures de l&rsquo;univers, amas et superamas de galaxies. Il a s\u00e9journ\u00e9 dans les grands observatoires internationaux, et observ\u00e9 avec les plus grands t\u00e9lescopes&nbsp;: Haute Provence, Pic du Midi, \u00celes Canaries, Andalousie, Chili, Californie (Mont Palomar), Australie, Hawa\u00ef. Il effectue de nombreuses observations avec le Very Large Telescope de l&rsquo;Observatoire Europ\u00e9en Austral (4 t\u00e9lescopes ayant des miroirs de 8,20 m\u00e8tres de diam\u00e8tre) dans le d\u00e9sert d&rsquo;Atacama \u00e0 Paranal au Chili, ainsi qu&rsquo;avec les deux t\u00e9lescopes Magellan du Carnegie Institution of Washington \u00e0 Las Campanas au Chili.<\/span><\/p>\n<p><span style=\"font-family: 'times new roman', times, serif; font-size: 20px;\">Dominique Proust est avec R\u00e9gis Courtin cofondateur du programme <i>Astronomie vers Tous<\/i> de l&rsquo;Observatoire de Paris en partenariat avec Plan\u00e8te-Science et l&rsquo;Observatoire populaire de Laval, pour la diffusion de l&rsquo;astronomie aupr\u00e8s de ceux qui n&rsquo;y ont pas acc\u00e8s (milieux carc\u00e9ral, hospitalier, handicap\u00e9). Il enseigne l&rsquo;astrophysique en langue des signes dans les communaut\u00e9s de sourds en France et \u00e0 l&rsquo;\u00e9tranger.<\/span><\/p>\n<p><span style=\"font-family: 'times new roman', times, serif; font-size: 20px;\">Outre ses travaux de recherche et d&rsquo;enseignement, il est l&rsquo;auteur de plusieurs ouvrages d&rsquo;astronomie destin\u00e9s au grand public (voir ci-dessous). Il est pr\u00e9sident de l&rsquo;<i>Association Fran\u00e7aise des Observateurs d&rsquo;\u00c9toiles Variables <\/i>(AFOEV). Il a coproduit des programmes scientifiques et musicaux et il intervient r\u00e9guli\u00e8rement \u00e0 la radio et \u00e0 la t\u00e9l\u00e9vision.<\/span><\/p>\n<p><span style=\"font-family: 'times new roman', times, serif; font-size: 20px;\"><strong>Distinctions<\/strong> : L&rsquo;ast\u00e9ro\u00efde <span class=\"nowrap\">(4474) Proust<\/span> a \u00e9t\u00e9 baptis\u00e9 par l&rsquo;Union astronomique internationale en son honneur et en celui de Marcel Proust. D\u00e9couvert le 24 ao\u00fbt 1981 \u00e0 l&rsquo;Observatoire de l&rsquo;ESO-La Silla (Chili), par Henri Debehogne (Observatoire de Bruxelles), l&rsquo;ast\u00e9ro\u00efde Proust est situ\u00e9 \u00e0 472 millions de kilom\u00e8tres du Soleil, et tourne autour de celui-ci en 5,66 ans; son diam\u00e8tre est de 24&nbsp;kilom\u00e8tres environ.<\/span><\/p>\n<p><span style=\"font-family: 'times new roman', times, serif; font-size: 20px;\">Dominique Proust a \u00e9t\u00e9 laur\u00e9at de la Soci\u00e9t\u00e9 astronomique de France en 1970. Il est membre de la Soci\u00e9t\u00e9 fran\u00e7aise d&rsquo;astronomie et d&rsquo;astrophysique (SF2A), de l&rsquo;Union astronomique internationale (IAU), Division J (Galaxies and Cosmology), de la commission C1 (Astronomy Education and Developpement), Vice-Pr\u00e9sident du Working Group Astronomy for Equity and Inclusion et membre de la Sociedad Astronomica Brasileira (SAB). Il a re\u00e7u, au nom de l&rsquo;action Astronomie vers tous (AvT) de l&rsquo;Observatoire de Paris le prix \u00ab\u00a0Le Go\u00fbt des Sciences\u00a0\u00bb du Minist\u00e8re de l&rsquo;Enseignement Sup\u00e9rieur et de la Recherche en octobre 2011, des mains de la Ministre de l&rsquo;Enseignement Sup\u00e9rieur. Il est le parrain de l&rsquo;observatoire d&rsquo;astronomie des Bauges inaugur\u00e9 en septembre 2012 \u00e0 Saint-Fran\u00e7ois-de-Sales (Savoie), et co-parrain avec Michel Verdenet de l&rsquo;Observatoire de Bourbon-Lancy (71140), inaugur\u00e9 le 7 juillet 2018.<\/span><\/p>\n<p><span style=\"font-family: 'times new roman', times, serif; font-size: 20px;\">\u00c0 l&rsquo;occasion de la F\u00eate de la Science en 2010, une exposition photographique r\u00e9alis\u00e9e par Pierre Maraval&nbsp;: \u00ab&nbsp;1000 chercheurs parlent d&rsquo;avenir&nbsp;\u00bb a \u00e9t\u00e9 pr\u00e9sent\u00e9e sur la fa\u00e7ade ouest du Panth\u00e9on \u00e0 Paris. Les visages de 1000 chercheurs, dans toutes les disciplines, se sont succ\u00e9d\u00e9, projet\u00e9s \u00e0 grande dimension sur le Panth\u00e9on, accompagn\u00e9s d&rsquo;une courte phrase qui r\u00e9sume leur vision de l&rsquo;avenir. Du 18 au 24 octobre 2010, tous les soirs \u00e0 partir de 19h30, cette exposition \u00e9tait visible en boucle. Parmi ces 1000 chercheurs, 20 appartiennent \u00e0 l&rsquo;observatoire de Paris, et ont figur\u00e9 sur le Panth\u00e9on, dont Dominique Proust avec sa phrase&nbsp;: \u00ab&nbsp;Un avenir o\u00f9 le message de la science sera port\u00e9 au plus grand nombre comme instrument de libert\u00e9&nbsp;\u00bb.<\/span><\/p>\n<p><span style=\"font-family: 'times new roman', times, serif; font-size: 20px;\">En 2015, Dominique Proust a re\u00e7u la m\u00e9daille d&rsquo;honneur du CNRS, au titre \u00ab\u00a0de la qualit\u00e9 irr\u00e9prochable des services rendus \u00e0 la science et au CNRS\u00a0\u00bb. Il est chevalier dans l&rsquo;ordre de la L\u00e9gion d&rsquo;honneur.<\/span><\/p>\n<p><span style=\"font-family: 'times new roman', times, serif; font-size: 20px;\"><strong>Musique<\/strong> : Dominique Proust a suivi une formation de pianiste en musique classique et en vari\u00e9t\u00e9 (il a accompagn\u00e9 le chanteur-compositeur Jean-Jacques Goldman dans les ann\u00e9es 1970). Il a ensuite travaill\u00e9 l&rsquo;orgue avec les organistes de Notre-Dame de Paris&nbsp;: Pierre Moreau (1907-1991), Jacques Marichal, puis Daniel Roth, actuel organiste de l&rsquo;\u00e9glise Saint-Sulpice, \u00e0 Paris. Il est l&rsquo;organiste titulaire de l&rsquo;\u00e9glise Notre-Dame de l&rsquo;Assomption \u00e0 Meudon. Il est membre de la commission r\u00e9gionale des orgues. Il a donn\u00e9 de nombreux concerts en Europe, au Canada, au Br\u00e9sil, au Chili, au P\u00e9rou et en Australie. La critique internationale a salu\u00e9 ses enregistrements CD des pi\u00e8ces d&rsquo;orgue de William Herschel (1738-1822) chez DOM-Forlane, et de Pierre Moreau. Il a donn\u00e9 plus de 300 concerts.<\/span><\/p>\n<p><span style=\"font-family: 'times new roman', times, serif; font-size: 20px;\"><strong>Bibiograhie<\/strong> :&nbsp;<\/span><\/p>\n<ul>\n<li><span style=\"font-family: 'times new roman', times, serif; font-size: 20px;\"><i>Les \u00c9toiles<\/i>, (avec Jacques Breysacher) collection Points Sciences, Le Seuil, 1996.<\/span><\/li>\n<li><span style=\"font-family: 'times new roman', times, serif; font-size: 20px;\"><i>Les Galaxies et structure de l&rsquo;Univers<\/i>, (avec Christian Vanderriest) collection Points Sciences, Le Seuil, prix du Livre d&rsquo;Astronomie 1998.<\/span><\/li>\n<li><span style=\"font-family: 'times new roman', times, serif; font-size: 20px;\"><i>L&rsquo;Harmonie des sph\u00e8res<\/i>, collection Science Ouverte, Le Seuil 2001 (pr\u00e9face d&rsquo;Hubert Reeves).<\/span><\/li>\n<li><span style=\"font-family: 'times new roman', times, serif; font-size: 20px;\"><i>O\u00f9 sont les autres&nbsp;?<\/i> (avec Jean Schneider), collection Science Ouverte, Le Seuil 2007.<\/span><\/li>\n<li><span style=\"font-family: 'times new roman', times, serif; font-size: 20px;\"><i>Les mains dans les \u00e9toiles<\/i>, dictionnaire encyclop\u00e9dique d&rsquo;astronomie pour la Langue des signes fran\u00e7aise, avec Daniel Abbou, Nasro Chab, Yves Delaporte, Carole Marion et Blandine Proust, \u00e9ditions Burillier 2010.<\/span><\/li>\n<li><span style=\"font-family: 'times new roman', times, serif; font-size: 20px;\"><i>L&rsquo;Orgue cosmique. De la m\u00e9canique c\u00e9leste \u00e0 la m\u00e9canique cantique<\/i>, Hermann 2012.<\/span><\/li>\n<li><span style=\"font-family: 'times new roman', times, serif; font-size: 20px;\"><i>Fond de ciel, les couleurs de la cosmologie,<\/i> Hermann 2016<i>.<\/i><\/span><\/li>\n<li><span style=\"font-family: 'times new roman', times, serif; font-size: 20px;\">Enqu\u00eates d&rsquo;astronomie (avec Ya\u00ebl Naz\u00e9), Hermann 2021.<\/span><\/li>\n<\/ul>\n<p><span style=\"font-family: 'times new roman', times, serif; font-size: 20px;\">Dominique Proust a publi\u00e9 plus de 100 articles scientifiques dans les journaux sp\u00e9cialis\u00e9s (<i>Astronomy and Astrophysics, Astrophysical Journal<\/i>, <i>Monthly Notices of the Royal Astronomical Society<\/i>).<\/span><\/p>\n<hr>\n","protected":false},"excerpt":{"rendered":"<p>Dominique Proust : Apr\u00e8s une th\u00e8se de doctorat consacr\u00e9e \u00e0 la physique stellaire, ses travaux se sont orient\u00e9s vers la cosmologie&nbsp;: formation et \u00e9volution des grandes structures de l&rsquo;univers, amas et superamas de galaxies. Il a s\u00e9journ\u00e9 dans les grands observatoires internationaux, et observ\u00e9 avec les plus grands t\u00e9lescopes&nbsp;: Haute Provence, Pic du Midi, \u00celes &hellip; <\/p>\n<p class=\"link-more\"><a href=\"https:\/\/gap47.astrosurf.com\/index.php\/dominique-proust\/\" class=\"more-link\">Continuer la lecture<span class=\"screen-reader-text\"> de &laquo;&nbsp;Dominique Proust&nbsp;&raquo;<\/span><\/a><\/p>\n","protected":false},"author":5,"featured_media":0,"parent":0,"menu_order":0,"comment_status":"closed","ping_status":"closed","template":"","meta":{"_exactmetrics_skip_tracking":false,"_exactmetrics_sitenote_active":false,"_exactmetrics_sitenote_note":"","_exactmetrics_sitenote_category":0,"ngg_post_thumbnail":0,"footnotes":""},"class_list":["post-11028","page","type-page","status-publish","hentry"],"yoast_head":"<!-- This site is optimized with the Yoast SEO plugin v24.8.1 - https:\/\/yoast.com\/wordpress\/plugins\/seo\/ -->\n<title>Dominique Proust - L&#039;observatoire est ouvert aux visiteurs tous les vendredis soirs \u00e0 21 heures, jusqu&#039;au 3 juillet 2026 inclus, sans r\u00e9servation.<\/title>\n<meta name=\"robots\" content=\"index, follow, max-snippet:-1, max-image-preview:large, max-video-preview:-1\" \/>\n<link rel=\"canonical\" href=\"https:\/\/gap47.astrosurf.com\/index.php\/dominique-proust\/\" \/>\n<meta property=\"og:locale\" content=\"fr_FR\" \/>\n<meta property=\"og:type\" content=\"article\" \/>\n<meta property=\"og:title\" content=\"Dominique Proust - L&#039;observatoire est ouvert aux visiteurs tous les vendredis soirs \u00e0 21 heures, jusqu&#039;au 3 juillet 2026 inclus, sans r\u00e9servation.\" \/>\n<meta property=\"og:description\" content=\"Dominique Proust : Apr\u00e8s une th\u00e8se de doctorat consacr\u00e9e \u00e0 la physique stellaire, ses travaux se sont orient\u00e9s vers la cosmologie&nbsp;: formation et \u00e9volution des grandes structures de l&rsquo;univers, amas et superamas de galaxies. Il a s\u00e9journ\u00e9 dans les grands observatoires internationaux, et observ\u00e9 avec les plus grands t\u00e9lescopes&nbsp;: Haute Provence, Pic du Midi, \u00celes &hellip; Continuer la lecture de &laquo;&nbsp;Dominique Proust&nbsp;&raquo;\" \/>\n<meta property=\"og:url\" content=\"https:\/\/gap47.astrosurf.com\/index.php\/dominique-proust\/\" \/>\n<meta property=\"og:site_name\" content=\"L&#039;observatoire est ouvert aux visiteurs tous les vendredis soirs \u00e0 21 heures, jusqu&#039;au 3 juillet 2026 inclus, sans r\u00e9servation.\" \/>\n<meta property=\"article:publisher\" content=\"https:\/\/www.facebook.com\/astrogap47\/\" \/>\n<meta property=\"article:modified_time\" content=\"2021-10-17T17:06:31+00:00\" \/>\n<meta name=\"twitter:card\" content=\"summary_large_image\" \/>\n<meta name=\"twitter:label1\" content=\"Dur\u00e9e de lecture estim\u00e9e\" \/>\n\t<meta name=\"twitter:data1\" content=\"4 minutes\" \/>\n<script type=\"application\/ld+json\" class=\"yoast-schema-graph\">{\"@context\":\"https:\/\/schema.org\",\"@graph\":[{\"@type\":\"WebPage\",\"@id\":\"https:\/\/gap47.astrosurf.com\/index.php\/dominique-proust\/\",\"url\":\"https:\/\/gap47.astrosurf.com\/index.php\/dominique-proust\/\",\"name\":\"Dominique Proust - L&#039;observatoire est ouvert aux visiteurs tous les vendredis soirs \u00e0 21 heures, jusqu&#039;au 3 juillet 2026 inclus, sans r\u00e9servation.\",\"isPartOf\":{\"@id\":\"https:\/\/gap47.astrosurf.com\/#website\"},\"datePublished\":\"2021-10-17T16:14:35+00:00\",\"dateModified\":\"2021-10-17T17:06:31+00:00\",\"breadcrumb\":{\"@id\":\"https:\/\/gap47.astrosurf.com\/index.php\/dominique-proust\/#breadcrumb\"},\"inLanguage\":\"fr-FR\",\"potentialAction\":[{\"@type\":\"ReadAction\",\"target\":[\"https:\/\/gap47.astrosurf.com\/index.php\/dominique-proust\/\"]}]},{\"@type\":\"BreadcrumbList\",\"@id\":\"https:\/\/gap47.astrosurf.com\/index.php\/dominique-proust\/#breadcrumb\",\"itemListElement\":[{\"@type\":\"ListItem\",\"position\":1,\"name\":\"Accueil\",\"item\":\"https:\/\/gap47.astrosurf.com\/\"},{\"@type\":\"ListItem\",\"position\":2,\"name\":\"Dominique Proust\"}]},{\"@type\":\"WebSite\",\"@id\":\"https:\/\/gap47.astrosurf.com\/#website\",\"url\":\"https:\/\/gap47.astrosurf.com\/\",\"name\":\"De janvier \u00e0 fin juin 2024, le GAP47 sera ouvert aux visiteurs tous les vendredis \u00e0 21h sans r\u00e9servation, \u00e0 l'exception du vendredi 26 janvier o\u00f9 l'observatoire sera ferm\u00e9 au public.\",\"description\":\"Groupe d&#039;Astronomie Populaire du Lot-et-Garonne, \u00e0 Montayral\",\"potentialAction\":[{\"@type\":\"SearchAction\",\"target\":{\"@type\":\"EntryPoint\",\"urlTemplate\":\"https:\/\/gap47.astrosurf.com\/?s={search_term_string}\"},\"query-input\":{\"@type\":\"PropertyValueSpecification\",\"valueRequired\":true,\"valueName\":\"search_term_string\"}}],\"inLanguage\":\"fr-FR\"}]}<\/script>\n<!-- \/ Yoast SEO plugin. -->","yoast_head_json":{"title":"Dominique Proust - L&#039;observatoire est ouvert aux visiteurs tous les vendredis soirs \u00e0 21 heures, jusqu&#039;au 3 juillet 2026 inclus, sans r\u00e9servation.","robots":{"index":"index","follow":"follow","max-snippet":"max-snippet:-1","max-image-preview":"max-image-preview:large","max-video-preview":"max-video-preview:-1"},"canonical":"https:\/\/gap47.astrosurf.com\/index.php\/dominique-proust\/","og_locale":"fr_FR","og_type":"article","og_title":"Dominique Proust - L&#039;observatoire est ouvert aux visiteurs tous les vendredis soirs \u00e0 21 heures, jusqu&#039;au 3 juillet 2026 inclus, sans r\u00e9servation.","og_description":"Dominique Proust : Apr\u00e8s une th\u00e8se de doctorat consacr\u00e9e \u00e0 la physique stellaire, ses travaux se sont orient\u00e9s vers la cosmologie&nbsp;: formation et \u00e9volution des grandes structures de l&rsquo;univers, amas et superamas de galaxies. Il a s\u00e9journ\u00e9 dans les grands observatoires internationaux, et observ\u00e9 avec les plus grands t\u00e9lescopes&nbsp;: Haute Provence, Pic du Midi, \u00celes &hellip; Continuer la lecture de &laquo;&nbsp;Dominique Proust&nbsp;&raquo;","og_url":"https:\/\/gap47.astrosurf.com\/index.php\/dominique-proust\/","og_site_name":"L&#039;observatoire est ouvert aux visiteurs tous les vendredis soirs \u00e0 21 heures, jusqu&#039;au 3 juillet 2026 inclus, sans r\u00e9servation.","article_publisher":"https:\/\/www.facebook.com\/astrogap47\/","article_modified_time":"2021-10-17T17:06:31+00:00","twitter_card":"summary_large_image","twitter_misc":{"Dur\u00e9e de lecture estim\u00e9e":"4 minutes"},"schema":{"@context":"https:\/\/schema.org","@graph":[{"@type":"WebPage","@id":"https:\/\/gap47.astrosurf.com\/index.php\/dominique-proust\/","url":"https:\/\/gap47.astrosurf.com\/index.php\/dominique-proust\/","name":"Dominique Proust - L&#039;observatoire est ouvert aux visiteurs tous les vendredis soirs \u00e0 21 heures, jusqu&#039;au 3 juillet 2026 inclus, sans r\u00e9servation.","isPartOf":{"@id":"https:\/\/gap47.astrosurf.com\/#website"},"datePublished":"2021-10-17T16:14:35+00:00","dateModified":"2021-10-17T17:06:31+00:00","breadcrumb":{"@id":"https:\/\/gap47.astrosurf.com\/index.php\/dominique-proust\/#breadcrumb"},"inLanguage":"fr-FR","potentialAction":[{"@type":"ReadAction","target":["https:\/\/gap47.astrosurf.com\/index.php\/dominique-proust\/"]}]},{"@type":"BreadcrumbList","@id":"https:\/\/gap47.astrosurf.com\/index.php\/dominique-proust\/#breadcrumb","itemListElement":[{"@type":"ListItem","position":1,"name":"Accueil","item":"https:\/\/gap47.astrosurf.com\/"},{"@type":"ListItem","position":2,"name":"Dominique Proust"}]},{"@type":"WebSite","@id":"https:\/\/gap47.astrosurf.com\/#website","url":"https:\/\/gap47.astrosurf.com\/","name":"De janvier \u00e0 fin juin 2024, le GAP47 sera ouvert aux visiteurs tous les vendredis \u00e0 21h sans r\u00e9servation, \u00e0 l'exception du vendredi 26 janvier o\u00f9 l'observatoire sera ferm\u00e9 au public.","description":"Groupe d&#039;Astronomie Populaire du Lot-et-Garonne, \u00e0 Montayral","potentialAction":[{"@type":"SearchAction","target":{"@type":"EntryPoint","urlTemplate":"https:\/\/gap47.astrosurf.com\/?s={search_term_string}"},"query-input":{"@type":"PropertyValueSpecification","valueRequired":true,"valueName":"search_term_string"}}],"inLanguage":"fr-FR"}]}},"_links":{"self":[{"href":"https:\/\/gap47.astrosurf.com\/index.php\/wp-json\/wp\/v2\/pages\/11028","targetHints":{"allow":["GET"]}}],"collection":[{"href":"https:\/\/gap47.astrosurf.com\/index.php\/wp-json\/wp\/v2\/pages"}],"about":[{"href":"https:\/\/gap47.astrosurf.com\/index.php\/wp-json\/wp\/v2\/types\/page"}],"author":[{"embeddable":true,"href":"https:\/\/gap47.astrosurf.com\/index.php\/wp-json\/wp\/v2\/users\/5"}],"replies":[{"embeddable":true,"href":"https:\/\/gap47.astrosurf.com\/index.php\/wp-json\/wp\/v2\/comments?post=11028"}],"version-history":[{"count":4,"href":"https:\/\/gap47.astrosurf.com\/index.php\/wp-json\/wp\/v2\/pages\/11028\/revisions"}],"predecessor-version":[{"id":11054,"href":"https:\/\/gap47.astrosurf.com\/index.php\/wp-json\/wp\/v2\/pages\/11028\/revisions\/11054"}],"wp:attachment":[{"href":"https:\/\/gap47.astrosurf.com\/index.php\/wp-json\/wp\/v2\/media?parent=11028"}],"curies":[{"name":"wp","href":"https:\/\/api.w.org\/{rel}","templated":true}]}}