 {"id":10760,"date":"2021-06-28T00:14:47","date_gmt":"2021-06-27T22:14:47","guid":{"rendered":"http:\/\/gap47.astrosurf.com\/?page_id=10760"},"modified":"2024-09-25T23:23:54","modified_gmt":"2024-09-25T21:23:54","slug":"le-blob","status":"publish","type":"page","link":"https:\/\/gap47.astrosurf.com\/index.php\/le-blob\/","title":{"rendered":"Le Blob"},"content":{"rendered":"<p style=\"text-align: center;\"><span style=\"font-size: 28px; color: #008000;\"><strong><span style=\"font-family: arial, helvetica, sans-serif;\">Le Blob<\/span><\/strong><\/span><\/p>\n<p style=\"text-align: center;\"><span style=\"font-size: 20px; color: #000000;\"><strong><span style=\"font-family: 'times new roman', times, serif;\">Un blob, c&rsquo;est quoi ? Ce n&rsquo;est pas une champignon, ce n&rsquo;est pas une plante et ce n&rsquo;est pas un animal. Mais c&rsquo;est un organisme vivant tr\u00e8s \u00e9trange qui vit sur la Terre depuis environ un milliard d&rsquo;ann\u00e9es. Nous allons nous int\u00e9resser \u00e0 lui&#8230;<\/span><\/strong><\/span><\/p>\n<blockquote>\n<div>\n<div class=\"\">\n<p class=\"\" style=\"text-align: center;\"><span style=\"color: #ff00ff;\"><strong><span style=\"font-family: 'comic sans ms', sans-serif; font-size: 20px;\"><i class=\"\">Un blob dans un site consacr\u00e9 \u00e0 l&rsquo;astronomie&#8230; pourquoi ?<\/i><br \/>\n<i class=\"\">Cet automne 2021, Thomas Pesquet, dans la Station Spatiale Internationale (ISS) en orbite autour de la Terre va, en m\u00eame temps que des classes partout en France, redonner vie \u00e0 cette \u00e9trange chose qu&rsquo;est un \u00ab\u00a0blob\u00a0\u00bb. Il nous a paru int\u00e9ressant de suivre cette exp\u00e9rience visant \u00e0 comparer \u00ab\u00a0un blob sur Terre\u00a0\u00bb \u00e0 \u00ab\u00a0un blob dans l&rsquo;espace\u00a0\u00bb. <\/i><\/span><\/strong><\/span><\/p>\n<\/div>\n<\/div>\n<\/blockquote>\n<p style=\"text-align: center;\">&nbsp;<\/p>\n<p><span style=\"font-size: 20px;\"><strong><span style=\"font-family: 'times new roman', times, serif;\">1 &#8211; <a href=\"http:\/\/gap47.astrosurf.com\/index.php\/accueil\/le-blob-2\/le-blob-pour-les-enfants\/\" target=\"_blank\" rel=\"noopener\">Le blob pour les enfants<\/a><\/span><\/strong><\/span><\/p>\n<p><strong><span style=\"font-size: 20px;\"><span style=\"font-family: 'times new roman', times, serif;\">2 &#8211; <a href=\"http:\/\/gap47.astrosurf.com\/index.php\/accueil\/le-blob\/le-blob-generalites\/\" target=\"_blank\" rel=\"noopener\">Le blob &#8211; G\u00e9n\u00e9ralit\u00e9s<\/a><\/span><\/span><\/strong><\/p>\n<p><strong><span style=\"font-size: 20px;\"><span style=\"font-family: 'times new roman', times, serif;\">3 &#8211; <a href=\"http:\/\/gap47.astrosurf.com\/index.php\/accueil\/le-blob\/le-blob-en-details\/\" target=\"_blank\" rel=\"noopener\">Le blob en d\u00e9tails<\/a><\/span><\/span><\/strong><\/p>\n<p><span style=\"font-size: 20px;\"><span style=\"font-family: 'times new roman', times, serif;\">4 &#8211; <a href=\"http:\/\/gap47.astrosurf.com\/index.php\/accueil\/le-blob\/la-vie-du-blob-du-gap47\/\" target=\"_blank\" rel=\"noopener\"><strong>La vie du blob du GAP47<\/strong><\/a><\/span><\/span><\/p>\n<hr>\n","protected":false},"excerpt":{"rendered":"<p>Le Blob Un blob, c&rsquo;est quoi ? Ce n&rsquo;est pas une champignon, ce n&rsquo;est pas une plante et ce n&rsquo;est pas un animal. Mais c&rsquo;est un organisme vivant tr\u00e8s \u00e9trange qui vit sur la Terre depuis environ un milliard d&rsquo;ann\u00e9es. Nous allons nous int\u00e9resser \u00e0 lui&#8230; Un blob dans un site consacr\u00e9 \u00e0 l&rsquo;astronomie&#8230; pourquoi &hellip; <\/p>\n<p class=\"link-more\"><a href=\"https:\/\/gap47.astrosurf.com\/index.php\/le-blob\/\" class=\"more-link\">Continuer la lecture<span class=\"screen-reader-text\"> de &laquo;&nbsp;Le Blob&nbsp;&raquo;<\/span><\/a><\/p>\n","protected":false},"author":5,"featured_media":0,"parent":0,"menu_order":0,"comment_status":"closed","ping_status":"closed","template":"","meta":{"_exactmetrics_skip_tracking":false,"_exactmetrics_sitenote_active":false,"_exactmetrics_sitenote_note":"","_exactmetrics_sitenote_category":0,"ngg_post_thumbnail":0,"footnotes":""},"class_list":["post-10760","page","type-page","status-publish","hentry"],"yoast_head":"<!-- This site is optimized with the Yoast SEO plugin v24.8.1 - https:\/\/yoast.com\/wordpress\/plugins\/seo\/ -->\n<title>Le Blob - L&#039;observatoire est ouvert aux visiteurs tous les vendredis soirs \u00e0 21 heures, jusqu&#039;au 3 juillet 2026 inclus, sans r\u00e9servation.<\/title>\n<meta name=\"robots\" content=\"index, follow, max-snippet:-1, max-image-preview:large, max-video-preview:-1\" \/>\n<link rel=\"canonical\" href=\"https:\/\/gap47.astrosurf.com\/index.php\/le-blob\/\" \/>\n<meta property=\"og:locale\" content=\"fr_FR\" \/>\n<meta property=\"og:type\" content=\"article\" \/>\n<meta property=\"og:title\" content=\"Le Blob - L&#039;observatoire est ouvert aux visiteurs tous les vendredis soirs \u00e0 21 heures, jusqu&#039;au 3 juillet 2026 inclus, sans r\u00e9servation.\" \/>\n<meta property=\"og:description\" content=\"Le Blob Un blob, c&rsquo;est quoi ? Ce n&rsquo;est pas une champignon, ce n&rsquo;est pas une plante et ce n&rsquo;est pas un animal. Mais c&rsquo;est un organisme vivant tr\u00e8s \u00e9trange qui vit sur la Terre depuis environ un milliard d&rsquo;ann\u00e9es. Nous allons nous int\u00e9resser \u00e0 lui&#8230; Un blob dans un site consacr\u00e9 \u00e0 l&rsquo;astronomie&#8230; pourquoi &hellip; Continuer la lecture de &laquo;&nbsp;Le Blob&nbsp;&raquo;\" \/>\n<meta property=\"og:url\" content=\"https:\/\/gap47.astrosurf.com\/index.php\/le-blob\/\" \/>\n<meta property=\"og:site_name\" content=\"L&#039;observatoire est ouvert aux visiteurs tous les vendredis soirs \u00e0 21 heures, jusqu&#039;au 3 juillet 2026 inclus, sans r\u00e9servation.\" \/>\n<meta property=\"article:publisher\" content=\"https:\/\/www.facebook.com\/astrogap47\/\" \/>\n<meta property=\"article:modified_time\" content=\"2024-09-25T21:23:54+00:00\" \/>\n<meta name=\"twitter:card\" content=\"summary_large_image\" \/>\n<meta name=\"twitter:label1\" content=\"Dur\u00e9e de lecture estim\u00e9e\" \/>\n\t<meta name=\"twitter:data1\" content=\"1 minute\" \/>\n<script type=\"application\/ld+json\" class=\"yoast-schema-graph\">{\"@context\":\"https:\/\/schema.org\",\"@graph\":[{\"@type\":\"WebPage\",\"@id\":\"https:\/\/gap47.astrosurf.com\/index.php\/le-blob\/\",\"url\":\"https:\/\/gap47.astrosurf.com\/index.php\/le-blob\/\",\"name\":\"Le Blob - L&#039;observatoire est ouvert aux visiteurs tous les vendredis soirs \u00e0 21 heures, jusqu&#039;au 3 juillet 2026 inclus, sans r\u00e9servation.\",\"isPartOf\":{\"@id\":\"https:\/\/gap47.astrosurf.com\/#website\"},\"datePublished\":\"2021-06-27T22:14:47+00:00\",\"dateModified\":\"2024-09-25T21:23:54+00:00\",\"breadcrumb\":{\"@id\":\"https:\/\/gap47.astrosurf.com\/index.php\/le-blob\/#breadcrumb\"},\"inLanguage\":\"fr-FR\",\"potentialAction\":[{\"@type\":\"ReadAction\",\"target\":[\"https:\/\/gap47.astrosurf.com\/index.php\/le-blob\/\"]}]},{\"@type\":\"BreadcrumbList\",\"@id\":\"https:\/\/gap47.astrosurf.com\/index.php\/le-blob\/#breadcrumb\",\"itemListElement\":[{\"@type\":\"ListItem\",\"position\":1,\"name\":\"Accueil\",\"item\":\"https:\/\/gap47.astrosurf.com\/\"},{\"@type\":\"ListItem\",\"position\":2,\"name\":\"Le Blob\"}]},{\"@type\":\"WebSite\",\"@id\":\"https:\/\/gap47.astrosurf.com\/#website\",\"url\":\"https:\/\/gap47.astrosurf.com\/\",\"name\":\"De janvier \u00e0 fin juin 2024, le GAP47 sera ouvert aux visiteurs tous les vendredis \u00e0 21h sans r\u00e9servation, \u00e0 l'exception du vendredi 26 janvier o\u00f9 l'observatoire sera ferm\u00e9 au public.\",\"description\":\"Groupe d&#039;Astronomie Populaire du Lot-et-Garonne, \u00e0 Montayral\",\"potentialAction\":[{\"@type\":\"SearchAction\",\"target\":{\"@type\":\"EntryPoint\",\"urlTemplate\":\"https:\/\/gap47.astrosurf.com\/?s={search_term_string}\"},\"query-input\":{\"@type\":\"PropertyValueSpecification\",\"valueRequired\":true,\"valueName\":\"search_term_string\"}}],\"inLanguage\":\"fr-FR\"}]}<\/script>\n<!-- \/ Yoast SEO plugin. -->","yoast_head_json":{"title":"Le Blob - L&#039;observatoire est ouvert aux visiteurs tous les vendredis soirs \u00e0 21 heures, jusqu&#039;au 3 juillet 2026 inclus, sans r\u00e9servation.","robots":{"index":"index","follow":"follow","max-snippet":"max-snippet:-1","max-image-preview":"max-image-preview:large","max-video-preview":"max-video-preview:-1"},"canonical":"https:\/\/gap47.astrosurf.com\/index.php\/le-blob\/","og_locale":"fr_FR","og_type":"article","og_title":"Le Blob - L&#039;observatoire est ouvert aux visiteurs tous les vendredis soirs \u00e0 21 heures, jusqu&#039;au 3 juillet 2026 inclus, sans r\u00e9servation.","og_description":"Le Blob Un blob, c&rsquo;est quoi ? Ce n&rsquo;est pas une champignon, ce n&rsquo;est pas une plante et ce n&rsquo;est pas un animal. Mais c&rsquo;est un organisme vivant tr\u00e8s \u00e9trange qui vit sur la Terre depuis environ un milliard d&rsquo;ann\u00e9es. Nous allons nous int\u00e9resser \u00e0 lui&#8230; Un blob dans un site consacr\u00e9 \u00e0 l&rsquo;astronomie&#8230; pourquoi &hellip; Continuer la lecture de &laquo;&nbsp;Le Blob&nbsp;&raquo;","og_url":"https:\/\/gap47.astrosurf.com\/index.php\/le-blob\/","og_site_name":"L&#039;observatoire est ouvert aux visiteurs tous les vendredis soirs \u00e0 21 heures, jusqu&#039;au 3 juillet 2026 inclus, sans r\u00e9servation.","article_publisher":"https:\/\/www.facebook.com\/astrogap47\/","article_modified_time":"2024-09-25T21:23:54+00:00","twitter_card":"summary_large_image","twitter_misc":{"Dur\u00e9e de lecture estim\u00e9e":"1 minute"},"schema":{"@context":"https:\/\/schema.org","@graph":[{"@type":"WebPage","@id":"https:\/\/gap47.astrosurf.com\/index.php\/le-blob\/","url":"https:\/\/gap47.astrosurf.com\/index.php\/le-blob\/","name":"Le Blob - L&#039;observatoire est ouvert aux visiteurs tous les vendredis soirs \u00e0 21 heures, jusqu&#039;au 3 juillet 2026 inclus, sans r\u00e9servation.","isPartOf":{"@id":"https:\/\/gap47.astrosurf.com\/#website"},"datePublished":"2021-06-27T22:14:47+00:00","dateModified":"2024-09-25T21:23:54+00:00","breadcrumb":{"@id":"https:\/\/gap47.astrosurf.com\/index.php\/le-blob\/#breadcrumb"},"inLanguage":"fr-FR","potentialAction":[{"@type":"ReadAction","target":["https:\/\/gap47.astrosurf.com\/index.php\/le-blob\/"]}]},{"@type":"BreadcrumbList","@id":"https:\/\/gap47.astrosurf.com\/index.php\/le-blob\/#breadcrumb","itemListElement":[{"@type":"ListItem","position":1,"name":"Accueil","item":"https:\/\/gap47.astrosurf.com\/"},{"@type":"ListItem","position":2,"name":"Le Blob"}]},{"@type":"WebSite","@id":"https:\/\/gap47.astrosurf.com\/#website","url":"https:\/\/gap47.astrosurf.com\/","name":"De janvier \u00e0 fin juin 2024, le GAP47 sera ouvert aux visiteurs tous les vendredis \u00e0 21h sans r\u00e9servation, \u00e0 l'exception du vendredi 26 janvier o\u00f9 l'observatoire sera ferm\u00e9 au public.","description":"Groupe d&#039;Astronomie Populaire du Lot-et-Garonne, \u00e0 Montayral","potentialAction":[{"@type":"SearchAction","target":{"@type":"EntryPoint","urlTemplate":"https:\/\/gap47.astrosurf.com\/?s={search_term_string}"},"query-input":{"@type":"PropertyValueSpecification","valueRequired":true,"valueName":"search_term_string"}}],"inLanguage":"fr-FR"}]}},"_links":{"self":[{"href":"https:\/\/gap47.astrosurf.com\/index.php\/wp-json\/wp\/v2\/pages\/10760","targetHints":{"allow":["GET"]}}],"collection":[{"href":"https:\/\/gap47.astrosurf.com\/index.php\/wp-json\/wp\/v2\/pages"}],"about":[{"href":"https:\/\/gap47.astrosurf.com\/index.php\/wp-json\/wp\/v2\/types\/page"}],"author":[{"embeddable":true,"href":"https:\/\/gap47.astrosurf.com\/index.php\/wp-json\/wp\/v2\/users\/5"}],"replies":[{"embeddable":true,"href":"https:\/\/gap47.astrosurf.com\/index.php\/wp-json\/wp\/v2\/comments?post=10760"}],"version-history":[{"count":18,"href":"https:\/\/gap47.astrosurf.com\/index.php\/wp-json\/wp\/v2\/pages\/10760\/revisions"}],"predecessor-version":[{"id":11110,"href":"https:\/\/gap47.astrosurf.com\/index.php\/wp-json\/wp\/v2\/pages\/10760\/revisions\/11110"}],"wp:attachment":[{"href":"https:\/\/gap47.astrosurf.com\/index.php\/wp-json\/wp\/v2\/media?parent=10760"}],"curies":[{"name":"wp","href":"https:\/\/api.w.org\/{rel}","templated":true}]}}