 {"id":10734,"date":"2021-06-27T18:36:16","date_gmt":"2021-06-27T16:36:16","guid":{"rendered":"http:\/\/gap47.astrosurf.com\/?page_id=10734"},"modified":"2021-06-28T00:45:26","modified_gmt":"2021-06-27T22:45:26","slug":"le-blob-pour-les-enfants","status":"publish","type":"page","link":"https:\/\/gap47.astrosurf.com\/index.php\/le-blob\/le-blob-pour-les-enfants\/","title":{"rendered":"Le blob pour les enfants"},"content":{"rendered":"<p style=\"text-align: center;\"><span style=\"font-family: arial, helvetica, sans-serif; font-size: 28px; color: #808080;\"><strong>Le Blob pour les enfants<\/strong><\/span><\/p>\n<p>&nbsp;<\/p>\n<p><span style=\"font-family: 'times new roman', times, serif; font-size: 20px;\"><strong>Dis, c&rsquo;est quoi un blob ?<\/strong><\/span><\/p>\n<p><span style=\"font-family: 'times new roman', times, serif; font-size: 20px;\">Petite interview d&rsquo;un blob tr\u00e8s content de recevoir la visite d&rsquo;un enfant enqu\u00eateur.<br \/>\nInterview imaginaire, bien s\u00fbr.<\/span><\/p>\n<table class=\" aligncenter\" style=\"width: 77.0878%; border-collapse: collapse; border-style: none;\">\n<tbody>\n<tr>\n<td style=\"width: 36.1884%; border-style: none; text-align: left; vertical-align: bottom;\"><img loading=\"lazy\" decoding=\"async\" class=\"wp-image-10743 alignnone\" src=\"http:\/\/gap47.astrosurf.com\/wp-content\/uploads\/2021\/06\/microphone.bmp\" alt=\"\" width=\"249\" height=\"229\"><\/td>\n<td style=\"width: 44.2376%;\"><a href=\"http:\/\/gap47.astrosurf.com\/wp-content\/uploads\/2021\/06\/anime_04_correct.gif\"><img loading=\"lazy\" decoding=\"async\" class=\"wp-image-10744 alignright\" src=\"http:\/\/gap47.astrosurf.com\/wp-content\/uploads\/2021\/06\/anime_04_correct.gif\" alt=\"\" width=\"299\" height=\"300\"><\/a><\/td>\n<\/tr>\n<\/tbody>\n<\/table>\n<p><strong><span style=\"font-family: 'times new roman', times, serif; font-size: 20px;\">Qui es-tu ?<\/span><\/strong><\/p>\n<p><span style=\"font-family: 'times new roman', times, serif; font-size: 20px;\">Je suis un <strong>blob<\/strong>, un organisme&nbsp;vivant tr\u00e8s particulier&#8230; Voici \u00e0 quoi je ressemble. C&rsquo;est une photo de moi alors que je n&rsquo;avais que quelques heures d&rsquo;existence. Elle a \u00e9t\u00e9 prise en avril 2021, en Lot-et-Garonne.<\/span><\/p>\n<p><span style=\"font-family: 'times new roman', times, serif; font-size: 20px;\"><a href=\"http:\/\/gap47.astrosurf.com\/wp-content\/uploads\/2021\/06\/Blob.jpg\"><img loading=\"lazy\" decoding=\"async\" class=\"aligncenter size-full wp-image-10737\" src=\"http:\/\/gap47.astrosurf.com\/wp-content\/uploads\/2021\/06\/Blob.jpg\" alt=\"\" width=\"1184\" height=\"892\" srcset=\"https:\/\/gap47.astrosurf.com\/wp-content\/uploads\/2021\/06\/Blob.jpg 1184w, https:\/\/gap47.astrosurf.com\/wp-content\/uploads\/2021\/06\/Blob-300x226.jpg 300w, https:\/\/gap47.astrosurf.com\/wp-content\/uploads\/2021\/06\/Blob-768x579.jpg 768w\" sizes=\"auto, (max-width: 767px) 89vw, (max-width: 1000px) 54vw, (max-width: 1071px) 543px, 580px\" \/><\/a><\/span><\/p>\n<p><strong><span style=\"font-family: 'times new roman', times, serif; font-size: 20px;\">O\u00f9 peut-on rencontrer des blobs ?<\/span><\/strong><\/p>\n<p><span style=\"font-family: 'times new roman', times, serif; font-size: 20px;\">On peut me trouver dans la nature, oui, m\u00eame en France. Je vis dans les for\u00eats, \u00e0 l&rsquo;abri de la lumi\u00e8re et dans les endroits humides. Beaucoup de gens m&rsquo;ont d\u00e9j\u00e0 rencontr\u00e9 sans s&rsquo;en rendre compte.<\/span><\/p>\n<p><span style=\"font-family: 'times new roman', times, serif; font-size: 20px;\"><a href=\"http:\/\/gap47.astrosurf.com\/wp-content\/uploads\/2021\/06\/Blob3.jpg\"><img loading=\"lazy\" decoding=\"async\" class=\"aligncenter size-full wp-image-10738\" src=\"http:\/\/gap47.astrosurf.com\/wp-content\/uploads\/2021\/06\/Blob3.jpg\" alt=\"\" width=\"1395\" height=\"1048\" srcset=\"https:\/\/gap47.astrosurf.com\/wp-content\/uploads\/2021\/06\/Blob3.jpg 1395w, https:\/\/gap47.astrosurf.com\/wp-content\/uploads\/2021\/06\/Blob3-300x225.jpg 300w, https:\/\/gap47.astrosurf.com\/wp-content\/uploads\/2021\/06\/Blob3-768x577.jpg 768w\" sizes=\"auto, (max-width: 767px) 89vw, (max-width: 1000px) 54vw, (max-width: 1071px) 543px, 580px\" \/><\/a><\/span><\/p>\n<p><strong><span style=\"font-family: 'times new roman', times, serif; font-size: 20px;\">Une seule cellule ! Tu devrais \u00eatre invisible alors.<\/span><\/strong><\/p>\n<p><span style=\"font-family: 'times new roman', times, serif; font-size: 20px;\">En effet, habituellement les cellules qui composent les \u00eatres vivants sont des choses minuscules, et m\u00eame microscopiques. Et il en faut beaucoup pour faire un individu. Par exemple, le corps d&rsquo;un humain adulte est compos\u00e9 de 100 milliards de cellules. Mon corps \u00e0 moi n&rsquo;a qu&rsquo;une seule cellule mais elle est tr\u00e8s grosse, en comparaison. Je peux mesurer 5 millim\u00e8tres lorsque je suis tout jeune mais si je suis bien nourri je peux atteindre 2 m\u00e8tres de diam\u00e8tre, et parfois plus !<\/span><\/p>\n<p><strong><span style=\"font-family: 'times new roman', times, serif; font-size: 20px;\">Une comparaison pour mieux comprendre :<\/span><\/strong><\/p>\n<p><span style=\"font-family: 'times new roman', times, serif; font-size: 20px;\">Une cellule humaine mesure environ 1 centi\u00e8me de millim\u00e8tre, si on la compare \u00e0 un gros blob, c&rsquo;est comme si on comparait mon poing \u00e0 la Terre.<\/span><\/p>\n<p><a href=\"http:\/\/gap47.astrosurf.com\/wp-content\/uploads\/2021\/06\/comparaison.jpg\"><img loading=\"lazy\" decoding=\"async\" class=\"aligncenter wp-image-10757\" src=\"http:\/\/gap47.astrosurf.com\/wp-content\/uploads\/2021\/06\/comparaison.jpg\" alt=\"\" width=\"1000\" height=\"1000\" srcset=\"https:\/\/gap47.astrosurf.com\/wp-content\/uploads\/2021\/06\/comparaison.jpg 800w, https:\/\/gap47.astrosurf.com\/wp-content\/uploads\/2021\/06\/comparaison-300x300.jpg 300w, https:\/\/gap47.astrosurf.com\/wp-content\/uploads\/2021\/06\/comparaison-150x150.jpg 150w, https:\/\/gap47.astrosurf.com\/wp-content\/uploads\/2021\/06\/comparaison-768x768.jpg 768w, https:\/\/gap47.astrosurf.com\/wp-content\/uploads\/2021\/06\/comparaison-100x100.jpg 100w\" sizes=\"auto, (max-width: 767px) 89vw, (max-width: 1000px) 54vw, (max-width: 1071px) 543px, 580px\" \/><\/a><\/p>\n<p><strong><span style=\"font-family: 'times new roman', times, serif; font-size: 20px;\">Depuis quand existes-tu ?<\/span><\/strong><\/p>\n<p><span style=\"font-family: 'times new roman', times, serif; font-size: 20px;\">Des scientifiques m&rsquo;ont d\u00e9couvert au 19<sup>\u00e8me<\/sup> si\u00e8cle mais il a fallu attendre l&rsquo;ann\u00e9e 1973 pour qu&rsquo;on parle de moi dans les journaux. En fait les blobs sont apparus sur terre il y a environ un milliard d&rsquo;ann\u00e9es. Bien avant les animaux, les dinosaures et les hommes.<\/span><\/p>\n<p><strong><span style=\"font-family: 'times new roman', times, serif; font-size: 20px;\">Qu&rsquo;est-ce que tu manges ?<\/span><\/strong><\/p>\n<p><span style=\"font-family: 'times new roman', times, serif; font-size: 20px;\">Dans les laboratoires on me nourrit avec des flocons d&rsquo;avoine. J&rsquo;adore \u00e7a. Mais si on me propose d&rsquo;autres nourritures je sais choisir celles qui me feront le plus de bien. <\/span><span style=\"font-family: 'times new roman', times, serif; font-size: 20px;\">Dans la nature je pars \u00e0 la recherche de ce qui me convient le mieux, surtout des champignons.<\/span><\/p>\n<p><strong><span style=\"font-family: 'times new roman', times, serif; font-size: 20px;\">Et si tu n&rsquo;as pas de nourriture ?<\/span><\/strong><\/p>\n<p><span style=\"font-family: 'times new roman', times, serif; font-size: 20px;\">Si je ne trouve rien je peux me dess\u00e9cher volontairement pour attendre des jours meilleurs, surtout si je n&rsquo;ai pas d&rsquo;eau \u00e0 absorber. Les scientifiques disent que je suis devenu un scl\u00e9rote. Je peux attendre comme \u00e7a pendant plusieurs ann\u00e9es !<\/span><\/p>\n<p><strong><span style=\"font-family: 'times new roman', times, serif; font-size: 20px;\">Comment est-ce que tu bouges puisque tu n&rsquo;as pas de pattes ?<\/span><\/strong><\/p>\n<p><span style=\"font-family: 'times new roman', times, serif; font-size: 20px;\">C&rsquo;est vrai que je peux avancer de 1 cm par heure, et m\u00eame de 4 si j&rsquo;ai tr\u00e8s faim. Pas besoin de pattes pour \u00e7a. Je peux faire avancer de petits filaments en direction de la nourriture et le reste de mon corps se d\u00e9place \u00e0 l&rsquo;int\u00e9rieur de ces tuyaux.<\/span><\/p>\n<p><strong><span style=\"font-family: 'times new roman', times, serif; font-size: 20px;\">Mais, sans cerveau, comment fais-tu pour d\u00e9cider d&rsquo;aller dans une direction plut\u00f4t qu&rsquo;une autre ?<\/span><\/strong><\/p>\n<p><span style=\"font-family: 'times new roman', times, serif; font-size: 20px;\">C&rsquo;est ce qui surprend le plus les gens qui m&rsquo;\u00e9tudient ? J&rsquo;arrive \u00e0 sortir d&rsquo;une bo\u00eete. M\u00eame \u00e0 trouver la sortie d&rsquo;un labyrinthe. Je sais aussi ne pas passer deux fois au m\u00eame endroit, pour ne pas tourner en rond lorsque je cherche de la nourriture. Je suis aussi capable d&rsquo;apprendre \u00e0 passer par-dessus un produit qui me d\u00e9plait, du sel par exemple. Mais je sais aussi m&rsquo;habituer \u00e0 ces produits, et \u00e0 aider un autre blob \u00e0 s&rsquo;y habituer.<\/span><br \/>\n<span style=\"font-family: 'times new roman', times, serif; font-size: 20px;\">Je crois que je n&rsquo;ai pas fini d&rsquo;\u00e9tonner ceux qui s&rsquo;int\u00e9ressent \u00e0 moi.<\/span><\/p>\n<p><strong><span style=\"font-family: 'times new roman', times, serif; font-size: 20px;\">Est-ce que tu peux mourir ?<\/span><\/strong><\/p>\n<p><span style=\"font-family: 'times new roman', times, serif; font-size: 20px;\">Pratiquement pas. Il est tr\u00e8s difficile de me tuer. En fait tu peux m\u00eame me couper en deux et en deux minutes tu auras deux blobs. En plus, si tu mets deux blobs ensemble, au bout d&rsquo;un moment ils vont former un seul blob. Super, non ?<\/span><\/p>\n<p><span style=\"font-family: 'times new roman', times, serif; font-size: 20px;\">Je vais te dire une chose extraordinaire au sujet de ma vie. Au bout de quelques mois, je commence \u00e0 vieillir et \u00e0 \u00eatre de plus en plus fatigu\u00e9 et lent, mais si on me transforme en scl\u00e9rote en me dess\u00e9chant, lorsqu&rsquo;on me redonnera \u00e0 boire et \u00e0 manger je serai \u00e0 nouveau tout jeune et actif.<\/span><\/p>\n<p><strong><span style=\"font-family: 'times new roman', times, serif; font-size: 20px;\">Ton nom ?<\/span><\/strong><\/p>\n<p><span style=\"font-family: 'times new roman', times, serif; font-size: 20px;\">Bien s\u00fbr \u00ab\u00a0blob\u00a0\u00bb n&rsquo;est pas mon vrai nom. En fait les scientifiques m&rsquo;appellent \u00ab\u00a0Physarum polycephalum\u00a0\u00bb, lorsqu&rsquo;ils veulent \u00eatre s\u00e9rieux. Polycephalum, \u00e7a veut dire que j&rsquo;ai plusieurs t\u00eates. <\/span><span style=\"font-family: 'times new roman', times, serif; font-size: 20px;\">Dans certains pays on me donne aussi le nom de Slime. Tu vois pourquoi ?<\/span><\/p>\n<p><strong><span style=\"font-family: 'times new roman', times, serif; font-size: 20px;\">Merci d&rsquo;avoir r\u00e9pondu \u00e0 mes questions.<\/span><\/strong><\/p>\n<p><span style=\"font-family: 'times new roman', times, serif; font-size: 20px;\">Merci de m&rsquo;avoir pos\u00e9 toutes ces questions. Tu peux maintenant aller suivre mes aventures sur les pages de Jean-Luc et Maximilien. Et si un jour tu vas \u00e0 Paris, tu pourras venir me voir au Zoo de Vincennes qui a choisi de m&rsquo;y accueillir, m\u00eame si je ne suis pas un animal.<\/span><\/p>\n<hr>\n","protected":false},"excerpt":{"rendered":"<p>Le Blob pour les enfants &nbsp; Dis, c&rsquo;est quoi un blob ? Petite interview d&rsquo;un blob tr\u00e8s content de recevoir la visite d&rsquo;un enfant enqu\u00eateur. Interview imaginaire, bien s\u00fbr. Qui es-tu ? Je suis un blob, un organisme&nbsp;vivant tr\u00e8s particulier&#8230; Voici \u00e0 quoi je ressemble. C&rsquo;est une photo de moi alors que je n&rsquo;avais que &hellip; <\/p>\n<p class=\"link-more\"><a href=\"https:\/\/gap47.astrosurf.com\/index.php\/le-blob\/le-blob-pour-les-enfants\/\" class=\"more-link\">Continuer la lecture<span class=\"screen-reader-text\"> de &laquo;&nbsp;Le blob pour les enfants&nbsp;&raquo;<\/span><\/a><\/p>\n","protected":false},"author":5,"featured_media":0,"parent":10760,"menu_order":0,"comment_status":"closed","ping_status":"closed","template":"","meta":{"_exactmetrics_skip_tracking":false,"_exactmetrics_sitenote_active":false,"_exactmetrics_sitenote_note":"","_exactmetrics_sitenote_category":0,"ngg_post_thumbnail":0,"footnotes":""},"class_list":["post-10734","page","type-page","status-publish","hentry"],"yoast_head":"<!-- This site is optimized with the Yoast SEO plugin v24.8.1 - https:\/\/yoast.com\/wordpress\/plugins\/seo\/ -->\n<title>Le blob pour les enfants - L&#039;observatoire est ouvert aux visiteurs tous les vendredis soirs \u00e0 21 heures, jusqu&#039;au 3 juillet 2026 inclus, sans r\u00e9servation.<\/title>\n<meta name=\"robots\" content=\"index, follow, max-snippet:-1, max-image-preview:large, max-video-preview:-1\" \/>\n<link rel=\"canonical\" href=\"https:\/\/gap47.astrosurf.com\/index.php\/le-blob\/le-blob-pour-les-enfants\/\" \/>\n<meta property=\"og:locale\" content=\"fr_FR\" \/>\n<meta property=\"og:type\" content=\"article\" \/>\n<meta property=\"og:title\" content=\"Le blob pour les enfants - L&#039;observatoire est ouvert aux visiteurs tous les vendredis soirs \u00e0 21 heures, jusqu&#039;au 3 juillet 2026 inclus, sans r\u00e9servation.\" \/>\n<meta property=\"og:description\" content=\"Le Blob pour les enfants &nbsp; Dis, c&rsquo;est quoi un blob ? Petite interview d&rsquo;un blob tr\u00e8s content de recevoir la visite d&rsquo;un enfant enqu\u00eateur. Interview imaginaire, bien s\u00fbr. Qui es-tu ? Je suis un blob, un organisme&nbsp;vivant tr\u00e8s particulier&#8230; Voici \u00e0 quoi je ressemble. C&rsquo;est une photo de moi alors que je n&rsquo;avais que &hellip; Continuer la lecture de &laquo;&nbsp;Le blob pour les enfants&nbsp;&raquo;\" \/>\n<meta property=\"og:url\" content=\"https:\/\/gap47.astrosurf.com\/index.php\/le-blob\/le-blob-pour-les-enfants\/\" \/>\n<meta property=\"og:site_name\" content=\"L&#039;observatoire est ouvert aux visiteurs tous les vendredis soirs \u00e0 21 heures, jusqu&#039;au 3 juillet 2026 inclus, sans r\u00e9servation.\" \/>\n<meta property=\"article:publisher\" content=\"https:\/\/www.facebook.com\/astrogap47\/\" \/>\n<meta property=\"article:modified_time\" content=\"2021-06-27T22:45:26+00:00\" \/>\n<meta property=\"og:image\" content=\"http:\/\/gap47.astrosurf.com\/wp-content\/uploads\/2021\/06\/microphone.bmp\" \/>\n<meta name=\"twitter:card\" content=\"summary_large_image\" \/>\n<meta name=\"twitter:label1\" content=\"Dur\u00e9e de lecture estim\u00e9e\" \/>\n\t<meta name=\"twitter:data1\" content=\"5 minutes\" \/>\n<script type=\"application\/ld+json\" class=\"yoast-schema-graph\">{\"@context\":\"https:\/\/schema.org\",\"@graph\":[{\"@type\":\"WebPage\",\"@id\":\"https:\/\/gap47.astrosurf.com\/index.php\/le-blob\/le-blob-pour-les-enfants\/\",\"url\":\"https:\/\/gap47.astrosurf.com\/index.php\/le-blob\/le-blob-pour-les-enfants\/\",\"name\":\"Le blob pour les enfants - L&#039;observatoire est ouvert aux visiteurs tous les vendredis soirs \u00e0 21 heures, jusqu&#039;au 3 juillet 2026 inclus, sans r\u00e9servation.\",\"isPartOf\":{\"@id\":\"https:\/\/gap47.astrosurf.com\/#website\"},\"primaryImageOfPage\":{\"@id\":\"https:\/\/gap47.astrosurf.com\/index.php\/le-blob\/le-blob-pour-les-enfants\/#primaryimage\"},\"image\":{\"@id\":\"https:\/\/gap47.astrosurf.com\/index.php\/le-blob\/le-blob-pour-les-enfants\/#primaryimage\"},\"thumbnailUrl\":\"http:\/\/gap47.astrosurf.com\/wp-content\/uploads\/2021\/06\/microphone.bmp\",\"datePublished\":\"2021-06-27T16:36:16+00:00\",\"dateModified\":\"2021-06-27T22:45:26+00:00\",\"breadcrumb\":{\"@id\":\"https:\/\/gap47.astrosurf.com\/index.php\/le-blob\/le-blob-pour-les-enfants\/#breadcrumb\"},\"inLanguage\":\"fr-FR\",\"potentialAction\":[{\"@type\":\"ReadAction\",\"target\":[\"https:\/\/gap47.astrosurf.com\/index.php\/le-blob\/le-blob-pour-les-enfants\/\"]}]},{\"@type\":\"ImageObject\",\"inLanguage\":\"fr-FR\",\"@id\":\"https:\/\/gap47.astrosurf.com\/index.php\/le-blob\/le-blob-pour-les-enfants\/#primaryimage\",\"url\":\"https:\/\/gap47.astrosurf.com\/wp-content\/uploads\/2021\/06\/microphone.bmp\",\"contentUrl\":\"https:\/\/gap47.astrosurf.com\/wp-content\/uploads\/2021\/06\/microphone.bmp\",\"width\":456,\"height\":380},{\"@type\":\"BreadcrumbList\",\"@id\":\"https:\/\/gap47.astrosurf.com\/index.php\/le-blob\/le-blob-pour-les-enfants\/#breadcrumb\",\"itemListElement\":[{\"@type\":\"ListItem\",\"position\":1,\"name\":\"Accueil\",\"item\":\"https:\/\/gap47.astrosurf.com\/\"},{\"@type\":\"ListItem\",\"position\":2,\"name\":\"Le Blob\",\"item\":\"https:\/\/gap47.astrosurf.com\/index.php\/le-blob\/\"},{\"@type\":\"ListItem\",\"position\":3,\"name\":\"Le blob pour les enfants\"}]},{\"@type\":\"WebSite\",\"@id\":\"https:\/\/gap47.astrosurf.com\/#website\",\"url\":\"https:\/\/gap47.astrosurf.com\/\",\"name\":\"De janvier \u00e0 fin juin 2024, le GAP47 sera ouvert aux visiteurs tous les vendredis \u00e0 21h sans r\u00e9servation, \u00e0 l'exception du vendredi 26 janvier o\u00f9 l'observatoire sera ferm\u00e9 au public.\",\"description\":\"Groupe d&#039;Astronomie Populaire du Lot-et-Garonne, \u00e0 Montayral\",\"potentialAction\":[{\"@type\":\"SearchAction\",\"target\":{\"@type\":\"EntryPoint\",\"urlTemplate\":\"https:\/\/gap47.astrosurf.com\/?s={search_term_string}\"},\"query-input\":{\"@type\":\"PropertyValueSpecification\",\"valueRequired\":true,\"valueName\":\"search_term_string\"}}],\"inLanguage\":\"fr-FR\"}]}<\/script>\n<!-- \/ Yoast SEO plugin. -->","yoast_head_json":{"title":"Le blob pour les enfants - L&#039;observatoire est ouvert aux visiteurs tous les vendredis soirs \u00e0 21 heures, jusqu&#039;au 3 juillet 2026 inclus, sans r\u00e9servation.","robots":{"index":"index","follow":"follow","max-snippet":"max-snippet:-1","max-image-preview":"max-image-preview:large","max-video-preview":"max-video-preview:-1"},"canonical":"https:\/\/gap47.astrosurf.com\/index.php\/le-blob\/le-blob-pour-les-enfants\/","og_locale":"fr_FR","og_type":"article","og_title":"Le blob pour les enfants - L&#039;observatoire est ouvert aux visiteurs tous les vendredis soirs \u00e0 21 heures, jusqu&#039;au 3 juillet 2026 inclus, sans r\u00e9servation.","og_description":"Le Blob pour les enfants &nbsp; Dis, c&rsquo;est quoi un blob ? Petite interview d&rsquo;un blob tr\u00e8s content de recevoir la visite d&rsquo;un enfant enqu\u00eateur. Interview imaginaire, bien s\u00fbr. Qui es-tu ? Je suis un blob, un organisme&nbsp;vivant tr\u00e8s particulier&#8230; Voici \u00e0 quoi je ressemble. C&rsquo;est une photo de moi alors que je n&rsquo;avais que &hellip; Continuer la lecture de &laquo;&nbsp;Le blob pour les enfants&nbsp;&raquo;","og_url":"https:\/\/gap47.astrosurf.com\/index.php\/le-blob\/le-blob-pour-les-enfants\/","og_site_name":"L&#039;observatoire est ouvert aux visiteurs tous les vendredis soirs \u00e0 21 heures, jusqu&#039;au 3 juillet 2026 inclus, sans r\u00e9servation.","article_publisher":"https:\/\/www.facebook.com\/astrogap47\/","article_modified_time":"2021-06-27T22:45:26+00:00","og_image":[{"url":"http:\/\/gap47.astrosurf.com\/wp-content\/uploads\/2021\/06\/microphone.bmp","type":"","width":"","height":""}],"twitter_card":"summary_large_image","twitter_misc":{"Dur\u00e9e de lecture estim\u00e9e":"5 minutes"},"schema":{"@context":"https:\/\/schema.org","@graph":[{"@type":"WebPage","@id":"https:\/\/gap47.astrosurf.com\/index.php\/le-blob\/le-blob-pour-les-enfants\/","url":"https:\/\/gap47.astrosurf.com\/index.php\/le-blob\/le-blob-pour-les-enfants\/","name":"Le blob pour les enfants - L&#039;observatoire est ouvert aux visiteurs tous les vendredis soirs \u00e0 21 heures, jusqu&#039;au 3 juillet 2026 inclus, sans r\u00e9servation.","isPartOf":{"@id":"https:\/\/gap47.astrosurf.com\/#website"},"primaryImageOfPage":{"@id":"https:\/\/gap47.astrosurf.com\/index.php\/le-blob\/le-blob-pour-les-enfants\/#primaryimage"},"image":{"@id":"https:\/\/gap47.astrosurf.com\/index.php\/le-blob\/le-blob-pour-les-enfants\/#primaryimage"},"thumbnailUrl":"http:\/\/gap47.astrosurf.com\/wp-content\/uploads\/2021\/06\/microphone.bmp","datePublished":"2021-06-27T16:36:16+00:00","dateModified":"2021-06-27T22:45:26+00:00","breadcrumb":{"@id":"https:\/\/gap47.astrosurf.com\/index.php\/le-blob\/le-blob-pour-les-enfants\/#breadcrumb"},"inLanguage":"fr-FR","potentialAction":[{"@type":"ReadAction","target":["https:\/\/gap47.astrosurf.com\/index.php\/le-blob\/le-blob-pour-les-enfants\/"]}]},{"@type":"ImageObject","inLanguage":"fr-FR","@id":"https:\/\/gap47.astrosurf.com\/index.php\/le-blob\/le-blob-pour-les-enfants\/#primaryimage","url":"https:\/\/gap47.astrosurf.com\/wp-content\/uploads\/2021\/06\/microphone.bmp","contentUrl":"https:\/\/gap47.astrosurf.com\/wp-content\/uploads\/2021\/06\/microphone.bmp","width":456,"height":380},{"@type":"BreadcrumbList","@id":"https:\/\/gap47.astrosurf.com\/index.php\/le-blob\/le-blob-pour-les-enfants\/#breadcrumb","itemListElement":[{"@type":"ListItem","position":1,"name":"Accueil","item":"https:\/\/gap47.astrosurf.com\/"},{"@type":"ListItem","position":2,"name":"Le Blob","item":"https:\/\/gap47.astrosurf.com\/index.php\/le-blob\/"},{"@type":"ListItem","position":3,"name":"Le blob pour les enfants"}]},{"@type":"WebSite","@id":"https:\/\/gap47.astrosurf.com\/#website","url":"https:\/\/gap47.astrosurf.com\/","name":"De janvier \u00e0 fin juin 2024, le GAP47 sera ouvert aux visiteurs tous les vendredis \u00e0 21h sans r\u00e9servation, \u00e0 l'exception du vendredi 26 janvier o\u00f9 l'observatoire sera ferm\u00e9 au public.","description":"Groupe d&#039;Astronomie Populaire du Lot-et-Garonne, \u00e0 Montayral","potentialAction":[{"@type":"SearchAction","target":{"@type":"EntryPoint","urlTemplate":"https:\/\/gap47.astrosurf.com\/?s={search_term_string}"},"query-input":{"@type":"PropertyValueSpecification","valueRequired":true,"valueName":"search_term_string"}}],"inLanguage":"fr-FR"}]}},"_links":{"self":[{"href":"https:\/\/gap47.astrosurf.com\/index.php\/wp-json\/wp\/v2\/pages\/10734","targetHints":{"allow":["GET"]}}],"collection":[{"href":"https:\/\/gap47.astrosurf.com\/index.php\/wp-json\/wp\/v2\/pages"}],"about":[{"href":"https:\/\/gap47.astrosurf.com\/index.php\/wp-json\/wp\/v2\/types\/page"}],"author":[{"embeddable":true,"href":"https:\/\/gap47.astrosurf.com\/index.php\/wp-json\/wp\/v2\/users\/5"}],"replies":[{"embeddable":true,"href":"https:\/\/gap47.astrosurf.com\/index.php\/wp-json\/wp\/v2\/comments?post=10734"}],"version-history":[{"count":22,"href":"https:\/\/gap47.astrosurf.com\/index.php\/wp-json\/wp\/v2\/pages\/10734\/revisions"}],"predecessor-version":[{"id":10774,"href":"https:\/\/gap47.astrosurf.com\/index.php\/wp-json\/wp\/v2\/pages\/10734\/revisions\/10774"}],"up":[{"embeddable":true,"href":"https:\/\/gap47.astrosurf.com\/index.php\/wp-json\/wp\/v2\/pages\/10760"}],"wp:attachment":[{"href":"https:\/\/gap47.astrosurf.com\/index.php\/wp-json\/wp\/v2\/media?parent=10734"}],"curies":[{"name":"wp","href":"https:\/\/api.w.org\/{rel}","templated":true}]}}