 {"id":10421,"date":"2021-03-28T17:32:12","date_gmt":"2021-03-28T15:32:12","guid":{"rendered":"http:\/\/gap47.astrosurf.com\/?page_id=10421"},"modified":"2021-06-28T21:03:49","modified_gmt":"2021-06-28T19:03:49","slug":"le-blob-generalites","status":"publish","type":"page","link":"https:\/\/gap47.astrosurf.com\/index.php\/le-blob\/le-blob-generalites\/","title":{"rendered":"Le Blob &#8211; G\u00e9n\u00e9ralit\u00e9s"},"content":{"rendered":"<p style=\"text-align: center;\"><span style=\"color: #ffff00; background-color: #000000;\"><strong><span style=\"font-family: arial, helvetica, sans-serif; font-size: 28px; background-color: #000000;\">&nbsp;Le Blob &#8211; G\u00e9n\u00e9ralit\u00e9s&nbsp;<\/span><\/strong><\/span><\/p>\n<p>&nbsp;<\/p>\n<p style=\"text-align: center;\"><span style=\"color: #000000;\"><strong><span style=\"font-size: 24px;\"><span style=\"font-family: 'times new roman', times, serif;\">Qu&rsquo;est-ce qu&rsquo;un blob ?<\/span><\/span><\/strong><\/span><\/p>\n<p><span style=\"font-family: 'times new roman', times, serif; font-size: 20px; color: #000000;\">Je ne suis qu&rsquo;une cellule, pas de&nbsp;cerveau,&nbsp;pas de neurone, mais je r\u00e9sous&nbsp;des probl\u00e8mes, je peux me d\u00e9placer d&rsquo;un centim\u00e8tre&nbsp;par heure, voire 4 si j&rsquo;ai tr\u00e8s faim et je peux quasiment&nbsp;mourir&nbsp;mais revivre en&nbsp;\u00e9tant plac\u00e9 au micro-onde. Qui suis-je ? Le blob, un organisme&nbsp;vivant non identifi\u00e9&#8230;<\/span><\/p>\n<p><a href=\"http:\/\/gap47.astrosurf.com\/wp-content\/uploads\/2021\/03\/Blob-orange.jpg\"><img loading=\"lazy\" decoding=\"async\" class=\"aligncenter size-full wp-image-10467\" src=\"http:\/\/gap47.astrosurf.com\/wp-content\/uploads\/2021\/03\/Blob-orange.jpg\" alt=\"\" width=\"1796\" height=\"1192\" srcset=\"https:\/\/gap47.astrosurf.com\/wp-content\/uploads\/2021\/03\/Blob-orange.jpg 1796w, https:\/\/gap47.astrosurf.com\/wp-content\/uploads\/2021\/03\/Blob-orange-300x199.jpg 300w, https:\/\/gap47.astrosurf.com\/wp-content\/uploads\/2021\/03\/Blob-orange-768x510.jpg 768w, https:\/\/gap47.astrosurf.com\/wp-content\/uploads\/2021\/03\/Blob-orange-1536x1019.jpg 1536w\" sizes=\"auto, (max-width: 767px) 89vw, (max-width: 1000px) 54vw, (max-width: 1071px) 543px, 580px\" \/><\/a><\/p>\n<p><span style=\"font-family: 'times new roman', times, serif; font-size: 20px; color: #000000;\">Vous l&rsquo;avez sans doute crois\u00e9 en for\u00eat, ou dans votre cave, sans savoir qui il \u00e9tait : le blob, curiosit\u00e9 biologique compos\u00e9e d&rsquo;une unique cellule mais capable de comportements complexes, d\u00e9barque au parc zoologique de Paris qui est le premier \u00e0 accueillir cette esp\u00e8ce non animale, et c&rsquo;est une premi\u00e8re mondiale !<\/span><\/p>\n<p>&nbsp;<\/p>\n<p><span style=\"font-family: 'times new roman', times, serif; font-size: 20px; color: #000000;\"><strong><em>On ne sait pas bien o\u00f9 le mettre dans l&rsquo;arbre du vivant<\/em><\/strong><\/span><\/p>\n<p><span style=\"font-family: 'times new roman', times, serif; font-size: 20px; color: #000000;\">Install\u00e9 dans sa \u00ab&nbsp;<em>blob zone<\/em> \u00bb, \u00e0 l&rsquo;abri de la lumi\u00e8re, le&nbsp;<em>Physarum polycephalum<\/em>&nbsp;(son nom scientifique) ressemble \u00e0 une masse spongieuse, jaune et visqueuse. Ni animal, ni plante, ni champignon, c&rsquo;est un <em>organisme primitif<\/em>, apparu il y a pr\u00e8s d&rsquo;un milliard d&rsquo;ann\u00e9es, bien avant le r\u00e8gne animal.<\/span><\/p>\n<p style=\"text-align: center;\"><span style=\"color: #000000;\"><a style=\"color: #000000;\" href=\"http:\/\/gap47.astrosurf.com\/wp-content\/uploads\/2021\/03\/Physarum_polycephalum_plasmodium.jpg\"><img loading=\"lazy\" decoding=\"async\" class=\"aligncenter size-full wp-image-10422\" src=\"http:\/\/gap47.astrosurf.com\/wp-content\/uploads\/2021\/03\/Physarum_polycephalum_plasmodium.jpg\" alt=\"\" width=\"1024\" height=\"768\" srcset=\"https:\/\/gap47.astrosurf.com\/wp-content\/uploads\/2021\/03\/Physarum_polycephalum_plasmodium.jpg 1024w, https:\/\/gap47.astrosurf.com\/wp-content\/uploads\/2021\/03\/Physarum_polycephalum_plasmodium-300x225.jpg 300w, https:\/\/gap47.astrosurf.com\/wp-content\/uploads\/2021\/03\/Physarum_polycephalum_plasmodium-768x576.jpg 768w\" sizes=\"auto, (max-width: 767px) 89vw, (max-width: 1000px) 54vw, (max-width: 1071px) 543px, 580px\" \/><\/a><\/span><\/p>\n<p><span style=\"color: #000000;\"><a style=\"color: #000000;\" href=\"http:\/\/gap47.astrosurf.com\/wp-content\/uploads\/2021\/03\/Physarum_polycephalum.jpg\"><img loading=\"lazy\" decoding=\"async\" class=\"aligncenter size-full wp-image-10424\" src=\"http:\/\/gap47.astrosurf.com\/wp-content\/uploads\/2021\/03\/Physarum_polycephalum.jpg\" alt=\"\" width=\"925\" height=\"1280\" srcset=\"https:\/\/gap47.astrosurf.com\/wp-content\/uploads\/2021\/03\/Physarum_polycephalum.jpg 925w, https:\/\/gap47.astrosurf.com\/wp-content\/uploads\/2021\/03\/Physarum_polycephalum-217x300.jpg 217w, https:\/\/gap47.astrosurf.com\/wp-content\/uploads\/2021\/03\/Physarum_polycephalum-867x1200.jpg 867w, https:\/\/gap47.astrosurf.com\/wp-content\/uploads\/2021\/03\/Physarum_polycephalum-768x1063.jpg 768w\" sizes=\"auto, (max-width: 767px) 89vw, (max-width: 1000px) 54vw, (max-width: 1071px) 543px, 580px\" \/><\/a><\/span><\/p>\n<p><a href=\"http:\/\/gap47.astrosurf.com\/wp-content\/uploads\/2021\/03\/Blob-jaune.jpg\"><img loading=\"lazy\" decoding=\"async\" class=\"aligncenter size-full wp-image-10468\" src=\"http:\/\/gap47.astrosurf.com\/wp-content\/uploads\/2021\/03\/Blob-jaune.jpg\" alt=\"\" width=\"1986\" height=\"1220\" srcset=\"https:\/\/gap47.astrosurf.com\/wp-content\/uploads\/2021\/03\/Blob-jaune.jpg 1986w, https:\/\/gap47.astrosurf.com\/wp-content\/uploads\/2021\/03\/Blob-jaune-300x184.jpg 300w, https:\/\/gap47.astrosurf.com\/wp-content\/uploads\/2021\/03\/Blob-jaune-1953x1200.jpg 1953w, https:\/\/gap47.astrosurf.com\/wp-content\/uploads\/2021\/03\/Blob-jaune-768x472.jpg 768w, https:\/\/gap47.astrosurf.com\/wp-content\/uploads\/2021\/03\/Blob-jaune-1536x944.jpg 1536w\" sizes=\"auto, (max-width: 767px) 89vw, (max-width: 1000px) 54vw, (max-width: 1071px) 543px, 580px\" \/><\/a><\/p>\n<p><span style=\"color: #000000;\"><a style=\"color: #000000;\" href=\"http:\/\/gap47.astrosurf.com\/wp-content\/uploads\/2021\/03\/Schleimpilz_Nov_07.jpg\"><img loading=\"lazy\" decoding=\"async\" class=\"aligncenter size-full wp-image-10425\" src=\"http:\/\/gap47.astrosurf.com\/wp-content\/uploads\/2021\/03\/Schleimpilz_Nov_07.jpg\" alt=\"\" width=\"950\" height=\"713\" srcset=\"https:\/\/gap47.astrosurf.com\/wp-content\/uploads\/2021\/03\/Schleimpilz_Nov_07.jpg 950w, https:\/\/gap47.astrosurf.com\/wp-content\/uploads\/2021\/03\/Schleimpilz_Nov_07-300x225.jpg 300w, https:\/\/gap47.astrosurf.com\/wp-content\/uploads\/2021\/03\/Schleimpilz_Nov_07-768x576.jpg 768w\" sizes=\"auto, (max-width: 767px) 89vw, (max-width: 1000px) 54vw, (max-width: 1071px) 543px, 580px\" \/><\/a><\/span><\/p>\n<div class=\"thumb tright\">\n<div class=\"thumbinner\">\n<div class=\"thumbcaption\">\n<p><span style=\"font-family: 'times new roman', times, serif; font-size: 20px; color: #000000;\"><strong>Fascinante cr\u00e9ature quasiment immortelle<\/strong><\/span><\/p>\n<p><span style=\"font-family: 'times new roman', times, serif; font-size: 20px; color: #000000;\">Marl\u00e8ne Itan, \u00ab blobicultrice \u00bb&nbsp;depuis peu, vient tous les jours arroser et nourrir les scl\u00e9rotes&nbsp;(sortes de b\u00e9b\u00e9s) qui poussent dans son \u00e9levage. \u00ab&nbsp;<em>\u00c7a change de nos habitudes. On ne sait jamais \u00e0 quoi s&rsquo;attendre en arrivant ! <\/em>\u00bb&nbsp;se r\u00e9jouit-elle. Car le blob ne cesse de surprendre. Il peut mourir de plusieurs fa\u00e7ons, mais peut aussi entrer en dormance, en se dess\u00e9chant. \u00ab&nbsp;<em>Dans cet \u00e9tat, il est quasiment immortel&#8230; On peut m\u00eame le mettre au micro-ondes quelques minutes ! <\/em>\u00bb, selon Audrey Dussutour. Car, une fois r\u00e9-humidifi\u00e9, il peut repartir, en red\u00e9marrant son cycle \u00e0 z\u00e9ro, ajoute la chercheuse, qui poss\u00e8de en laboratoire des sp\u00e9cimens \u00e2g\u00e9s de plus de 70 ans.<\/span><\/p>\n<div style=\"width: 525px;\" class=\"wp-video\"><video class=\"wp-video-shortcode\" id=\"video-10421-1\" width=\"525\" height=\"295\" preload=\"metadata\" controls=\"controls\"><source type=\"video\/mp4\" src=\"http:\/\/gap47.astrosurf.com\/wp-content\/uploads\/2021\/06\/Pourquoi-le-blob-fascine-les-scientifiques.mp4?_=1\" \/><a href=\"http:\/\/gap47.astrosurf.com\/wp-content\/uploads\/2021\/06\/Pourquoi-le-blob-fascine-les-scientifiques.mp4\">http:\/\/gap47.astrosurf.com\/wp-content\/uploads\/2021\/06\/Pourquoi-le-blob-fascine-les-scientifiques.mp4<\/a><\/video><\/div>\n<p><span style=\"font-family: 'times new roman', times, serif; font-size: 20px; color: #000000;\">Autre curiosit\u00e9 : gr\u00e2ce au courant circulant dans son r\u00e9seau veineux, le blob bouge, \u00e0 raison de 1 \u00e0 4 centim\u00e8tres par heure. L&rsquo;observer \u00e0 travers une vitre n&rsquo;\u00e9tant pas tr\u00e8s spectaculaire, le zoo a con\u00e7u une mus\u00e9ographie interactive pour le mettre en sc\u00e8ne, notamment <em>via<\/em> des vid\u00e9os en acc\u00e9l\u00e9r\u00e9. Son syst\u00e8me vasculaire complexe passionne les physiciens. Certains tentent m\u00eame de s&rsquo;en inspirer pour l&rsquo;appliquer \u00e0 des r\u00e9seaux \u00e9lectriques.<\/span><\/p>\n<p>&nbsp;<\/p>\n<p><strong><span style=\"font-family: 'times new roman', times, serif; font-size: 20px; color: #000000;\">Le blob a pr\u00e9c\u00e9d\u00e9 le r\u00e8gne animal<\/span><\/strong><\/p>\n<p><span style=\"font-family: 'times new roman', times, serif; font-size: 20px; color: #000000;\">Malgr\u00e9 son absence de syst\u00e8me nerveux, il est capable de m\u00e9moriser. Le zoo retrace ainsi une exp\u00e9rience montrant un blob qui apprend, petit \u00e0 petit, \u00e0 ignorer du sel (qui, <em>a priori,<\/em> le repousse) d\u00e9pos\u00e9 sur la trajectoire le menant \u00e0 sa pitance.<\/span><\/p>\n<div style=\"width: 525px;\" class=\"wp-video\"><video class=\"wp-video-shortcode\" id=\"video-10421-2\" width=\"525\" height=\"295\" preload=\"metadata\" controls=\"controls\"><source type=\"video\/mp4\" src=\"http:\/\/gap47.astrosurf.com\/wp-content\/uploads\/2021\/03\/Nouveaute\u0301-_-le-blob.mp4?_=2\" \/><a href=\"http:\/\/gap47.astrosurf.com\/wp-content\/uploads\/2021\/03\/Nouveaute\u0301-_-le-blob.mp4\">http:\/\/gap47.astrosurf.com\/wp-content\/uploads\/2021\/03\/Nouveaute\u0301-_-le-blob.mp4<\/a><\/video><\/div>\n<p><span style=\"font-family: 'times new roman', times, serif; font-size: 20px; color: #000000;\">Avec ses 720 sexes diff\u00e9rents, le blob a une reproduction sexu\u00e9e semblable \u00e0 celle du champignon. \u00ab&nbsp;<em>Il \u00e9tait l\u00e0 avant, donc ce sont davantage les champignons et les animaux qui s&rsquo;en sont inspir\u00e9s que l&rsquo;inverse <\/em>\u00bb, conclut Audrey Dussutour. C&rsquo;est cette scientifique&nbsp;qui a trouv\u00e9 son surnom, en hommage au film&nbsp;<em>The blob,<\/em> avec Steve McQueen (1958), o\u00f9 une masse gluante extra-terrestre grossit \u00e0 mesure qu&rsquo;elle d\u00e9vore tout sur son passage. Le&nbsp;<em>Physarum polycephalum<\/em>, quant \u00e0 lui, est inoffensif.<\/span><\/p>\n<\/div>\n<\/div>\n<\/div>\n<h2><span style=\"font-family: 'times new roman', times, serif; font-size: 20px; color: #000000;\"><span id=\"Vulgarisation_et_p.C3.A9dagogie\"><\/span><strong><span id=\"Vulgarisation_et_p\u00e9dagogie\" class=\"mw-headline\">Vulgarisation et p\u00e9dagogie<\/span><\/strong><\/span><\/h2>\n<p><span style=\"font-family: 'times new roman', times, serif; font-size: 20px; color: #000000;\">En <time class=\"nowrap\" datetime=\"2019-10\" data-sort-value=\"2019-10\">octobre 2019<\/time>, un blob fait son entr\u00e9e au parc zoologique de Paris<sup id=\"cite_ref-20\" class=\"reference\"><\/sup>. Il n&rsquo;est pas confi\u00e9 aux soigneurs, mais aux jardiniers.<\/span><\/p>\n<hr>\n<p style=\"text-align: center;\"><span style=\"color: #800080; font-size: 24px;\"><strong><span style=\"font-family: 'times new roman', times, serif;\">Le blob et l&rsquo;espace<\/span><\/strong><\/span><\/p>\n<p style=\"text-align: center;\"><span style=\"color: #800080;\"><strong><span style=\"font-family: arial, helvetica, sans-serif; font-size: 20px;\">En 2021, le CNES en partenariat avec le CNRS, \u00e0 l&rsquo;occasion de la mission Alpha pr\u00e9vue en avril dans Station Spatiale Internationale, met en place une exp\u00e9rience p\u00e9dagogique sur le blob nomm\u00e9e \u00ab\u00a0\u00e9l\u00e8ve ton blob\u00a0\u00bb. Des \u00e9coles primaires, coll\u00e8ges et lyc\u00e9es \u00e0 qui seront confi\u00e9s des blobs pourront comparer leurs \u00e9volutions par rapport \u00e0 un blob emmen\u00e9 \u00e0 bord de la station par Thomas Pesquet.<\/span><\/strong><\/span><\/p>\n<p style=\"text-align: center;\"><strong><span style=\"font-family: 'times new roman', times, serif; font-size: 20px; color: #0000ff;\">La comparaison des exp\u00e9riences concernant les blobs dans les \u00e9coles, les blobs du GAP47 et ceux de Thomas Pesquet dans la Station Spatiale Internationale seront trait\u00e9es dans la quatri\u00e8me partie de ce sujet : \u00ab\u00a0Le blob du GAP47\u00a0\u00bb \u00e0 partir de septembre 2021.<\/span><\/strong><\/p>\n<hr>\n<p>&nbsp;<\/p>\n","protected":false},"excerpt":{"rendered":"<p>&nbsp;Le Blob &#8211; G\u00e9n\u00e9ralit\u00e9s&nbsp; &nbsp; Qu&rsquo;est-ce qu&rsquo;un blob ? Je ne suis qu&rsquo;une cellule, pas de&nbsp;cerveau,&nbsp;pas de neurone, mais je r\u00e9sous&nbsp;des probl\u00e8mes, je peux me d\u00e9placer d&rsquo;un centim\u00e8tre&nbsp;par heure, voire 4 si j&rsquo;ai tr\u00e8s faim et je peux quasiment&nbsp;mourir&nbsp;mais revivre en&nbsp;\u00e9tant plac\u00e9 au micro-onde. Qui suis-je ? Le blob, un organisme&nbsp;vivant non identifi\u00e9&#8230; Vous l&rsquo;avez &hellip; <\/p>\n<p class=\"link-more\"><a href=\"https:\/\/gap47.astrosurf.com\/index.php\/le-blob\/le-blob-generalites\/\" class=\"more-link\">Continuer la lecture<span class=\"screen-reader-text\"> de &laquo;&nbsp;Le Blob &#8211; G\u00e9n\u00e9ralit\u00e9s&nbsp;&raquo;<\/span><\/a><\/p>\n","protected":false},"author":5,"featured_media":0,"parent":10760,"menu_order":1,"comment_status":"closed","ping_status":"closed","template":"","meta":{"_exactmetrics_skip_tracking":false,"_exactmetrics_sitenote_active":false,"_exactmetrics_sitenote_note":"","_exactmetrics_sitenote_category":0,"ngg_post_thumbnail":0,"footnotes":""},"class_list":["post-10421","page","type-page","status-publish","hentry"],"yoast_head":"<!-- This site is optimized with the Yoast SEO plugin v24.8.1 - https:\/\/yoast.com\/wordpress\/plugins\/seo\/ -->\n<title>Le Blob - G\u00e9n\u00e9ralit\u00e9s - L&#039;observatoire est ouvert aux visiteurs tous les vendredis soirs \u00e0 21 heures, jusqu&#039;au 3 juillet 2026 inclus, sans r\u00e9servation.<\/title>\n<meta name=\"robots\" content=\"index, follow, max-snippet:-1, max-image-preview:large, max-video-preview:-1\" \/>\n<link rel=\"canonical\" href=\"https:\/\/gap47.astrosurf.com\/index.php\/le-blob\/le-blob-generalites\/\" \/>\n<meta property=\"og:locale\" content=\"fr_FR\" \/>\n<meta property=\"og:type\" content=\"article\" \/>\n<meta property=\"og:title\" content=\"Le Blob - G\u00e9n\u00e9ralit\u00e9s - L&#039;observatoire est ouvert aux visiteurs tous les vendredis soirs \u00e0 21 heures, jusqu&#039;au 3 juillet 2026 inclus, sans r\u00e9servation.\" \/>\n<meta property=\"og:description\" content=\"&nbsp;Le Blob &#8211; G\u00e9n\u00e9ralit\u00e9s&nbsp; &nbsp; Qu&rsquo;est-ce qu&rsquo;un blob ? Je ne suis qu&rsquo;une cellule, pas de&nbsp;cerveau,&nbsp;pas de neurone, mais je r\u00e9sous&nbsp;des probl\u00e8mes, je peux me d\u00e9placer d&rsquo;un centim\u00e8tre&nbsp;par heure, voire 4 si j&rsquo;ai tr\u00e8s faim et je peux quasiment&nbsp;mourir&nbsp;mais revivre en&nbsp;\u00e9tant plac\u00e9 au micro-onde. Qui suis-je ? Le blob, un organisme&nbsp;vivant non identifi\u00e9&#8230; Vous l&rsquo;avez &hellip; Continuer la lecture de &laquo;&nbsp;Le Blob &#8211; G\u00e9n\u00e9ralit\u00e9s&nbsp;&raquo;\" \/>\n<meta property=\"og:url\" content=\"https:\/\/gap47.astrosurf.com\/index.php\/le-blob\/le-blob-generalites\/\" \/>\n<meta property=\"og:site_name\" content=\"L&#039;observatoire est ouvert aux visiteurs tous les vendredis soirs \u00e0 21 heures, jusqu&#039;au 3 juillet 2026 inclus, sans r\u00e9servation.\" \/>\n<meta property=\"article:publisher\" content=\"https:\/\/www.facebook.com\/astrogap47\/\" \/>\n<meta property=\"article:modified_time\" content=\"2021-06-28T19:03:49+00:00\" \/>\n<meta property=\"og:image\" content=\"http:\/\/gap47.astrosurf.com\/wp-content\/uploads\/2021\/03\/Blob-orange.jpg\" \/>\n<meta name=\"twitter:card\" content=\"summary_large_image\" \/>\n<meta name=\"twitter:label1\" content=\"Dur\u00e9e de lecture estim\u00e9e\" \/>\n\t<meta name=\"twitter:data1\" content=\"4 minutes\" \/>\n<script type=\"application\/ld+json\" class=\"yoast-schema-graph\">{\"@context\":\"https:\/\/schema.org\",\"@graph\":[{\"@type\":\"WebPage\",\"@id\":\"https:\/\/gap47.astrosurf.com\/index.php\/le-blob\/le-blob-generalites\/\",\"url\":\"https:\/\/gap47.astrosurf.com\/index.php\/le-blob\/le-blob-generalites\/\",\"name\":\"Le Blob - G\u00e9n\u00e9ralit\u00e9s - L&#039;observatoire est ouvert aux visiteurs tous les vendredis soirs \u00e0 21 heures, jusqu&#039;au 3 juillet 2026 inclus, sans r\u00e9servation.\",\"isPartOf\":{\"@id\":\"https:\/\/gap47.astrosurf.com\/#website\"},\"primaryImageOfPage\":{\"@id\":\"https:\/\/gap47.astrosurf.com\/index.php\/le-blob\/le-blob-generalites\/#primaryimage\"},\"image\":{\"@id\":\"https:\/\/gap47.astrosurf.com\/index.php\/le-blob\/le-blob-generalites\/#primaryimage\"},\"thumbnailUrl\":\"http:\/\/gap47.astrosurf.com\/wp-content\/uploads\/2021\/03\/Blob-orange.jpg\",\"datePublished\":\"2021-03-28T15:32:12+00:00\",\"dateModified\":\"2021-06-28T19:03:49+00:00\",\"breadcrumb\":{\"@id\":\"https:\/\/gap47.astrosurf.com\/index.php\/le-blob\/le-blob-generalites\/#breadcrumb\"},\"inLanguage\":\"fr-FR\",\"potentialAction\":[{\"@type\":\"ReadAction\",\"target\":[\"https:\/\/gap47.astrosurf.com\/index.php\/le-blob\/le-blob-generalites\/\"]}]},{\"@type\":\"ImageObject\",\"inLanguage\":\"fr-FR\",\"@id\":\"https:\/\/gap47.astrosurf.com\/index.php\/le-blob\/le-blob-generalites\/#primaryimage\",\"url\":\"https:\/\/gap47.astrosurf.com\/wp-content\/uploads\/2021\/03\/Blob-orange.jpg\",\"contentUrl\":\"https:\/\/gap47.astrosurf.com\/wp-content\/uploads\/2021\/03\/Blob-orange.jpg\",\"width\":1796,\"height\":1192},{\"@type\":\"BreadcrumbList\",\"@id\":\"https:\/\/gap47.astrosurf.com\/index.php\/le-blob\/le-blob-generalites\/#breadcrumb\",\"itemListElement\":[{\"@type\":\"ListItem\",\"position\":1,\"name\":\"Accueil\",\"item\":\"https:\/\/gap47.astrosurf.com\/\"},{\"@type\":\"ListItem\",\"position\":2,\"name\":\"Le Blob\",\"item\":\"https:\/\/gap47.astrosurf.com\/index.php\/le-blob\/\"},{\"@type\":\"ListItem\",\"position\":3,\"name\":\"Le Blob &#8211; G\u00e9n\u00e9ralit\u00e9s\"}]},{\"@type\":\"WebSite\",\"@id\":\"https:\/\/gap47.astrosurf.com\/#website\",\"url\":\"https:\/\/gap47.astrosurf.com\/\",\"name\":\"De janvier \u00e0 fin juin 2024, le GAP47 sera ouvert aux visiteurs tous les vendredis \u00e0 21h sans r\u00e9servation, \u00e0 l'exception du vendredi 26 janvier o\u00f9 l'observatoire sera ferm\u00e9 au public.\",\"description\":\"Groupe d&#039;Astronomie Populaire du Lot-et-Garonne, \u00e0 Montayral\",\"potentialAction\":[{\"@type\":\"SearchAction\",\"target\":{\"@type\":\"EntryPoint\",\"urlTemplate\":\"https:\/\/gap47.astrosurf.com\/?s={search_term_string}\"},\"query-input\":{\"@type\":\"PropertyValueSpecification\",\"valueRequired\":true,\"valueName\":\"search_term_string\"}}],\"inLanguage\":\"fr-FR\"}]}<\/script>\n<!-- \/ Yoast SEO plugin. -->","yoast_head_json":{"title":"Le Blob - G\u00e9n\u00e9ralit\u00e9s - L&#039;observatoire est ouvert aux visiteurs tous les vendredis soirs \u00e0 21 heures, jusqu&#039;au 3 juillet 2026 inclus, sans r\u00e9servation.","robots":{"index":"index","follow":"follow","max-snippet":"max-snippet:-1","max-image-preview":"max-image-preview:large","max-video-preview":"max-video-preview:-1"},"canonical":"https:\/\/gap47.astrosurf.com\/index.php\/le-blob\/le-blob-generalites\/","og_locale":"fr_FR","og_type":"article","og_title":"Le Blob - G\u00e9n\u00e9ralit\u00e9s - L&#039;observatoire est ouvert aux visiteurs tous les vendredis soirs \u00e0 21 heures, jusqu&#039;au 3 juillet 2026 inclus, sans r\u00e9servation.","og_description":"&nbsp;Le Blob &#8211; G\u00e9n\u00e9ralit\u00e9s&nbsp; &nbsp; Qu&rsquo;est-ce qu&rsquo;un blob ? Je ne suis qu&rsquo;une cellule, pas de&nbsp;cerveau,&nbsp;pas de neurone, mais je r\u00e9sous&nbsp;des probl\u00e8mes, je peux me d\u00e9placer d&rsquo;un centim\u00e8tre&nbsp;par heure, voire 4 si j&rsquo;ai tr\u00e8s faim et je peux quasiment&nbsp;mourir&nbsp;mais revivre en&nbsp;\u00e9tant plac\u00e9 au micro-onde. Qui suis-je ? Le blob, un organisme&nbsp;vivant non identifi\u00e9&#8230; Vous l&rsquo;avez &hellip; Continuer la lecture de &laquo;&nbsp;Le Blob &#8211; G\u00e9n\u00e9ralit\u00e9s&nbsp;&raquo;","og_url":"https:\/\/gap47.astrosurf.com\/index.php\/le-blob\/le-blob-generalites\/","og_site_name":"L&#039;observatoire est ouvert aux visiteurs tous les vendredis soirs \u00e0 21 heures, jusqu&#039;au 3 juillet 2026 inclus, sans r\u00e9servation.","article_publisher":"https:\/\/www.facebook.com\/astrogap47\/","article_modified_time":"2021-06-28T19:03:49+00:00","og_image":[{"url":"http:\/\/gap47.astrosurf.com\/wp-content\/uploads\/2021\/03\/Blob-orange.jpg","type":"","width":"","height":""}],"twitter_card":"summary_large_image","twitter_misc":{"Dur\u00e9e de lecture estim\u00e9e":"4 minutes"},"schema":{"@context":"https:\/\/schema.org","@graph":[{"@type":"WebPage","@id":"https:\/\/gap47.astrosurf.com\/index.php\/le-blob\/le-blob-generalites\/","url":"https:\/\/gap47.astrosurf.com\/index.php\/le-blob\/le-blob-generalites\/","name":"Le Blob - G\u00e9n\u00e9ralit\u00e9s - L&#039;observatoire est ouvert aux visiteurs tous les vendredis soirs \u00e0 21 heures, jusqu&#039;au 3 juillet 2026 inclus, sans r\u00e9servation.","isPartOf":{"@id":"https:\/\/gap47.astrosurf.com\/#website"},"primaryImageOfPage":{"@id":"https:\/\/gap47.astrosurf.com\/index.php\/le-blob\/le-blob-generalites\/#primaryimage"},"image":{"@id":"https:\/\/gap47.astrosurf.com\/index.php\/le-blob\/le-blob-generalites\/#primaryimage"},"thumbnailUrl":"http:\/\/gap47.astrosurf.com\/wp-content\/uploads\/2021\/03\/Blob-orange.jpg","datePublished":"2021-03-28T15:32:12+00:00","dateModified":"2021-06-28T19:03:49+00:00","breadcrumb":{"@id":"https:\/\/gap47.astrosurf.com\/index.php\/le-blob\/le-blob-generalites\/#breadcrumb"},"inLanguage":"fr-FR","potentialAction":[{"@type":"ReadAction","target":["https:\/\/gap47.astrosurf.com\/index.php\/le-blob\/le-blob-generalites\/"]}]},{"@type":"ImageObject","inLanguage":"fr-FR","@id":"https:\/\/gap47.astrosurf.com\/index.php\/le-blob\/le-blob-generalites\/#primaryimage","url":"https:\/\/gap47.astrosurf.com\/wp-content\/uploads\/2021\/03\/Blob-orange.jpg","contentUrl":"https:\/\/gap47.astrosurf.com\/wp-content\/uploads\/2021\/03\/Blob-orange.jpg","width":1796,"height":1192},{"@type":"BreadcrumbList","@id":"https:\/\/gap47.astrosurf.com\/index.php\/le-blob\/le-blob-generalites\/#breadcrumb","itemListElement":[{"@type":"ListItem","position":1,"name":"Accueil","item":"https:\/\/gap47.astrosurf.com\/"},{"@type":"ListItem","position":2,"name":"Le Blob","item":"https:\/\/gap47.astrosurf.com\/index.php\/le-blob\/"},{"@type":"ListItem","position":3,"name":"Le Blob &#8211; G\u00e9n\u00e9ralit\u00e9s"}]},{"@type":"WebSite","@id":"https:\/\/gap47.astrosurf.com\/#website","url":"https:\/\/gap47.astrosurf.com\/","name":"De janvier \u00e0 fin juin 2024, le GAP47 sera ouvert aux visiteurs tous les vendredis \u00e0 21h sans r\u00e9servation, \u00e0 l'exception du vendredi 26 janvier o\u00f9 l'observatoire sera ferm\u00e9 au public.","description":"Groupe d&#039;Astronomie Populaire du Lot-et-Garonne, \u00e0 Montayral","potentialAction":[{"@type":"SearchAction","target":{"@type":"EntryPoint","urlTemplate":"https:\/\/gap47.astrosurf.com\/?s={search_term_string}"},"query-input":{"@type":"PropertyValueSpecification","valueRequired":true,"valueName":"search_term_string"}}],"inLanguage":"fr-FR"}]}},"_links":{"self":[{"href":"https:\/\/gap47.astrosurf.com\/index.php\/wp-json\/wp\/v2\/pages\/10421","targetHints":{"allow":["GET"]}}],"collection":[{"href":"https:\/\/gap47.astrosurf.com\/index.php\/wp-json\/wp\/v2\/pages"}],"about":[{"href":"https:\/\/gap47.astrosurf.com\/index.php\/wp-json\/wp\/v2\/types\/page"}],"author":[{"embeddable":true,"href":"https:\/\/gap47.astrosurf.com\/index.php\/wp-json\/wp\/v2\/users\/5"}],"replies":[{"embeddable":true,"href":"https:\/\/gap47.astrosurf.com\/index.php\/wp-json\/wp\/v2\/comments?post=10421"}],"version-history":[{"count":29,"href":"https:\/\/gap47.astrosurf.com\/index.php\/wp-json\/wp\/v2\/pages\/10421\/revisions"}],"predecessor-version":[{"id":10786,"href":"https:\/\/gap47.astrosurf.com\/index.php\/wp-json\/wp\/v2\/pages\/10421\/revisions\/10786"}],"up":[{"embeddable":true,"href":"https:\/\/gap47.astrosurf.com\/index.php\/wp-json\/wp\/v2\/pages\/10760"}],"wp:attachment":[{"href":"https:\/\/gap47.astrosurf.com\/index.php\/wp-json\/wp\/v2\/media?parent=10421"}],"curies":[{"name":"wp","href":"https:\/\/api.w.org\/{rel}","templated":true}]}}