 {"id":10292,"date":"2021-02-21T19:52:23","date_gmt":"2021-02-21T17:52:23","guid":{"rendered":"http:\/\/gap47.astrosurf.com\/?page_id=10292"},"modified":"2021-02-23T19:54:07","modified_gmt":"2021-02-23T17:54:07","slug":"perseverance","status":"publish","type":"page","link":"https:\/\/gap47.astrosurf.com\/index.php\/perseverance\/","title":{"rendered":"Perseverance"},"content":{"rendered":"<p style=\"text-align: center;\"><strong><span style=\"font-family: arial, helvetica, sans-serif; font-size: 24px;\">Le 18 f\u00e9vrier 2021 \u00e0 12h55 (heure de Los Angeles, soit 21h55 en France m\u00e9tropolitaine), le rover de la sonde Mars 2020 de la NASA s&rsquo;est pos\u00e9 en douceur sur la surface martienne.<\/span><\/strong><\/p>\n<p style=\"text-align: center;\"><span style=\"font-family: 'times new roman', times, serif; font-size: 20px;\">Voici quelques clich\u00e9s pris \u00e0 cette occasion :<\/span><\/p>\n<p style=\"text-align: center;\"><span style=\"font-family: 'times new roman', times, serif; font-size: 20px;\"><a href=\"http:\/\/gap47.astrosurf.com\/wp-content\/uploads\/2021\/02\/1.jpg\"><img loading=\"lazy\" decoding=\"async\" class=\"aligncenter wp-image-10295 size-full\" src=\"http:\/\/gap47.astrosurf.com\/wp-content\/uploads\/2021\/02\/1.jpg\" alt=\"\" width=\"1764\" height=\"1112\" srcset=\"https:\/\/gap47.astrosurf.com\/wp-content\/uploads\/2021\/02\/1.jpg 1764w, https:\/\/gap47.astrosurf.com\/wp-content\/uploads\/2021\/02\/1-300x189.jpg 300w, https:\/\/gap47.astrosurf.com\/wp-content\/uploads\/2021\/02\/1-768x484.jpg 768w, https:\/\/gap47.astrosurf.com\/wp-content\/uploads\/2021\/02\/1-1536x968.jpg 1536w\" sizes=\"auto, (max-width: 767px) 89vw, (max-width: 1000px) 54vw, (max-width: 1071px) 543px, 580px\" \/><\/a><em>Premi\u00e8re photo, prise juste apr\u00e8s l&rsquo;atterrissage dans le crat\u00e8re \u00ab\u00a0Jezero\u00a0\u00bb<\/em><\/span><\/p>\n<p style=\"text-align: center;\"><span style=\"font-family: 'times new roman', times, serif; font-size: 20px;\"><a href=\"http:\/\/gap47.astrosurf.com\/wp-content\/uploads\/2021\/02\/2.jpg\"><img loading=\"lazy\" decoding=\"async\" class=\"aligncenter wp-image-10296 size-full\" src=\"http:\/\/gap47.astrosurf.com\/wp-content\/uploads\/2021\/02\/2.jpg\" alt=\"\" width=\"1946\" height=\"1310\" srcset=\"https:\/\/gap47.astrosurf.com\/wp-content\/uploads\/2021\/02\/2.jpg 1946w, https:\/\/gap47.astrosurf.com\/wp-content\/uploads\/2021\/02\/2-300x202.jpg 300w, https:\/\/gap47.astrosurf.com\/wp-content\/uploads\/2021\/02\/2-1783x1200.jpg 1783w, https:\/\/gap47.astrosurf.com\/wp-content\/uploads\/2021\/02\/2-768x517.jpg 768w, https:\/\/gap47.astrosurf.com\/wp-content\/uploads\/2021\/02\/2-1536x1034.jpg 1536w\" sizes=\"auto, (max-width: 767px) 89vw, (max-width: 1000px) 54vw, (max-width: 1071px) 543px, 580px\" \/><\/a><em>Photo prise par le module \u00e9quip\u00e9 de r\u00e9trofus\u00e9es qui descend le rover Perseverance en douceur gr\u00e2ce aux c\u00e2bles visibles sur la photo<\/em><\/span><\/p>\n<p style=\"text-align: center;\"><span style=\"font-family: 'times new roman', times, serif; font-size: 20px;\"><a href=\"http:\/\/gap47.astrosurf.com\/wp-content\/uploads\/2021\/02\/3.jpg\"><img loading=\"lazy\" decoding=\"async\" class=\"aligncenter wp-image-10297 size-full\" src=\"http:\/\/gap47.astrosurf.com\/wp-content\/uploads\/2021\/02\/3.jpg\" alt=\"\" width=\"1934\" height=\"1316\" srcset=\"https:\/\/gap47.astrosurf.com\/wp-content\/uploads\/2021\/02\/3.jpg 1934w, https:\/\/gap47.astrosurf.com\/wp-content\/uploads\/2021\/02\/3-300x204.jpg 300w, https:\/\/gap47.astrosurf.com\/wp-content\/uploads\/2021\/02\/3-1764x1200.jpg 1764w, https:\/\/gap47.astrosurf.com\/wp-content\/uploads\/2021\/02\/3-768x523.jpg 768w, https:\/\/gap47.astrosurf.com\/wp-content\/uploads\/2021\/02\/3-1536x1045.jpg 1536w\" sizes=\"auto, (max-width: 767px) 89vw, (max-width: 1000px) 54vw, (max-width: 1071px) 543px, 580px\" \/><\/a><em>Une fois au sol, Perseverance a pris un \u00ab\u00a0selfie\u00a0\u00bb de l&rsquo;une de ses six roues<\/em><\/span><\/p>\n<p style=\"text-align: center;\"><span style=\"font-family: 'times new roman', times, serif; font-size: 20px;\"><a href=\"http:\/\/gap47.astrosurf.com\/wp-content\/uploads\/2021\/02\/4.jpg\"><img loading=\"lazy\" decoding=\"async\" class=\"aligncenter wp-image-10298 size-full\" src=\"http:\/\/gap47.astrosurf.com\/wp-content\/uploads\/2021\/02\/4.jpg\" alt=\"\" width=\"1472\" height=\"958\" srcset=\"https:\/\/gap47.astrosurf.com\/wp-content\/uploads\/2021\/02\/4.jpg 1472w, https:\/\/gap47.astrosurf.com\/wp-content\/uploads\/2021\/02\/4-300x195.jpg 300w, https:\/\/gap47.astrosurf.com\/wp-content\/uploads\/2021\/02\/4-768x500.jpg 768w\" sizes=\"auto, (max-width: 767px) 89vw, (max-width: 1000px) 54vw, (max-width: 1071px) 543px, 580px\" \/><\/a><em>La cam\u00e9ra HiRISE de la sonde am\u00e9ricaine Mars Reconnaissance Orbiter (MRO) qui (comme son nom l&rsquo;indique) est en orbite autour de Mars depuis novembre 2006 a pris des photos de la descente en parachute de Perseverance vers le crat\u00e8re Jezero, cible pr\u00e9vue de l&rsquo;atterrissage<\/em><\/span><\/p>\n<p style=\"text-align: center;\"><span style=\"font-family: 'times new roman', times, serif; font-size: 20px;\"><a href=\"http:\/\/gap47.astrosurf.com\/wp-content\/uploads\/2021\/02\/5.jpg\"><img loading=\"lazy\" decoding=\"async\" class=\"aligncenter wp-image-10299 size-full\" src=\"http:\/\/gap47.astrosurf.com\/wp-content\/uploads\/2021\/02\/5.jpg\" alt=\"\" width=\"2306\" height=\"1306\" srcset=\"https:\/\/gap47.astrosurf.com\/wp-content\/uploads\/2021\/02\/5.jpg 2306w, https:\/\/gap47.astrosurf.com\/wp-content\/uploads\/2021\/02\/5-300x170.jpg 300w, https:\/\/gap47.astrosurf.com\/wp-content\/uploads\/2021\/02\/5-2000x1133.jpg 2000w, https:\/\/gap47.astrosurf.com\/wp-content\/uploads\/2021\/02\/5-768x435.jpg 768w, https:\/\/gap47.astrosurf.com\/wp-content\/uploads\/2021\/02\/5-1536x870.jpg 1536w, https:\/\/gap47.astrosurf.com\/wp-content\/uploads\/2021\/02\/5-2048x1160.jpg 2048w\" sizes=\"auto, (max-width: 767px) 89vw, (max-width: 1000px) 54vw, (max-width: 1071px) 543px, 580px\" \/><\/a><em>Ici, sur cette autre photo de MRO, on voit le paysage environnant autour du site d&rsquo;atterrissage, l&rsquo;endroit exact est marqu\u00e9 par le petit cercle situ\u00e9 vers le milieu de la photo. \u00c0 ce moment l\u00e0, Perseverance se situe au-dessus car il ne s&rsquo;est pas encore pos\u00e9 !&nbsp;<\/em><\/span><\/p>\n<p style=\"text-align: center;\"><span style=\"font-family: arial, helvetica, sans-serif; font-size: 24px;\">Et, en prime, une magnifique vid\u00e9o de la NASA montrant l&rsquo;atterrissage, comme si vous y \u00e9tiez !!<\/span><\/p>\n<p><div class=\"ose-youtube ose-uid-e7ecc3b21123d39852e5161ea57dd48a ose-embedpress-responsive\" style=\"width:600px; height:550px; max-height:550px; max-width:100%; display:inline-block;\" data-embed-type=\"Youtube\"><iframe loading=\"lazy\" allowFullScreen=\"true\" title=\"Perseverance Rover\u2019s Descent and Touchdown on Mars (Official NASA Video)\" width=\"600\" height=\"550\" src=\"https:\/\/www.youtube.com\/embed\/4czjS9h4Fpg?feature=oembed&color=red&rel=0&controls=1&start=&end=&fs=0&iv_load_policy=0&autoplay=0&mute=0&modestbranding=0&cc_load_policy=1&playsinline=1\" frameborder=\"0\" allow=\"accelerometer; encrypted-media;accelerometer;autoplay;clipboard-write;gyroscope;picture-in-picture clipboard-write; encrypted-media; gyroscope; picture-in-picture; web-share\" referrerpolicy=\"strict-origin-when-cross-origin\" allowfullscreen><\/iframe><\/div><\/p>\n<hr>\n<p>&nbsp;<\/p>\n","protected":false},"excerpt":{"rendered":"<p>Le 18 f\u00e9vrier 2021 \u00e0 12h55 (heure de Los Angeles, soit 21h55 en France m\u00e9tropolitaine), le rover de la sonde Mars 2020 de la NASA s&rsquo;est pos\u00e9 en douceur sur la surface martienne. Voici quelques clich\u00e9s pris \u00e0 cette occasion : Premi\u00e8re photo, prise juste apr\u00e8s l&rsquo;atterrissage dans le crat\u00e8re \u00ab\u00a0Jezero\u00a0\u00bb Photo prise par le &hellip; <\/p>\n<p class=\"link-more\"><a href=\"https:\/\/gap47.astrosurf.com\/index.php\/perseverance\/\" class=\"more-link\">Continuer la lecture<span class=\"screen-reader-text\"> de &laquo;&nbsp;Perseverance&nbsp;&raquo;<\/span><\/a><\/p>\n","protected":false},"author":5,"featured_media":0,"parent":0,"menu_order":0,"comment_status":"closed","ping_status":"closed","template":"","meta":{"_exactmetrics_skip_tracking":false,"_exactmetrics_sitenote_active":false,"_exactmetrics_sitenote_note":"","_exactmetrics_sitenote_category":0,"ngg_post_thumbnail":0,"footnotes":""},"class_list":["post-10292","page","type-page","status-publish","hentry"],"yoast_head":"<!-- This site is optimized with the Yoast SEO plugin v24.8.1 - https:\/\/yoast.com\/wordpress\/plugins\/seo\/ -->\n<title>Perseverance - L&#039;observatoire est ouvert aux visiteurs tous les vendredis soirs \u00e0 21 heures, jusqu&#039;au 3 juillet 2026 inclus, sans r\u00e9servation.<\/title>\n<meta name=\"robots\" content=\"index, follow, max-snippet:-1, max-image-preview:large, max-video-preview:-1\" \/>\n<link rel=\"canonical\" href=\"https:\/\/gap47.astrosurf.com\/index.php\/perseverance\/\" \/>\n<meta property=\"og:locale\" content=\"fr_FR\" \/>\n<meta property=\"og:type\" content=\"article\" \/>\n<meta property=\"og:title\" content=\"Perseverance - L&#039;observatoire est ouvert aux visiteurs tous les vendredis soirs \u00e0 21 heures, jusqu&#039;au 3 juillet 2026 inclus, sans r\u00e9servation.\" \/>\n<meta property=\"og:description\" content=\"Le 18 f\u00e9vrier 2021 \u00e0 12h55 (heure de Los Angeles, soit 21h55 en France m\u00e9tropolitaine), le rover de la sonde Mars 2020 de la NASA s&rsquo;est pos\u00e9 en douceur sur la surface martienne. Voici quelques clich\u00e9s pris \u00e0 cette occasion : Premi\u00e8re photo, prise juste apr\u00e8s l&rsquo;atterrissage dans le crat\u00e8re \u00ab\u00a0Jezero\u00a0\u00bb Photo prise par le &hellip; Continuer la lecture de &laquo;&nbsp;Perseverance&nbsp;&raquo;\" \/>\n<meta property=\"og:url\" content=\"https:\/\/gap47.astrosurf.com\/index.php\/perseverance\/\" \/>\n<meta property=\"og:site_name\" content=\"L&#039;observatoire est ouvert aux visiteurs tous les vendredis soirs \u00e0 21 heures, jusqu&#039;au 3 juillet 2026 inclus, sans r\u00e9servation.\" \/>\n<meta property=\"article:publisher\" content=\"https:\/\/www.facebook.com\/astrogap47\/\" \/>\n<meta property=\"article:modified_time\" content=\"2021-02-23T17:54:07+00:00\" \/>\n<meta property=\"og:image\" content=\"http:\/\/gap47.astrosurf.com\/wp-content\/uploads\/2021\/02\/1.jpg\" \/>\n<meta name=\"twitter:card\" content=\"summary_large_image\" \/>\n<meta name=\"twitter:label1\" content=\"Dur\u00e9e de lecture estim\u00e9e\" \/>\n\t<meta name=\"twitter:data1\" content=\"2 minutes\" \/>\n<script type=\"application\/ld+json\" class=\"yoast-schema-graph\">{\"@context\":\"https:\/\/schema.org\",\"@graph\":[{\"@type\":\"WebPage\",\"@id\":\"https:\/\/gap47.astrosurf.com\/index.php\/perseverance\/\",\"url\":\"https:\/\/gap47.astrosurf.com\/index.php\/perseverance\/\",\"name\":\"Perseverance - L&#039;observatoire est ouvert aux visiteurs tous les vendredis soirs \u00e0 21 heures, jusqu&#039;au 3 juillet 2026 inclus, sans r\u00e9servation.\",\"isPartOf\":{\"@id\":\"https:\/\/gap47.astrosurf.com\/#website\"},\"primaryImageOfPage\":{\"@id\":\"https:\/\/gap47.astrosurf.com\/index.php\/perseverance\/#primaryimage\"},\"image\":{\"@id\":\"https:\/\/gap47.astrosurf.com\/index.php\/perseverance\/#primaryimage\"},\"thumbnailUrl\":\"http:\/\/gap47.astrosurf.com\/wp-content\/uploads\/2021\/02\/1.jpg\",\"datePublished\":\"2021-02-21T17:52:23+00:00\",\"dateModified\":\"2021-02-23T17:54:07+00:00\",\"breadcrumb\":{\"@id\":\"https:\/\/gap47.astrosurf.com\/index.php\/perseverance\/#breadcrumb\"},\"inLanguage\":\"fr-FR\",\"potentialAction\":[{\"@type\":\"ReadAction\",\"target\":[\"https:\/\/gap47.astrosurf.com\/index.php\/perseverance\/\"]}]},{\"@type\":\"ImageObject\",\"inLanguage\":\"fr-FR\",\"@id\":\"https:\/\/gap47.astrosurf.com\/index.php\/perseverance\/#primaryimage\",\"url\":\"https:\/\/gap47.astrosurf.com\/wp-content\/uploads\/2021\/02\/1.jpg\",\"contentUrl\":\"https:\/\/gap47.astrosurf.com\/wp-content\/uploads\/2021\/02\/1.jpg\",\"width\":1764,\"height\":1112},{\"@type\":\"BreadcrumbList\",\"@id\":\"https:\/\/gap47.astrosurf.com\/index.php\/perseverance\/#breadcrumb\",\"itemListElement\":[{\"@type\":\"ListItem\",\"position\":1,\"name\":\"Accueil\",\"item\":\"https:\/\/gap47.astrosurf.com\/\"},{\"@type\":\"ListItem\",\"position\":2,\"name\":\"Perseverance\"}]},{\"@type\":\"WebSite\",\"@id\":\"https:\/\/gap47.astrosurf.com\/#website\",\"url\":\"https:\/\/gap47.astrosurf.com\/\",\"name\":\"De janvier \u00e0 fin juin 2024, le GAP47 sera ouvert aux visiteurs tous les vendredis \u00e0 21h sans r\u00e9servation, \u00e0 l'exception du vendredi 26 janvier o\u00f9 l'observatoire sera ferm\u00e9 au public.\",\"description\":\"Groupe d&#039;Astronomie Populaire du Lot-et-Garonne, \u00e0 Montayral\",\"potentialAction\":[{\"@type\":\"SearchAction\",\"target\":{\"@type\":\"EntryPoint\",\"urlTemplate\":\"https:\/\/gap47.astrosurf.com\/?s={search_term_string}\"},\"query-input\":{\"@type\":\"PropertyValueSpecification\",\"valueRequired\":true,\"valueName\":\"search_term_string\"}}],\"inLanguage\":\"fr-FR\"}]}<\/script>\n<!-- \/ Yoast SEO plugin. -->","yoast_head_json":{"title":"Perseverance - L&#039;observatoire est ouvert aux visiteurs tous les vendredis soirs \u00e0 21 heures, jusqu&#039;au 3 juillet 2026 inclus, sans r\u00e9servation.","robots":{"index":"index","follow":"follow","max-snippet":"max-snippet:-1","max-image-preview":"max-image-preview:large","max-video-preview":"max-video-preview:-1"},"canonical":"https:\/\/gap47.astrosurf.com\/index.php\/perseverance\/","og_locale":"fr_FR","og_type":"article","og_title":"Perseverance - L&#039;observatoire est ouvert aux visiteurs tous les vendredis soirs \u00e0 21 heures, jusqu&#039;au 3 juillet 2026 inclus, sans r\u00e9servation.","og_description":"Le 18 f\u00e9vrier 2021 \u00e0 12h55 (heure de Los Angeles, soit 21h55 en France m\u00e9tropolitaine), le rover de la sonde Mars 2020 de la NASA s&rsquo;est pos\u00e9 en douceur sur la surface martienne. Voici quelques clich\u00e9s pris \u00e0 cette occasion : Premi\u00e8re photo, prise juste apr\u00e8s l&rsquo;atterrissage dans le crat\u00e8re \u00ab\u00a0Jezero\u00a0\u00bb Photo prise par le &hellip; Continuer la lecture de &laquo;&nbsp;Perseverance&nbsp;&raquo;","og_url":"https:\/\/gap47.astrosurf.com\/index.php\/perseverance\/","og_site_name":"L&#039;observatoire est ouvert aux visiteurs tous les vendredis soirs \u00e0 21 heures, jusqu&#039;au 3 juillet 2026 inclus, sans r\u00e9servation.","article_publisher":"https:\/\/www.facebook.com\/astrogap47\/","article_modified_time":"2021-02-23T17:54:07+00:00","og_image":[{"url":"http:\/\/gap47.astrosurf.com\/wp-content\/uploads\/2021\/02\/1.jpg","type":"","width":"","height":""}],"twitter_card":"summary_large_image","twitter_misc":{"Dur\u00e9e de lecture estim\u00e9e":"2 minutes"},"schema":{"@context":"https:\/\/schema.org","@graph":[{"@type":"WebPage","@id":"https:\/\/gap47.astrosurf.com\/index.php\/perseverance\/","url":"https:\/\/gap47.astrosurf.com\/index.php\/perseverance\/","name":"Perseverance - L&#039;observatoire est ouvert aux visiteurs tous les vendredis soirs \u00e0 21 heures, jusqu&#039;au 3 juillet 2026 inclus, sans r\u00e9servation.","isPartOf":{"@id":"https:\/\/gap47.astrosurf.com\/#website"},"primaryImageOfPage":{"@id":"https:\/\/gap47.astrosurf.com\/index.php\/perseverance\/#primaryimage"},"image":{"@id":"https:\/\/gap47.astrosurf.com\/index.php\/perseverance\/#primaryimage"},"thumbnailUrl":"http:\/\/gap47.astrosurf.com\/wp-content\/uploads\/2021\/02\/1.jpg","datePublished":"2021-02-21T17:52:23+00:00","dateModified":"2021-02-23T17:54:07+00:00","breadcrumb":{"@id":"https:\/\/gap47.astrosurf.com\/index.php\/perseverance\/#breadcrumb"},"inLanguage":"fr-FR","potentialAction":[{"@type":"ReadAction","target":["https:\/\/gap47.astrosurf.com\/index.php\/perseverance\/"]}]},{"@type":"ImageObject","inLanguage":"fr-FR","@id":"https:\/\/gap47.astrosurf.com\/index.php\/perseverance\/#primaryimage","url":"https:\/\/gap47.astrosurf.com\/wp-content\/uploads\/2021\/02\/1.jpg","contentUrl":"https:\/\/gap47.astrosurf.com\/wp-content\/uploads\/2021\/02\/1.jpg","width":1764,"height":1112},{"@type":"BreadcrumbList","@id":"https:\/\/gap47.astrosurf.com\/index.php\/perseverance\/#breadcrumb","itemListElement":[{"@type":"ListItem","position":1,"name":"Accueil","item":"https:\/\/gap47.astrosurf.com\/"},{"@type":"ListItem","position":2,"name":"Perseverance"}]},{"@type":"WebSite","@id":"https:\/\/gap47.astrosurf.com\/#website","url":"https:\/\/gap47.astrosurf.com\/","name":"De janvier \u00e0 fin juin 2024, le GAP47 sera ouvert aux visiteurs tous les vendredis \u00e0 21h sans r\u00e9servation, \u00e0 l'exception du vendredi 26 janvier o\u00f9 l'observatoire sera ferm\u00e9 au public.","description":"Groupe d&#039;Astronomie Populaire du Lot-et-Garonne, \u00e0 Montayral","potentialAction":[{"@type":"SearchAction","target":{"@type":"EntryPoint","urlTemplate":"https:\/\/gap47.astrosurf.com\/?s={search_term_string}"},"query-input":{"@type":"PropertyValueSpecification","valueRequired":true,"valueName":"search_term_string"}}],"inLanguage":"fr-FR"}]}},"_links":{"self":[{"href":"https:\/\/gap47.astrosurf.com\/index.php\/wp-json\/wp\/v2\/pages\/10292","targetHints":{"allow":["GET"]}}],"collection":[{"href":"https:\/\/gap47.astrosurf.com\/index.php\/wp-json\/wp\/v2\/pages"}],"about":[{"href":"https:\/\/gap47.astrosurf.com\/index.php\/wp-json\/wp\/v2\/types\/page"}],"author":[{"embeddable":true,"href":"https:\/\/gap47.astrosurf.com\/index.php\/wp-json\/wp\/v2\/users\/5"}],"replies":[{"embeddable":true,"href":"https:\/\/gap47.astrosurf.com\/index.php\/wp-json\/wp\/v2\/comments?post=10292"}],"version-history":[{"count":5,"href":"https:\/\/gap47.astrosurf.com\/index.php\/wp-json\/wp\/v2\/pages\/10292\/revisions"}],"predecessor-version":[{"id":10294,"href":"https:\/\/gap47.astrosurf.com\/index.php\/wp-json\/wp\/v2\/pages\/10292\/revisions\/10294"}],"wp:attachment":[{"href":"https:\/\/gap47.astrosurf.com\/index.php\/wp-json\/wp\/v2\/media?parent=10292"}],"curies":[{"name":"wp","href":"https:\/\/api.w.org\/{rel}","templated":true}]}}