 {"id":10252,"date":"2021-02-06T18:53:11","date_gmt":"2021-02-06T16:53:11","guid":{"rendered":"http:\/\/gap47.astrosurf.com\/?page_id=10252"},"modified":"2021-02-09T04:29:00","modified_gmt":"2021-02-09T02:29:00","slug":"lever-de-terre-sur-la-lune-par-apollo-8","status":"publish","type":"page","link":"https:\/\/gap47.astrosurf.com\/index.php\/lever-de-terre-sur-la-lune-par-apollo-8\/","title":{"rendered":"Lever de Terre sur la Lune par Apollo 8"},"content":{"rendered":"<p style=\"text-align: center;\"><span style=\"font-size: 24px; color: #808080;\"><strong><span style=\"font-family: arial, helvetica, sans-serif;\">Le magnifique et fascinant \u00ab\u00a0lever de Terre\u00a0\u00bb, ou la Terre vue en mouvement depuis l&rsquo;orbite lunaire par Apollo 8<\/span><\/strong><\/span><\/p>\n<p><span style=\"font-family: 'times new roman', times, serif; font-size: 20px;\">\u00c0 bord du vaisseau Apollo 8, William Anders a r\u00e9alis\u00e9 le 24 d\u00e9cembre 1968, 2 photos de la Terre flottant au-dessus de la surface de la Lune. La premi\u00e8re en noir et blanc et la seconde en couleurs.<\/span><\/p>\n<p><span style=\"font-family: 'times new roman', times, serif; font-size: 20px;\">Cette fameuse photographie couleur connue sous le nom de \u00ab lever de Terre \u00bb (de m\u00eame que l\u2019image en N&amp;B prise une minute plus t\u00f4t), documente ce moment o\u00f9 la Terre a \u00e9t\u00e9 vue pour la premi\u00e8re fois par des yeux humains depuis l\u2019arri\u00e8re de la Lune, les premiers humains \u00e0 quitter l\u2019orbite terrestre.<\/span><\/p>\n<p><a href=\"http:\/\/gap47.astrosurf.com\/wp-content\/uploads\/2021\/02\/earthrise.1400.jpg\"><img loading=\"lazy\" decoding=\"async\" class=\"aligncenter size-full wp-image-10266\" src=\"http:\/\/gap47.astrosurf.com\/wp-content\/uploads\/2021\/02\/earthrise.1400.jpg\" alt=\"\" width=\"1920\" height=\"1080\" srcset=\"https:\/\/gap47.astrosurf.com\/wp-content\/uploads\/2021\/02\/earthrise.1400.jpg 1920w, https:\/\/gap47.astrosurf.com\/wp-content\/uploads\/2021\/02\/earthrise.1400-300x169.jpg 300w, https:\/\/gap47.astrosurf.com\/wp-content\/uploads\/2021\/02\/earthrise.1400-768x432.jpg 768w, https:\/\/gap47.astrosurf.com\/wp-content\/uploads\/2021\/02\/earthrise.1400-1536x864.jpg 1536w\" sizes=\"auto, (max-width: 767px) 89vw, (max-width: 1000px) 54vw, (max-width: 1071px) 543px, 580px\" \/><\/a><\/p>\n<p><span style=\"font-family: 'times new roman', times, serif; font-size: 20px;\">La vue d\u2019une petite Terre, intens\u00e9ment bleue se levant au-dessus de l\u2019horizon gris et st\u00e9rile de la Lune a \u00e9t\u00e9 l\u2019une des choses que la NASA et l\u2019\u00e9quipage d\u2019Apollo 8 n\u2019avaient pas pr\u00e9vu ni r\u00e9p\u00e9t\u00e9 auparavant. Comme l\u2019a not\u00e9 l\u2019historien Robert Poole, ce manque de pr\u00e9paration signifiait que la vue de la Terre venait avec la force d\u2019une r\u00e9v\u00e9lation, pas seulement pour les astronautes mais pour tout le monde sur la Terre. Nous avons fait tout ce chemin pour voir la Lune, dit l\u2019astronaute Bill Anders d\u2019Apollo 8, et la chose la plus importante que nous avons d\u00e9couverte est la Terre.<\/span><\/p>\n<p><span style=\"font-family: 'times new roman', times, serif; font-size: 20px;\">La NASA a d\u00e9cid\u00e9 de recr\u00e9er, \u00e0 partir de ce qui n&rsquo;\u00e9tait qu&rsquo;une photo, une reconstitution num\u00e9rique sous la forme d&rsquo;une s\u00e9rie de 3.750 photos de l&rsquo;\u00e9v\u00e8nement. Mais la NASA n&rsquo;a pas \u00ab\u00a0fabriqu\u00e9\u00a0\u00bb quelque chose qui n&rsquo;existait pas, elle a recr\u00e9\u00e9, avec une pr\u00e9cision extraordinaire ce que les astronautes avaient r\u00e9ellement vu ce jour-l\u00e0.&nbsp; <\/span><\/p>\n<p><span style=\"font-family: 'times new roman', times, serif; font-size: 20px;\">Comment ont-ils fait ?<\/span><\/p>\n<p><span style=\"font-family: 'times new roman', times, serif; font-size: 20px;\">En utilisant les derni\u00e8res altitudes de la sonde actuelle Lunar Reconnaissance Orbiter, cette visualisation tente de recr\u00e9er ce qu\u2019ont vu les astronautes. La cam\u00e9ra virtuelle du logiciel de rendu est mise dans la position d\u2019Apollo 8 au moment des photographies, alors que le vaisseau spatial finissait son quatri\u00e8me passage derri\u00e8re la Lune. Cette reconstitution se d\u00e9roule sur un intervalle de deux minutes, centr\u00e9 sur 16h39 GMT (10h39 \u00e0 Houston) le 24 d\u00e9cembre 1968. Cela s\u2019est pass\u00e9 environ au moment o\u00f9 le contact radio est r\u00e9tabli apr\u00e8s avoir \u00e9t\u00e9 interrompu du c\u00f4t\u00e9 de la face cach\u00e9e de la Lune.<\/span><\/p>\n<p><span style=\"font-family: 'times new roman', times, serif; font-size: 20px;\">Les positions et les mouvements du vaisseau Apollo 8 sont bas\u00e9s sur un vecteur d\u2019\u00e9tat, un ensemble de positions (x, y, z) et des valeurs de vitesse (vx, vy, vz), publi\u00e9es dans le rapport de mission d\u2019Apollo 8 de la NASA. L\u2019animation traduit ces valeurs, en partant des coordonn\u00e9es inertielles centr\u00e9es sur la Lune de <strong><a href=\"http:\/\/gap47.astrosurf.com\/index.php\/ressources\/glossaire-astronomique\/#g37\" target=\"_blank\" rel=\"noopener\">l\u2019ann\u00e9e <em>besselienne<\/em><\/a><\/strong> 1969.0, retranscrite dans un syst\u00e8me moderne de coordonn\u00e9es, pour calculer une orbite. Le vaisseau spatial \u00e9tait 110 km au-dessus de la surface de la Lune \u00e0 11,2\u00b0 sud et 113,8\u00b0 est quand la photo a \u00e9t\u00e9 prise.&nbsp;<\/span><\/p>\n<p><span style=\"font-family: 'times new roman', times, serif; font-size: 20px;\">La visualisation repose sur de nombreuses donn\u00e9es historiques, dont l\u2019aspect de la couverture nuageuse sur la Terre \u00e0 ce moment-l\u00e0, gr\u00e2ce au satellite ESSA-7 et des douzaines de photos prises par Apollo 8, ce qui r\u00e9v\u00e8le des nouvelles informations significatives \u00e0 propos de ces photos de lever de Terre. Il n\u2019est pas tr\u00e8s largement connu, par exemple, que le vaisseau \u00ab roulait \u00bb quand les photos ont \u00e9t\u00e9 prises, et que c\u2019est ce \u00ab tangage \u00bb qui a amen\u00e9 la Terre en vue du vaisseau. La visualisation \u00e9tablit le moment pr\u00e9cis de ce roulement et identifie pour la premi\u00e8re fois depuis quel hublot chaque photo a \u00e9t\u00e9 prise.<\/span><\/p>\n<p><span style=\"font-family: 'times new roman', times, serif; font-size: 20px;\">La cl\u00e9 de ce nouveau travail est un jeu de photos st\u00e9r\u00e9o prises \u00e0 la verticale par la cam\u00e9ra du module de commande d\u2019Apollo 8 par le hublot de rendez-vous, pointant directement sur la surface lunaire. Cette cam\u00e9ra a automatiquement photographi\u00e9 la surface toutes les 20 secondes. En reliant chaque photo \u00e0 un mod\u00e8le du sol, bas\u00e9 sur les donn\u00e9es de LRO (Lunar Reconnaissance Orbiter), l\u2019orientation et la position du vaisseau ont pu \u00eatre d\u00e9termin\u00e9es avec pr\u00e9cision.<\/span><\/p>\n<p><span style=\"font-family: 'times new roman', times, serif; font-size: 20px;\">Le premier atterrissage sur notre satellite sera r\u00e9alis\u00e9 7 mois plus tard par la mission Apollo 11, le 20 juillet 1969 \u00e0 20h17 heure am\u00e9ricaine (le 21 juillet \u00e0 04h17 en France m\u00e9tropolitaine).<\/span><\/p>\n<p><span style=\"font-family: 'times new roman', times, serif; font-size: 20px;\">De ces magnifiques 3.750 photos de la NASA, nous en avons extrait une soixantaine, pour r\u00e9aliser, non pas une vid\u00e9o mais un \u00ab\u00a0timelapse\u00a0\u00bb (succession d&rsquo;images fixes) qui dure 9 secondes. Ce fichier montre bien la progression d&rsquo;Apollo 8 au-dessus de la surface lunaire.<\/span><\/p>\n<p><span style=\"font-family: 'times new roman', times, serif; font-size: 20px;\">On y voit un \u00ab\u00a0Lever de Terre\u00a0\u00bb depuis la surface lunaire. Au fur et \u00e0 mesure qu&rsquo;Apollo 8 avance dans son orbite, la Terre \u00e9merge de l&rsquo;horizon de la Lune et se l\u00e8ve. Il se passe exactement la m\u00eame chose quand, \u00e9tant sur Terre, on regarde la Lune se lever \u00e0 l&rsquo;horizon et monter dans le ciel. Sauf que dans ce cas, ce n&rsquo;est pas nous qui bougeons mais la Terre qui tourne sur elle-m\u00eame.<\/span><\/p>\n<div style=\"width: 525px;\" class=\"wp-video\"><video class=\"wp-video-shortcode\" id=\"video-10252-1\" width=\"525\" height=\"295\" preload=\"metadata\" controls=\"controls\"><source type=\"video\/mp4\" src=\"http:\/\/gap47.astrosurf.com\/wp-content\/uploads\/2021\/02\/Apollo-8.mp4?_=1\" \/><a href=\"http:\/\/gap47.astrosurf.com\/wp-content\/uploads\/2021\/02\/Apollo-8.mp4\">http:\/\/gap47.astrosurf.com\/wp-content\/uploads\/2021\/02\/Apollo-8.mp4<\/a><\/video><\/div>\n<p><span style=\"font-family: 'times new roman', times, serif; font-size: 20px;\">L&rsquo;id\u00e9e de faire une vraie vid\u00e9o \u00e0 partir des 3.750 images de la NASA (au format Tiff) nous a un instant effleur\u00e9s. Mais le fichier ci-dessus fait d\u00e9j\u00e0 5,7 Mo pour 60 images. Un fichier vid\u00e9o de 3.750 images p\u00e8serait 356 Mo&#8230; inutile donc d&rsquo;y penser !<\/span><\/p>\n<hr>\n<p>&nbsp;<\/p>\n","protected":false},"excerpt":{"rendered":"<p>Le magnifique et fascinant \u00ab\u00a0lever de Terre\u00a0\u00bb, ou la Terre vue en mouvement depuis l&rsquo;orbite lunaire par Apollo 8 \u00c0 bord du vaisseau Apollo 8, William Anders a r\u00e9alis\u00e9 le 24 d\u00e9cembre 1968, 2 photos de la Terre flottant au-dessus de la surface de la Lune. La premi\u00e8re en noir et blanc et la seconde &hellip; <\/p>\n<p class=\"link-more\"><a href=\"https:\/\/gap47.astrosurf.com\/index.php\/lever-de-terre-sur-la-lune-par-apollo-8\/\" class=\"more-link\">Continuer la lecture<span class=\"screen-reader-text\"> de &laquo;&nbsp;Lever de Terre sur la Lune par Apollo 8&nbsp;&raquo;<\/span><\/a><\/p>\n","protected":false},"author":5,"featured_media":0,"parent":0,"menu_order":0,"comment_status":"closed","ping_status":"closed","template":"","meta":{"_exactmetrics_skip_tracking":false,"_exactmetrics_sitenote_active":false,"_exactmetrics_sitenote_note":"","_exactmetrics_sitenote_category":0,"ngg_post_thumbnail":0,"footnotes":""},"class_list":["post-10252","page","type-page","status-publish","hentry"],"yoast_head":"<!-- This site is optimized with the Yoast SEO plugin v24.8.1 - https:\/\/yoast.com\/wordpress\/plugins\/seo\/ -->\n<title>Lever de Terre sur la Lune par Apollo 8 - L&#039;observatoire est ouvert aux visiteurs tous les vendredis soirs \u00e0 21 heures, jusqu&#039;au 3 juillet 2026 inclus, sans r\u00e9servation.<\/title>\n<meta name=\"robots\" content=\"index, follow, max-snippet:-1, max-image-preview:large, max-video-preview:-1\" \/>\n<link rel=\"canonical\" href=\"https:\/\/gap47.astrosurf.com\/index.php\/lever-de-terre-sur-la-lune-par-apollo-8\/\" \/>\n<meta property=\"og:locale\" content=\"fr_FR\" \/>\n<meta property=\"og:type\" content=\"article\" \/>\n<meta property=\"og:title\" content=\"Lever de Terre sur la Lune par Apollo 8 - L&#039;observatoire est ouvert aux visiteurs tous les vendredis soirs \u00e0 21 heures, jusqu&#039;au 3 juillet 2026 inclus, sans r\u00e9servation.\" \/>\n<meta property=\"og:description\" content=\"Le magnifique et fascinant \u00ab\u00a0lever de Terre\u00a0\u00bb, ou la Terre vue en mouvement depuis l&rsquo;orbite lunaire par Apollo 8 \u00c0 bord du vaisseau Apollo 8, William Anders a r\u00e9alis\u00e9 le 24 d\u00e9cembre 1968, 2 photos de la Terre flottant au-dessus de la surface de la Lune. La premi\u00e8re en noir et blanc et la seconde &hellip; Continuer la lecture de &laquo;&nbsp;Lever de Terre sur la Lune par Apollo 8&nbsp;&raquo;\" \/>\n<meta property=\"og:url\" content=\"https:\/\/gap47.astrosurf.com\/index.php\/lever-de-terre-sur-la-lune-par-apollo-8\/\" \/>\n<meta property=\"og:site_name\" content=\"L&#039;observatoire est ouvert aux visiteurs tous les vendredis soirs \u00e0 21 heures, jusqu&#039;au 3 juillet 2026 inclus, sans r\u00e9servation.\" \/>\n<meta property=\"article:publisher\" content=\"https:\/\/www.facebook.com\/astrogap47\/\" \/>\n<meta property=\"article:modified_time\" content=\"2021-02-09T02:29:00+00:00\" \/>\n<meta property=\"og:image\" content=\"http:\/\/gap47.astrosurf.com\/wp-content\/uploads\/2021\/02\/earthrise.1400.jpg\" \/>\n<meta name=\"twitter:card\" content=\"summary_large_image\" \/>\n<meta name=\"twitter:label1\" content=\"Dur\u00e9e de lecture estim\u00e9e\" \/>\n\t<meta name=\"twitter:data1\" content=\"4 minutes\" \/>\n<script type=\"application\/ld+json\" class=\"yoast-schema-graph\">{\"@context\":\"https:\/\/schema.org\",\"@graph\":[{\"@type\":\"WebPage\",\"@id\":\"https:\/\/gap47.astrosurf.com\/index.php\/lever-de-terre-sur-la-lune-par-apollo-8\/\",\"url\":\"https:\/\/gap47.astrosurf.com\/index.php\/lever-de-terre-sur-la-lune-par-apollo-8\/\",\"name\":\"Lever de Terre sur la Lune par Apollo 8 - L&#039;observatoire est ouvert aux visiteurs tous les vendredis soirs \u00e0 21 heures, jusqu&#039;au 3 juillet 2026 inclus, sans r\u00e9servation.\",\"isPartOf\":{\"@id\":\"https:\/\/gap47.astrosurf.com\/#website\"},\"primaryImageOfPage\":{\"@id\":\"https:\/\/gap47.astrosurf.com\/index.php\/lever-de-terre-sur-la-lune-par-apollo-8\/#primaryimage\"},\"image\":{\"@id\":\"https:\/\/gap47.astrosurf.com\/index.php\/lever-de-terre-sur-la-lune-par-apollo-8\/#primaryimage\"},\"thumbnailUrl\":\"http:\/\/gap47.astrosurf.com\/wp-content\/uploads\/2021\/02\/earthrise.1400.jpg\",\"datePublished\":\"2021-02-06T16:53:11+00:00\",\"dateModified\":\"2021-02-09T02:29:00+00:00\",\"breadcrumb\":{\"@id\":\"https:\/\/gap47.astrosurf.com\/index.php\/lever-de-terre-sur-la-lune-par-apollo-8\/#breadcrumb\"},\"inLanguage\":\"fr-FR\",\"potentialAction\":[{\"@type\":\"ReadAction\",\"target\":[\"https:\/\/gap47.astrosurf.com\/index.php\/lever-de-terre-sur-la-lune-par-apollo-8\/\"]}]},{\"@type\":\"ImageObject\",\"inLanguage\":\"fr-FR\",\"@id\":\"https:\/\/gap47.astrosurf.com\/index.php\/lever-de-terre-sur-la-lune-par-apollo-8\/#primaryimage\",\"url\":\"https:\/\/gap47.astrosurf.com\/wp-content\/uploads\/2021\/02\/earthrise.1400.jpg\",\"contentUrl\":\"https:\/\/gap47.astrosurf.com\/wp-content\/uploads\/2021\/02\/earthrise.1400.jpg\",\"width\":1920,\"height\":1080},{\"@type\":\"BreadcrumbList\",\"@id\":\"https:\/\/gap47.astrosurf.com\/index.php\/lever-de-terre-sur-la-lune-par-apollo-8\/#breadcrumb\",\"itemListElement\":[{\"@type\":\"ListItem\",\"position\":1,\"name\":\"Accueil\",\"item\":\"https:\/\/gap47.astrosurf.com\/\"},{\"@type\":\"ListItem\",\"position\":2,\"name\":\"Lever de Terre sur la Lune par Apollo 8\"}]},{\"@type\":\"WebSite\",\"@id\":\"https:\/\/gap47.astrosurf.com\/#website\",\"url\":\"https:\/\/gap47.astrosurf.com\/\",\"name\":\"De janvier \u00e0 fin juin 2024, le GAP47 sera ouvert aux visiteurs tous les vendredis \u00e0 21h sans r\u00e9servation, \u00e0 l'exception du vendredi 26 janvier o\u00f9 l'observatoire sera ferm\u00e9 au public.\",\"description\":\"Groupe d&#039;Astronomie Populaire du Lot-et-Garonne, \u00e0 Montayral\",\"potentialAction\":[{\"@type\":\"SearchAction\",\"target\":{\"@type\":\"EntryPoint\",\"urlTemplate\":\"https:\/\/gap47.astrosurf.com\/?s={search_term_string}\"},\"query-input\":{\"@type\":\"PropertyValueSpecification\",\"valueRequired\":true,\"valueName\":\"search_term_string\"}}],\"inLanguage\":\"fr-FR\"}]}<\/script>\n<!-- \/ Yoast SEO plugin. -->","yoast_head_json":{"title":"Lever de Terre sur la Lune par Apollo 8 - L&#039;observatoire est ouvert aux visiteurs tous les vendredis soirs \u00e0 21 heures, jusqu&#039;au 3 juillet 2026 inclus, sans r\u00e9servation.","robots":{"index":"index","follow":"follow","max-snippet":"max-snippet:-1","max-image-preview":"max-image-preview:large","max-video-preview":"max-video-preview:-1"},"canonical":"https:\/\/gap47.astrosurf.com\/index.php\/lever-de-terre-sur-la-lune-par-apollo-8\/","og_locale":"fr_FR","og_type":"article","og_title":"Lever de Terre sur la Lune par Apollo 8 - L&#039;observatoire est ouvert aux visiteurs tous les vendredis soirs \u00e0 21 heures, jusqu&#039;au 3 juillet 2026 inclus, sans r\u00e9servation.","og_description":"Le magnifique et fascinant \u00ab\u00a0lever de Terre\u00a0\u00bb, ou la Terre vue en mouvement depuis l&rsquo;orbite lunaire par Apollo 8 \u00c0 bord du vaisseau Apollo 8, William Anders a r\u00e9alis\u00e9 le 24 d\u00e9cembre 1968, 2 photos de la Terre flottant au-dessus de la surface de la Lune. La premi\u00e8re en noir et blanc et la seconde &hellip; Continuer la lecture de &laquo;&nbsp;Lever de Terre sur la Lune par Apollo 8&nbsp;&raquo;","og_url":"https:\/\/gap47.astrosurf.com\/index.php\/lever-de-terre-sur-la-lune-par-apollo-8\/","og_site_name":"L&#039;observatoire est ouvert aux visiteurs tous les vendredis soirs \u00e0 21 heures, jusqu&#039;au 3 juillet 2026 inclus, sans r\u00e9servation.","article_publisher":"https:\/\/www.facebook.com\/astrogap47\/","article_modified_time":"2021-02-09T02:29:00+00:00","og_image":[{"url":"http:\/\/gap47.astrosurf.com\/wp-content\/uploads\/2021\/02\/earthrise.1400.jpg","type":"","width":"","height":""}],"twitter_card":"summary_large_image","twitter_misc":{"Dur\u00e9e de lecture estim\u00e9e":"4 minutes"},"schema":{"@context":"https:\/\/schema.org","@graph":[{"@type":"WebPage","@id":"https:\/\/gap47.astrosurf.com\/index.php\/lever-de-terre-sur-la-lune-par-apollo-8\/","url":"https:\/\/gap47.astrosurf.com\/index.php\/lever-de-terre-sur-la-lune-par-apollo-8\/","name":"Lever de Terre sur la Lune par Apollo 8 - L&#039;observatoire est ouvert aux visiteurs tous les vendredis soirs \u00e0 21 heures, jusqu&#039;au 3 juillet 2026 inclus, sans r\u00e9servation.","isPartOf":{"@id":"https:\/\/gap47.astrosurf.com\/#website"},"primaryImageOfPage":{"@id":"https:\/\/gap47.astrosurf.com\/index.php\/lever-de-terre-sur-la-lune-par-apollo-8\/#primaryimage"},"image":{"@id":"https:\/\/gap47.astrosurf.com\/index.php\/lever-de-terre-sur-la-lune-par-apollo-8\/#primaryimage"},"thumbnailUrl":"http:\/\/gap47.astrosurf.com\/wp-content\/uploads\/2021\/02\/earthrise.1400.jpg","datePublished":"2021-02-06T16:53:11+00:00","dateModified":"2021-02-09T02:29:00+00:00","breadcrumb":{"@id":"https:\/\/gap47.astrosurf.com\/index.php\/lever-de-terre-sur-la-lune-par-apollo-8\/#breadcrumb"},"inLanguage":"fr-FR","potentialAction":[{"@type":"ReadAction","target":["https:\/\/gap47.astrosurf.com\/index.php\/lever-de-terre-sur-la-lune-par-apollo-8\/"]}]},{"@type":"ImageObject","inLanguage":"fr-FR","@id":"https:\/\/gap47.astrosurf.com\/index.php\/lever-de-terre-sur-la-lune-par-apollo-8\/#primaryimage","url":"https:\/\/gap47.astrosurf.com\/wp-content\/uploads\/2021\/02\/earthrise.1400.jpg","contentUrl":"https:\/\/gap47.astrosurf.com\/wp-content\/uploads\/2021\/02\/earthrise.1400.jpg","width":1920,"height":1080},{"@type":"BreadcrumbList","@id":"https:\/\/gap47.astrosurf.com\/index.php\/lever-de-terre-sur-la-lune-par-apollo-8\/#breadcrumb","itemListElement":[{"@type":"ListItem","position":1,"name":"Accueil","item":"https:\/\/gap47.astrosurf.com\/"},{"@type":"ListItem","position":2,"name":"Lever de Terre sur la Lune par Apollo 8"}]},{"@type":"WebSite","@id":"https:\/\/gap47.astrosurf.com\/#website","url":"https:\/\/gap47.astrosurf.com\/","name":"De janvier \u00e0 fin juin 2024, le GAP47 sera ouvert aux visiteurs tous les vendredis \u00e0 21h sans r\u00e9servation, \u00e0 l'exception du vendredi 26 janvier o\u00f9 l'observatoire sera ferm\u00e9 au public.","description":"Groupe d&#039;Astronomie Populaire du Lot-et-Garonne, \u00e0 Montayral","potentialAction":[{"@type":"SearchAction","target":{"@type":"EntryPoint","urlTemplate":"https:\/\/gap47.astrosurf.com\/?s={search_term_string}"},"query-input":{"@type":"PropertyValueSpecification","valueRequired":true,"valueName":"search_term_string"}}],"inLanguage":"fr-FR"}]}},"_links":{"self":[{"href":"https:\/\/gap47.astrosurf.com\/index.php\/wp-json\/wp\/v2\/pages\/10252","targetHints":{"allow":["GET"]}}],"collection":[{"href":"https:\/\/gap47.astrosurf.com\/index.php\/wp-json\/wp\/v2\/pages"}],"about":[{"href":"https:\/\/gap47.astrosurf.com\/index.php\/wp-json\/wp\/v2\/types\/page"}],"author":[{"embeddable":true,"href":"https:\/\/gap47.astrosurf.com\/index.php\/wp-json\/wp\/v2\/users\/5"}],"replies":[{"embeddable":true,"href":"https:\/\/gap47.astrosurf.com\/index.php\/wp-json\/wp\/v2\/comments?post=10252"}],"version-history":[{"count":20,"href":"https:\/\/gap47.astrosurf.com\/index.php\/wp-json\/wp\/v2\/pages\/10252\/revisions"}],"predecessor-version":[{"id":10279,"href":"https:\/\/gap47.astrosurf.com\/index.php\/wp-json\/wp\/v2\/pages\/10252\/revisions\/10279"}],"wp:attachment":[{"href":"https:\/\/gap47.astrosurf.com\/index.php\/wp-json\/wp\/v2\/media?parent=10252"}],"curies":[{"name":"wp","href":"https:\/\/api.w.org\/{rel}","templated":true}]}}