 {"id":10072,"date":"2020-11-05T08:59:42","date_gmt":"2020-11-05T06:59:42","guid":{"rendered":"http:\/\/gap47.astrosurf.com\/?page_id=10072"},"modified":"2020-11-15T05:35:20","modified_gmt":"2020-11-15T03:35:20","slug":"hommage","status":"publish","type":"page","link":"https:\/\/gap47.astrosurf.com\/index.php\/hommage\/","title":{"rendered":"Hommage"},"content":{"rendered":"<p><span style=\"font-family: 'times new roman', times, serif; font-size: 20px;\">Nous n&rsquo;avons pas pour habitude, au GAP47, de nous lamenter, ni du temps qui passe, ni de nous appesantir sur les souvenirs, qu&rsquo;ils soient bons ou mauvais. Raison de plus pour ouvrir une page exceptionnelle en cette ann\u00e9e 2020.<\/span><\/p>\n<p><span style=\"font-family: 'times new roman', times, serif; font-size: 20px;\">Deux personnes qui ont \u00e9t\u00e9 essentielles pour la naissance de notre club et pour son \u00e9volution nous ont quitt\u00e9s et c&rsquo;est l&rsquo;occasion de faire une pause, consid\u00e9rer ce que nous sommes devenus et ce que nous leur devons \u00e0 tous les deux.<\/span><\/p>\n<p>&nbsp;<\/p>\n<p><span style=\"font-family: arial, helvetica, sans-serif; font-size: 20px;\"><strong>Parlons de la p\u00e9riode h\u00e9ro\u00efque et de Hubert Lepic<\/strong><\/span><\/p>\n<p><span style=\"font-family: 'times new roman', times, serif; font-size: 20px;\">Sans son travail en tant que pr\u00e9sident, de 1984 \u00e0 1992, sans sa d\u00e9termination et celle de ses camarades il y a 35 ans, il est certain que rien n&rsquo;existerait de l&rsquo;admirable structure actuelle, qui est appr\u00e9ci\u00e9e au-del\u00e0 des limites de notre d\u00e9partement.<\/span><\/p>\n<p><a href=\"http:\/\/gap47.astrosurf.com\/wp-content\/uploads\/2020\/11\/Lepic-au-polissage-du-500.png\"><img loading=\"lazy\" decoding=\"async\" class=\"aligncenter size-full wp-image-10076\" src=\"http:\/\/gap47.astrosurf.com\/wp-content\/uploads\/2020\/11\/Lepic-au-polissage-du-500.png\" alt=\"\" width=\"633\" height=\"400\" srcset=\"https:\/\/gap47.astrosurf.com\/wp-content\/uploads\/2020\/11\/Lepic-au-polissage-du-500.png 633w, https:\/\/gap47.astrosurf.com\/wp-content\/uploads\/2020\/11\/Lepic-au-polissage-du-500-300x190.png 300w\" sizes=\"auto, (max-width: 633px) 100vw, 633px\" \/><\/a><\/p>\n<p style=\"text-align: center;\"><span style=\"font-family: 'times new roman', times, serif; font-size: 20px;\"><em>\u2191&nbsp; Hubert Lepic (\u00e0 droite) au polissage du miroir de notre t\u00e9lescope de 510 mm, avec Pierre Mourg\u00e8s (\u00e0 gauche) et Pierre Bignone (au centre, alors Pr\u00e9sident du GAP), photo de 1993.<\/em><\/span><\/p>\n<p><span style=\"font-family: 'times new roman', times, serif; font-size: 20px;\">J&rsquo;admirais beaucoup Hubert. Je suis pourtant arriv\u00e9 un peu tard dans l&rsquo;histoire de ce club et il n&rsquo;\u00e9tait d\u00e9j\u00e0 plus pr\u00e9sident.<\/span><\/p>\n<p><span style=\"font-family: 'times new roman', times, serif; font-size: 20px;\">J&rsquo;ai d&rsquo;ailleurs peu connu Hubert en tant qu&rsquo;astronome, mais surtout gr\u00e2ce aux images qu&rsquo;il laissait derri\u00e8re lui lorsqu&rsquo;il a quitt\u00e9 le GAP, des images d&rsquo;une qualit\u00e9 exceptionnelle pour l&rsquo;\u00e9poque.<\/span><\/p>\n<p><span style=\"font-family: 'times new roman', times, serif; font-size: 20px;\">Mais je l&rsquo;appr\u00e9ciais surtout pour la personne qu&rsquo;il \u00e9tait, pour son humour, mordant si n\u00e9cessaire, et je me souviens de quelques d\u00e9buts de soir\u00e9e de printemps, assis devant la porte de l&rsquo;observatoire \u00e0 attendre la venue de la nuit, \u00e0 \u00e9changer des id\u00e9es, des informations techniques et \u00e0 esquiver les piques qu&rsquo;il nous destinait. Toujours pr\u00e9cises, malicieuses mais toujours bienveillantes.<\/span><\/p>\n<p><span style=\"font-family: 'times new roman', times, serif; font-size: 20px;\">Plus tard, je l&rsquo;ai vu encaisser durement la perte de ses pr\u00e9cieux clich\u00e9s photographiques, et finalement d\u00e9cider de prendre de la distance, de nous laisser voler de nos propres ailes.<\/span><\/p>\n<p><span style=\"font-family: 'times new roman', times, serif; font-size: 20px;\">Par bonheur nous avons pu le revoir \u00e0 la plupart des inaugurations auxquelles nous l&rsquo;avions invit\u00e9, et chaque fois il nous avait apport\u00e9 un cadeau, du type irrempla\u00e7able ; le pin&rsquo;s GAP47 qu&rsquo;on voit affich\u00e9 dans notre salle, et qui avait permis de financer l&rsquo;achat du miroir du 500, ainsi qu&rsquo;un montage vid\u00e9o intitul\u00e9 \u00ab\u00a0Le temps de l&rsquo;argentique\u00a0\u00bb, petit historique de ses productions.<\/span><\/p>\n<p><span style=\"font-family: 'times new roman', times, serif; font-size: 20px;\">En visitant nos nouvelles installations, inauguration apr\u00e8s inauguration, il me disait sa fiert\u00e9 de voir leur petit observatoire des ann\u00e9es 80 poursuivre un d\u00e9veloppement qu&rsquo;il n&rsquo;aurait jamais esp\u00e9r\u00e9. Sa fiert\u00e9 \u00e9tait d&rsquo;avoir fait partie de l&rsquo;\u00e9quipe de d\u00e9part et de l&rsquo;avoir conduite pendant 8 ans, et il ne masquait pas son \u00e9tonnement.<\/span><\/p>\n<p><span style=\"font-family: 'times new roman', times, serif; font-size: 20px;\">Je l&rsquo;assure que nous continuerons \u00e0 l&rsquo;\u00e9tonner et \u00e0 perp\u00e9tuer sa m\u00e9moire.<\/span><\/p>\n<p><a href=\"http:\/\/gap47.astrosurf.com\/wp-content\/uploads\/2020\/11\/Hubert-Lepic.jpg\"><img loading=\"lazy\" decoding=\"async\" class=\"aligncenter size-full wp-image-10084\" src=\"http:\/\/gap47.astrosurf.com\/wp-content\/uploads\/2020\/11\/Hubert-Lepic.jpg\" alt=\"\" width=\"823\" height=\"1066\" srcset=\"https:\/\/gap47.astrosurf.com\/wp-content\/uploads\/2020\/11\/Hubert-Lepic.jpg 823w, https:\/\/gap47.astrosurf.com\/wp-content\/uploads\/2020\/11\/Hubert-Lepic-232x300.jpg 232w, https:\/\/gap47.astrosurf.com\/wp-content\/uploads\/2020\/11\/Hubert-Lepic-768x995.jpg 768w\" sizes=\"auto, (max-width: 767px) 89vw, (max-width: 1000px) 54vw, (max-width: 1071px) 543px, 580px\" \/><\/a><\/p>\n<p style=\"text-align: center;\"><em><span style=\"font-family: 'times new roman', times, serif; font-size: 20px;\">\u2191&nbsp; Hubert Lepic lors de l&rsquo;anniversaire des 35 ans du GAP47, en 2018.<\/span><\/em><\/p>\n<p>&nbsp;<\/p>\n<p><a href=\"http:\/\/gap47.astrosurf.com\/wp-content\/uploads\/2020\/11\/2009-Lepic-Faux.jpg\"><img loading=\"lazy\" decoding=\"async\" class=\"aligncenter size-full wp-image-10085\" src=\"http:\/\/gap47.astrosurf.com\/wp-content\/uploads\/2020\/11\/2009-Lepic-Faux.jpg\" alt=\"\" width=\"1078\" height=\"1469\" srcset=\"https:\/\/gap47.astrosurf.com\/wp-content\/uploads\/2020\/11\/2009-Lepic-Faux.jpg 1078w, https:\/\/gap47.astrosurf.com\/wp-content\/uploads\/2020\/11\/2009-Lepic-Faux-220x300.jpg 220w, https:\/\/gap47.astrosurf.com\/wp-content\/uploads\/2020\/11\/2009-Lepic-Faux-768x1047.jpg 768w, https:\/\/gap47.astrosurf.com\/wp-content\/uploads\/2020\/11\/2009-Lepic-Faux-881x1200.jpg 881w\" sizes=\"auto, (max-width: 767px) 89vw, (max-width: 1000px) 54vw, (max-width: 1071px) 543px, 580px\" \/><\/a><\/p>\n<p style=\"text-align: center;\"><em><span style=\"font-size: 20px; font-family: 'times new roman', times, serif;\">\u2191&nbsp; Hubert Lepic (\u00e0 gauche) et Jacques Faux (\u00e0 droite), lors de l&rsquo;anniversaire des 26 ans du GAP47 en 2009.<\/span><\/em><\/p>\n<p>&nbsp;<\/p>\n<p><span style=\"font-family: arial, helvetica, sans-serif; font-size: 20px;\"><strong>Plus pr\u00e8s de nous, Jacques Faux<\/strong><\/span><\/p>\n<p><span style=\"font-family: 'times new roman', times, serif; font-size: 20px;\">Disparu dans le silence du confinement sanitaire du printemps 2020, il laisse des regrets d&rsquo;autant plus profonds que la nouvelle n&rsquo;a circul\u00e9 jusqu&rsquo;\u00e0 nous que tr\u00e8s tardivement.<\/span><\/p>\n<p><span style=\"font-family: 'times new roman', times, serif; font-size: 20px;\">&nbsp;Il avait \u00e9t\u00e9 mon coll\u00e8gue \u00e0 la cit\u00e9 scolaire de Fumel mais c&rsquo;est surtout autour du GAP que j&rsquo;ai d\u00e9couvert sa vraie valeur. Nous avions d\u00e9couvert ensemble les merveilleuses possibilit\u00e9s du plan\u00e9tarium num\u00e9rique lors d&rsquo;une s\u00e9ance de d\u00e9monstration, avec un projecteur \u00e0 l&rsquo;ancienne mais il avait bien compris que ce syst\u00e8me ouvrait des possibilit\u00e9s \u00e9normes. Nous n&rsquo;avions pas encore notre \u00ab\u00a0parapluie d&rsquo;\u00e9toiles\u00a0\u00bb, notre premier plan\u00e9tarium d\u00e9montable, qui n&rsquo;est arriv\u00e9 que quelques mois apr\u00e8s, \u00e0 point nomm\u00e9, et c&rsquo;est Jacques qui nous a pouss\u00e9s \u00e0 demander la construction d&rsquo;un vrai plan\u00e9tarium, en dur.<\/span><\/p>\n<p><span style=\"font-family: 'times new roman', times, serif; font-size: 20px;\">De m\u00eame, il nous avait pouss\u00e9s peu d&rsquo;ann\u00e9es auparavant \u00e0 demander la construction de la grande coupole pour mieux valoriser les t\u00e9lescopes que nous avions fabriqu\u00e9s.<\/span><\/p>\n<p><a href=\"http:\/\/gap47.astrosurf.com\/wp-content\/uploads\/2020\/11\/Faux-2018.png\"><img loading=\"lazy\" decoding=\"async\" class=\"aligncenter size-full wp-image-10078\" src=\"http:\/\/gap47.astrosurf.com\/wp-content\/uploads\/2020\/11\/Faux-2018.png\" alt=\"\" width=\"354\" height=\"310\" srcset=\"https:\/\/gap47.astrosurf.com\/wp-content\/uploads\/2020\/11\/Faux-2018.png 354w, https:\/\/gap47.astrosurf.com\/wp-content\/uploads\/2020\/11\/Faux-2018-300x263.png 300w\" sizes=\"auto, (max-width: 354px) 100vw, 354px\" \/><\/a><\/p>\n<p style=\"text-align: center;\"><em><span style=\"font-family: 'times new roman', times, serif; font-size: 20px;\">\u2191&nbsp; Jacques Faux (2\u00b0 en partant de la gauche) lors de l&rsquo;anniversaire des 35 ans du GAP47, en 2018, en compagnie de Pierre Mourg\u00e8s (au centre, membre de la premi\u00e8re heure du GAP47) et Jean-Fran\u00e7ois S\u00e9gala, Maire de Montayral (\u00e0 droite).<\/span><\/em><\/p>\n<p><span style=\"font-family: 'times new roman', times, serif; font-size: 20px;\">Sa vision r\u00e9aliste des choses l&rsquo;avait toujours fait nous \u00ab\u00a0pousser au cul\u00a0\u00bb, de m\u00eame qu&rsquo;il a \u00e9t\u00e9, en tant qu&rsquo;adjoint de Montayral, derri\u00e8re le projet de nous doter d&rsquo;une salle d&rsquo;accueil. Sa pr\u00e9sence \u00e0 plusieurs de nos Assembl\u00e9es G\u00e9n\u00e9rales Annuelles aura \u00e9t\u00e9 fondamentale. Il \u00e9tait convaincu de l&rsquo;importance de la discipline \u00ab\u00a0astronomie\u00a0\u00bb dans la formation des jeunes&nbsp;; notre succ\u00e8s aupr\u00e8s d&rsquo;eux le confirme chaque ann\u00e9e un peu plus, et il s&rsquo;en r\u00e9jouissait \u00e0 toutes nos rencontres. Nous sommes bien d\u00e9termin\u00e9s \u00e0 poursuivre sur la voie trac\u00e9e.<\/span><\/p>\n<p>&nbsp;<\/p>\n<p><span style=\"font-family: 'times new roman', times, serif; font-size: 20px;\"><strong>Pierre Valat<\/strong>, Pr\u00e9sident du GAP47 &#8211; Novembre 2020<\/span><\/p>\n<hr>\n<p>&nbsp;<\/p>\n","protected":false},"excerpt":{"rendered":"<p>Nous n&rsquo;avons pas pour habitude, au GAP47, de nous lamenter, ni du temps qui passe, ni de nous appesantir sur les souvenirs, qu&rsquo;ils soient bons ou mauvais. Raison de plus pour ouvrir une page exceptionnelle en cette ann\u00e9e 2020. Deux personnes qui ont \u00e9t\u00e9 essentielles pour la naissance de notre club et pour son \u00e9volution &hellip; <\/p>\n<p class=\"link-more\"><a href=\"https:\/\/gap47.astrosurf.com\/index.php\/hommage\/\" class=\"more-link\">Continuer la lecture<span class=\"screen-reader-text\"> de &laquo;&nbsp;Hommage&nbsp;&raquo;<\/span><\/a><\/p>\n","protected":false},"author":5,"featured_media":0,"parent":0,"menu_order":0,"comment_status":"closed","ping_status":"closed","template":"","meta":{"_exactmetrics_skip_tracking":false,"_exactmetrics_sitenote_active":false,"_exactmetrics_sitenote_note":"","_exactmetrics_sitenote_category":0,"ngg_post_thumbnail":0,"footnotes":""},"class_list":["post-10072","page","type-page","status-publish","hentry"],"yoast_head":"<!-- This site is optimized with the Yoast SEO plugin v24.8.1 - https:\/\/yoast.com\/wordpress\/plugins\/seo\/ -->\n<title>Hommage - L&#039;observatoire est ouvert aux visiteurs tous les vendredis soirs \u00e0 21 heures, jusqu&#039;au 3 juillet 2026 inclus, sans r\u00e9servation.<\/title>\n<meta name=\"robots\" content=\"index, follow, max-snippet:-1, max-image-preview:large, max-video-preview:-1\" \/>\n<link rel=\"canonical\" href=\"https:\/\/gap47.astrosurf.com\/index.php\/hommage\/\" \/>\n<meta property=\"og:locale\" content=\"fr_FR\" \/>\n<meta property=\"og:type\" content=\"article\" \/>\n<meta property=\"og:title\" content=\"Hommage - L&#039;observatoire est ouvert aux visiteurs tous les vendredis soirs \u00e0 21 heures, jusqu&#039;au 3 juillet 2026 inclus, sans r\u00e9servation.\" \/>\n<meta property=\"og:description\" content=\"Nous n&rsquo;avons pas pour habitude, au GAP47, de nous lamenter, ni du temps qui passe, ni de nous appesantir sur les souvenirs, qu&rsquo;ils soient bons ou mauvais. Raison de plus pour ouvrir une page exceptionnelle en cette ann\u00e9e 2020. Deux personnes qui ont \u00e9t\u00e9 essentielles pour la naissance de notre club et pour son \u00e9volution &hellip; Continuer la lecture de &laquo;&nbsp;Hommage&nbsp;&raquo;\" \/>\n<meta property=\"og:url\" content=\"https:\/\/gap47.astrosurf.com\/index.php\/hommage\/\" \/>\n<meta property=\"og:site_name\" content=\"L&#039;observatoire est ouvert aux visiteurs tous les vendredis soirs \u00e0 21 heures, jusqu&#039;au 3 juillet 2026 inclus, sans r\u00e9servation.\" \/>\n<meta property=\"article:publisher\" content=\"https:\/\/www.facebook.com\/astrogap47\/\" \/>\n<meta property=\"article:modified_time\" content=\"2020-11-15T03:35:20+00:00\" \/>\n<meta property=\"og:image\" content=\"http:\/\/gap47.astrosurf.com\/wp-content\/uploads\/2020\/11\/Lepic-au-polissage-du-500.png\" \/>\n<meta name=\"twitter:card\" content=\"summary_large_image\" \/>\n<meta name=\"twitter:label1\" content=\"Dur\u00e9e de lecture estim\u00e9e\" \/>\n\t<meta name=\"twitter:data1\" content=\"4 minutes\" \/>\n<script type=\"application\/ld+json\" class=\"yoast-schema-graph\">{\"@context\":\"https:\/\/schema.org\",\"@graph\":[{\"@type\":\"WebPage\",\"@id\":\"https:\/\/gap47.astrosurf.com\/index.php\/hommage\/\",\"url\":\"https:\/\/gap47.astrosurf.com\/index.php\/hommage\/\",\"name\":\"Hommage - L&#039;observatoire est ouvert aux visiteurs tous les vendredis soirs \u00e0 21 heures, jusqu&#039;au 3 juillet 2026 inclus, sans r\u00e9servation.\",\"isPartOf\":{\"@id\":\"https:\/\/gap47.astrosurf.com\/#website\"},\"primaryImageOfPage\":{\"@id\":\"https:\/\/gap47.astrosurf.com\/index.php\/hommage\/#primaryimage\"},\"image\":{\"@id\":\"https:\/\/gap47.astrosurf.com\/index.php\/hommage\/#primaryimage\"},\"thumbnailUrl\":\"http:\/\/gap47.astrosurf.com\/wp-content\/uploads\/2020\/11\/Lepic-au-polissage-du-500.png\",\"datePublished\":\"2020-11-05T06:59:42+00:00\",\"dateModified\":\"2020-11-15T03:35:20+00:00\",\"breadcrumb\":{\"@id\":\"https:\/\/gap47.astrosurf.com\/index.php\/hommage\/#breadcrumb\"},\"inLanguage\":\"fr-FR\",\"potentialAction\":[{\"@type\":\"ReadAction\",\"target\":[\"https:\/\/gap47.astrosurf.com\/index.php\/hommage\/\"]}]},{\"@type\":\"ImageObject\",\"inLanguage\":\"fr-FR\",\"@id\":\"https:\/\/gap47.astrosurf.com\/index.php\/hommage\/#primaryimage\",\"url\":\"http:\/\/gap47.astrosurf.com\/wp-content\/uploads\/2020\/11\/Lepic-au-polissage-du-500.png\",\"contentUrl\":\"http:\/\/gap47.astrosurf.com\/wp-content\/uploads\/2020\/11\/Lepic-au-polissage-du-500.png\"},{\"@type\":\"BreadcrumbList\",\"@id\":\"https:\/\/gap47.astrosurf.com\/index.php\/hommage\/#breadcrumb\",\"itemListElement\":[{\"@type\":\"ListItem\",\"position\":1,\"name\":\"Accueil\",\"item\":\"https:\/\/gap47.astrosurf.com\/\"},{\"@type\":\"ListItem\",\"position\":2,\"name\":\"Hommage\"}]},{\"@type\":\"WebSite\",\"@id\":\"https:\/\/gap47.astrosurf.com\/#website\",\"url\":\"https:\/\/gap47.astrosurf.com\/\",\"name\":\"De janvier \u00e0 fin juin 2024, le GAP47 sera ouvert aux visiteurs tous les vendredis \u00e0 21h sans r\u00e9servation, \u00e0 l'exception du vendredi 26 janvier o\u00f9 l'observatoire sera ferm\u00e9 au public.\",\"description\":\"Groupe d&#039;Astronomie Populaire du Lot-et-Garonne, \u00e0 Montayral\",\"potentialAction\":[{\"@type\":\"SearchAction\",\"target\":{\"@type\":\"EntryPoint\",\"urlTemplate\":\"https:\/\/gap47.astrosurf.com\/?s={search_term_string}\"},\"query-input\":{\"@type\":\"PropertyValueSpecification\",\"valueRequired\":true,\"valueName\":\"search_term_string\"}}],\"inLanguage\":\"fr-FR\"}]}<\/script>\n<!-- \/ Yoast SEO plugin. -->","yoast_head_json":{"title":"Hommage - L&#039;observatoire est ouvert aux visiteurs tous les vendredis soirs \u00e0 21 heures, jusqu&#039;au 3 juillet 2026 inclus, sans r\u00e9servation.","robots":{"index":"index","follow":"follow","max-snippet":"max-snippet:-1","max-image-preview":"max-image-preview:large","max-video-preview":"max-video-preview:-1"},"canonical":"https:\/\/gap47.astrosurf.com\/index.php\/hommage\/","og_locale":"fr_FR","og_type":"article","og_title":"Hommage - L&#039;observatoire est ouvert aux visiteurs tous les vendredis soirs \u00e0 21 heures, jusqu&#039;au 3 juillet 2026 inclus, sans r\u00e9servation.","og_description":"Nous n&rsquo;avons pas pour habitude, au GAP47, de nous lamenter, ni du temps qui passe, ni de nous appesantir sur les souvenirs, qu&rsquo;ils soient bons ou mauvais. Raison de plus pour ouvrir une page exceptionnelle en cette ann\u00e9e 2020. Deux personnes qui ont \u00e9t\u00e9 essentielles pour la naissance de notre club et pour son \u00e9volution &hellip; Continuer la lecture de &laquo;&nbsp;Hommage&nbsp;&raquo;","og_url":"https:\/\/gap47.astrosurf.com\/index.php\/hommage\/","og_site_name":"L&#039;observatoire est ouvert aux visiteurs tous les vendredis soirs \u00e0 21 heures, jusqu&#039;au 3 juillet 2026 inclus, sans r\u00e9servation.","article_publisher":"https:\/\/www.facebook.com\/astrogap47\/","article_modified_time":"2020-11-15T03:35:20+00:00","og_image":[{"url":"http:\/\/gap47.astrosurf.com\/wp-content\/uploads\/2020\/11\/Lepic-au-polissage-du-500.png","type":"","width":"","height":""}],"twitter_card":"summary_large_image","twitter_misc":{"Dur\u00e9e de lecture estim\u00e9e":"4 minutes"},"schema":{"@context":"https:\/\/schema.org","@graph":[{"@type":"WebPage","@id":"https:\/\/gap47.astrosurf.com\/index.php\/hommage\/","url":"https:\/\/gap47.astrosurf.com\/index.php\/hommage\/","name":"Hommage - L&#039;observatoire est ouvert aux visiteurs tous les vendredis soirs \u00e0 21 heures, jusqu&#039;au 3 juillet 2026 inclus, sans r\u00e9servation.","isPartOf":{"@id":"https:\/\/gap47.astrosurf.com\/#website"},"primaryImageOfPage":{"@id":"https:\/\/gap47.astrosurf.com\/index.php\/hommage\/#primaryimage"},"image":{"@id":"https:\/\/gap47.astrosurf.com\/index.php\/hommage\/#primaryimage"},"thumbnailUrl":"http:\/\/gap47.astrosurf.com\/wp-content\/uploads\/2020\/11\/Lepic-au-polissage-du-500.png","datePublished":"2020-11-05T06:59:42+00:00","dateModified":"2020-11-15T03:35:20+00:00","breadcrumb":{"@id":"https:\/\/gap47.astrosurf.com\/index.php\/hommage\/#breadcrumb"},"inLanguage":"fr-FR","potentialAction":[{"@type":"ReadAction","target":["https:\/\/gap47.astrosurf.com\/index.php\/hommage\/"]}]},{"@type":"ImageObject","inLanguage":"fr-FR","@id":"https:\/\/gap47.astrosurf.com\/index.php\/hommage\/#primaryimage","url":"http:\/\/gap47.astrosurf.com\/wp-content\/uploads\/2020\/11\/Lepic-au-polissage-du-500.png","contentUrl":"http:\/\/gap47.astrosurf.com\/wp-content\/uploads\/2020\/11\/Lepic-au-polissage-du-500.png"},{"@type":"BreadcrumbList","@id":"https:\/\/gap47.astrosurf.com\/index.php\/hommage\/#breadcrumb","itemListElement":[{"@type":"ListItem","position":1,"name":"Accueil","item":"https:\/\/gap47.astrosurf.com\/"},{"@type":"ListItem","position":2,"name":"Hommage"}]},{"@type":"WebSite","@id":"https:\/\/gap47.astrosurf.com\/#website","url":"https:\/\/gap47.astrosurf.com\/","name":"De janvier \u00e0 fin juin 2024, le GAP47 sera ouvert aux visiteurs tous les vendredis \u00e0 21h sans r\u00e9servation, \u00e0 l'exception du vendredi 26 janvier o\u00f9 l'observatoire sera ferm\u00e9 au public.","description":"Groupe d&#039;Astronomie Populaire du Lot-et-Garonne, \u00e0 Montayral","potentialAction":[{"@type":"SearchAction","target":{"@type":"EntryPoint","urlTemplate":"https:\/\/gap47.astrosurf.com\/?s={search_term_string}"},"query-input":{"@type":"PropertyValueSpecification","valueRequired":true,"valueName":"search_term_string"}}],"inLanguage":"fr-FR"}]}},"_links":{"self":[{"href":"https:\/\/gap47.astrosurf.com\/index.php\/wp-json\/wp\/v2\/pages\/10072","targetHints":{"allow":["GET"]}}],"collection":[{"href":"https:\/\/gap47.astrosurf.com\/index.php\/wp-json\/wp\/v2\/pages"}],"about":[{"href":"https:\/\/gap47.astrosurf.com\/index.php\/wp-json\/wp\/v2\/types\/page"}],"author":[{"embeddable":true,"href":"https:\/\/gap47.astrosurf.com\/index.php\/wp-json\/wp\/v2\/users\/5"}],"replies":[{"embeddable":true,"href":"https:\/\/gap47.astrosurf.com\/index.php\/wp-json\/wp\/v2\/comments?post=10072"}],"version-history":[{"count":11,"href":"https:\/\/gap47.astrosurf.com\/index.php\/wp-json\/wp\/v2\/pages\/10072\/revisions"}],"predecessor-version":[{"id":10112,"href":"https:\/\/gap47.astrosurf.com\/index.php\/wp-json\/wp\/v2\/pages\/10072\/revisions\/10112"}],"wp:attachment":[{"href":"https:\/\/gap47.astrosurf.com\/index.php\/wp-json\/wp\/v2\/media?parent=10072"}],"curies":[{"name":"wp","href":"https:\/\/api.w.org\/{rel}","templated":true}]}}