 {"id":10005,"date":"2020-10-21T02:35:22","date_gmt":"2020-10-21T00:35:22","guid":{"rendered":"http:\/\/gap47.astrosurf.com\/?page_id=10005"},"modified":"2020-11-20T12:07:23","modified_gmt":"2020-11-20T10:07:23","slug":"la-pollution-lumineuse","status":"publish","type":"page","link":"https:\/\/gap47.astrosurf.com\/index.php\/ressources\/la-pollution-lumineuse\/","title":{"rendered":"La pollution lumineuse"},"content":{"rendered":"<p style=\"text-align: center;\"><span style=\"color: #808080; font-size: 28px;\"><strong><span style=\"font-family: arial, helvetica, sans-serif;\">La pollution lumineuse et ses m\u00e9faits<\/span><\/strong><\/span><\/p>\n<p style=\"text-align: center;\"><span style=\"color: #008000;\"><strong><span style=\"font-family: 'times new roman', times, serif; font-size: 20px;\">Le GAP47 vient de publier un d\u00e9pliant de 6 pages expliquant les effets d\u00e9sastreux de la pollution lumineuse sur la faune et la flore, sur la clart\u00e9 du ciel (indispensable \u00e0 l&rsquo;astronomie terrestre et \u00e0 la science). Des moyens d&rsquo;action sont pourtant simples, disponibles et imm\u00e9diatement efficaces pour lutter contre ce fl\u00e9au !<\/span><\/strong><\/span><\/p>\n<p style=\"text-align: center;\"><span style=\"color: #008000;\"><span style=\"font-size: 24px;\">\u2193<\/span><br \/>\n<a href=\"http:\/\/gap47.astrosurf.com\/wp-content\/uploads\/2020\/10\/GAP47-Depliant-Pollution-Lumineuse-2020.pdf\" target=\"_blank\" rel=\"noopener noreferrer\"><img loading=\"lazy\" decoding=\"async\" class=\"aligncenter wp-image-9978\" src=\"http:\/\/gap47.astrosurf.com\/wp-content\/uploads\/2020\/10\/Couv-Pollution-572x1200.jpg\" alt=\"\" width=\"250\" height=\"525\" srcset=\"https:\/\/gap47.astrosurf.com\/wp-content\/uploads\/2020\/10\/Couv-Pollution-572x1200.jpg 572w, https:\/\/gap47.astrosurf.com\/wp-content\/uploads\/2020\/10\/Couv-Pollution-143x300.jpg 143w, https:\/\/gap47.astrosurf.com\/wp-content\/uploads\/2020\/10\/Couv-Pollution-768x1612.jpg 768w, https:\/\/gap47.astrosurf.com\/wp-content\/uploads\/2020\/10\/Couv-Pollution.jpg 834w\" sizes=\"auto, (max-width: 250px) 100vw, 250px\" \/><\/a><\/span><\/p>\n<p>&nbsp;<\/p>\n<p style=\"text-align: center;\"><span style=\"font-size: 24px;\"><strong><span style=\"color: green; font-family: arial, helvetica, sans-serif;\">Plut\u00f4t que de rajouter des pages sur la question de la pollution lumineuse, alors que des sites la traitent d\u00e9j\u00e0 et de fa\u00e7on tr\u00e8s comp\u00e9tente, nous pr\u00e9f\u00e9rons limiter notre contribution \u00e0 notre d\u00e9pliant que nous destinons \u00e0 nos visiteurs, et nous vous proposons&#8230;<\/span><\/strong><\/span><\/p>\n<p style=\"text-align: center;\"><span style=\"font-family: arial, helvetica, sans-serif; font-size: 24px; color: #808080;\"><strong>&#8230; ce pourquoi nous ajoutons quelques liens utiles pour des compl\u00e9ments d&rsquo;information<\/strong> <strong>:<\/strong><\/span><\/p>\n<p>&nbsp;<\/p>\n<p><span style=\"font-size: 20px; color: #0000ff;\"><strong><span style=\"font-family: arial, helvetica, sans-serif;\">Le Monde<\/span><\/strong><\/span><\/p>\n<p><span style=\"font-family: 'times new roman', times, serif; font-size: 20px;\">Un excellent article du journal Le Monde, du 1<sup>er<\/sup> novembre 2020, avec une vid\u00e9o explicative et qui contient aussi des liens int\u00e9ressants :<\/span><\/p>\n<p><a href=\"https:\/\/www.lemonde.fr\/planete\/video\/2020\/11\/01\/pourquoi-la-lumiere-artificielle-menace-t-elle-les-animaux_6058100_3244.html\" target=\"_blank\" rel=\"noopener noreferrer\"><span style=\"font-family: 'times new roman', times, serif; font-size: 20px;\">https:\/\/www.lemonde.fr\/planete\/video\/2020\/11\/01\/pourquoi-la-lumiere-artificielle-menace-t-elle-les-animaux_6058100_3244.html<\/span><\/a><\/p>\n<p>&nbsp;<\/p>\n<p><span style=\"font-size: 20px;\"><strong><span style=\"color: #0000ff; font-family: arial, helvetica, sans-serif;\">Le site de l&rsquo;ANPCEN<\/span><\/strong><\/span><\/p>\n<p><span style=\"font-family: 'times new roman', times, serif; font-size: 20px;\">L&rsquo;<strong>A<\/strong>ssociation <strong>N<\/strong>ationale pour la <strong>P<\/strong>rotection du <strong>C<\/strong>iel et de l&rsquo;<strong>E<\/strong>nvironnement <strong>N<\/strong>octurne : tous les textes l\u00e9gislatifs et toutes les actions locales et nationales (dont le label Villes et Villages Etoil\u00e9s) :<\/span><\/p>\n<p><span style=\"font-family: 'times new roman', times, serif; font-size: 20px;\"><a href=\"http:\/\/www.anpcen.fr\" target=\"_blank\" rel=\"noopener noreferrer\">www.anpcen.fr<\/a><\/span><\/p>\n<p>&nbsp;<\/p>\n<p><span style=\"color: #0000ff;\"><strong><span style=\"font-family: arial, helvetica, sans-serif; font-size: 20px;\">Ciel Pollu\u00e9<\/span><\/strong><\/span><\/p>\n<p><span style=\"font-family: 'times new roman', times, serif; font-size: 20px;\">Trois liens int\u00e9ressants (le second propose des exemples comparatifs de ciels pollu\u00e9s), \u00e9manant de l&rsquo;ENS-Lyon, mentionnant divers aspects de la pollution lumineuse :<\/span><\/p>\n<p><span style=\"font-family: 'times new roman', times, serif; font-size: 20px;\"><a href=\"http:\/\/culturesciencesphysique.ens-lyon.fr\/ressource\/pollution-lumineuse-1.xml\" target=\"_blank\" rel=\"noopener noreferrer\">http:\/\/culturesciencesphysique.ens-lyon.fr\/ressource\/pollution-lumineuse-1.xml<\/a><\/span><\/p>\n<p><span style=\"font-family: 'times new roman', times, serif; font-size: 20px;\"><a href=\"http:\/\/culturesciencesphysique.ens-lyon.fr\/ressource\/pollution-lumineuse-2.xml\" target=\"_blank\" rel=\"noopener noreferrer\">http:\/\/culturesciencesphysique.ens-lyon.fr\/ressource\/pollution-lumineuse-2.xml<\/a><\/span><\/p>\n<p><span style=\"font-size: 20px; font-family: 'times new roman', times, serif;\"><a href=\"http:\/\/culturesciencesphysique.ens-lyon.fr\/ressource\/pollution-lumineuse-3.xml\" target=\"_blank\" rel=\"noopener noreferrer\">http:\/\/culturesciencesphysique.ens-lyon.fr\/ressource\/pollution-lumineuse-3.xml<\/a><\/span><\/p>\n<p>&nbsp;<\/p>\n<p><span style=\"color: #0000ff;\"><strong><span style=\"font-family: arial, helvetica, sans-serif; font-size: 20px;\">Animaux \/ biodiversit\u00e9 \/ sant\u00e9<\/span><\/strong><\/span><\/p>\n<p><span style=\"font-family: 'times new roman', times, serif; font-size: 20px;\">[La] mauvaise pollinisation nocturne n\u2019est pas compens\u00e9e par celle des insectes la journ\u00e9e. [\u2026] \u00ab&nbsp;<em>Les insectes diurnes ne sont pas les m\u00eames que les nocturnes et leur r\u00f4le n\u2019est pas interchangeable<\/em> \u00bb :<\/span><\/p>\n<p><span style=\"font-family: 'times new roman', times, serif; font-size: 20px;\"><a href=\"https:\/\/www.la-croix.com\/Sciences-et-ethique\/Environnement\/lumieres-nocturnes-perturbent-pollinisation-2017-08-17-1200870138\" target=\"_blank\" rel=\"noopener noreferrer\">https:\/\/www.la-croix.com\/Sciences-et-ethique\/Environnement\/lumieres-nocturnes-perturbent-pollinisation-2017-08-17-1200870138<\/a><\/span><\/p>\n<p>&nbsp;<\/p>\n<p><span style=\"color: #0000ff;\"><strong><span style=\"font-family: arial, helvetica, sans-serif; font-size: 20px;\">L\u2019influence de la pollution lumineuse sur la biodiversit\u00e9<\/span><\/strong><\/span><\/p>\n<p><span style=\"font-family: 'times new roman', times, serif; font-size: 20px;\">L&rsquo;int\u00e9gration d&rsquo;un \u00e9clairage public responsable dans le cadre de projets architecturaux :<\/span><\/p>\n<p><a href=\"https:\/\/alto-ingenierie.fr\/actualites\/news\/l-influence-de-la-pollution-lumineuse-sur-la-biodiversite\" target=\"_blank\" rel=\"noopener noreferrer\"><span style=\"font-family: 'times new roman', times, serif; font-size: 20px;\">https:\/\/alto-ingenierie.fr\/actualites\/news\/l-influence-de-la-pollution-lumineuse-sur-la-biodiversite<\/span><\/a><\/p>\n<p>&nbsp;<\/p>\n<p><span style=\"font-family: arial, helvetica, sans-serif; font-size: 20px; color: #0000ff;\"><strong>La D\u00e9p\u00eache<\/strong><\/span><\/p>\n<p>Un article du 19 novembre 2020, sur la mobilisation citoyenne dans certaines communes du Lot :<\/p>\n<p><span style=\"font-family: 'times new roman', times, serif; font-size: 20px;\"><a href=\"http:\/\/gap47.astrosurf.com\/wp-content\/uploads\/2020\/11\/2020-11-19-La-De\u0301pe\u0302che-PL.pdf\" target=\"_blank\" rel=\"noopener noreferrer\">La D\u00e9p\u00eache \/ 2020\/11\/19<\/a><\/span><\/p>\n<p>&nbsp;<\/p>\n<p><span style=\"color: #0000ff;\"><strong><span style=\"font-family: arial, helvetica, sans-serif; font-size: 20px;\">Eclairage \/ l\u00e9gislation<\/span><\/strong><\/span><\/p>\n<p><span style=\"font-family: 'times new roman', times, serif; font-size: 20px;\">Textes et exemples illustrant la question de l&rsquo;\u00e9clairage nocturne (r\u00e9ussites et catastrophes) :<\/span><\/p>\n<p><span style=\"font-family: 'times new roman', times, serif; font-size: 20px;\"><a href=\"http:\/\/wikinight.free.fr\" target=\"_blank\" rel=\"noopener noreferrer\">http:\/\/wikinight.free.fr<\/a><\/span><\/p>\n<p><span style=\"font-family: 'times new roman', times, serif; font-size: 20px;\">LEDs : Temp\u00e9ratures de couleur et orientation.<\/span><\/p>\n<p><span style=\"font-family: 'times new roman', times, serif; font-size: 20px;\">Les \u00e9tiquettes environnementales de l\u2019Arr\u00eat\u00e9 du 27 d\u00e9cembre 2018 :<\/span><\/p>\n<p><span style=\"font-family: 'times new roman', times, serif; font-size: 20px;\"><a href=\"http:\/\/wikinight.free.fr\/index.php\/2019\/08\/10\/les-etiquettes-environnementales-de-larrete-du-27-decembre-2018\/\" target=\"_blank\" rel=\"noopener noreferrer\">http:\/\/wikinight.free.fr\/index.php\/2019\/08\/10\/les-etiquettes-environnementales-de-larrete-du-27-decembre-2018\/<\/a><\/span><\/p>\n<p>&nbsp;<\/p>\n<p><span style=\"color: #0000ff;\"><strong><span style=\"font-family: arial, helvetica, sans-serif; font-size: 20px;\">Am\u00e9nagements<\/span><\/strong><\/span><\/p>\n<p><span style=\"font-family: 'times new roman', times, serif; font-size: 20px;\">ASSOCIATION CAUSSES-C\u00c9VENNES D&rsquo;ACTION CITOYENNE :<\/span><\/p>\n<p><span style=\"font-family: 'times new roman', times, serif; font-size: 20px;\">Volets \u00e9cologiques, \u00e9conomiques et astronomiques de la pollution lumineuse, aspects techniques. Quelques exemples de solutions dans le cadre du Parc National des C\u00e9vennes. Notions de trames noires en compl\u00e9ment des trames vertes et des trames bleues :<\/span><\/p>\n<p><span style=\"font-family: 'times new roman', times, serif; font-size: 20px;\"><a href=\"http:\/\/www.accac.eu\/L_environnement\/La-pollution-lumineuse.htm\" target=\"_blank\" rel=\"noopener noreferrer\">http:\/\/www.accac.eu\/L_environnement\/La-pollution-lumineuse.htm<\/a><\/span><\/p>\n<p>&nbsp;<\/p>\n<p><span style=\"color: #0000ff;\"><strong><span style=\"font-family: arial, helvetica, sans-serif; font-size: 20px;\">Trame noire<\/span><\/strong><\/span><\/p>\n<p><a href=\"https:\/\/fr.wikipedia.org\/wiki\/Trame_noire\" target=\"_blank\" rel=\"noopener noreferrer\"><span style=\"font-family: 'times new roman', times, serif; font-size: 20px;\">https:\/\/fr.wikipedia.org\/wiki\/Trame_noire<\/span><\/a><\/p>\n<p>&nbsp;<\/p>\n<p><span style=\"color: #0000ff;\"><strong><span style=\"font-family: arial, helvetica, sans-serif; font-size: 20px;\">Documents d\u2019information<\/span><\/strong><\/span><\/p>\n<p><span style=\"font-family: 'times new roman', times, serif; font-size: 20px;\">FICHES OUTILS du Parc naturel r\u00e9gional du G\u00e2tinais fran\u00e7ais \u00e0 destination des \u00e9lus et porteurs de projets collectifs&nbsp;: L\u2019\u00c9CLAIRAGE PUBLIC ET LA POLLUTION LUMINEUSE<\/span><\/p>\n<p><a href=\"http:\/\/wikinight.free.fr\/wp-content\/uploads\/PL\/Brochures\/2016208_PNRGF-Eclairage-public-et-pollution-lumineuse.pdf\" target=\"_blank\" rel=\"noopener noreferrer\"><span style=\"font-family: 'times new roman', times, serif; font-size: 20px;\">http:\/\/wikinight.free.fr\/wp-content\/uploads\/PL\/Brochures\/2016208_PNRGF-Eclairage-public-et-pollution-lumineuse.pdf<\/span><\/a><\/p>\n<p>&nbsp;<\/p>\n<p><span style=\"color: #0000ff;\"><strong><span style=\"font-family: arial, helvetica, sans-serif; font-size: 20px;\">Le parc des C\u00e9vennes<\/span><\/strong><\/span><\/p>\n<p><span style=\"font-family: 'times new roman', times, serif; font-size: 20px;\"><a href=\"http:\/\/www.accac.eu\/L_environnement\/Pollution-lumineuse\/guide_eclairage_pnc-bat-bd-double-pages.pdf\" target=\"_blank\" rel=\"noopener noreferrer\">http:\/\/www.accac.eu\/L_environnement\/Pollution-lumineuse\/guide_eclairage_pnc-bat-bd-double-pages.pdf<\/a><\/span><\/p>\n<hr>\n<p>&nbsp;<\/p>\n","protected":false},"excerpt":{"rendered":"<p>La pollution lumineuse et ses m\u00e9faits Le GAP47 vient de publier un d\u00e9pliant de 6 pages expliquant les effets d\u00e9sastreux de la pollution lumineuse sur la faune et la flore, sur la clart\u00e9 du ciel (indispensable \u00e0 l&rsquo;astronomie terrestre et \u00e0 la science). Des moyens d&rsquo;action sont pourtant simples, disponibles et imm\u00e9diatement efficaces pour lutter &hellip; <\/p>\n<p class=\"link-more\"><a href=\"https:\/\/gap47.astrosurf.com\/index.php\/ressources\/la-pollution-lumineuse\/\" class=\"more-link\">Continuer la lecture<span class=\"screen-reader-text\"> de &laquo;&nbsp;La pollution lumineuse&nbsp;&raquo;<\/span><\/a><\/p>\n","protected":false},"author":5,"featured_media":0,"parent":85,"menu_order":4,"comment_status":"closed","ping_status":"closed","template":"","meta":{"_exactmetrics_skip_tracking":false,"_exactmetrics_sitenote_active":false,"_exactmetrics_sitenote_note":"","_exactmetrics_sitenote_category":0,"ngg_post_thumbnail":0,"footnotes":""},"class_list":["post-10005","page","type-page","status-publish","hentry"],"yoast_head":"<!-- This site is optimized with the Yoast SEO plugin v24.8.1 - https:\/\/yoast.com\/wordpress\/plugins\/seo\/ -->\n<title>La pollution lumineuse - L&#039;observatoire est ouvert aux visiteurs tous les vendredis soirs \u00e0 21 heures, jusqu&#039;au 3 juillet 2026 inclus, sans r\u00e9servation.<\/title>\n<meta name=\"robots\" content=\"index, follow, max-snippet:-1, max-image-preview:large, max-video-preview:-1\" \/>\n<link rel=\"canonical\" href=\"https:\/\/gap47.astrosurf.com\/index.php\/ressources\/la-pollution-lumineuse\/\" \/>\n<meta property=\"og:locale\" content=\"fr_FR\" \/>\n<meta property=\"og:type\" content=\"article\" \/>\n<meta property=\"og:title\" content=\"La pollution lumineuse - L&#039;observatoire est ouvert aux visiteurs tous les vendredis soirs \u00e0 21 heures, jusqu&#039;au 3 juillet 2026 inclus, sans r\u00e9servation.\" \/>\n<meta property=\"og:description\" content=\"La pollution lumineuse et ses m\u00e9faits Le GAP47 vient de publier un d\u00e9pliant de 6 pages expliquant les effets d\u00e9sastreux de la pollution lumineuse sur la faune et la flore, sur la clart\u00e9 du ciel (indispensable \u00e0 l&rsquo;astronomie terrestre et \u00e0 la science). Des moyens d&rsquo;action sont pourtant simples, disponibles et imm\u00e9diatement efficaces pour lutter &hellip; Continuer la lecture de &laquo;&nbsp;La pollution lumineuse&nbsp;&raquo;\" \/>\n<meta property=\"og:url\" content=\"https:\/\/gap47.astrosurf.com\/index.php\/ressources\/la-pollution-lumineuse\/\" \/>\n<meta property=\"og:site_name\" content=\"L&#039;observatoire est ouvert aux visiteurs tous les vendredis soirs \u00e0 21 heures, jusqu&#039;au 3 juillet 2026 inclus, sans r\u00e9servation.\" \/>\n<meta property=\"article:publisher\" content=\"https:\/\/www.facebook.com\/astrogap47\/\" \/>\n<meta property=\"article:modified_time\" content=\"2020-11-20T10:07:23+00:00\" \/>\n<meta property=\"og:image\" content=\"http:\/\/gap47.astrosurf.com\/wp-content\/uploads\/2020\/10\/Couv-Pollution-572x1200.jpg\" \/>\n<meta name=\"twitter:card\" content=\"summary_large_image\" \/>\n<meta name=\"twitter:label1\" content=\"Dur\u00e9e de lecture estim\u00e9e\" \/>\n\t<meta name=\"twitter:data1\" content=\"3 minutes\" \/>\n<script type=\"application\/ld+json\" class=\"yoast-schema-graph\">{\"@context\":\"https:\/\/schema.org\",\"@graph\":[{\"@type\":\"WebPage\",\"@id\":\"https:\/\/gap47.astrosurf.com\/index.php\/ressources\/la-pollution-lumineuse\/\",\"url\":\"https:\/\/gap47.astrosurf.com\/index.php\/ressources\/la-pollution-lumineuse\/\",\"name\":\"La pollution lumineuse - L&#039;observatoire est ouvert aux visiteurs tous les vendredis soirs \u00e0 21 heures, jusqu&#039;au 3 juillet 2026 inclus, sans r\u00e9servation.\",\"isPartOf\":{\"@id\":\"https:\/\/gap47.astrosurf.com\/#website\"},\"primaryImageOfPage\":{\"@id\":\"https:\/\/gap47.astrosurf.com\/index.php\/ressources\/la-pollution-lumineuse\/#primaryimage\"},\"image\":{\"@id\":\"https:\/\/gap47.astrosurf.com\/index.php\/ressources\/la-pollution-lumineuse\/#primaryimage\"},\"thumbnailUrl\":\"http:\/\/gap47.astrosurf.com\/wp-content\/uploads\/2020\/10\/Couv-Pollution-572x1200.jpg\",\"datePublished\":\"2020-10-21T00:35:22+00:00\",\"dateModified\":\"2020-11-20T10:07:23+00:00\",\"breadcrumb\":{\"@id\":\"https:\/\/gap47.astrosurf.com\/index.php\/ressources\/la-pollution-lumineuse\/#breadcrumb\"},\"inLanguage\":\"fr-FR\",\"potentialAction\":[{\"@type\":\"ReadAction\",\"target\":[\"https:\/\/gap47.astrosurf.com\/index.php\/ressources\/la-pollution-lumineuse\/\"]}]},{\"@type\":\"ImageObject\",\"inLanguage\":\"fr-FR\",\"@id\":\"https:\/\/gap47.astrosurf.com\/index.php\/ressources\/la-pollution-lumineuse\/#primaryimage\",\"url\":\"https:\/\/gap47.astrosurf.com\/wp-content\/uploads\/2020\/10\/Couv-Pollution.jpg\",\"contentUrl\":\"https:\/\/gap47.astrosurf.com\/wp-content\/uploads\/2020\/10\/Couv-Pollution.jpg\",\"width\":834,\"height\":1750},{\"@type\":\"BreadcrumbList\",\"@id\":\"https:\/\/gap47.astrosurf.com\/index.php\/ressources\/la-pollution-lumineuse\/#breadcrumb\",\"itemListElement\":[{\"@type\":\"ListItem\",\"position\":1,\"name\":\"Accueil\",\"item\":\"https:\/\/gap47.astrosurf.com\/\"},{\"@type\":\"ListItem\",\"position\":2,\"name\":\"Ressources\",\"item\":\"https:\/\/gap47.astrosurf.com\/index.php\/ressources\/\"},{\"@type\":\"ListItem\",\"position\":3,\"name\":\"La pollution lumineuse\"}]},{\"@type\":\"WebSite\",\"@id\":\"https:\/\/gap47.astrosurf.com\/#website\",\"url\":\"https:\/\/gap47.astrosurf.com\/\",\"name\":\"De janvier \u00e0 fin juin 2024, le GAP47 sera ouvert aux visiteurs tous les vendredis \u00e0 21h sans r\u00e9servation, \u00e0 l'exception du vendredi 26 janvier o\u00f9 l'observatoire sera ferm\u00e9 au public.\",\"description\":\"Groupe d&#039;Astronomie Populaire du Lot-et-Garonne, \u00e0 Montayral\",\"potentialAction\":[{\"@type\":\"SearchAction\",\"target\":{\"@type\":\"EntryPoint\",\"urlTemplate\":\"https:\/\/gap47.astrosurf.com\/?s={search_term_string}\"},\"query-input\":{\"@type\":\"PropertyValueSpecification\",\"valueRequired\":true,\"valueName\":\"search_term_string\"}}],\"inLanguage\":\"fr-FR\"}]}<\/script>\n<!-- \/ Yoast SEO plugin. -->","yoast_head_json":{"title":"La pollution lumineuse - L&#039;observatoire est ouvert aux visiteurs tous les vendredis soirs \u00e0 21 heures, jusqu&#039;au 3 juillet 2026 inclus, sans r\u00e9servation.","robots":{"index":"index","follow":"follow","max-snippet":"max-snippet:-1","max-image-preview":"max-image-preview:large","max-video-preview":"max-video-preview:-1"},"canonical":"https:\/\/gap47.astrosurf.com\/index.php\/ressources\/la-pollution-lumineuse\/","og_locale":"fr_FR","og_type":"article","og_title":"La pollution lumineuse - L&#039;observatoire est ouvert aux visiteurs tous les vendredis soirs \u00e0 21 heures, jusqu&#039;au 3 juillet 2026 inclus, sans r\u00e9servation.","og_description":"La pollution lumineuse et ses m\u00e9faits Le GAP47 vient de publier un d\u00e9pliant de 6 pages expliquant les effets d\u00e9sastreux de la pollution lumineuse sur la faune et la flore, sur la clart\u00e9 du ciel (indispensable \u00e0 l&rsquo;astronomie terrestre et \u00e0 la science). Des moyens d&rsquo;action sont pourtant simples, disponibles et imm\u00e9diatement efficaces pour lutter &hellip; Continuer la lecture de &laquo;&nbsp;La pollution lumineuse&nbsp;&raquo;","og_url":"https:\/\/gap47.astrosurf.com\/index.php\/ressources\/la-pollution-lumineuse\/","og_site_name":"L&#039;observatoire est ouvert aux visiteurs tous les vendredis soirs \u00e0 21 heures, jusqu&#039;au 3 juillet 2026 inclus, sans r\u00e9servation.","article_publisher":"https:\/\/www.facebook.com\/astrogap47\/","article_modified_time":"2020-11-20T10:07:23+00:00","og_image":[{"url":"http:\/\/gap47.astrosurf.com\/wp-content\/uploads\/2020\/10\/Couv-Pollution-572x1200.jpg","type":"","width":"","height":""}],"twitter_card":"summary_large_image","twitter_misc":{"Dur\u00e9e de lecture estim\u00e9e":"3 minutes"},"schema":{"@context":"https:\/\/schema.org","@graph":[{"@type":"WebPage","@id":"https:\/\/gap47.astrosurf.com\/index.php\/ressources\/la-pollution-lumineuse\/","url":"https:\/\/gap47.astrosurf.com\/index.php\/ressources\/la-pollution-lumineuse\/","name":"La pollution lumineuse - L&#039;observatoire est ouvert aux visiteurs tous les vendredis soirs \u00e0 21 heures, jusqu&#039;au 3 juillet 2026 inclus, sans r\u00e9servation.","isPartOf":{"@id":"https:\/\/gap47.astrosurf.com\/#website"},"primaryImageOfPage":{"@id":"https:\/\/gap47.astrosurf.com\/index.php\/ressources\/la-pollution-lumineuse\/#primaryimage"},"image":{"@id":"https:\/\/gap47.astrosurf.com\/index.php\/ressources\/la-pollution-lumineuse\/#primaryimage"},"thumbnailUrl":"http:\/\/gap47.astrosurf.com\/wp-content\/uploads\/2020\/10\/Couv-Pollution-572x1200.jpg","datePublished":"2020-10-21T00:35:22+00:00","dateModified":"2020-11-20T10:07:23+00:00","breadcrumb":{"@id":"https:\/\/gap47.astrosurf.com\/index.php\/ressources\/la-pollution-lumineuse\/#breadcrumb"},"inLanguage":"fr-FR","potentialAction":[{"@type":"ReadAction","target":["https:\/\/gap47.astrosurf.com\/index.php\/ressources\/la-pollution-lumineuse\/"]}]},{"@type":"ImageObject","inLanguage":"fr-FR","@id":"https:\/\/gap47.astrosurf.com\/index.php\/ressources\/la-pollution-lumineuse\/#primaryimage","url":"https:\/\/gap47.astrosurf.com\/wp-content\/uploads\/2020\/10\/Couv-Pollution.jpg","contentUrl":"https:\/\/gap47.astrosurf.com\/wp-content\/uploads\/2020\/10\/Couv-Pollution.jpg","width":834,"height":1750},{"@type":"BreadcrumbList","@id":"https:\/\/gap47.astrosurf.com\/index.php\/ressources\/la-pollution-lumineuse\/#breadcrumb","itemListElement":[{"@type":"ListItem","position":1,"name":"Accueil","item":"https:\/\/gap47.astrosurf.com\/"},{"@type":"ListItem","position":2,"name":"Ressources","item":"https:\/\/gap47.astrosurf.com\/index.php\/ressources\/"},{"@type":"ListItem","position":3,"name":"La pollution lumineuse"}]},{"@type":"WebSite","@id":"https:\/\/gap47.astrosurf.com\/#website","url":"https:\/\/gap47.astrosurf.com\/","name":"De janvier \u00e0 fin juin 2024, le GAP47 sera ouvert aux visiteurs tous les vendredis \u00e0 21h sans r\u00e9servation, \u00e0 l'exception du vendredi 26 janvier o\u00f9 l'observatoire sera ferm\u00e9 au public.","description":"Groupe d&#039;Astronomie Populaire du Lot-et-Garonne, \u00e0 Montayral","potentialAction":[{"@type":"SearchAction","target":{"@type":"EntryPoint","urlTemplate":"https:\/\/gap47.astrosurf.com\/?s={search_term_string}"},"query-input":{"@type":"PropertyValueSpecification","valueRequired":true,"valueName":"search_term_string"}}],"inLanguage":"fr-FR"}]}},"_links":{"self":[{"href":"https:\/\/gap47.astrosurf.com\/index.php\/wp-json\/wp\/v2\/pages\/10005","targetHints":{"allow":["GET"]}}],"collection":[{"href":"https:\/\/gap47.astrosurf.com\/index.php\/wp-json\/wp\/v2\/pages"}],"about":[{"href":"https:\/\/gap47.astrosurf.com\/index.php\/wp-json\/wp\/v2\/types\/page"}],"author":[{"embeddable":true,"href":"https:\/\/gap47.astrosurf.com\/index.php\/wp-json\/wp\/v2\/users\/5"}],"replies":[{"embeddable":true,"href":"https:\/\/gap47.astrosurf.com\/index.php\/wp-json\/wp\/v2\/comments?post=10005"}],"version-history":[{"count":18,"href":"https:\/\/gap47.astrosurf.com\/index.php\/wp-json\/wp\/v2\/pages\/10005\/revisions"}],"predecessor-version":[{"id":10118,"href":"https:\/\/gap47.astrosurf.com\/index.php\/wp-json\/wp\/v2\/pages\/10005\/revisions\/10118"}],"up":[{"embeddable":true,"href":"https:\/\/gap47.astrosurf.com\/index.php\/wp-json\/wp\/v2\/pages\/85"}],"wp:attachment":[{"href":"https:\/\/gap47.astrosurf.com\/index.php\/wp-json\/wp\/v2\/media?parent=10005"}],"curies":[{"name":"wp","href":"https:\/\/api.w.org\/{rel}","templated":true}]}}